{"id":2317,"date":"2025-12-06T05:52:30","date_gmt":"2025-12-06T05:52:30","guid":{"rendered":"https:\/\/universomotero.com\/?page_id=2317"},"modified":"2025-12-06T05:52:31","modified_gmt":"2025-12-06T05:52:31","slug":"kdo-jsme","status":"publish","type":"page","link":"https:\/\/universomotero.com\/cs\/kdo-jsme\/","title":{"rendered":"Kdo jsme"},"content":{"rendered":"<p>Jsme technologick\u00e1 a aplika\u010dn\u00ed spole\u010dnost zalo\u017een\u00e1 v roce 2021 Aleffem, nad\u0161encem s v\u00e1\u0161n\u00ed pro transformaci n\u00e1pad\u016f do jednoduch\u00fdch, rychl\u00fdch a kr\u00e1sn\u00fdch digit\u00e1ln\u00edch \u0159e\u0161en\u00ed. Vznikli jsme s jasn\u00fdm c\u00edlem: vyu\u017e\u00edt technologie pro lidi i firmy a \u0159e\u0161it skute\u010dn\u00e9 probl\u00e9my pomoc\u00ed dob\u0159e navr\u017een\u00fdch a snadno pou\u017eiteln\u00fdch produkt\u016f.<\/p>\n<p>Zaji\u0161\u0165ujeme v\u0161e od pl\u00e1nov\u00e1n\u00ed a\u017e po spu\u0161t\u011bn\u00ed, v ka\u017ed\u00e9 f\u00e1zi kombinujeme design, v\u00fdkon a bezpe\u010dnost. Vyv\u00edj\u00edme mobiln\u00ed aplikace, webov\u00e9 syst\u00e9my, webov\u00e9 str\u00e1nky a integrace se v\u017edy zam\u011b\u0159en\u00edm na u\u017eivatelskou zku\u0161enost, \u0161k\u00e1lovatelnost a v\u00fdsledky.<\/p>\n<p>V\u011b\u0159\u00edme v transparentnost, partnerstv\u00ed a neust\u00e1l\u00e9 zlep\u0161ov\u00e1n\u00ed. Proto skute\u010dn\u011b naslouch\u00e1me, rychle vytv\u00e1\u0159\u00edme prototypy a dod\u00e1v\u00e1me vysoce kvalitn\u00ed v\u00fdsledky, p\u0159i\u010dem\u017e v\u00e1s pr\u016fb\u011b\u017en\u011b informujeme o ka\u017ed\u00e9m kroku od za\u010d\u00e1tku do konce.<\/p>\n<p>A\u0165 u\u017e jde o realizaci projektu nebo o v\u00fdvoj st\u00e1vaj\u00edc\u00edho produktu, jsme p\u0159ipraveni s v\u00e1mi stav\u011bt. Dobr\u00e1 technologie je technologie, kter\u00e1 zjednodu\u0161uje \u2013 a p\u0159esn\u011b to my nab\u00edz\u00edme.<\/p>","protected":false},"excerpt":{"rendered":"<p>Somos uma empresa de tecnologia e desenvolvimento de aplicativos criada em 2021 por Aleff, um entusiasta apaixonado por transformar ideias em solu\u00e7\u00f5es digitais simples, r\u00e1pidas e bonitas. Nascemos com um objetivo claro: colocar a tecnologia para trabalhar a favor das pessoas e dos neg\u00f3cios, resolvendo problemas reais com produtos bem pensados e f\u00e1ceis de usar. [&hellip;]<\/p>","protected":false},"author":4,"featured_media":0,"parent":0,"menu_order":0,"comment_status":"closed","ping_status":"closed","template":"","meta":{"footnotes":""},"class_list":["post-2317","page","type-page","status-publish"],"_links":{"self":[{"href":"https:\/\/universomotero.com\/cs\/wp-json\/wp\/v2\/pages\/2317","targetHints":{"allow":["GET"]}}],"collection":[{"href":"https:\/\/universomotero.com\/cs\/wp-json\/wp\/v2\/pages"}],"about":[{"href":"https:\/\/universomotero.com\/cs\/wp-json\/wp\/v2\/types\/page"}],"author":[{"embeddable":true,"href":"https:\/\/universomotero.com\/cs\/wp-json\/wp\/v2\/users\/4"}],"replies":[{"embeddable":true,"href":"https:\/\/universomotero.com\/cs\/wp-json\/wp\/v2\/comments?post=2317"}],"version-history":[{"count":1,"href":"https:\/\/universomotero.com\/cs\/wp-json\/wp\/v2\/pages\/2317\/revisions"}],"predecessor-version":[{"id":2318,"href":"https:\/\/universomotero.com\/cs\/wp-json\/wp\/v2\/pages\/2317\/revisions\/2318"}],"wp:attachment":[{"href":"https:\/\/universomotero.com\/cs\/wp-json\/wp\/v2\/media?parent=2317"}],"curies":[{"name":"wp","href":"https:\/\/api.w.org\/{rel}","templated":true}]}}