{"id":2313,"date":"2025-12-06T05:49:30","date_gmt":"2025-12-06T05:49:30","guid":{"rendered":"https:\/\/universomotero.com\/?page_id=2313"},"modified":"2025-12-06T05:49:31","modified_gmt":"2025-12-06T05:49:31","slug":"nutzungsbedingungen","status":"publish","type":"page","link":"https:\/\/universomotero.com\/de\/nutzungsbedingungen\/","title":{"rendered":"Nutzungsbedingungen"},"content":{"rendered":"<br \/>\n<h2>1. Bedingungen<\/h2>\n<p>Beim Zugriff auf die Website <a href='\/de\/universomotero.com\/'>Motoro Universe<\/a>, stimmt zu, diese einzuhalten <a href=\"https:\/\/privacidade.me\/\" target='_BLANK' style='color: #727496; text-decoration: none;' >Nutzungsbedingungen<\/a>, Sie verpflichten sich, alle geltenden Gesetze und Bestimmungen einzuhalten und sind f\u00fcr die Einhaltung aller geltenden lokalen Gesetze verantwortlich. Sollten Sie mit diesen Bedingungen nicht einverstanden sein, ist Ihnen die Nutzung oder der Zugriff auf diese Website untersagt. Die auf dieser Website enthaltenen Materialien sind durch geltende Urheber- und Markenrechte gesch\u00fctzt.<\/p>\n<h2>2. Lizenznutzung<\/h2>\n<p>Es wird die Erlaubnis erteilt, vor\u00fcbergehend eine Kopie der Materialien (Informationen oder Software) auf der Website von Universo Motero f\u00fcr den pers\u00f6nlichen, nicht-kommerziellen und vor\u00fcbergehenden Gebrauch herunterzuladen. Dies ist die Erteilung einer Lizenz, nicht die \u00dcbertragung des Eigentums, und im Rahmen dieser Lizenz ist Folgendes nicht gestattet: <\/p>\n<ol>\n<li>die Materialien ver\u00e4ndern oder kopieren;  <\/li>\n<li>Die Materialien d\u00fcrfen nicht f\u00fcr kommerzielle Zwecke oder zur \u00f6ffentlichen Zurschaustellung (kommerziell oder nichtkommerziell) verwendet werden;  <\/li>\n<li>Der Versuch, Software, die auf der Website von Universo Motero enthalten ist, zu dekompilieren oder zur\u00fcckzuentwickeln;  <\/li>\n<li>Entfernen Sie jegliche Urheberrechtsvermerke oder sonstige Eigentumshinweise aus den Materialien; oder  <\/li>\n<li>\u00dcbertragen Sie die Materialien an eine andere Person oder spiegeln Sie die Materialien auf einem anderen Server.<\/li>\n<\/ol>\n<p>Diese Lizenz erlischt automatisch, wenn Sie gegen eine dieser Bestimmungen versto\u00dfen, und kann von Universo Motero jederzeit widerrufen werden. Nach Beendigung der Nutzung dieser Materialien oder nach Erl\u00f6schen dieser Lizenz m\u00fcssen Sie s\u00e4mtliche heruntergeladenen Materialien in Ihrem Besitz, ob in elektronischer oder gedruckter Form, vernichten.<\/p>\n<h2>3. Haftungsausschluss<\/h2>\n<ol>\n<li>Die Materialien auf der Website von Universo Motero werden ohne Gew\u00e4hr bereitgestellt. Universo Motero \u00fcbernimmt keine ausdr\u00fccklichen oder stillschweigenden Gew\u00e4hrleistungen und schlie\u00dft hiermit alle anderen Gew\u00e4hrleistungen aus, insbesondere stillschweigende Gew\u00e4hrleistungen oder Bedingungen der Marktg\u00e4ngigkeit, der Eignung f\u00fcr einen bestimmten Zweck oder der Nichtverletzung von Rechten an geistigem Eigentum oder sonstigen Rechten. <\/li>\n<li>Dar\u00fcber hinaus \u00fcbernimmt Universo Motero keine Gew\u00e4hr f\u00fcr die Richtigkeit, die zu erwartenden Ergebnisse oder die Zuverl\u00e4ssigkeit der Nutzung der Materialien auf ihrer Website oder in Bezug auf solche Materialien oder auf Websites, die mit dieser Website verlinkt sind.<\/li>\n<\/ol>\n<h2>4. Einschr\u00e4nkungen<\/h2>\n<p>Universo Motero und seine Lieferanten haften in keinem Fall f\u00fcr Sch\u00e4den (einschlie\u00dflich, aber nicht beschr\u00e4nkt auf Sch\u00e4den durch Datenverlust, entgangenen Gewinn oder Betriebsunterbrechung), die aus der Nutzung oder der Unm\u00f6glichkeit der Nutzung der Materialien auf der Website von Universo Motero entstehen, selbst wenn Universo Motero oder ein autorisierter Vertreter von Universo Motero m\u00fcndlich oder schriftlich auf die M\u00f6glichkeit solcher Sch\u00e4den hingewiesen wurde. Da einige Rechtsordnungen den Ausschluss stillschweigender Gew\u00e4hrleistungen oder die Haftungsbeschr\u00e4nkung f\u00fcr Folgesch\u00e4den oder Nebensch\u00e4den nicht zulassen, gelten diese Einschr\u00e4nkungen m\u00f6glicherweise nicht f\u00fcr Sie.<\/p>\n<h2>5. Pr\u00e4zision der Werkstoffe<\/h2>\n<p>Die auf der Website von Universo Motero dargestellten Inhalte k\u00f6nnen technische, typografische oder fotografische Fehler enthalten. Universo Motero \u00fcbernimmt keine Gew\u00e4hr f\u00fcr die Richtigkeit, Vollst\u00e4ndigkeit oder Aktualit\u00e4t der Inhalte auf ihrer Website. Universo Motero beh\u00e4lt sich das Recht vor, die Inhalte ihrer Website jederzeit und ohne Vorank\u00fcndigung zu \u00e4ndern. Universo Motero verpflichtet sich jedoch nicht zur Aktualisierung der Inhalte.<\/p>\n<h2>6. Links<\/h2>\n<p>Universo Motero hat nicht alle mit seiner Website verlinkten Seiten gepr\u00fcft und ist nicht f\u00fcr deren Inhalte verantwortlich. Die Verlinkung einer Seite bedeutet keine Empfehlung durch Universo Motero. Die Nutzung verlinkter Seiten erfolgt auf eigene Gefahr.<\/p>\n<\/p>\n<h3>\u00c4nderungen<\/h3>\n<p>Universo Motero kann diese Nutzungsbedingungen jederzeit und ohne vorherige Ank\u00fcndigung \u00e4ndern. Durch die Nutzung dieser Website erkl\u00e4ren Sie sich mit der jeweils aktuellen Fassung dieser Nutzungsbedingungen einverstanden.<\/p>\n<h3>Anwendbares Recht<\/h3>\n<p>Diese Allgemeinen Gesch\u00e4ftsbedingungen unterliegen den Gesetzen des Motero-Universums und sind nach diesen auszulegen. Sie unterwerfen sich unwiderruflich der ausschlie\u00dflichen Zust\u00e4ndigkeit der Gerichte in diesem Staat oder Ort.<\/p>","protected":false},"excerpt":{"rendered":"<p>1. Termos Ao acessar ao site Universo Motero, concorda em cumprir estes termos de uso, todas as leis e regulamentos aplic\u00e1veis \u200b\u200be concorda que \u00e9 respons\u00e1vel pelo cumprimento de todas as leis locais aplic\u00e1veis. Se voc\u00ea n\u00e3o concordar com algum desses termos, est\u00e1 proibido de usar ou acessar este site. Os materiais contidos neste site [&hellip;]<\/p>","protected":false},"author":4,"featured_media":0,"parent":0,"menu_order":0,"comment_status":"closed","ping_status":"closed","template":"","meta":{"footnotes":""},"class_list":["post-2313","page","type-page","status-publish"],"_links":{"self":[{"href":"https:\/\/universomotero.com\/de\/wp-json\/wp\/v2\/pages\/2313","targetHints":{"allow":["GET"]}}],"collection":[{"href":"https:\/\/universomotero.com\/de\/wp-json\/wp\/v2\/pages"}],"about":[{"href":"https:\/\/universomotero.com\/de\/wp-json\/wp\/v2\/types\/page"}],"author":[{"embeddable":true,"href":"https:\/\/universomotero.com\/de\/wp-json\/wp\/v2\/users\/4"}],"replies":[{"embeddable":true,"href":"https:\/\/universomotero.com\/de\/wp-json\/wp\/v2\/comments?post=2313"}],"version-history":[{"count":1,"href":"https:\/\/universomotero.com\/de\/wp-json\/wp\/v2\/pages\/2313\/revisions"}],"predecessor-version":[{"id":2314,"href":"https:\/\/universomotero.com\/de\/wp-json\/wp\/v2\/pages\/2313\/revisions\/2314"}],"wp:attachment":[{"href":"https:\/\/universomotero.com\/de\/wp-json\/wp\/v2\/media?parent=2313"}],"curies":[{"name":"wp","href":"https:\/\/api.w.org\/{rel}","templated":true}]}}