{"id":2317,"date":"2025-12-06T05:52:30","date_gmt":"2025-12-06T05:52:30","guid":{"rendered":"https:\/\/universomotero.com\/?page_id=2317"},"modified":"2025-12-06T05:52:31","modified_gmt":"2025-12-06T05:52:31","slug":"wer-wir-sind","status":"publish","type":"page","link":"https:\/\/universomotero.com\/de\/wer-wir-sind\/","title":{"rendered":"Wer wir sind"},"content":{"rendered":"<p>Wir sind ein Technologie- und App-Entwicklungsunternehmen, gegr\u00fcndet 2021 von Aleff, einem Enthusiasten, der mit Leidenschaft Ideen in einfache, schnelle und ansprechende digitale L\u00f6sungen umsetzt. Unser Ziel war von Anfang an klar: Technologie f\u00fcr Menschen und Unternehmen nutzbar zu machen und reale Probleme mit gut gestalteten und benutzerfreundlichen Produkten zu l\u00f6sen.<\/p>\n<p>Wir \u00fcbernehmen alles von der Planung bis zum Launch und vereinen Design, Performance und Sicherheit in jeder Phase. Wir entwickeln mobile Anwendungen, Websysteme, Websites und Integrationen \u2013 stets mit Fokus auf Benutzerfreundlichkeit, Skalierbarkeit und Ergebnisse.<\/p>\n<p>Wir setzen auf Transparenz, Partnerschaft und kontinuierliche Verbesserung. Deshalb h\u00f6ren wir Ihnen genau zu, entwickeln schnell Prototypen und liefern qualitativ hochwertige Ergebnisse. Dabei halten wir Sie von Anfang bis Ende stets auf dem Laufenden.<\/p>\n<p>Ob es darum geht, ein Projekt zu realisieren oder ein bestehendes Produkt weiterzuentwickeln \u2013 wir sind bereit, mit Ihnen zusammenzuarbeiten. Gute Technologie ist Technologie, die vereinfacht \u2013 und genau das liefern wir.<\/p>","protected":false},"excerpt":{"rendered":"<p>Somos uma empresa de tecnologia e desenvolvimento de aplicativos criada em 2021 por Aleff, um entusiasta apaixonado por transformar ideias em solu\u00e7\u00f5es digitais simples, r\u00e1pidas e bonitas. Nascemos com um objetivo claro: colocar a tecnologia para trabalhar a favor das pessoas e dos neg\u00f3cios, resolvendo problemas reais com produtos bem pensados e f\u00e1ceis de usar. [&hellip;]<\/p>","protected":false},"author":4,"featured_media":0,"parent":0,"menu_order":0,"comment_status":"closed","ping_status":"closed","template":"","meta":{"footnotes":""},"class_list":["post-2317","page","type-page","status-publish"],"_links":{"self":[{"href":"https:\/\/universomotero.com\/de\/wp-json\/wp\/v2\/pages\/2317","targetHints":{"allow":["GET"]}}],"collection":[{"href":"https:\/\/universomotero.com\/de\/wp-json\/wp\/v2\/pages"}],"about":[{"href":"https:\/\/universomotero.com\/de\/wp-json\/wp\/v2\/types\/page"}],"author":[{"embeddable":true,"href":"https:\/\/universomotero.com\/de\/wp-json\/wp\/v2\/users\/4"}],"replies":[{"embeddable":true,"href":"https:\/\/universomotero.com\/de\/wp-json\/wp\/v2\/comments?post=2317"}],"version-history":[{"count":1,"href":"https:\/\/universomotero.com\/de\/wp-json\/wp\/v2\/pages\/2317\/revisions"}],"predecessor-version":[{"id":2318,"href":"https:\/\/universomotero.com\/de\/wp-json\/wp\/v2\/pages\/2317\/revisions\/2318"}],"wp:attachment":[{"href":"https:\/\/universomotero.com\/de\/wp-json\/wp\/v2\/media?parent=2317"}],"curies":[{"name":"wp","href":"https:\/\/api.w.org\/{rel}","templated":true}]}}