{"id":978,"date":"2022-03-08T07:59:47","date_gmt":"2022-03-08T07:59:47","guid":{"rendered":"https:\/\/universomotero.com\/?page_id=978"},"modified":"2025-12-06T06:00:10","modified_gmt":"2025-12-06T06:00:10","slug":"datenschutzrichtlinie-2","status":"publish","type":"page","link":"https:\/\/universomotero.com\/de\/datenschutzrichtlinie-2\/","title":{"rendered":"Datenschutzrichtlinie"},"content":{"rendered":"<p>Diese Datenschutzerkl\u00e4rung wurde erstellt, um Nutzern, die sich Sorgen um die Verwendung ihrer personenbezogenen Daten im Internet machen, einen besseren \u00dcberblick zu verschaffen. Personenbezogene Daten sind, gem\u00e4\u00df US-amerikanischem Datenschutzrecht und Informationssicherheitsstandards, Informationen, die allein oder in Kombination mit anderen Informationen verwendet werden k\u00f6nnen, um eine Person zu identifizieren, zu kontaktieren oder ihren Aufenthaltsort zu bestimmen. Bitte lesen Sie unsere Datenschutzerkl\u00e4rung sorgf\u00e4ltig, um zu verstehen, wie wir Ihre personenbezogenen Daten \u00fcber unsere Website erfassen, verwenden, sch\u00fctzen und verarbeiten.<\/p>\n\n\n\n<h2 class=\"wp-block-heading\" id=\"when-do-we-collect-information\">Wann erfassen wir Informationen?<\/h2>\n\n\n\n<p>Wir erfassen Informationen von Ihnen, wenn Sie einen Newsletter abonnieren, ein Formular ausf\u00fcllen oder Informationen auf unserer Website eingeben.<\/p>\n\n\n\n<h2 class=\"wp-block-heading\">Warum wir personenbezogene Daten sammeln<\/h2>\n\n\n\n<p>Wir erheben, verwenden und geben nur solche Informationen weiter, die erforderlich sind, um Ihr Konto zu verwalten, die Dienste bereitzustellen, unsere Kunden-\/Besucherlisten zu pflegen, auf Ihre Anfragen oder Ihr Feedback zu antworten, zu Identifizierungs- und Authentifizierungszwecken, zur Personalisierung und Verbesserung der Dienste, zu Marketingzwecken und f\u00fcr andere Zwecke, \u00fcber die wir Sie gegebenenfalls durch Aktualisierung dieser Datenschutzrichtlinie oder auf andere Weise in dieser Datenschutzrichtlinie informieren.<\/p>\n\n\n\n<p>Wir werden die Vertraulichkeit aller Kontaktinformationen, die Sie uns bei der Anmeldung zu den Diensten oder bei der Kontaktaufnahme mit uns mit Fragen oder f\u00fcr weitere Informationen mitteilen, wahren und sie nur f\u00fcr die Zwecke verwenden, f\u00fcr die wir sie erhoben haben (vorbehaltlich der nachstehend aufgef\u00fchrten Ausschl\u00fcsse und Offenlegungen), es sei denn, Sie stimmen ausdr\u00fccklich zu, dass wir sie an andere Dritte weitergeben d\u00fcrfen.<\/p>\n\n\n\n<h2 class=\"wp-block-heading\">Pers\u00f6nliche Daten, die wir erfassen<\/h2>\n\n\n\n<p>Wir erfassen Informationen, um unsere Dienste zu verbessern. Dieser Abschnitt enth\u00e4lt weitere Informationen dar\u00fcber, welche Daten wir im Zusammenhang mit diesen Zielen erheben.<\/p>\n\n\n\n<h4 class=\"wp-block-heading\">Informationen, die wir automatisch erfassen<\/h4>\n\n\n\n<p>Zu den Informationen, die wir automatisch erfassen, geh\u00f6ren unter anderem Ihre IP-Adresse, eine ID, die wir erstellen und mit den von Ihnen konsumierten Inhalten verkn\u00fcpfen, Cookie-Informationen und weitere Details, die wir weiter unten genauer beschreiben.<\/p>\n\n\n\n<p>Diese Informationen werden verwendet, um Spam\/Malware zu bek\u00e4mpfen, um die Erfassung von Daten \u00fcber Ihre Interaktion mit den Diensten zu erleichtern (z. B. welche Links Sie angeklickt und mit anderen geteilt haben, auch per E-Mail und \u00fcber soziale Medien), und um die Dienste auf andere Weise zu personalisieren und weiter zu betreiben.<\/p>\n\n\n\n<p>Wir k\u00f6nnen die Informationen, die wir auf automatisiertem Wege sammeln, mit Ihrer IP-Adresse, dem Ger\u00e4t, mit dem Sie sich mit den Diensten verbinden, von Drittanbietern bereitgestellten Kennungen oder E-Mail- oder Social-Media-Konten, die Sie zum Teilen unserer Inhalte verwenden, verkn\u00fcpfen.<\/p>\n\n\n\n<p>Um der Datenerfassung bez\u00fcglich der von Ihnen mit anderen geteilten Links zu widersprechen, klicken Sie bitte hier.&nbsp;<a href=\"https:\/\/support.google.com\/ads\/answer\/2662922?hl=en-GB\">klicken Sie hier<\/a><\/p>\n\n\n\n<p>Die Dienste erfassen in der Regel automatisch Nutzungsinformationen, wie beispielsweise die Anzahl und H\u00e4ufigkeit der Besuche auf der Website oder in der mobilen Anwendung. Wir k\u00f6nnen diese Daten in aggregierter Form, d. h. als statistische Kennzahl, verwenden.<\/p>\n\n\n\n<p>Diese Art von aggregierten Daten erm\u00f6glicht es uns und von uns autorisierten Dritten, die Nutzungsh\u00e4ufigkeit einzelner Bereiche unserer Dienste zu ermitteln, um diese zu analysieren und zu verbessern. Zu den automatisch erfassten Informationen geh\u00f6ren:<\/p>\n\n\n\n<h4 class=\"wp-block-heading\">Ger\u00e4teinformationen<\/h4>\n\n\n\n<p>Wir erfassen ger\u00e4tespezifische Informationen (wie z. B. Ihr Hardwaremodell, die Version Ihres Betriebssystems, eindeutige Ger\u00e4tekennungen und Mobilfunknetzinformationen einschlie\u00dflich Ihrer Telefonnummer, sofern zutreffend). Wir k\u00f6nnen Ihre Ger\u00e4tekennungen verkn\u00fcpfen.<\/p>\n\n\n\n<h4 class=\"wp-block-heading\">Protokollinformationen<\/h4>\n\n\n\n<p>Bei der Nutzung unserer Dienste erfassen und speichern wir automatisch bestimmte Informationen in Serverprotokollen. Dazu geh\u00f6ren Details zu Ihrer Nutzung unseres Dienstes, wie Ihre IP-Adresse, Ger\u00e4teereignisinformationen (z. B. Abst\u00fcrze), Systemaktivit\u00e4ten, Hardwareeinstellungen, Browsertyp, Browsersprache, Datum und Uhrzeit Ihrer Anfrage sowie die verweisende URL. Au\u00dferdem werden Cookies gespeichert, die Ihren Browser eindeutig identifizieren k\u00f6nnen.<\/p>\n\n\n\n<h4 class=\"wp-block-heading\">Lokaler Speicher<\/h4>\n\n\n\n<p>Wir k\u00f6nnen Informationen (einschlie\u00dflich personenbezogener Daten) lokal auf Ihrem Ger\u00e4t mithilfe von Mechanismen wie dem Browser-Webspeicher (einschlie\u00dflich HTML 5) und Anwendungsdaten-Caches erfassen und speichern.<\/p>\n\n\n\n<p>Drittanbieter, mit denen wir zusammenarbeiten, um bestimmte Funktionen auf unserer Website bereitzustellen oder Werbung basierend auf Ihrem Surfverhalten anzuzeigen, verwenden ebenfalls Flash-Cookies oder HTML5, um Informationen zu sammeln und zu speichern. Verschiedene Browser bieten m\u00f6glicherweise eigene Verwaltungstools zum Entfernen von HTML5-Cookies an.<\/p>\n\n\n\n<h4 class=\"wp-block-heading\">Cookies und \u00e4hnliche Technologien<\/h4>\n\n\n\n<p>Wenn Sie unsere Website besuchen oder anderweitig mit dem Dienst interagieren, k\u00f6nnen wir (oder Drittanbieter-Daten- oder Werbenetzwerke, mit denen wir zusammenarbeiten) einen oder mehrere \u201cCookies\u201d an Ihren Computer oder andere Ger\u00e4te senden. Weitere Informationen zu den von uns verwendeten Cookies und Ihren M\u00f6glichkeiten, die Verwendung bestimmter Arten von Cookies zu steuern, finden Sie in unserer Cookie-Richtlinie. Cookies sind alphanumerische Kennungen, die \u00fcber Ihren Webbrowser auf Ihrem Computer gespeichert werden und von den meisten Websites verwendet werden, um Ihr Web-Erlebnis zu personalisieren.<\/p>\n\n\n\n<p>Einige Cookies erm\u00f6glichen zus\u00e4tzliche Website-Funktionen zur Verbesserung von Leistung und Funktionalit\u00e4t, wie z. B. das Speichern von Pr\u00e4ferenzen, die Erm\u00f6glichung von Interaktionen in sozialen Netzwerken, die Analyse der Nutzung zur Website-Optimierung, die Bereitstellung personalisierter Inhalte, die Integration von Social-Sharing-Tools durch Drittanbieter sowie das Einbinden von Bildern oder Videos von externen Websites. Einige Funktionen dieser Website sind ohne Cookies nicht verf\u00fcgbar. Wir k\u00f6nnen die in Cookies gespeicherten Informationen mit Ihren personenbezogenen Daten verkn\u00fcpfen, die Sie auf unserer Website angeben.<\/p>\n\n\n\n<p>Wir verwenden m\u00f6glicherweise sowohl Session-Cookies als auch permanente Cookies. Session-Cookies werden gel\u00f6scht, sobald Sie Ihren Browser schlie\u00dfen. Permanente Cookies verbleiben f\u00fcr einen l\u00e4ngeren Zeitraum auf Ihrer Festplatte. Mithilfe permanenter Cookies k\u00f6nnen wir die Interessen unserer Nutzer analysieren und gezielt ansprechen, um das Nutzungserlebnis auf unserer Website zu verbessern. Wenn Sie nicht m\u00f6chten, dass Informationen durch Cookies erfasst werden, bieten die meisten Browser eine einfache M\u00f6glichkeit, Cookies automatisch abzulehnen oder die \u00dcbertragung bestimmter Cookies von bestimmten Websites auf Ihren Computer zuzulassen oder abzulehnen.<\/p>\n\n\n\n<p>Sie k\u00f6nnen sich auch auf Folgendes beziehen:&nbsp;<a href=\"http:\/\/www.allaboutcookies.org\/manage-cookies\/index.html\">https:\/\/www.allaboutcookies.org\/manage-cookies\/index.html<\/a>. Wenn Sie Cookies ablehnen, k\u00f6nnen Sie unsere Website weiterhin nutzen, jedoch funktionieren einige Funktionen der Website nicht ordnungsgem\u00e4\u00df.<\/p>\n\n\n\n<ul class=\"wp-block-list\">\n<li><strong>Funktionale Cookies, sowohl persistente als auch Session-Cookies, speichern Informationen, um die grundlegende Funktionalit\u00e4t der Website zu erm\u00f6glichen.<\/strong><\/li>\n\n\n\n<li><strong>Analytics-Cookies erm\u00f6glichen es uns, Seitenaufrufe und Traffic-Quellen zu z\u00e4hlen, damit wir die Leistung unserer Website messen und verbessern k\u00f6nnen.<\/strong><\/li>\n\n\n\n<li><strong>\u00dcber unsere Website k\u00f6nnen von unseren Werbepartnern Werbe-Cookies gesetzt werden. Diese Unternehmen k\u00f6nnen Daten erfassen, die es ihnen erm\u00f6glichen, Ihnen auf anderen Websites Werbung anzuzeigen, die Ihren Interessen entspricht.<\/strong><\/li>\n<\/ul>\n\n\n\n<p>Diese Website verwendet Cookies und \u00e4hnliche Tracking-Technologien wie den Common-ID-Cookie, um ihre Dienste bereitzustellen. Cookies sind wichtige Instrumente zur Messung der Werbewirksamkeit und zur Sicherstellung einer stabilen Online-Werbebranche.<\/p>\n\n\n\n<p>Der Common-ID-Cookie speichert eine eindeutige Nutzer-ID in der Erstanbieterdom\u00e4ne und ist f\u00fcr unsere Werbepartner zug\u00e4nglich. Diese einfache ID kann verwendet werden, um die Nutzerzuordnung zu verbessern, insbesondere f\u00fcr die Auslieferung von Anzeigen an iOS- und macOS-Browser.<\/p>\n\n\n\n<h4 class=\"wp-block-heading\">Web Beacons<\/h4>\n\n\n\n<p>Wir (oder Drittanbieter-Daten- oder Werbenetzwerke, mit denen wir zusammenarbeiten) k\u00f6nnen Web Beacons allein oder in Verbindung mit Cookies verwenden, um Informationen \u00fcber unseren Service oder andere Informationen, die wir oder diese gesammelt haben, zu erfassen.<\/p>\n\n\n\n<p>Web Beacons sind winzige grafische Objekte, die in Webseiten oder E-Mails eingebettet sind und f\u00fcr den Nutzer in der Regel unsichtbar bleiben. Sie erm\u00f6glichen es jedoch festzustellen, ob ein Nutzer die Seite oder E-Mail angesehen hat. Web Beacons k\u00f6nnen innerhalb des Dienstes verwendet werden, um Webseitenbesuche, E-Mail-\u00d6ffnungsraten und andere Nutzerinformationen zu erfassen.<\/p>\n\n\n\n<p>In einigen F\u00e4llen verkn\u00fcpfen wir die mithilfe von Web Beacons erfassten Informationen mit den personenbezogenen Daten unserer Nutzer. Beispielsweise verwenden wir Clear GIFs auf unseren Webseiten, um zu erfahren, welche Inhalte der Nutzer bevorzugt. Dies erm\u00f6glicht es uns, die Nutzererfahrung zu verbessern und die Effektivit\u00e4t unserer Marketingkampagnen zu messen.<\/p>\n\n\n\n<h4 class=\"wp-block-heading\">Analysesoftware<\/h4>\n\n\n\n<p>Wir und unsere Partner f\u00fcr Tracking-Tools verwenden Logdateien auf unserem Dienst, um bestimmte Informationen automatisch zu erfassen und zu Analysezwecken zu speichern. Zu diesen Informationen geh\u00f6ren Internetprotokoll-Adressen (IP-Adressen), Browsertyp, Internetdienstanbieter (ISP), Verweis-\/Ausgangsseiten, Betriebssystem, Datum\/Uhrzeit und Clickstream-Daten.<\/p>\n\n\n\n<p>Wir nutzen Google Analytics, das Cookies und \u00e4hnliche Technologien verwendet, um Informationen \u00fcber die Nutzung des Dienstes zu sammeln und zu analysieren sowie Berichte \u00fcber Aktivit\u00e4ten und Trends zu erstellen. Dieser Dienst kann auch Informationen \u00fcber die Nutzung anderer Websites, Apps und Online-Ressourcen erfassen.<\/p>\n\n\n\n<p>Sie k\u00f6nnen mehr \u00fcber die Praktiken von Google erfahren, indem Sie zu folgender Seite gehen:&nbsp;<a href=\"https:\/\/www.google.com\/policies\/privacy\/partners\">https:\/\/www.google.com\/policies\/privacy\/partners<\/a>, Sie k\u00f6nnen diese Daten deaktivieren, indem Sie das Browser-Add-on zur Deaktivierung von Google Analytics herunterladen, das unter folgender Adresse verf\u00fcgbar ist:&nbsp;<a href=\"https:\/\/tools.google.com\/dlpage\/gaoptout\">https:\/\/tools.google.com\/dlpage\/gaoptout<\/a>.<\/p>\n\n\n\n<h4 class=\"wp-block-heading\">Informationen aus Drittquellen<\/h4>\n\n\n\n<p>Abh\u00e4ngig von Ihrem Standort und den Bestimmungen der lokalen Gesetze speichern wir m\u00f6glicherweise auch bestimmte Informationen \u00fcber Sie, die wir oder unsere Drittanbieter indirekt aus anderen Quellen \u00fcber Sie erhalten. Dazu geh\u00f6ren beispielsweise Informationen, die \u00fcber Sie gesammelt wurden:<\/p>\n\n\n\n<ul class=\"wp-block-list\">\n<li><strong>Um Betrug vorzubeugen, beispielsweise durch die Nutzung der von Forensiq angebotenen Dienste (<a href=\"https:\/\/impact.com\/privacy-policy\">https:\/\/impact.com\/privacy-policy<\/a>)<\/strong><\/li>\n\n\n\n<li><strong>Wir erfassen bestimmte demografische Daten \u00fcber Sie anhand von Links, Werbung oder \u00c4hnlichem auf unseren Websites. Diese Daten speichern wir ausschlie\u00dflich unter von uns erstellten Kennungen (einschlie\u00dflich IP-Adressen), verkn\u00fcpfen sie jedoch nicht mit Ihrem Namen, Ihrer E-Mail-Adresse oder einer anderen leicht erkennbaren eindeutigen Kennung.<\/strong><\/li>\n<\/ul>\n\n\n\n<p>Diese Drittanbieter k\u00f6nnen ebenfalls auf \u00e4hnlicher Basis Informationen \u00fcber Sie sammeln; diesbez\u00fcglich sollten Sie deren Datenschutzrichtlinien beachten.<\/p>\n\n\n\n<h4 class=\"wp-block-heading\">E-Mail-Kommunikation<\/h4>\n\n\n\n<p>Wenn Sie uns eine E-Mail senden, speichern wir diese Information. Wir erhalten m\u00f6glicherweise auch eine Best\u00e4tigung, wenn Sie eine E-Mail von uns \u00f6ffnen. Diese Best\u00e4tigung nutzen wir, um unsere Services, einschlie\u00dflich des Kundenservice, zu verbessern.<\/p>\n\n\n\n<h4 class=\"wp-block-heading\">Werbetreibende<\/h4>\n\n\n\n<p>Um unsere Dienste zu unterst\u00fctzen und zu verbessern, schalten wir gegebenenfalls Werbung und gestatten auch Werbung von Drittanbietern \u00fcber unsere Dienste. Diese Werbung ist teilweise zielgerichtet und wird bestimmten Nutzern angezeigt. Sie kann von Drittunternehmen, sogenannten \u201cWerbenetzwerken\u201d, stammen. Zu Werbenetzwerken geh\u00f6ren externe Adserver, Werbeagenturen, Anbieter von Werbetechnologie und Marktforschungsunternehmen.<\/p>\n\n\n\n<p>Wir arbeiten m\u00f6glicherweise mit Werbenetzwerken zusammen, die Mitglied von Organisationen oder Programmen sind, welche die Datenschutzeinstellungen f\u00fcr Werbung verwalten, die diese Werbenetzwerke den Verbrauchern anbieten. Wenn Ihre IP-Adresse auf einen Standort in der EU hinweist, bitten wir Sie gegebenenfalls um Ihre Einwilligung, bevor wir bestimmte personenbezogene Daten an diese Werbenetzwerke weitergeben.<\/p>\n\n\n\n<p>Wenn Sie unsere Website besuchen, k\u00f6nnen Werbenetzwerke und andere Parteien Informationen \u00fcber Ihre Online-Aktivit\u00e4ten im Laufe der Zeit und auf verschiedenen Websites sammeln. Wir sind nicht f\u00fcr die Datenschutzpraktiken dieser Werbenetzwerke und anderer Parteien verantwortlich.<\/p>\n\n\n\n<p>Die \u00fcber die Dienste ausgelieferten Werbeanzeigen k\u00f6nnen auf Nutzer ausgerichtet sein, die einer bestimmten allgemeinen Profilkategorie entsprechen. Diese Kategorie kann aus Informationen abgeleitet werden, die uns von einem Nutzer zur Verf\u00fcgung gestellt werden, auf den Nutzungsmustern der Dienste durch bestimmte Nutzer basieren oder auf Ihrer Aktivit\u00e4t auf Diensten Dritter beruhen.<\/p>\n\n\n\n<p>Wir geben Ihre personenbezogenen Daten nicht an Werbenetzwerke weiter, au\u00dfer zur Nutzung im Zusammenhang mit unseren Diensten. Ungeachtet des Vorstehenden k\u00f6nnen wir die folgenden Drittanbieter mit der Schaltung von Werbung beauftragen, um unseren Service zu unterst\u00fctzen und aufrechtzuerhalten.<\/p>\n\n\n\n<p><strong>NUR F\u00dcR EU-NUTZER<\/strong>Wenn Sie unsere Website nutzen, k\u00f6nnen vorab ausgew\u00e4hlte Unternehmen auf bestimmte Informationen auf Ihrem Ger\u00e4t und \u00fcber Ihre Interessen zugreifen und diese verwenden, um Ihnen Werbung oder personalisierte Inhalte anzuzeigen.<\/p>\n\n\n\n<h4 class=\"wp-block-heading\">Google AdSense DoubleClick-Cookie<\/h4>\n\n\n\n<p>Google verwendet als Drittanbieter Cookies, um Anzeigen auf unserem Dienst zu schalten. Durch die Verwendung des DoubleClick-Cookies kann Google zusammen mit seinen Partnern Nutzern Anzeigen basierend auf deren Besuch unseres Dienstes oder anderer Websites im Internet anzeigen.<\/p>\n\n\n\n<p>Sie k\u00f6nnen die Verwendung des DoubleClick-Cookies f\u00fcr interessenbezogene Werbung deaktivieren, indem Sie die Webseite \u201eGoogle-Anzeigeneinstellungen\u201c besuchen:&nbsp;<a href=\"https:\/\/www.google.com\/ads\/preferences\">https:\/\/www.google.com\/ads\/preferences<\/a>.<\/p>\n\n\n\n<h2 class=\"wp-block-heading\" id=\"how-do-we-use-your-information\">Wie nutzen wir Ihre Daten?<\/h2>\n\n\n\n<p>Wir k\u00f6nnen die Informationen, die wir von Ihnen bei der Registrierung, beim Kauf, bei der Anmeldung zu unserem Newsletter, bei der Teilnahme an einer Umfrage oder Marketingaktion, beim Besuch der Website oder bei der Nutzung bestimmter anderer Website-Funktionen erfassen, auf folgende Weise verwenden:<br>\u2022 Um Ihr Nutzererlebnis zu personalisieren und Ihnen die Art von Inhalten und Produktangeboten bereitzustellen, an denen Sie am meisten interessiert sind.<br>\u2022 Um unsere Website zu verbessern und Ihnen einen besseren Service zu bieten.<\/p>\n\n\n\n<h2 class=\"wp-block-heading\" id=\"how-do-we-protect-your-information\">Wie sch\u00fctzen wir Ihre Daten?<\/h2>\n\n\n\n<p>Wir verwenden ein SSL-Zertifikat.<br>Wir f\u00fchren regelm\u00e4\u00dfige Malware-Scans durch.<br>Wir fragen niemals nach Kreditkartennummern.<br>Wir bieten lediglich Artikel und Informationen an.<br>Wir fragen niemals nach pers\u00f6nlichen oder privaten Informationen.<\/p>\n\n\n\n<h2 class=\"wp-block-heading\" id=\"third-party-disclosure\">Offenlegung gegen\u00fcber Dritten<\/h2>\n\n\n\n<p>Wir verkaufen, tauschen oder \u00fcbertragen Ihre personenbezogenen Daten nicht an Dritte.<\/p>\n\n\n\n<h2 class=\"wp-block-heading\" id=\"third-party-links\">Links von Drittanbietern<\/h2>\n\n\n\n<p>Gelegentlich k\u00f6nnen wir nach eigenem Ermessen Produkte oder Dienstleistungen Dritter auf unserer Website einbinden oder anbieten. Diese Websites Dritter haben separate und unabh\u00e4ngige Datenschutzrichtlinien. Wir \u00fcbernehmen keine Verantwortung oder Haftung f\u00fcr die Inhalte und Aktivit\u00e4ten dieser verlinkten Seiten. Dennoch ist uns die Integrit\u00e4t unserer Website wichtig, und wir freuen uns \u00fcber jedes Feedback zu diesen Seiten.<\/p>\n\n\n\n<h2 class=\"wp-block-heading\" id=\"coppa-children-online-privacy-protection-act\">COPPA (Children Online Privacy Protection Act)<\/h2>\n\n\n\n<p>Beim Sammeln personenbezogener Daten von Kindern unter 13 Jahren gibt das US-amerikanische Gesetz COPPA den Eltern die Kontrolle. Die Federal Trade Commission (FTC), die US-amerikanische Verbraucherschutzbeh\u00f6rde, setzt die COPPA-Regel durch, die festlegt, was Betreiber von Websites und Online-Diensten tun m\u00fcssen, um die Privatsph\u00e4re und Sicherheit von Kindern im Internet zu sch\u00fctzen. Wir richten unser Marketing nicht an Kinder unter 13 Jahren.<\/p>\n\n\n\n<h2 class=\"wp-block-heading\" id=\"do-we-use-cookies\">Verwenden wir Cookies?<\/h2>\n\n\n\n<p>Ja, wir verwenden Cookies. Cookies sind kleine Dateien, die vom Dienstanbieter \u00fcber Ihren Webbrowser auf Ihre Festplatte \u00fcbertragen werden, sofern Sie dies zulassen. Mithilfe von Cookies kann sich der Browser bestimmte Informationen merken und Sie wiedererkennen.<\/p>\n\n\n\n<h2 class=\"wp-block-heading\" id=\"fair-information-practices\">Faire Informationspraktiken<\/h2>\n\n\n\n<p>Die Grunds\u00e4tze f\u00fcr faire Informationspraktiken bilden das R\u00fcckgrat des Datenschutzrechts in den Vereinigten Staaten, und die darin enthaltenen Konzepte haben eine bedeutende Rolle bei der Entwicklung von Datenschutzgesetzen auf der ganzen Welt gespielt.<\/p>\n\n\n\n<p>Das Verst\u00e4ndnis der Grunds\u00e4tze f\u00fcr faire Informationsverarbeitung und deren korrekte Umsetzung ist entscheidend f\u00fcr die Einhaltung der verschiedenen Datenschutzgesetze zum Schutz personenbezogener Daten. Um faire Informationsverarbeitung zu gew\u00e4hrleisten, werden wir im Falle einer Datenschutzverletzung folgende Ma\u00dfnahmen ergreifen: Wir benachrichtigen Sie innerhalb von sieben Werktagen per E-Mail.<\/p>\n\n\n\n<p>Wir stimmen auch dem Prinzip des individuellen Rechtsschutzes zu, das besagt, dass Einzelpersonen das Recht haben, gegen Datensammler und -verarbeiter, die sich nicht an das Gesetz halten, rechtlich durchsetzbare Anspr\u00fcche geltend zu machen.<\/p>\n\n\n\n<p>Dieses Prinzip erfordert nicht nur, dass Einzelpersonen einklagbare Rechte gegen\u00fcber Datennutzern haben, sondern auch, dass Einzelpersonen die M\u00f6glichkeit haben, Gerichte oder Regierungsbeh\u00f6rden einzuschalten, um die Nichteinhaltung der Datenschutzbestimmungen durch Datenverarbeiter untersuchen oder strafrechtlich verfolgen zu lassen.<\/p>\n\n\n\n<h2 class=\"wp-block-heading\" id=\"can-spam-act\">CAN-SPAM-Gesetz<\/h2>\n\n\n\n<p>Der CAN-SPAM Act ist ein Gesetz, das die Regeln f\u00fcr kommerzielle E-Mails festlegt, Anforderungen an kommerzielle Nachrichten definiert, Empf\u00e4ngern das Recht einr\u00e4umt, den Empfang von E-Mails zu unterbinden, und strenge Strafen f\u00fcr Verst\u00f6\u00dfe vorsieht.<\/p>\n\n\n\n<ul class=\"wp-block-list\">\n<li><strong>Wir erfassen Ihre E-Mail-Adresse zu folgenden Zwecken:<\/strong>&nbsp;Informationen senden, Anfragen beantworten und sonstige Bitten oder Fragen bearbeiten<\/li>\n\n\n\n<li><strong>Um den CAN-SPAM-Richtlinien zu entsprechen, stimmen wir Folgendem zu<\/strong>Wenn Sie sich zu irgendeinem Zeitpunkt von zuk\u00fcnftigen E-Mails abmelden m\u00f6chten, k\u00f6nnen Sie uns kontaktieren. Wir werden Sie dann umgehend aus unserem Verteiler entfernen.<\/li>\n<\/ul>\n\n\n\n<h2 class=\"wp-block-heading\" id=\"contacting-us\">Kontaktieren Sie uns<\/h2>\n\n\n\n<p>Bei Fragen zu dieser Datenschutzrichtlinie k\u00f6nnen Sie unsere Website besuchen.&nbsp;<strong>Kontaktieren Sie uns<\/strong>&nbsp;Wenn Sie mehr \u00fcber den Autor erfahren m\u00f6chten, k\u00f6nnen Sie die folgende Seite besuchen:&nbsp;<strong>\u00dcber uns<\/strong>&nbsp;Wenn Sie eines dieser Rechte aus\u00fcben m\u00f6chten, kontaktieren Sie uns bitte \u00fcber unsere Webseite.&nbsp;<strong>Kontaktieren Sie uns<\/strong>&nbsp;Seite.<\/p>","protected":false},"excerpt":{"rendered":"<p>This privacy policy has been compiled to serve better those who are concerned with how their \u201cPersonally Identifiable Information\u201d (PII) is being used online. PII, as described in US privacy law and information security, is information that can be used on its own or with other information to identify, contact, or locate a single person, [&hellip;]<\/p>","protected":false},"author":4,"featured_media":0,"parent":0,"menu_order":0,"comment_status":"closed","ping_status":"closed","template":"","meta":{"footnotes":""},"class_list":["post-978","page","type-page","status-publish"],"_links":{"self":[{"href":"https:\/\/universomotero.com\/de\/wp-json\/wp\/v2\/pages\/978","targetHints":{"allow":["GET"]}}],"collection":[{"href":"https:\/\/universomotero.com\/de\/wp-json\/wp\/v2\/pages"}],"about":[{"href":"https:\/\/universomotero.com\/de\/wp-json\/wp\/v2\/types\/page"}],"author":[{"embeddable":true,"href":"https:\/\/universomotero.com\/de\/wp-json\/wp\/v2\/users\/4"}],"replies":[{"embeddable":true,"href":"https:\/\/universomotero.com\/de\/wp-json\/wp\/v2\/comments?post=978"}],"version-history":[{"count":1,"href":"https:\/\/universomotero.com\/de\/wp-json\/wp\/v2\/pages\/978\/revisions"}],"predecessor-version":[{"id":2331,"href":"https:\/\/universomotero.com\/de\/wp-json\/wp\/v2\/pages\/978\/revisions\/2331"}],"wp:attachment":[{"href":"https:\/\/universomotero.com\/de\/wp-json\/wp\/v2\/media?parent=978"}],"curies":[{"name":"wp","href":"https:\/\/api.w.org\/{rel}","templated":true}]}}