{"id":2313,"date":"2025-12-06T05:49:30","date_gmt":"2025-12-06T05:49:30","guid":{"rendered":"https:\/\/universomotero.com\/?page_id=2313"},"modified":"2025-12-06T05:49:31","modified_gmt":"2025-12-06T05:49:31","slug":"%cf%8c%cf%81%ce%bf%ce%b9-%cf%87%cf%81%ce%ae%cf%83%ce%b7%cf%82","status":"publish","type":"page","link":"https:\/\/universomotero.com\/el\/%cf%8c%cf%81%ce%bf%ce%b9-%cf%87%cf%81%ce%ae%cf%83%ce%b7%cf%82\/","title":{"rendered":"\u038c\u03c1\u03bf\u03b9 \u03a7\u03c1\u03ae\u03c3\u03b7\u03c2"},"content":{"rendered":"<br \/>\n<h2>1. \u038c\u03c1\u03bf\u03b9<\/h2>\n<p>\u039a\u03b1\u03c4\u03ac \u03c4\u03b7\u03bd \u03c0\u03c1\u03cc\u03c3\u03b2\u03b1\u03c3\u03b7 \u03c3\u03c4\u03bf\u03bd \u03b9\u03c3\u03c4\u03cc\u03c4\u03bf\u03c0\u03bf <a href='\/el\/universomotero.com\/'>Motoro Universe<\/a>, \u03c3\u03c5\u03bc\u03c6\u03c9\u03bd\u03b5\u03af \u03bd\u03b1 \u03c3\u03c5\u03bc\u03bc\u03bf\u03c1\u03c6\u03c9\u03b8\u03b5\u03af \u03bc\u03b5 \u03b1\u03c5\u03c4\u03ac <a href=\"https:\/\/privacidade.me\/\" target='_BLANK' style='color: #727496; text-decoration: none;' >\u03cc\u03c1\u03bf\u03b9 \u03c7\u03c1\u03ae\u03c3\u03b7\u03c2<\/a>, \u03a3\u03c5\u03bc\u03c6\u03c9\u03bd\u03b5\u03af\u03c4\u03b5 \u03bd\u03b1 \u03c3\u03c5\u03bc\u03bc\u03bf\u03c1\u03c6\u03ce\u03bd\u03b5\u03c3\u03c4\u03b5 \u03bc\u03b5 \u03cc\u03bb\u03bf\u03c5\u03c2 \u03c4\u03bf\u03c5\u03c2 \u03b9\u03c3\u03c7\u03cd\u03bf\u03bd\u03c4\u03b5\u03c2 \u03bd\u03cc\u03bc\u03bf\u03c5\u03c2 \u03ba\u03b1\u03b9 \u03ba\u03b1\u03bd\u03bf\u03bd\u03b9\u03c3\u03bc\u03bf\u03cd\u03c2 \u03ba\u03b1\u03b9 \u03b5\u03af\u03c3\u03c4\u03b5 \u03c5\u03c0\u03b5\u03cd\u03b8\u03c5\u03bd\u03bf\u03b9 \u03b3\u03b9\u03b1 \u03c4\u03b7 \u03c3\u03c5\u03bc\u03bc\u03cc\u03c1\u03c6\u03c9\u03c3\u03b7 \u03bc\u03b5 \u03cc\u03bb\u03bf\u03c5\u03c2 \u03c4\u03bf\u03c5\u03c2 \u03b9\u03c3\u03c7\u03cd\u03bf\u03bd\u03c4\u03b5\u03c2 \u03c4\u03bf\u03c0\u03b9\u03ba\u03bf\u03cd\u03c2 \u03bd\u03cc\u03bc\u03bf\u03c5\u03c2. \u0395\u03ac\u03bd \u03b4\u03b5\u03bd \u03c3\u03c5\u03bc\u03c6\u03c9\u03bd\u03b5\u03af\u03c4\u03b5 \u03bc\u03b5 \u03bf\u03c0\u03bf\u03b9\u03bf\u03bd\u03b4\u03ae\u03c0\u03bf\u03c4\u03b5 \u03b1\u03c0\u03cc \u03b1\u03c5\u03c4\u03bf\u03cd\u03c2 \u03c4\u03bf\u03c5\u03c2 \u03cc\u03c1\u03bf\u03c5\u03c2, \u03b1\u03c0\u03b1\u03b3\u03bf\u03c1\u03b5\u03cd\u03b5\u03c4\u03b1\u03b9 \u03b7 \u03c7\u03c1\u03ae\u03c3\u03b7 \u03ae \u03b7 \u03c0\u03c1\u03cc\u03c3\u03b2\u03b1\u03c3\u03b7 \u03c3\u03b5 \u03b1\u03c5\u03c4\u03cc\u03bd \u03c4\u03bf\u03bd \u03b9\u03c3\u03c4\u03cc\u03c4\u03bf\u03c0\u03bf. \u03a4\u03bf \u03c5\u03bb\u03b9\u03ba\u03cc \u03c0\u03bf\u03c5 \u03c0\u03b5\u03c1\u03b9\u03ad\u03c7\u03b5\u03c4\u03b1\u03b9 \u03c3\u03b5 \u03b1\u03c5\u03c4\u03cc\u03bd \u03c4\u03bf\u03bd \u03b9\u03c3\u03c4\u03cc\u03c4\u03bf\u03c0\u03bf \u03c0\u03c1\u03bf\u03c3\u03c4\u03b1\u03c4\u03b5\u03cd\u03b5\u03c4\u03b1\u03b9 \u03b1\u03c0\u03cc \u03c4\u03bf\u03c5\u03c2 \u03b9\u03c3\u03c7\u03cd\u03bf\u03bd\u03c4\u03b5\u03c2 \u03bd\u03cc\u03bc\u03bf\u03c5\u03c2 \u03c0\u03b5\u03c1\u03af \u03c0\u03bd\u03b5\u03c5\u03bc\u03b1\u03c4\u03b9\u03ba\u03ce\u03bd \u03b4\u03b9\u03ba\u03b1\u03b9\u03c9\u03bc\u03ac\u03c4\u03c9\u03bd \u03ba\u03b1\u03b9 \u03b5\u03bc\u03c0\u03bf\u03c1\u03b9\u03ba\u03ce\u03bd \u03c3\u03b7\u03bc\u03ac\u03c4\u03c9\u03bd.<\/p>\n<h2>2. \u03a7\u03c1\u03ae\u03c3\u03b7 \u0386\u03b4\u03b5\u03b9\u03b1\u03c2 \u03a7\u03c1\u03ae\u03c3\u03b7\u03c2<\/h2>\n<p>\u03a7\u03bf\u03c1\u03b7\u03b3\u03b5\u03af\u03c4\u03b1\u03b9 \u03ac\u03b4\u03b5\u03b9\u03b1 \u03b3\u03b9\u03b1 \u03c4\u03b7\u03bd \u03c0\u03c1\u03bf\u03c3\u03c9\u03c1\u03b9\u03bd\u03ae \u03bb\u03ae\u03c8\u03b7 \u03b5\u03bd\u03cc\u03c2 \u03b1\u03bd\u03c4\u03b9\u03b3\u03c1\u03ac\u03c6\u03bf\u03c5 \u03c4\u03bf\u03c5 \u03c5\u03bb\u03b9\u03ba\u03bf\u03cd (\u03c0\u03bb\u03b7\u03c1\u03bf\u03c6\u03bf\u03c1\u03af\u03b5\u03c2 \u03ae \u03bb\u03bf\u03b3\u03b9\u03c3\u03bc\u03b9\u03ba\u03cc) \u03c3\u03c4\u03bf\u03bd \u03b9\u03c3\u03c4\u03cc\u03c4\u03bf\u03c0\u03bf Universo Motero \u03bc\u03cc\u03bd\u03bf \u03b3\u03b9\u03b1 \u03c0\u03c1\u03bf\u03c3\u03c9\u03c0\u03b9\u03ba\u03ae, \u03bc\u03b7 \u03b5\u03bc\u03c0\u03bf\u03c1\u03b9\u03ba\u03ae, \u03c0\u03b1\u03c1\u03bf\u03b4\u03b9\u03ba\u03ae \u03c0\u03c1\u03bf\u03b2\u03bf\u03bb\u03ae. \u0391\u03c5\u03c4\u03ae \u03b5\u03af\u03bd\u03b1\u03b9 \u03b7 \u03c0\u03b1\u03c1\u03b1\u03c7\u03ce\u03c1\u03b7\u03c3\u03b7 \u03ac\u03b4\u03b5\u03b9\u03b1\u03c2 \u03c7\u03c1\u03ae\u03c3\u03b7\u03c2 \u03ba\u03b1\u03b9 \u03cc\u03c7\u03b9 \u03b7 \u03bc\u03b5\u03c4\u03b1\u03b2\u03af\u03b2\u03b1\u03c3\u03b7 \u03ba\u03c5\u03c1\u03b9\u03cc\u03c4\u03b7\u03c4\u03b1\u03c2, \u03ba\u03b1\u03b9 \u03b2\u03ac\u03c3\u03b5\u03b9 \u03c4\u03b7\u03c2 \u03c0\u03b1\u03c1\u03bf\u03cd\u03c3\u03b1\u03c2 \u03ac\u03b4\u03b5\u03b9\u03b1\u03c2 \u03b4\u03b5\u03bd \u03b5\u03c0\u03b9\u03c4\u03c1\u03ad\u03c0\u03b5\u03c4\u03b1\u03b9: <\/p>\n<ol>\n<li>\u03c4\u03c1\u03bf\u03c0\u03bf\u03c0\u03bf\u03b9\u03ae\u03c3\u03b5\u03c4\u03b5 \u03ae \u03b1\u03bd\u03c4\u03b9\u03b3\u03c1\u03ac\u03c8\u03b5\u03c4\u03b5 \u03c4\u03bf \u03c5\u03bb\u03b9\u03ba\u03cc\u00b7;  <\/li>\n<li>\u03a7\u03c1\u03ae\u03c3\u03b7 \u03c4\u03c9\u03bd \u03c5\u03bb\u03b9\u03ba\u03ce\u03bd \u03b3\u03b9\u03b1 \u03bf\u03c0\u03bf\u03b9\u03bf\u03bd\u03b4\u03ae\u03c0\u03bf\u03c4\u03b5 \u03b5\u03bc\u03c0\u03bf\u03c1\u03b9\u03ba\u03cc \u03c3\u03ba\u03bf\u03c0\u03cc \u03ae \u03b3\u03b9\u03b1 \u03b4\u03b7\u03bc\u03cc\u03c3\u03b9\u03b1 \u03c0\u03c1\u03bf\u03b2\u03bf\u03bb\u03ae (\u03b5\u03bc\u03c0\u03bf\u03c1\u03b9\u03ba\u03ae \u03ae \u03bc\u03b7 \u03b5\u03bc\u03c0\u03bf\u03c1\u03b9\u03ba\u03ae).;  <\/li>\n<li>\u0391\u03c0\u03cc\u03c0\u03b5\u03b9\u03c1\u03b1 \u03b1\u03c0\u03bf\u03c3\u03c5\u03bc\u03c0\u03af\u03bb\u03b7\u03c3\u03b7\u03c2 \u03ae \u03b1\u03bd\u03c4\u03af\u03c3\u03c4\u03c1\u03bf\u03c6\u03b7\u03c2 \u03bc\u03b7\u03c7\u03b1\u03bd\u03b9\u03ba\u03ae\u03c2 \u03bf\u03c0\u03bf\u03b9\u03bf\u03c5\u03b4\u03ae\u03c0\u03bf\u03c4\u03b5 \u03bb\u03bf\u03b3\u03b9\u03c3\u03bc\u03b9\u03ba\u03bf\u03cd \u03c0\u03bf\u03c5 \u03c0\u03b5\u03c1\u03b9\u03ad\u03c7\u03b5\u03c4\u03b1\u03b9 \u03c3\u03c4\u03bf\u03bd \u03b9\u03c3\u03c4\u03cc\u03c4\u03bf\u03c0\u03bf \u03c4\u03b7\u03c2 Universo Motero.;  <\/li>\n<li>\u03bd\u03b1 \u03b1\u03c6\u03b1\u03b9\u03c1\u03ad\u03c3\u03b5\u03c4\u03b5 \u03c4\u03c5\u03c7\u03cc\u03bd \u03c0\u03bd\u03b5\u03c5\u03bc\u03b1\u03c4\u03b9\u03ba\u03ac \u03b4\u03b9\u03ba\u03b1\u03b9\u03ce\u03bc\u03b1\u03c4\u03b1 \u03ae \u03ac\u03bb\u03bb\u03b5\u03c2 \u03b9\u03b4\u03b9\u03bf\u03ba\u03c4\u03b7\u03c3\u03b9\u03b1\u03ba\u03ad\u03c2 \u03c3\u03b7\u03bc\u03b5\u03b9\u03ce\u03c3\u03b5\u03b9\u03c2 \u03b1\u03c0\u03cc \u03c4\u03bf \u03c5\u03bb\u03b9\u03ba\u03cc\u00b7 \u03ae  <\/li>\n<li>\u039c\u03b5\u03c4\u03b1\u03c6\u03ad\u03c1\u03b5\u03c4\u03b5 \u03c4\u03b1 \u03c5\u03bb\u03b9\u03ba\u03ac \u03c3\u03b5 \u03ac\u03bb\u03bb\u03bf \u03ac\u03c4\u03bf\u03bc\u03bf \u03ae \u2018\u03b1\u03bd\u03c4\u03b9\u03b3\u03c1\u03ac\u03c8\u03c4\u03b5\u2019 \u03c4\u03b1 \u03c5\u03bb\u03b9\u03ba\u03ac \u03c3\u03b5 \u03bf\u03c0\u03bf\u03b9\u03bf\u03bd\u03b4\u03ae\u03c0\u03bf\u03c4\u03b5 \u03ac\u03bb\u03bb\u03bf \u03b4\u03b9\u03b1\u03ba\u03bf\u03bc\u03b9\u03c3\u03c4\u03ae.<\/li>\n<\/ol>\n<p>\u0391\u03c5\u03c4\u03ae \u03b7 \u03ac\u03b4\u03b5\u03b9\u03b1 \u03c7\u03c1\u03ae\u03c3\u03b7\u03c2 \u03b8\u03b1 \u03c4\u03b5\u03c1\u03bc\u03b1\u03c4\u03b9\u03c3\u03c4\u03b5\u03af \u03b1\u03c5\u03c4\u03cc\u03bc\u03b1\u03c4\u03b1 \u03b5\u03ac\u03bd \u03c0\u03b1\u03c1\u03b1\u03b2\u03b9\u03ac\u03c3\u03b5\u03c4\u03b5 \u03bf\u03c0\u03bf\u03b9\u03bf\u03bd\u03b4\u03ae\u03c0\u03bf\u03c4\u03b5 \u03b1\u03c0\u03cc \u03b1\u03c5\u03c4\u03bf\u03cd\u03c2 \u03c4\u03bf\u03c5\u03c2 \u03c0\u03b5\u03c1\u03b9\u03bf\u03c1\u03b9\u03c3\u03bc\u03bf\u03cd\u03c2 \u03ba\u03b1\u03b9 \u03bc\u03c0\u03bf\u03c1\u03b5\u03af \u03bd\u03b1 \u03c4\u03b5\u03c1\u03bc\u03b1\u03c4\u03b9\u03c3\u03c4\u03b5\u03af \u03b1\u03c0\u03cc \u03c4\u03b7\u03bd Universo Motero \u03b1\u03bd\u03ac \u03c0\u03ac\u03c3\u03b1 \u03c3\u03c4\u03b9\u03b3\u03bc\u03ae. \u039c\u03b5\u03c4\u03ac \u03c4\u03bf\u03bd \u03c4\u03b5\u03c1\u03bc\u03b1\u03c4\u03b9\u03c3\u03bc\u03cc \u03c4\u03b7\u03c2 \u03c0\u03c1\u03bf\u03b2\u03bf\u03bb\u03ae\u03c2 \u03b1\u03c5\u03c4\u03bf\u03cd \u03c4\u03bf\u03c5 \u03c5\u03bb\u03b9\u03ba\u03bf\u03cd \u03ae \u03ba\u03b1\u03c4\u03ac \u03c4\u03bf\u03bd \u03c4\u03b5\u03c1\u03bc\u03b1\u03c4\u03b9\u03c3\u03bc\u03cc \u03c4\u03b7\u03c2 \u03c0\u03b1\u03c1\u03bf\u03cd\u03c3\u03b1\u03c2 \u03ac\u03b4\u03b5\u03b9\u03b1\u03c2 \u03c7\u03c1\u03ae\u03c3\u03b7\u03c2, \u03c0\u03c1\u03ad\u03c0\u03b5\u03b9 \u03bd\u03b1 \u03ba\u03b1\u03c4\u03b1\u03c3\u03c4\u03c1\u03ad\u03c8\u03b5\u03c4\u03b5 \u03cc\u03bb\u03b1 \u03c4\u03b1 \u03bb\u03b7\u03c6\u03b8\u03ad\u03bd\u03c4\u03b1 \u03c5\u03bb\u03b9\u03ba\u03ac \u03c0\u03bf\u03c5 \u03ad\u03c7\u03b5\u03c4\u03b5 \u03c3\u03c4\u03b7\u03bd \u03ba\u03b1\u03c4\u03bf\u03c7\u03ae \u03c3\u03b1\u03c2, \u03b5\u03af\u03c4\u03b5 \u03c3\u03b5 \u03b7\u03bb\u03b5\u03ba\u03c4\u03c1\u03bf\u03bd\u03b9\u03ba\u03ae \u03b5\u03af\u03c4\u03b5 \u03c3\u03b5 \u03ad\u03bd\u03c4\u03c5\u03c0\u03b7 \u03bc\u03bf\u03c1\u03c6\u03ae.<\/p>\n<h2>3. \u0391\u03c0\u03bf\u03c0\u03bf\u03af\u03b7\u03c3\u03b7 \u03b5\u03c5\u03b8\u03cd\u03bd\u03b7\u03c2<\/h2>\n<ol>\n<li>\u03a4\u03bf \u03c5\u03bb\u03b9\u03ba\u03cc \u03c3\u03c4\u03bf\u03bd \u03b9\u03c3\u03c4\u03cc\u03c4\u03bf\u03c0\u03bf Universo Motero \u03c0\u03b1\u03c1\u03ad\u03c7\u03b5\u03c4\u03b1\u03b9 \u2018\u03c9\u03c2 \u03ad\u03c7\u03b5\u03b9\u2019. \u0397 Universo Motero \u03b4\u03b5\u03bd \u03c0\u03b1\u03c1\u03ad\u03c7\u03b5\u03b9 \u03ba\u03b1\u03bc\u03af\u03b1 \u03b5\u03b3\u03b3\u03cd\u03b7\u03c3\u03b7, \u03c1\u03b7\u03c4\u03ae \u03ae \u03c3\u03b9\u03c9\u03c0\u03b7\u03c1\u03ae, \u03ba\u03b1\u03b9 \u03bc\u03b5 \u03c4\u03bf \u03c0\u03b1\u03c1\u03cc\u03bd \u03b1\u03c0\u03bf\u03c0\u03bf\u03b9\u03b5\u03af\u03c4\u03b1\u03b9 \u03ba\u03b1\u03b9 \u03b1\u03bd\u03b1\u03b9\u03c1\u03b5\u03af \u03cc\u03bb\u03b5\u03c2 \u03c4\u03b9\u03c2 \u03ac\u03bb\u03bb\u03b5\u03c2 \u03b5\u03b3\u03b3\u03c5\u03ae\u03c3\u03b5\u03b9\u03c2, \u03c3\u03c5\u03bc\u03c0\u03b5\u03c1\u03b9\u03bb\u03b1\u03bc\u03b2\u03b1\u03bd\u03bf\u03bc\u03ad\u03bd\u03c9\u03bd, \u03b5\u03bd\u03b4\u03b5\u03b9\u03ba\u03c4\u03b9\u03ba\u03ac, \u03c3\u03b9\u03c9\u03c0\u03b7\u03c1\u03ce\u03bd \u03b5\u03b3\u03b3\u03c5\u03ae\u03c3\u03b5\u03c9\u03bd \u03ae \u03cc\u03c1\u03c9\u03bd \u03b5\u03bc\u03c0\u03bf\u03c1\u03b5\u03c5\u03c3\u03b9\u03bc\u03cc\u03c4\u03b7\u03c4\u03b1\u03c2, \u03ba\u03b1\u03c4\u03b1\u03bb\u03bb\u03b7\u03bb\u03cc\u03c4\u03b7\u03c4\u03b1\u03c2 \u03b3\u03b9\u03b1 \u03c3\u03c5\u03b3\u03ba\u03b5\u03ba\u03c1\u03b9\u03bc\u03ad\u03bd\u03bf \u03c3\u03ba\u03bf\u03c0\u03cc \u03ae \u03bc\u03b7 \u03c0\u03b1\u03c1\u03b1\u03b2\u03af\u03b1\u03c3\u03b7\u03c2 \u03c0\u03bd\u03b5\u03c5\u03bc\u03b1\u03c4\u03b9\u03ba\u03ae\u03c2 \u03b9\u03b4\u03b9\u03bf\u03ba\u03c4\u03b7\u03c3\u03af\u03b1\u03c2 \u03ae \u03ac\u03bb\u03bb\u03b7\u03c2 \u03c0\u03b1\u03c1\u03b1\u03b2\u03af\u03b1\u03c3\u03b7\u03c2 \u03b4\u03b9\u03ba\u03b1\u03b9\u03c9\u03bc\u03ac\u03c4\u03c9\u03bd. <\/li>\n<li>\u0395\u03c0\u03b9\u03c0\u03bb\u03ad\u03bf\u03bd, \u03b7 Universo Motero \u03b4\u03b5\u03bd \u03b5\u03b3\u03b3\u03c5\u03ac\u03c4\u03b1\u03b9 \u03bf\u03cd\u03c4\u03b5 \u03c0\u03c1\u03bf\u03b2\u03b1\u03af\u03bd\u03b5\u03b9 \u03c3\u03b5 \u03ba\u03b1\u03bc\u03af\u03b1 \u03b4\u03ae\u03bb\u03c9\u03c3\u03b7 \u03c3\u03c7\u03b5\u03c4\u03b9\u03ba\u03ac \u03bc\u03b5 \u03c4\u03b7\u03bd \u03b1\u03ba\u03c1\u03af\u03b2\u03b5\u03b9\u03b1, \u03c4\u03b1 \u03c0\u03b9\u03b8\u03b1\u03bd\u03ac \u03b1\u03c0\u03bf\u03c4\u03b5\u03bb\u03ad\u03c3\u03bc\u03b1\u03c4\u03b1 \u03ae \u03c4\u03b7\u03bd \u03b1\u03be\u03b9\u03bf\u03c0\u03b9\u03c3\u03c4\u03af\u03b1 \u03c4\u03b7\u03c2 \u03c7\u03c1\u03ae\u03c3\u03b7\u03c2 \u03c4\u03bf\u03c5 \u03c5\u03bb\u03b9\u03ba\u03bf\u03cd \u03c3\u03c4\u03bf\u03bd \u03b9\u03c3\u03c4\u03cc\u03c4\u03bf\u03c0\u03cc \u03c4\u03b7\u03c2 \u03ae \u03c3\u03b5 \u03c3\u03c7\u03ad\u03c3\u03b7 \u03bc\u03b5 \u03c4\u03ad\u03c4\u03bf\u03b9\u03bf \u03c5\u03bb\u03b9\u03ba\u03cc \u03ae \u03c3\u03b5 \u03bf\u03c0\u03bf\u03b9\u03bf\u03bd\u03b4\u03ae\u03c0\u03bf\u03c4\u03b5 \u03b9\u03c3\u03c4\u03cc\u03c4\u03bf\u03c0\u03bf \u03c0\u03bf\u03c5 \u03c3\u03c5\u03bd\u03b4\u03ad\u03b5\u03c4\u03b1\u03b9 \u03bc\u03b5 \u03b1\u03c5\u03c4\u03cc\u03bd \u03c4\u03bf\u03bd \u03b9\u03c3\u03c4\u03cc\u03c4\u03bf\u03c0\u03bf.<\/li>\n<\/ol>\n<h2>4. \u03a0\u03b5\u03c1\u03b9\u03bf\u03c1\u03b9\u03c3\u03bc\u03bf\u03af<\/h2>\n<p>\u03a3\u03b5 \u03ba\u03b1\u03bc\u03af\u03b1 \u03c0\u03b5\u03c1\u03af\u03c0\u03c4\u03c9\u03c3\u03b7 \u03b7 Universo Motero \u03ae \u03bf\u03b9 \u03c0\u03c1\u03bf\u03bc\u03b7\u03b8\u03b5\u03c5\u03c4\u03ad\u03c2 \u03c4\u03b7\u03c2 \u03b4\u03b5\u03bd \u03b8\u03b1 \u03c6\u03ad\u03c1\u03bf\u03c5\u03bd \u03b5\u03c5\u03b8\u03cd\u03bd\u03b7 \u03b3\u03b9\u03b1 \u03c4\u03c5\u03c7\u03cc\u03bd \u03b6\u03b7\u03bc\u03af\u03b5\u03c2 (\u03c3\u03c5\u03bc\u03c0\u03b5\u03c1\u03b9\u03bb\u03b1\u03bc\u03b2\u03b1\u03bd\u03bf\u03bc\u03ad\u03bd\u03c9\u03bd, \u03b5\u03bd\u03b4\u03b5\u03b9\u03ba\u03c4\u03b9\u03ba\u03ac, \u03b6\u03b7\u03bc\u03b9\u03ce\u03bd \u03b3\u03b9\u03b1 \u03b1\u03c0\u03ce\u03bb\u03b5\u03b9\u03b1 \u03b4\u03b5\u03b4\u03bf\u03bc\u03ad\u03bd\u03c9\u03bd \u03ae \u03ba\u03ad\u03c1\u03b4\u03bf\u03c5\u03c2 \u03ae \u03bb\u03cc\u03b3\u03c9 \u03b4\u03b9\u03b1\u03ba\u03bf\u03c0\u03ae\u03c2 \u03b5\u03c0\u03b9\u03c7\u03b5\u03b9\u03c1\u03b7\u03bc\u03b1\u03c4\u03b9\u03ba\u03ae\u03c2 \u03b4\u03c1\u03b1\u03c3\u03c4\u03b7\u03c1\u03b9\u03cc\u03c4\u03b7\u03c4\u03b1\u03c2) \u03c0\u03bf\u03c5 \u03c0\u03c1\u03bf\u03ba\u03cd\u03c0\u03c4\u03bf\u03c5\u03bd \u03b1\u03c0\u03cc \u03c4\u03b7 \u03c7\u03c1\u03ae\u03c3\u03b7 \u03ae \u03c4\u03b7\u03bd \u03b1\u03b4\u03c5\u03bd\u03b1\u03bc\u03af\u03b1 \u03c7\u03c1\u03ae\u03c3\u03b7\u03c2 \u03c4\u03bf\u03c5 \u03c5\u03bb\u03b9\u03ba\u03bf\u03cd \u03c3\u03c4\u03bf\u03bd \u03b9\u03c3\u03c4\u03cc\u03c4\u03bf\u03c0\u03bf \u03c4\u03b7\u03c2 Universo Motero, \u03b1\u03ba\u03cc\u03bc\u03b7 \u03ba\u03b1\u03b9 \u03b1\u03bd \u03b7 Universo Motero \u03ae \u03ad\u03bd\u03b1\u03c2 \u03b5\u03be\u03bf\u03c5\u03c3\u03b9\u03bf\u03b4\u03bf\u03c4\u03b7\u03bc\u03ad\u03bd\u03bf\u03c2 \u03b5\u03ba\u03c0\u03c1\u03cc\u03c3\u03c9\u03c0\u03bf\u03c2 \u03c4\u03b7\u03c2 Universo Motero \u03ad\u03c7\u03b5\u03b9 \u03b5\u03b9\u03b4\u03bf\u03c0\u03bf\u03b9\u03b7\u03b8\u03b5\u03af \u03c0\u03c1\u03bf\u03c6\u03bf\u03c1\u03b9\u03ba\u03ac \u03ae \u03b3\u03c1\u03b1\u03c0\u03c4\u03ce\u03c2 \u03b3\u03b9\u03b1 \u03c4\u03b7\u03bd \u03c0\u03b9\u03b8\u03b1\u03bd\u03cc\u03c4\u03b7\u03c4\u03b1 \u03c4\u03ad\u03c4\u03bf\u03b9\u03c9\u03bd \u03b6\u03b7\u03bc\u03b9\u03ce\u03bd. \u0395\u03c0\u03b5\u03b9\u03b4\u03ae \u03bf\u03c1\u03b9\u03c3\u03bc\u03ad\u03bd\u03b5\u03c2 \u03b4\u03b9\u03ba\u03b1\u03b9\u03bf\u03b4\u03bf\u03c3\u03af\u03b5\u03c2 \u03b4\u03b5\u03bd \u03b5\u03c0\u03b9\u03c4\u03c1\u03ad\u03c0\u03bf\u03c5\u03bd \u03c0\u03b5\u03c1\u03b9\u03bf\u03c1\u03b9\u03c3\u03bc\u03bf\u03cd\u03c2 \u03c3\u03b5 \u03c3\u03b9\u03c9\u03c0\u03b7\u03c1\u03ad\u03c2 \u03b5\u03b3\u03b3\u03c5\u03ae\u03c3\u03b5\u03b9\u03c2 \u03ae \u03c0\u03b5\u03c1\u03b9\u03bf\u03c1\u03b9\u03c3\u03bc\u03bf\u03cd\u03c2 \u03b5\u03c5\u03b8\u03cd\u03bd\u03b7\u03c2 \u03b3\u03b9\u03b1 \u03b5\u03c0\u03b1\u03ba\u03cc\u03bb\u03bf\u03c5\u03b8\u03b5\u03c2 \u03ae \u03c4\u03c5\u03c7\u03b1\u03af\u03b5\u03c2 \u03b6\u03b7\u03bc\u03af\u03b5\u03c2, \u03b1\u03c5\u03c4\u03bf\u03af \u03bf\u03b9 \u03c0\u03b5\u03c1\u03b9\u03bf\u03c1\u03b9\u03c3\u03bc\u03bf\u03af \u03b5\u03bd\u03b4\u03ad\u03c7\u03b5\u03c4\u03b1\u03b9 \u03bd\u03b1 \u03bc\u03b7\u03bd \u03b9\u03c3\u03c7\u03cd\u03bf\u03c5\u03bd \u03b3\u03b9\u03b1 \u03b5\u03c3\u03ac\u03c2.<\/p>\n<h2>5. \u0391\u03ba\u03c1\u03af\u03b2\u03b5\u03b9\u03b1 \u03c5\u03bb\u03b9\u03ba\u03ce\u03bd<\/h2>\n<p>\u03a4\u03bf \u03c5\u03bb\u03b9\u03ba\u03cc \u03c0\u03bf\u03c5 \u03b5\u03bc\u03c6\u03b1\u03bd\u03af\u03b6\u03b5\u03c4\u03b1\u03b9 \u03c3\u03c4\u03bf\u03bd \u03b9\u03c3\u03c4\u03cc\u03c4\u03bf\u03c0\u03bf Universo Motero \u03b5\u03bd\u03b4\u03ad\u03c7\u03b5\u03c4\u03b1\u03b9 \u03bd\u03b1 \u03c0\u03b5\u03c1\u03b9\u03bb\u03b1\u03bc\u03b2\u03ac\u03bd\u03b5\u03b9 \u03c4\u03b5\u03c7\u03bd\u03b9\u03ba\u03ac, \u03c4\u03c5\u03c0\u03bf\u03b3\u03c1\u03b1\u03c6\u03b9\u03ba\u03ac \u03ae \u03c6\u03c9\u03c4\u03bf\u03b3\u03c1\u03b1\u03c6\u03b9\u03ba\u03ac \u03bb\u03ac\u03b8\u03b7. \u0397 Universo Motero \u03b4\u03b5\u03bd \u03b5\u03b3\u03b3\u03c5\u03ac\u03c4\u03b1\u03b9 \u03cc\u03c4\u03b9 \u03bf\u03c0\u03bf\u03b9\u03bf\u03b4\u03ae\u03c0\u03bf\u03c4\u03b5 \u03c5\u03bb\u03b9\u03ba\u03cc \u03c3\u03c4\u03bf\u03bd \u03b9\u03c3\u03c4\u03cc\u03c4\u03bf\u03c0\u03cc \u03c4\u03b7\u03c2 \u03b5\u03af\u03bd\u03b1\u03b9 \u03b1\u03ba\u03c1\u03b9\u03b2\u03ad\u03c2, \u03c0\u03bb\u03ae\u03c1\u03b5\u03c2 \u03ae \u03b5\u03bd\u03b7\u03bc\u03b5\u03c1\u03c9\u03bc\u03ad\u03bd\u03bf. \u0397 Universo Motero \u03b4\u03cd\u03bd\u03b1\u03c4\u03b1\u03b9 \u03bd\u03b1 \u03ba\u03ac\u03bd\u03b5\u03b9 \u03b1\u03bb\u03bb\u03b1\u03b3\u03ad\u03c2 \u03c3\u03c4\u03bf \u03c5\u03bb\u03b9\u03ba\u03cc \u03c0\u03bf\u03c5 \u03c0\u03b5\u03c1\u03b9\u03ad\u03c7\u03b5\u03c4\u03b1\u03b9 \u03c3\u03c4\u03bf\u03bd \u03b9\u03c3\u03c4\u03cc\u03c4\u03bf\u03c0\u03cc \u03c4\u03b7\u03c2 \u03b1\u03bd\u03ac \u03c0\u03ac\u03c3\u03b1 \u03c3\u03c4\u03b9\u03b3\u03bc\u03ae \u03c7\u03c9\u03c1\u03af\u03c2 \u03c0\u03c1\u03bf\u03b5\u03b9\u03b4\u03bf\u03c0\u03bf\u03af\u03b7\u03c3\u03b7. \u03a9\u03c3\u03c4\u03cc\u03c3\u03bf, \u03b7 Universo Motero \u03b4\u03b5\u03bd \u03b4\u03b5\u03c3\u03bc\u03b5\u03cd\u03b5\u03c4\u03b1\u03b9 \u03bd\u03b1 \u03b5\u03bd\u03b7\u03bc\u03b5\u03c1\u03ce\u03bd\u03b5\u03b9 \u03c4\u03bf \u03c5\u03bb\u03b9\u03ba\u03cc.<\/p>\n<h2>6. \u03a3\u03cd\u03bd\u03b4\u03b5\u03c3\u03bc\u03bf\u03b9<\/h2>\n<p>\u0397 Universo Motero \u03b4\u03b5\u03bd \u03ad\u03c7\u03b5\u03b9 \u03b5\u03bb\u03ad\u03b3\u03be\u03b5\u03b9 \u03cc\u03bb\u03bf\u03c5\u03c2 \u03c4\u03bf\u03c5\u03c2 \u03b9\u03c3\u03c4\u03cc\u03c4\u03bf\u03c0\u03bf\u03c5\u03c2 \u03c0\u03bf\u03c5 \u03c3\u03c5\u03bd\u03b4\u03ad\u03bf\u03bd\u03c4\u03b1\u03b9 \u03bc\u03b5 \u03c4\u03bf\u03bd \u03b9\u03c3\u03c4\u03cc\u03c4\u03bf\u03c0\u03cc \u03c4\u03b7\u03c2 \u03ba\u03b1\u03b9 \u03b4\u03b5\u03bd \u03c6\u03ad\u03c1\u03b5\u03b9 \u03b5\u03c5\u03b8\u03cd\u03bd\u03b7 \u03b3\u03b9\u03b1 \u03c4\u03bf \u03c0\u03b5\u03c1\u03b9\u03b5\u03c7\u03cc\u03bc\u03b5\u03bd\u03bf \u03bf\u03c0\u03bf\u03b9\u03bf\u03c5\u03b4\u03ae\u03c0\u03bf\u03c4\u03b5 \u03c3\u03c5\u03bd\u03b4\u03b5\u03b4\u03b5\u03bc\u03ad\u03bd\u03bf\u03c5 \u03b9\u03c3\u03c4\u03cc\u03c4\u03bf\u03c0\u03bf\u03c5. \u0397 \u03c3\u03c5\u03bc\u03c0\u03b5\u03c1\u03af\u03bb\u03b7\u03c8\u03b7 \u03bf\u03c0\u03bf\u03b9\u03bf\u03c5\u03b4\u03ae\u03c0\u03bf\u03c4\u03b5 \u03c3\u03c5\u03bd\u03b4\u03ad\u03c3\u03bc\u03bf\u03c5 \u03b4\u03b5\u03bd \u03c3\u03c5\u03bd\u03b5\u03c0\u03ac\u03b3\u03b5\u03c4\u03b1\u03b9 \u03ad\u03b3\u03ba\u03c1\u03b9\u03c3\u03b7 \u03c4\u03bf\u03c5 \u03b9\u03c3\u03c4\u03cc\u03c4\u03bf\u03c0\u03bf\u03c5 \u03b1\u03c0\u03cc \u03c4\u03b7\u03bd Universo Motero. \u0397 \u03c7\u03c1\u03ae\u03c3\u03b7 \u03bf\u03c0\u03bf\u03b9\u03bf\u03c5\u03b4\u03ae\u03c0\u03bf\u03c4\u03b5 \u03c3\u03c5\u03bd\u03b4\u03b5\u03b4\u03b5\u03bc\u03ad\u03bd\u03bf\u03c5 \u03b9\u03c3\u03c4\u03cc\u03c4\u03bf\u03c0\u03bf\u03c5 \u03b3\u03af\u03bd\u03b5\u03c4\u03b1\u03b9 \u03bc\u03b5 \u03b4\u03b9\u03ba\u03ae \u03c3\u03b1\u03c2 \u03b5\u03c5\u03b8\u03cd\u03bd\u03b7.<\/p>\n<\/p>\n<h3>\u03a4\u03c1\u03bf\u03c0\u03bf\u03c0\u03bf\u03b9\u03ae\u03c3\u03b5\u03b9\u03c2<\/h3>\n<p>\u0397 Universo Motero \u03b4\u03cd\u03bd\u03b1\u03c4\u03b1\u03b9 \u03bd\u03b1 \u03b1\u03bd\u03b1\u03b8\u03b5\u03c9\u03c1\u03ae\u03c3\u03b5\u03b9 \u03c4\u03bf\u03c5\u03c2 \u03c0\u03b1\u03c1\u03cc\u03bd\u03c4\u03b5\u03c2 \u03cc\u03c1\u03bf\u03c5\u03c2 \u03c0\u03b1\u03c1\u03bf\u03c7\u03ae\u03c2 \u03c5\u03c0\u03b7\u03c1\u03b5\u03c3\u03b9\u03ce\u03bd \u03c4\u03bf\u03c5 \u03b9\u03c3\u03c4\u03cc\u03c4\u03bf\u03c0\u03bf\u03c5 \u03b1\u03bd\u03ac \u03c0\u03ac\u03c3\u03b1 \u03c3\u03c4\u03b9\u03b3\u03bc\u03ae \u03c7\u03c9\u03c1\u03af\u03c2 \u03c0\u03c1\u03bf\u03b7\u03b3\u03bf\u03cd\u03bc\u03b5\u03bd\u03b7 \u03b5\u03b9\u03b4\u03bf\u03c0\u03bf\u03af\u03b7\u03c3\u03b7. \u03a7\u03c1\u03b7\u03c3\u03b9\u03bc\u03bf\u03c0\u03bf\u03b9\u03ce\u03bd\u03c4\u03b1\u03c2 \u03b1\u03c5\u03c4\u03cc\u03bd \u03c4\u03bf\u03bd \u03b9\u03c3\u03c4\u03cc\u03c4\u03bf\u03c0\u03bf, \u03c3\u03c5\u03bc\u03c6\u03c9\u03bd\u03b5\u03af\u03c4\u03b5 \u03bd\u03b1 \u03b4\u03b5\u03c3\u03bc\u03b5\u03cd\u03b5\u03c3\u03c4\u03b5 \u03b1\u03c0\u03cc \u03c4\u03b7\u03bd \u03c4\u03c1\u03ad\u03c7\u03bf\u03c5\u03c3\u03b1 \u03ad\u03ba\u03b4\u03bf\u03c3\u03b7 \u03b1\u03c5\u03c4\u03ce\u03bd \u03c4\u03c9\u03bd \u03cc\u03c1\u03c9\u03bd \u03c0\u03b1\u03c1\u03bf\u03c7\u03ae\u03c2 \u03c5\u03c0\u03b7\u03c1\u03b5\u03c3\u03b9\u03ce\u03bd.<\/p>\n<h3>\u0395\u03c6\u03b1\u03c1\u03bc\u03bf\u03c3\u03c4\u03ad\u03bf \u03b4\u03af\u03ba\u03b1\u03b9\u03bf<\/h3>\n<p>\u039f\u03b9 \u03c0\u03b1\u03c1\u03cc\u03bd\u03c4\u03b5\u03c2 \u03cc\u03c1\u03bf\u03b9 \u03ba\u03b1\u03b9 \u03c0\u03c1\u03bf\u03cb\u03c0\u03bf\u03b8\u03ad\u03c3\u03b5\u03b9\u03c2 \u03b4\u03b9\u03ad\u03c0\u03bf\u03bd\u03c4\u03b1\u03b9 \u03ba\u03b1\u03b9 \u03b5\u03c1\u03bc\u03b7\u03bd\u03b5\u03cd\u03bf\u03bd\u03c4\u03b1\u03b9 \u03c3\u03cd\u03bc\u03c6\u03c9\u03bd\u03b1 \u03bc\u03b5 \u03c4\u03bf\u03c5\u03c2 \u03bd\u03cc\u03bc\u03bf\u03c5\u03c2 \u03c4\u03bf\u03c5 \u03a3\u03cd\u03bc\u03c0\u03b1\u03bd\u03c4\u03bf\u03c2 Motero \u03ba\u03b1\u03b9 \u03b5\u03c3\u03b5\u03af\u03c2 \u03c5\u03c0\u03bf\u03b2\u03ac\u03bb\u03bb\u03b5\u03c3\u03c4\u03b5 \u03b1\u03bc\u03b5\u03c4\u03ac\u03ba\u03bb\u03b7\u03c4\u03b1 \u03c3\u03c4\u03b7\u03bd \u03b1\u03c0\u03bf\u03ba\u03bb\u03b5\u03b9\u03c3\u03c4\u03b9\u03ba\u03ae \u03b4\u03b9\u03ba\u03b1\u03b9\u03bf\u03b4\u03bf\u03c3\u03af\u03b1 \u03c4\u03c9\u03bd \u03b4\u03b9\u03ba\u03b1\u03c3\u03c4\u03b7\u03c1\u03af\u03c9\u03bd \u03c4\u03b7\u03c2 \u03b5\u03bd \u03bb\u03cc\u03b3\u03c9 \u03c0\u03bf\u03bb\u03b9\u03c4\u03b5\u03af\u03b1\u03c2 \u03ae \u03c4\u03bf\u03c0\u03bf\u03b8\u03b5\u03c3\u03af\u03b1\u03c2.<\/p>","protected":false},"excerpt":{"rendered":"<p>1. Termos Ao acessar ao site Universo Motero, concorda em cumprir estes termos de uso, todas as leis e regulamentos aplic\u00e1veis \u200b\u200be concorda que \u00e9 respons\u00e1vel pelo cumprimento de todas as leis locais aplic\u00e1veis. Se voc\u00ea n\u00e3o concordar com algum desses termos, est\u00e1 proibido de usar ou acessar este site. Os materiais contidos neste site [&hellip;]<\/p>","protected":false},"author":4,"featured_media":0,"parent":0,"menu_order":0,"comment_status":"closed","ping_status":"closed","template":"","meta":{"footnotes":""},"class_list":["post-2313","page","type-page","status-publish"],"_links":{"self":[{"href":"https:\/\/universomotero.com\/el\/wp-json\/wp\/v2\/pages\/2313","targetHints":{"allow":["GET"]}}],"collection":[{"href":"https:\/\/universomotero.com\/el\/wp-json\/wp\/v2\/pages"}],"about":[{"href":"https:\/\/universomotero.com\/el\/wp-json\/wp\/v2\/types\/page"}],"author":[{"embeddable":true,"href":"https:\/\/universomotero.com\/el\/wp-json\/wp\/v2\/users\/4"}],"replies":[{"embeddable":true,"href":"https:\/\/universomotero.com\/el\/wp-json\/wp\/v2\/comments?post=2313"}],"version-history":[{"count":1,"href":"https:\/\/universomotero.com\/el\/wp-json\/wp\/v2\/pages\/2313\/revisions"}],"predecessor-version":[{"id":2314,"href":"https:\/\/universomotero.com\/el\/wp-json\/wp\/v2\/pages\/2313\/revisions\/2314"}],"wp:attachment":[{"href":"https:\/\/universomotero.com\/el\/wp-json\/wp\/v2\/media?parent=2313"}],"curies":[{"name":"wp","href":"https:\/\/api.w.org\/{rel}","templated":true}]}}