{"id":2317,"date":"2025-12-06T05:52:30","date_gmt":"2025-12-06T05:52:30","guid":{"rendered":"https:\/\/universomotero.com\/?page_id=2317"},"modified":"2025-12-06T05:52:31","modified_gmt":"2025-12-06T05:52:31","slug":"quienes-somos","status":"publish","type":"page","link":"https:\/\/universomotero.com\/es\/quienes-somos\/","title":{"rendered":"Quienes somos"},"content":{"rendered":"<p>Somos una empresa de tecnolog\u00eda y desarrollo de apps fundada en 2021 por Aleff, un entusiasta apasionado por transformar ideas en soluciones digitales sencillas, r\u00e1pidas y atractivas. Nacimos con un objetivo claro: poner la tecnolog\u00eda al servicio de las personas y las empresas, resolviendo problemas reales con productos bien dise\u00f1ados y f\u00e1ciles de usar.<\/p>\n<p>Nos encargamos de todo, desde la planificaci\u00f3n hasta el lanzamiento, integrando dise\u00f1o, rendimiento y seguridad en cada etapa. Desarrollamos aplicaciones m\u00f3viles, sistemas web, sitios web e integraciones, priorizando siempre la experiencia del usuario, la escalabilidad y los resultados.<\/p>\n<p>Creemos en la transparencia, la colaboraci\u00f3n y la mejora continua. Por eso, escuchamos atentamente, creamos prototipos con rapidez y entregamos resultados de alta calidad, manteni\u00e9ndolo informado en cada paso del proceso, de principio a fin.<\/p>\n<p>Ya sea que se trate de dar vida a un proyecto o de desarrollar un producto existente, estamos listos para construir con usted. La buena tecnolog\u00eda es aquella que simplifica, y eso es lo que ofrecemos.<\/p>","protected":false},"excerpt":{"rendered":"<p>Somos uma empresa de tecnologia e desenvolvimento de aplicativos criada em 2021 por Aleff, um entusiasta apaixonado por transformar ideias em solu\u00e7\u00f5es digitais simples, r\u00e1pidas e bonitas. Nascemos com um objetivo claro: colocar a tecnologia para trabalhar a favor das pessoas e dos neg\u00f3cios, resolvendo problemas reais com produtos bem pensados e f\u00e1ceis de usar. [&hellip;]<\/p>","protected":false},"author":4,"featured_media":0,"parent":0,"menu_order":0,"comment_status":"closed","ping_status":"closed","template":"","meta":{"footnotes":""},"class_list":["post-2317","page","type-page","status-publish"],"_links":{"self":[{"href":"https:\/\/universomotero.com\/es\/wp-json\/wp\/v2\/pages\/2317","targetHints":{"allow":["GET"]}}],"collection":[{"href":"https:\/\/universomotero.com\/es\/wp-json\/wp\/v2\/pages"}],"about":[{"href":"https:\/\/universomotero.com\/es\/wp-json\/wp\/v2\/types\/page"}],"author":[{"embeddable":true,"href":"https:\/\/universomotero.com\/es\/wp-json\/wp\/v2\/users\/4"}],"replies":[{"embeddable":true,"href":"https:\/\/universomotero.com\/es\/wp-json\/wp\/v2\/comments?post=2317"}],"version-history":[{"count":1,"href":"https:\/\/universomotero.com\/es\/wp-json\/wp\/v2\/pages\/2317\/revisions"}],"predecessor-version":[{"id":2318,"href":"https:\/\/universomotero.com\/es\/wp-json\/wp\/v2\/pages\/2317\/revisions\/2318"}],"wp:attachment":[{"href":"https:\/\/universomotero.com\/es\/wp-json\/wp\/v2\/media?parent=2317"}],"curies":[{"name":"wp","href":"https:\/\/api.w.org\/{rel}","templated":true}]}}