{"id":978,"date":"2022-03-08T07:59:47","date_gmt":"2022-03-08T07:59:47","guid":{"rendered":"https:\/\/universomotero.com\/?page_id=978"},"modified":"2025-12-06T06:00:10","modified_gmt":"2025-12-06T06:00:10","slug":"politica-de-privacidad","status":"publish","type":"page","link":"https:\/\/universomotero.com\/es\/politica-de-privacidad\/","title":{"rendered":"pol\u00edtica de privacidad"},"content":{"rendered":"<p>Esta pol\u00edtica de privacidad se ha elaborado para servir mejor a quienes se preocupan por el uso de su informaci\u00f3n personal identificable (IPI) en l\u00ednea. La IIP, seg\u00fan se describe en la legislaci\u00f3n estadounidense sobre privacidad y seguridad de la informaci\u00f3n, es informaci\u00f3n que puede utilizarse, por s\u00ed sola o en combinaci\u00f3n con otra informaci\u00f3n, para identificar, contactar o localizar a una persona, o para identificar a un individuo en contexto. Lea atentamente nuestra pol\u00edtica de privacidad para comprender c\u00f3mo recopilamos, usamos, protegemos y gestionamos su informaci\u00f3n personal identificable en nuestro sitio web.<\/p>\n\n\n\n<h2 class=\"wp-block-heading\" id=\"when-do-we-collect-information\">\u00bfCu\u00e1ndo recopilamos informaci\u00f3n?<\/h2>\n\n\n\n<p>Recopilamos informaci\u00f3n suya cuando se suscribe a un bolet\u00edn informativo, completa un formulario o ingresa informaci\u00f3n en nuestro sitio.<\/p>\n\n\n\n<h2 class=\"wp-block-heading\">\u00bfPor qu\u00e9 recopilamos informaci\u00f3n personal?<\/h2>\n\n\n\n<p>Nuestro objetivo es recopilar, usar y divulgar solo la informaci\u00f3n que sea necesaria para permitirnos administrar su cuenta, brindar los Servicios, mantener nuestras listas de clientes\/visitantes, responder a sus consultas o brindar comentarios, para fines de identificaci\u00f3n y autenticaci\u00f3n, para personalizar y mejorar los Servicios, para fines de marketing y otros fines sobre los cuales podemos informarle actualizando esta Pol\u00edtica de privacidad de vez en cuando o como se establece de otro modo en esta Pol\u00edtica de privacidad.<\/p>\n\n\n\n<p>Mantendremos la confidencialidad de cualquier informaci\u00f3n de contacto que nos proporcione al registrarse en los Servicios o al comunicarse con nosotros con preguntas o para obtener m\u00e1s informaci\u00f3n y la utilizaremos \u00fanicamente para los fines para los que la hemos recopilado (sujeto a las exclusiones y divulgaciones que hemos enumerado a continuaci\u00f3n) a menos que acepte expl\u00edcitamente que podemos divulgarla a otros terceros.<\/p>\n\n\n\n<h2 class=\"wp-block-heading\">Informaci\u00f3n personal que recopilamos<\/h2>\n\n\n\n<p>Recopilamos informaci\u00f3n para mejorar los Servicios. Esta secci\u00f3n proporciona m\u00e1s informaci\u00f3n sobre lo que recopilamos en relaci\u00f3n con estos objetivos.<\/p>\n\n\n\n<h4 class=\"wp-block-heading\">Informaci\u00f3n que recopilamos autom\u00e1ticamente<\/h4>\n\n\n\n<p>La informaci\u00f3n que recopilamos autom\u00e1ticamente puede incluir su direcci\u00f3n IP, una identificaci\u00f3n que podemos crear y asociar con nuestro contenido que ha consumido, informaci\u00f3n de cookies y otros detalles, y los describimos con m\u00e1s detalle a continuaci\u00f3n.<\/p>\n\n\n\n<p>Esta informaci\u00f3n se utiliza para combatir el spam y el malware, para facilitar la recopilaci\u00f3n de datos sobre su interacci\u00f3n con los Servicios (por ejemplo, en qu\u00e9 enlaces ha hecho clic y ha compartido con otros, incluso por correo electr\u00f3nico y redes sociales) y para personalizar y seguir operando los Servicios.<\/p>\n\n\n\n<p>Podemos asociar la informaci\u00f3n que recopilamos por medios automatizados con su direcci\u00f3n IP, el dispositivo que utiliza para conectarse a los Servicios, los identificadores que nos proporcionan los proveedores externos o las cuentas de correo electr\u00f3nico o redes sociales que utiliza para compartir nuestro contenido.<\/p>\n\n\n\n<p>Para optar por no participar en la recopilaci\u00f3n de datos sobre los enlaces que ha compartido con otros, por favor&nbsp;<a href=\"https:\/\/support.google.com\/ads\/answer\/2662922?hl=en-GB\">haga clic aqu\u00ed<\/a><\/p>\n\n\n\n<p>Generalmente, los Servicios recopilan autom\u00e1ticamente informaci\u00f3n de uso, como el n\u00famero y la frecuencia de las visitas al Sitio o la aplicaci\u00f3n m\u00f3vil. Podemos utilizar estos datos de forma agregada, es decir, como medida estad\u00edstica.<\/p>\n\n\n\n<p>Este tipo de datos agregados nos permite, a nosotros y a terceros autorizados por nosotros, determinar la frecuencia con la que las personas usan partes de los Servicios para poder analizarlas y mejorarlas. La informaci\u00f3n que recopilamos autom\u00e1ticamente incluye:<\/p>\n\n\n\n<h4 class=\"wp-block-heading\">Informaci\u00f3n del dispositivo<\/h4>\n\n\n\n<p>Recopilamos informaci\u00f3n espec\u00edfica del dispositivo (como el modelo de hardware, la versi\u00f3n del sistema operativo, los identificadores \u00fanicos del dispositivo y la informaci\u00f3n de la red m\u00f3vil, incluido el n\u00famero de tel\u00e9fono si corresponde). Podemos asociar los identificadores de su dispositivo.<\/p>\n\n\n\n<h4 class=\"wp-block-heading\">Informaci\u00f3n de registro<\/h4>\n\n\n\n<p>Cuando utiliza los Servicios, recopilamos y almacenamos autom\u00e1ticamente cierta informaci\u00f3n en los registros del servidor. Esto incluye detalles sobre c\u00f3mo utiliz\u00f3 nuestro servicio: direcci\u00f3n IP, informaci\u00f3n sobre eventos del dispositivo (como fallos), actividad del sistema, configuraci\u00f3n del hardware, tipo de navegador, idioma del navegador, fecha y hora de su solicitud y URL de referencia. Tambi\u00e9n utilizamos cookies que pueden identificar de forma \u00fanica su navegador.<\/p>\n\n\n\n<h4 class=\"wp-block-heading\">Almacenamiento local<\/h4>\n\n\n\n<p>Podemos recopilar y almacenar informaci\u00f3n (incluida informaci\u00f3n personal) localmente en su dispositivo utilizando mecanismos como el almacenamiento web del navegador (incluido HTML 5) y cach\u00e9s de datos de aplicaciones.<\/p>\n\n\n\n<p>Los terceros con los que colaboramos para proporcionar ciertas funciones en nuestro sitio web o mostrar publicidad basada en su actividad de navegaci\u00f3n tambi\u00e9n utilizan cookies Flash o HTML5 para recopilar y almacenar informaci\u00f3n. Diversos navegadores pueden ofrecer sus propias herramientas de gesti\u00f3n para eliminar HTML5.<\/p>\n\n\n\n<h4 class=\"wp-block-heading\">Cookies y tecnolog\u00edas similares<\/h4>\n\n\n\n<p>Cuando visita nuestro sitio web o interact\u00faa con el Servicio, nosotros (o las redes de datos o publicidad de terceros con las que trabajamos) podemos enviar una o m\u00e1s &quot;cookies&quot; a su ordenador u otros dispositivos. Consulte nuestra Pol\u00edtica de Cookies para obtener m\u00e1s informaci\u00f3n sobre las cookies que utilizamos y su capacidad para controlar el uso de ciertos tipos de cookies. Las cookies son identificadores alfanum\u00e9ricos que se almacenan en su ordenador a trav\u00e9s de su navegador web y la mayor\u00eda de los sitios web las utilizan para personalizar su experiencia web.<\/p>\n\n\n\n<p>Algunas cookies pueden facilitar funciones adicionales del sitio para mejorar el rendimiento y la funcionalidad, como recordar preferencias, permitir interacciones sociales, analizar el uso para optimizar el sitio, proporcionar contenido personalizado, permitir que terceros proporcionen herramientas para compartir en redes sociales y mostrar im\u00e1genes o v\u00eddeos de sitios web de terceros. Algunas funciones de este sitio no funcionar\u00e1n si no permite las cookies. Podemos vincular la informaci\u00f3n que almacenamos en las cookies con cualquier informaci\u00f3n personal que env\u00ede mientras visita nuestro sitio.<\/p>\n\n\n\n<p>Podemos utilizar tanto cookies de sesi\u00f3n como cookies persistentes. La cookie de sesi\u00f3n caduca al cerrar el navegador. Una cookie persistente permanece en el disco duro durante un periodo prolongado. Las cookies persistentes nos permiten rastrear y segmentar los intereses de nuestros usuarios para mejorar su experiencia en nuestro sitio web. Si no desea que se recopile informaci\u00f3n mediante cookies, la mayor\u00eda de los navegadores ofrecen un procedimiento sencillo que le permite rechazarlas autom\u00e1ticamente o aceptar la transferencia a su ordenador de una o varias cookies de un sitio web espec\u00edfico.<\/p>\n\n\n\n<p>Tambi\u00e9n puede que desees consultar&nbsp;<a href=\"http:\/\/www.allaboutcookies.org\/manage-cookies\/index.html\">https:\/\/www.allaboutcookies.org\/manage-cookies\/index.html<\/a>. Si rechaza las cookies, podr\u00e1 seguir utilizando nuestro sitio, pero algunas funciones no funcionar\u00e1n correctamente.<\/p>\n\n\n\n<ul class=\"wp-block-list\">\n<li><strong>Las cookies funcionales, persistentes y de sesi\u00f3n, almacenan informaci\u00f3n para habilitar la funcionalidad principal del sitio.<\/strong><\/li>\n\n\n\n<li><strong>Las cookies de an\u00e1lisis nos permiten contar las visitas a las p\u00e1ginas y las fuentes de tr\u00e1fico para que podamos medir y mejorar el rendimiento de nuestro sitio.<\/strong><\/li>\n\n\n\n<li><strong>Nuestros socios publicitarios pueden instalar cookies publicitarias en nuestro sitio web. Estas empresas pueden recopilar datos que les permiten mostrar anuncios en otros sitios relevantes para sus intereses.<\/strong><\/li>\n<\/ul>\n\n\n\n<p>Este sitio utiliza cookies y tecnolog\u00edas de seguimiento similares, como la cookie de identificaci\u00f3n com\u00fan, para prestar sus servicios. Las cookies son herramientas importantes para medir la eficacia de la publicidad y garantizar la solidez de la industria publicitaria online.<\/p>\n\n\n\n<p>La cookie de ID com\u00fan almacena un ID de usuario \u00fanico en el dominio propio y es accesible para nuestros socios publicitarios. Este ID simple se puede utilizar para mejorar la coincidencia de usuarios, especialmente para mostrar anuncios en navegadores iOS y macOS.<\/p>\n\n\n\n<h4 class=\"wp-block-heading\">Balizas web<\/h4>\n\n\n\n<p>Nosotros (o los datos de terceros o las redes publicitarias con las que trabajamos) podemos utilizar Web Beacons solos o junto con cookies para compilar informaci\u00f3n sobre nuestro Servicio u otra informaci\u00f3n que nosotros o ellos hayamos recopilado.<\/p>\n\n\n\n<p>Las balizas web son peque\u00f1os objetos gr\u00e1ficos que se incrustan en una p\u00e1gina web o correo electr\u00f3nico. Generalmente son invisibles para el usuario, pero permiten comprobar si un usuario ha visto la p\u00e1gina o el correo electr\u00f3nico. Las balizas web pueden utilizarse dentro del Servicio para rastrear las visitas a p\u00e1ginas web, las tasas de apertura de correos electr\u00f3nicos y otra informaci\u00f3n sobre el usuario.<\/p>\n\n\n\n<p>En algunos casos, vinculamos la informaci\u00f3n recopilada por las balizas web con la informaci\u00f3n personal de nuestros usuarios. Por ejemplo, utilizamos gifs transparentes en nuestras p\u00e1ginas web para saber qu\u00e9 contenido prefiere el usuario. Esto nos permite mejorar la experiencia del usuario y medir la eficacia de nuestras campa\u00f1as de marketing.<\/p>\n\n\n\n<h4 class=\"wp-block-heading\">Software de an\u00e1lisis<\/h4>\n\n\n\n<p>Nosotros y nuestros socios externos de servicios de seguimiento utilizamos archivos de registro en nuestro Servicio para recopilar autom\u00e1ticamente cierta informaci\u00f3n y almacenarla con fines anal\u00edticos. Esta informaci\u00f3n incluye direcciones de protocolo de internet (IP), tipo de navegador, proveedor de servicios de internet (ISP), p\u00e1ginas de referencia\/salida, sistema operativo, fecha y hora, y datos de secuencia de clics.<\/p>\n\n\n\n<p>Utilizamos Google Analytics, que utiliza cookies y otras tecnolog\u00edas similares para recopilar y analizar informaci\u00f3n sobre el uso del Servicio e informar sobre actividades y tendencias. Este servicio tambi\u00e9n puede recopilar informaci\u00f3n sobre el uso de otros sitios web, aplicaciones y recursos en l\u00ednea.<\/p>\n\n\n\n<p>Puede obtener informaci\u00f3n sobre las pr\u00e1cticas de Google visitando&nbsp;<a href=\"https:\/\/www.google.com\/policies\/privacy\/partners\">https:\/\/www.google.com\/policies\/privacy\/partners<\/a>, y puede inhabilitarlas descargando el complemento de inhabilitaci\u00f3n para navegadores de Google Analytics, disponible en&nbsp;<a href=\"https:\/\/tools.google.com\/dlpage\/gaoptout\">https:\/\/tools.google.com\/dlpage\/gaoptout<\/a>.<\/p>\n\n\n\n<h4 class=\"wp-block-heading\">Informaci\u00f3n de fuentes de terceros<\/h4>\n\n\n\n<p>Dependiendo de su ubicaci\u00f3n y de las disposiciones de la legislaci\u00f3n local, tambi\u00e9n podr\u00edamos almacenar cierta informaci\u00f3n sobre usted que nosotros o nuestros proveedores de servicios externos recopilamos indirectamente de otras fuentes. Esta informaci\u00f3n puede incluir:<\/p>\n\n\n\n<ul class=\"wp-block-list\">\n<li><strong>Con el fin de prevenir fraudes, como por ejemplo mediante el uso de los servicios ofrecidos por Forensiq (<a href=\"https:\/\/impact.com\/privacy-policy\">https:\/\/impact.com\/privacy-policy<\/a>)<\/strong><\/li>\n\n\n\n<li><strong>Recopilamos cierta informaci\u00f3n demogr\u00e1fica sobre usted a trav\u00e9s de enlaces, anuncios o contenido similar en cualquiera de nuestros sitios. Almacenamos esta informaci\u00f3n \u00fanicamente con identificadores creados por nosotros (que pueden incluir direcciones IP), pero no la vinculamos con un nombre, una direcci\u00f3n de correo electr\u00f3nico ni ning\u00fan otro identificador \u00fanico f\u00e1cilmente reconocible.<\/strong><\/li>\n<\/ul>\n\n\n\n<p>Estos proveedores externos tambi\u00e9n pueden recopilar informaci\u00f3n sobre usted de manera similar, y debe consultar sus pol\u00edticas de privacidad a este respecto.<\/p>\n\n\n\n<h4 class=\"wp-block-heading\">Comunicaciones por correo electr\u00f3nico<\/h4>\n\n\n\n<p>Si nos env\u00eda un correo electr\u00f3nico, almacenaremos esa informaci\u00f3n. Tambi\u00e9n podr\u00edamos recibir una confirmaci\u00f3n al abrir un correo electr\u00f3nico nuestro. Utilizamos esta confirmaci\u00f3n para mejorar nuestros Servicios, incluyendo la atenci\u00f3n al cliente.<\/p>\n\n\n\n<h4 class=\"wp-block-heading\">Anunciantes<\/h4>\n\n\n\n<p>Para apoyar y mejorar los Servicios, podemos mostrar anuncios y tambi\u00e9n permitir la publicaci\u00f3n de anuncios de terceros a trav\u00e9s de los Servicios. Estos anuncios, en ocasiones, est\u00e1n dirigidos a usuarios espec\u00edficos y pueden provenir de empresas externas denominadas &quot;redes publicitarias&quot;. Las redes publicitarias incluyen servidores de anuncios externos, agencias de publicidad, proveedores de tecnolog\u00eda publicitaria y empresas de investigaci\u00f3n.<\/p>\n\n\n\n<p>Podemos interactuar con redes publicitarias que sean miembros, organizaciones o programas que gestionen las opciones de privacidad publicitaria que estas redes ofrecen a los consumidores. Si utiliza una direcci\u00f3n IP que indica que se encuentra en la UE, podr\u00edamos solicitar su consentimiento antes de proporcionar cierta informaci\u00f3n personal a dichas redes publicitarias.<\/p>\n\n\n\n<p>Cuando visita nuestro Sitio, las redes publicitarias y otras entidades podr\u00edan recopilar informaci\u00f3n sobre sus actividades en l\u00ednea a lo largo del tiempo y en diferentes sitios web. No nos responsabilizamos de las pr\u00e1cticas de privacidad de estas redes publicitarias ni de otras entidades.<\/p>\n\n\n\n<p>Los anuncios publicados a trav\u00e9s de los Servicios pueden estar dirigidos a usuarios que se ajusten a una determinada categor\u00eda de perfil general, que puede inferirse de la informaci\u00f3n que nos proporciona un usuario, pueden basarse en los patrones de uso de los Servicios de usuarios particulares o pueden basarse en su actividad en Servicios de terceros.<\/p>\n\n\n\n<p>No proporcionamos informaci\u00f3n personal a ninguna red publicitaria para usos distintos a los relacionados con los Servicios. Sin perjuicio de lo anterior, podemos utilizar los siguientes proveedores de servicios externos para mostrarle anuncios y as\u00ed ayudar a mantener nuestro Servicio.<\/p>\n\n\n\n<p><strong>SOLO PARA USUARIOS DE LA UE<\/strong>:Cuando utiliza nuestro sitio, empresas preseleccionadas pueden acceder y utilizar cierta informaci\u00f3n de su dispositivo y sobre sus intereses para mostrarle anuncios o contenido personalizado.<\/p>\n\n\n\n<h4 class=\"wp-block-heading\">Cookie de DoubleClick de Google AdSense<\/h4>\n\n\n\n<p>Google, como proveedor externo, utiliza cookies para mostrar anuncios en nuestro Servicio. El uso que Google hace de la cookie de DoubleClick le permite, junto con sus socios, mostrar anuncios a nuestros usuarios seg\u00fan su visita a nuestro Servicio u otros sitios web.<\/p>\n\n\n\n<p>Puede inhabilitar el uso de la cookie de DoubleClick para publicidad basada en intereses visitando la p\u00e1gina web de configuraci\u00f3n de anuncios de Google:&nbsp;<a href=\"https:\/\/www.google.com\/ads\/preferences\">https:\/\/www.google.com\/ads\/preferences<\/a>.<\/p>\n\n\n\n<h2 class=\"wp-block-heading\" id=\"how-do-we-use-your-information\">\u00bfC\u00f3mo utilizamos su informaci\u00f3n?<\/h2>\n\n\n\n<p>Podemos utilizar la informaci\u00f3n que recopilamos de usted cuando se registra, realiza una compra, se suscribe a nuestro bolet\u00edn informativo, responde a una encuesta o comunicaci\u00f3n de marketing, navega por el sitio web o utiliza otras funciones del sitio de las siguientes maneras:<br>\u2022 Para personalizar su experiencia y permitirnos ofrecerle el tipo de contenido y ofertas de productos que m\u00e1s le interesan.<br>\u2022 Para mejorar nuestro sitio web y brindarle un mejor servicio.<\/p>\n\n\n\n<h2 class=\"wp-block-heading\" id=\"how-do-we-protect-your-information\">\u00bfC\u00f3mo protegemos su informaci\u00f3n?<\/h2>\n\n\n\n<p>Utilizamos un certificado SSL.<br>Utilizamos escaneo regular de malware.<br>Nunca pedimos n\u00fameros de tarjetas de cr\u00e9dito.<br>S\u00f3lo proporcionamos art\u00edculos e informaci\u00f3n.<br>Nunca pedimos informaci\u00f3n personal o privada.<\/p>\n\n\n\n<h2 class=\"wp-block-heading\" id=\"third-party-disclosure\">Divulgaci\u00f3n a terceros<\/h2>\n\n\n\n<p>No vendemos, comercializamos ni transferimos de ning\u00fan modo a terceros su informaci\u00f3n de identificaci\u00f3n personal.<\/p>\n\n\n\n<h2 class=\"wp-block-heading\" id=\"third-party-links\">Enlaces de terceros<\/h2>\n\n\n\n<p>Ocasionalmente, a nuestra discreci\u00f3n, podemos incluir u ofrecer productos o servicios de terceros en nuestro sitio web. Estos sitios de terceros tienen pol\u00edticas de privacidad independientes. No asumimos ninguna responsabilidad por el contenido ni las actividades de estos sitios enlazados. No obstante, nos esforzamos por proteger la integridad de nuestro sitio y agradecemos cualquier comentario sobre ellos.<\/p>\n\n\n\n<h2 class=\"wp-block-heading\" id=\"coppa-children-online-privacy-protection-act\">COPPA (Ley de Protecci\u00f3n de la Privacidad Infantil en Internet)<\/h2>\n\n\n\n<p>En lo que respecta a la recopilaci\u00f3n de informaci\u00f3n personal de menores de 13 a\u00f1os, la COPPA otorga a los padres el control. La Comisi\u00f3n Federal de Comercio, agencia de protecci\u00f3n al consumidor de Estados Unidos, aplica la norma COPPA, que detalla las medidas que deben tomar los operadores de sitios web y servicios en l\u00ednea para proteger la privacidad y seguridad de los menores en l\u00ednea. No dirigimos correctamente nuestra publicidad a menores de 13 a\u00f1os.<\/p>\n\n\n\n<h2 class=\"wp-block-heading\" id=\"do-we-use-cookies\">\u00bfUtilizamos cookies?<\/h2>\n\n\n\n<p>S\u00ed, usamos cookies. Las cookies son peque\u00f1os archivos que el proveedor de servicios utiliza para transferirlos a su disco duro a trav\u00e9s de su navegador web si usted lo permite. El uso de cookies ayuda al navegador a recordar informaci\u00f3n y reconocerlo.<\/p>\n\n\n\n<h2 class=\"wp-block-heading\" id=\"fair-information-practices\">Pr\u00e1cticas justas de informaci\u00f3n<\/h2>\n\n\n\n<p>Los Principios de Pr\u00e1cticas Justas de Informaci\u00f3n forman la columna vertebral de la ley de privacidad en los Estados Unidos, y los conceptos que incluyen han jugado un papel importante en el desarrollo de las leyes de protecci\u00f3n de datos en todo el mundo.<\/p>\n\n\n\n<p>Comprender los Principios de Pr\u00e1cticas Justas de Informaci\u00f3n y c\u00f3mo implementarlos es fundamental para cumplir con las diversas leyes de privacidad que protegen la informaci\u00f3n personal. Para cumplir con los Principios de Pr\u00e1cticas Justas de Informaci\u00f3n, tomaremos las siguientes medidas en caso de que se produzca una filtraci\u00f3n de datos. Le notificaremos por correo electr\u00f3nico en un plazo de siete d\u00edas h\u00e1biles.<\/p>\n\n\n\n<p>Tambi\u00e9n estamos de acuerdo con el Principio de Reparaci\u00f3n Individual, que requiere que las personas tengan derecho a ejercer legalmente derechos exigibles contra los recopiladores y procesadores de datos que no cumplan con la ley.<\/p>\n\n\n\n<p>Este principio exige no s\u00f3lo que las personas tengan derechos exigibles contra los usuarios de datos, sino tambi\u00e9n que puedan recurrir a los tribunales o a agencias gubernamentales para investigar o procesar el incumplimiento de los procesadores de datos.<\/p>\n\n\n\n<h2 class=\"wp-block-heading\" id=\"can-spam-act\">Ley CAN-SPAM<\/h2>\n\n\n\n<p>La Ley CAN-SPAM es una ley que establece las reglas para el correo electr\u00f3nico comercial, fija los requisitos para los mensajes comerciales, otorga a los destinatarios el derecho a que se detenga el env\u00edo de correos electr\u00f3nicos y detalla sanciones severas por las violaciones.<\/p>\n\n\n\n<ul class=\"wp-block-list\">\n<li><strong>Recopilamos su direcci\u00f3n de correo electr\u00f3nico para:<\/strong>&nbsp;Enviar informaci\u00f3n, responder consultas y otras solicitudes o preguntas<\/li>\n\n\n\n<li><strong>Para cumplir con la ley CAN-SPAM, aceptamos lo siguiente<\/strong>Si en alg\u00fan momento desea dejar de recibir correos electr\u00f3nicos, puede contactarnos. Lo eliminaremos de inmediato de TODA la correspondencia.<\/li>\n<\/ul>\n\n\n\n<h2 class=\"wp-block-heading\" id=\"contacting-us\">Cont\u00e1ctenos<\/h2>\n\n\n\n<p>Si tiene alguna pregunta sobre esta pol\u00edtica de privacidad, puede visitar nuestra&nbsp;<strong>Cont\u00e1ctenos<\/strong>&nbsp;p\u00e1gina. Si quieres saber m\u00e1s sobre el autor, puedes visitar la&nbsp;<strong>Sobre nosotros<\/strong>&nbsp;p\u00e1gina. Si desea ejercer alguno de estos derechos, p\u00f3ngase en contacto con nosotros en nuestro&nbsp;<strong>Cont\u00e1ctenos<\/strong>&nbsp;p\u00e1gina.<\/p>","protected":false},"excerpt":{"rendered":"<p>This privacy policy has been compiled to serve better those who are concerned with how their \u201cPersonally Identifiable Information\u201d (PII) is being used online. PII, as described in US privacy law and information security, is information that can be used on its own or with other information to identify, contact, or locate a single person, [&hellip;]<\/p>","protected":false},"author":4,"featured_media":0,"parent":0,"menu_order":0,"comment_status":"closed","ping_status":"closed","template":"","meta":{"footnotes":""},"class_list":["post-978","page","type-page","status-publish"],"_links":{"self":[{"href":"https:\/\/universomotero.com\/es\/wp-json\/wp\/v2\/pages\/978","targetHints":{"allow":["GET"]}}],"collection":[{"href":"https:\/\/universomotero.com\/es\/wp-json\/wp\/v2\/pages"}],"about":[{"href":"https:\/\/universomotero.com\/es\/wp-json\/wp\/v2\/types\/page"}],"author":[{"embeddable":true,"href":"https:\/\/universomotero.com\/es\/wp-json\/wp\/v2\/users\/4"}],"replies":[{"embeddable":true,"href":"https:\/\/universomotero.com\/es\/wp-json\/wp\/v2\/comments?post=978"}],"version-history":[{"count":1,"href":"https:\/\/universomotero.com\/es\/wp-json\/wp\/v2\/pages\/978\/revisions"}],"predecessor-version":[{"id":2331,"href":"https:\/\/universomotero.com\/es\/wp-json\/wp\/v2\/pages\/978\/revisions\/2331"}],"wp:attachment":[{"href":"https:\/\/universomotero.com\/es\/wp-json\/wp\/v2\/media?parent=978"}],"curies":[{"name":"wp","href":"https:\/\/api.w.org\/{rel}","templated":true}]}}