{"id":2313,"date":"2025-12-06T05:49:30","date_gmt":"2025-12-06T05:49:30","guid":{"rendered":"https:\/\/universomotero.com\/?page_id=2313"},"modified":"2025-12-06T05:49:31","modified_gmt":"2025-12-06T05:49:31","slug":"conditions-dutilisation","status":"publish","type":"page","link":"https:\/\/universomotero.com\/fr\/conditions-dutilisation\/","title":{"rendered":"Conditions d&#039;utilisation"},"content":{"rendered":"<br \/>\n<h2>1. Conditions<\/h2>\n<p>Lors de l&#039;acc\u00e8s au site web <a href='\/fr\/universomotero.com\/'>Motoro Universe<\/a>, accepte de se conformer \u00e0 ces <a href=\"https:\/\/privacidade.me\/\" target='_BLANK' style='color: #727496; text-decoration: none;' >conditions d&#039;utilisation<\/a>, Vous vous engagez \u00e0 respecter toutes les lois et r\u00e9glementations applicables et \u00eates responsable du respect de toutes les lois locales applicables. Si vous n&#039;acceptez pas ces conditions, il vous est interdit d&#039;utiliser ce site ou d&#039;y acc\u00e9der. Le contenu de ce site web est prot\u00e9g\u00e9 par les lois applicables en mati\u00e8re de droit d&#039;auteur et de marques de commerce.<\/p>\n<h2>2. Utilisation de la licence<\/h2>\n<p>L&#039;autorisation est accord\u00e9e de t\u00e9l\u00e9charger temporairement une copie des documents (informations ou logiciels) pr\u00e9sents sur le site web Universo Motero pour une consultation personnelle, non commerciale et temporaire uniquement. Il s&#039;agit d&#039;une licence d&#039;utilisation, et non d&#039;un transfert de propri\u00e9t\u00e9. En vertu de cette licence, vous n&#039;\u00eates pas autoris\u00e9 \u00e0\u00a0: <\/p>\n<ol>\n<li>modifier ou copier les documents\u00a0;  <\/li>\n<li>Utiliser les documents \u00e0 des fins commerciales ou pour une exposition publique (commerciale ou non commerciale)\u00a0;  <\/li>\n<li>Toute tentative de d\u00e9compilation ou de r\u00e9tro-ing\u00e9nierie de tout logiciel contenu sur le site web Universo Motero\u00a0;  <\/li>\n<li>supprimer toute mention de droit d&#039;auteur ou autre mention de propri\u00e9t\u00e9 sur les documents; ou  <\/li>\n<li>Transf\u00e9rez les documents \u00e0 une autre personne ou \u2018 dupliquez \u2019 les documents sur un autre serveur.<\/li>\n<\/ol>\n<p>Cette licence sera automatiquement r\u00e9sili\u00e9e en cas de violation de l&#039;une de ces restrictions et peut \u00eatre r\u00e9sili\u00e9e par Universo Motero \u00e0 tout moment. D\u00e8s la fin de votre consultation de ces documents ou d\u00e8s la r\u00e9siliation de cette licence, vous devez d\u00e9truire tous les documents t\u00e9l\u00e9charg\u00e9s en votre possession, qu&#039;ils soient au format \u00e9lectronique ou imprim\u00e9.<\/p>\n<h2>3. Clause de non-responsabilit\u00e9<\/h2>\n<ol>\n<li>Les informations pr\u00e9sentes sur le site web d&#039;Universo Motero sont fournies \u2018\u00a0en l&#039;\u00e9tat\u00a0\u2019. Universo Motero n&#039;offre aucune garantie, expresse ou implicite, et d\u00e9cline par la pr\u00e9sente toute autre garantie, y compris, sans limitation, les garanties ou conditions implicites de qualit\u00e9 marchande, d&#039;ad\u00e9quation \u00e0 un usage particulier ou d&#039;absence de contrefa\u00e7on de propri\u00e9t\u00e9 intellectuelle ou autre violation de droits. <\/li>\n<li>De plus, Universo Motero ne garantit ni ne fait aucune d\u00e9claration concernant l&#039;exactitude, les r\u00e9sultats probables ou la fiabilit\u00e9 de l&#039;utilisation des documents sur son site Web ou concernant ces documents ou sur tout site li\u00e9 \u00e0 ce site.<\/li>\n<\/ol>\n<h2>4. Limitations<\/h2>\n<p>En aucun cas Universo Motero ou ses fournisseurs ne pourront \u00eatre tenus responsables des dommages (y compris, sans limitation, les dommages pour perte de donn\u00e9es ou de profits, ou dus \u00e0 une interruption d&#039;activit\u00e9) r\u00e9sultant de l&#039;utilisation ou de l&#039;impossibilit\u00e9 d&#039;utiliser les \u00e9l\u00e9ments pr\u00e9sents sur le site web d&#039;Universo Motero, m\u00eame si Universo Motero ou un repr\u00e9sentant autoris\u00e9 d&#039;Universo Motero a \u00e9t\u00e9 inform\u00e9 oralement ou par \u00e9crit de la possibilit\u00e9 de tels dommages. Certaines juridictions n&#039;autorisant pas les limitations de garanties implicites, ni les limitations de responsabilit\u00e9 pour les dommages indirects ou cons\u00e9cutifs, ces limitations peuvent ne pas vous \u00eatre applicables.<\/p>\n<h2>5. Pr\u00e9cision des mat\u00e9riaux<\/h2>\n<p>Les informations affich\u00e9es sur le site web d&#039;Universo Motero peuvent contenir des erreurs techniques, typographiques ou photographiques. Universo Motero ne garantit pas l&#039;exactitude, l&#039;exhaustivit\u00e9 ni l&#039;actualit\u00e9 des informations pr\u00e9sentes sur son site web. Universo Motero se r\u00e9serve le droit de modifier le contenu de son site web \u00e0 tout moment et sans pr\u00e9avis. Toutefois, Universo Motero ne s&#039;engage pas \u00e0 mettre \u00e0 jour ces informations.<\/p>\n<h2>6. Liens<\/h2>\n<p>Universo Motero n&#039;a pas v\u00e9rifi\u00e9 tous les sites li\u00e9s \u00e0 son site web et d\u00e9cline toute responsabilit\u00e9 quant \u00e0 leur contenu. L&#039;inclusion d&#039;un lien n&#039;implique aucune approbation de la part d&#039;Universo Motero. L&#039;utilisation de tout site li\u00e9 se fait aux risques et p\u00e9rils de l&#039;utilisateur.<\/p>\n<\/p>\n<h3>Modifications<\/h3>\n<p>Universo Motero peut modifier les pr\u00e9sentes conditions d&#039;utilisation du site web \u00e0 tout moment et sans pr\u00e9avis. En utilisant ce site web, vous acceptez d&#039;\u00eatre li\u00e9 par la version actuelle de ces conditions d&#039;utilisation.<\/p>\n<h3>Loi applicable<\/h3>\n<p>Les pr\u00e9sentes conditions g\u00e9n\u00e9rales sont r\u00e9gies et interpr\u00e9t\u00e9es conform\u00e9ment aux lois de l&#039;Univers Motero, et vous vous soumettez irr\u00e9vocablement \u00e0 la comp\u00e9tence exclusive des tribunaux de cet \u00c9tat ou de cette localit\u00e9.<\/p>","protected":false},"excerpt":{"rendered":"<p>1. Termos Ao acessar ao site Universo Motero, concorda em cumprir estes termos de uso, todas as leis e regulamentos aplic\u00e1veis \u200b\u200be concorda que \u00e9 respons\u00e1vel pelo cumprimento de todas as leis locais aplic\u00e1veis. Se voc\u00ea n\u00e3o concordar com algum desses termos, est\u00e1 proibido de usar ou acessar este site. Os materiais contidos neste site [&hellip;]<\/p>","protected":false},"author":4,"featured_media":0,"parent":0,"menu_order":0,"comment_status":"closed","ping_status":"closed","template":"","meta":{"footnotes":""},"class_list":["post-2313","page","type-page","status-publish"],"_links":{"self":[{"href":"https:\/\/universomotero.com\/fr\/wp-json\/wp\/v2\/pages\/2313","targetHints":{"allow":["GET"]}}],"collection":[{"href":"https:\/\/universomotero.com\/fr\/wp-json\/wp\/v2\/pages"}],"about":[{"href":"https:\/\/universomotero.com\/fr\/wp-json\/wp\/v2\/types\/page"}],"author":[{"embeddable":true,"href":"https:\/\/universomotero.com\/fr\/wp-json\/wp\/v2\/users\/4"}],"replies":[{"embeddable":true,"href":"https:\/\/universomotero.com\/fr\/wp-json\/wp\/v2\/comments?post=2313"}],"version-history":[{"count":1,"href":"https:\/\/universomotero.com\/fr\/wp-json\/wp\/v2\/pages\/2313\/revisions"}],"predecessor-version":[{"id":2314,"href":"https:\/\/universomotero.com\/fr\/wp-json\/wp\/v2\/pages\/2313\/revisions\/2314"}],"wp:attachment":[{"href":"https:\/\/universomotero.com\/fr\/wp-json\/wp\/v2\/media?parent=2313"}],"curies":[{"name":"wp","href":"https:\/\/api.w.org\/{rel}","templated":true}]}}