{"id":2317,"date":"2025-12-06T05:52:30","date_gmt":"2025-12-06T05:52:30","guid":{"rendered":"https:\/\/universomotero.com\/?page_id=2317"},"modified":"2025-12-06T05:52:31","modified_gmt":"2025-12-06T05:52:31","slug":"qui-nous-sommes","status":"publish","type":"page","link":"https:\/\/universomotero.com\/fr\/qui-nous-sommes\/","title":{"rendered":"Qui sommes-nous ?"},"content":{"rendered":"<p>Nous sommes une entreprise de d\u00e9veloppement technologique et d&#039;applications fond\u00e9e en 2021 par Aleff, un passionn\u00e9 qui transforme les id\u00e9es en solutions num\u00e9riques simples, rapides et esth\u00e9tiques. Notre objectif est clair\u00a0: mettre la technologie au service des particuliers et des entreprises, en r\u00e9solvant des probl\u00e8mes concrets gr\u00e2ce \u00e0 des produits intuitifs et bien con\u00e7us.<\/p>\n<p>Nous prenons en charge l&#039;int\u00e9gralit\u00e9 du projet, de la planification au lancement, en int\u00e9grant design, performance et s\u00e9curit\u00e9 \u00e0 chaque \u00e9tape. Nous d\u00e9veloppons des applications mobiles, des syst\u00e8mes web, des sites web et des int\u00e9grations, en privil\u00e9giant toujours l&#039;exp\u00e9rience utilisateur, l&#039;\u00e9volutivit\u00e9 et les r\u00e9sultats.<\/p>\n<p>Nous croyons en la transparence, au partenariat et \u00e0 l&#039;am\u00e9lioration continue. C&#039;est pourquoi nous sommes \u00e0 votre \u00e9coute, nous cr\u00e9ons rapidement des prototypes et nous vous fournissons des r\u00e9sultats de haute qualit\u00e9, en vous tenant inform\u00e9 \u00e0 chaque \u00e9tape, du d\u00e9but \u00e0 la fin.<\/p>\n<p>Qu&#039;il s&#039;agisse de donner vie \u00e0 un projet ou de faire \u00e9voluer un produit existant, nous sommes pr\u00eats \u00e0 collaborer avec vous. Une bonne technologie est une technologie qui simplifie, et c&#039;est ce que nous vous offrons.<\/p>","protected":false},"excerpt":{"rendered":"<p>Somos uma empresa de tecnologia e desenvolvimento de aplicativos criada em 2021 por Aleff, um entusiasta apaixonado por transformar ideias em solu\u00e7\u00f5es digitais simples, r\u00e1pidas e bonitas. Nascemos com um objetivo claro: colocar a tecnologia para trabalhar a favor das pessoas e dos neg\u00f3cios, resolvendo problemas reais com produtos bem pensados e f\u00e1ceis de usar. [&hellip;]<\/p>","protected":false},"author":4,"featured_media":0,"parent":0,"menu_order":0,"comment_status":"closed","ping_status":"closed","template":"","meta":{"footnotes":""},"class_list":["post-2317","page","type-page","status-publish"],"_links":{"self":[{"href":"https:\/\/universomotero.com\/fr\/wp-json\/wp\/v2\/pages\/2317","targetHints":{"allow":["GET"]}}],"collection":[{"href":"https:\/\/universomotero.com\/fr\/wp-json\/wp\/v2\/pages"}],"about":[{"href":"https:\/\/universomotero.com\/fr\/wp-json\/wp\/v2\/types\/page"}],"author":[{"embeddable":true,"href":"https:\/\/universomotero.com\/fr\/wp-json\/wp\/v2\/users\/4"}],"replies":[{"embeddable":true,"href":"https:\/\/universomotero.com\/fr\/wp-json\/wp\/v2\/comments?post=2317"}],"version-history":[{"count":1,"href":"https:\/\/universomotero.com\/fr\/wp-json\/wp\/v2\/pages\/2317\/revisions"}],"predecessor-version":[{"id":2318,"href":"https:\/\/universomotero.com\/fr\/wp-json\/wp\/v2\/pages\/2317\/revisions\/2318"}],"wp:attachment":[{"href":"https:\/\/universomotero.com\/fr\/wp-json\/wp\/v2\/media?parent=2317"}],"curies":[{"name":"wp","href":"https:\/\/api.w.org\/{rel}","templated":true}]}}