{"id":978,"date":"2022-03-08T07:59:47","date_gmt":"2022-03-08T07:59:47","guid":{"rendered":"https:\/\/universomotero.com\/?page_id=978"},"modified":"2025-12-06T06:00:10","modified_gmt":"2025-12-06T06:00:10","slug":"politique-de-confidentialite","status":"publish","type":"page","link":"https:\/\/universomotero.com\/fr\/politique-de-confidentialite\/","title":{"rendered":"politique de confidentialit\u00e9"},"content":{"rendered":"<p>Cette politique de confidentialit\u00e9 a \u00e9t\u00e9 \u00e9labor\u00e9e afin de mieux informer les personnes soucieuses de la mani\u00e8re dont leurs \u201c\u00a0Informations personnelles identifiables\u00a0\u201d (IPI) sont utilis\u00e9es en ligne. Les IPI, telles que d\u00e9finies par la l\u00e9gislation am\u00e9ricaine sur la protection de la vie priv\u00e9e et la s\u00e9curit\u00e9 de l&#039;information, sont des informations qui, utilis\u00e9es seules ou combin\u00e9es \u00e0 d&#039;autres informations, permettent d&#039;identifier, de contacter ou de localiser une personne, ou de l&#039;identifier dans un contexte donn\u00e9. Veuillez lire attentivement notre politique de confidentialit\u00e9 pour bien comprendre comment nous recueillons, utilisons, prot\u00e9geons et traitons vos Informations personnelles identifiables par le biais de notre site web.<\/p>\n\n\n\n<h2 class=\"wp-block-heading\" id=\"when-do-we-collect-information\">Quand collectons-nous des informations\u00a0?<\/h2>\n\n\n\n<p>Nous recueillons des informations vous concernant lorsque vous vous abonnez \u00e0 une newsletter, remplissez un formulaire ou saisissez des informations sur notre site.<\/p>\n\n\n\n<h2 class=\"wp-block-heading\">Pourquoi nous collectons des informations personnelles<\/h2>\n\n\n\n<p>Nous avons pour objectif de collecter, d&#039;utiliser et de divulguer uniquement les informations n\u00e9cessaires pour nous permettre de g\u00e9rer votre compte, de fournir les Services, de tenir \u00e0 jour nos listes de clients\/visiteurs, de r\u00e9pondre \u00e0 vos demandes ou de vous fournir des commentaires, \u00e0 des fins d&#039;identification et d&#039;authentification, de personnaliser et d&#039;am\u00e9liorer les Services, \u00e0 des fins de marketing et \u00e0 toutes autres fins dont nous pourrions vous informer en mettant \u00e0 jour la pr\u00e9sente Politique de confidentialit\u00e9 de temps \u00e0 autre ou telles qu&#039;elles sont \u00e9nonc\u00e9es dans la pr\u00e9sente Politique de confidentialit\u00e9.<\/p>\n\n\n\n<p>Nous garantissons la confidentialit\u00e9 de toutes les informations de contact que vous nous fournissez lors de votre inscription aux Services ou lorsque vous nous contactez pour poser des questions ou obtenir des informations compl\u00e9mentaires, et nous les utiliserons uniquement aux fins pour lesquelles nous les avons collect\u00e9es (sous r\u00e9serve des exclusions et des divulgations que nous avons \u00e9num\u00e9r\u00e9es ci-dessous), sauf si vous acceptez explicitement que nous les divulguions \u00e0 d&#039;autres tiers.<\/p>\n\n\n\n<h2 class=\"wp-block-heading\">Informations personnelles que nous collectons<\/h2>\n\n\n\n<p>Nous recueillons des informations afin d&#039;am\u00e9liorer nos services. Cette section fournit des informations compl\u00e9mentaires sur les donn\u00e9es que nous recueillons dans le cadre de ces objectifs.<\/p>\n\n\n\n<h4 class=\"wp-block-heading\">Informations que nous collectons automatiquement<\/h4>\n\n\n\n<p>Les informations que nous collectons automatiquement peuvent inclure votre adresse IP, un identifiant que nous pouvons cr\u00e9er et associer au contenu que vous avez consult\u00e9, des informations sur les cookies et d&#039;autres d\u00e9tails, que nous d\u00e9crivons plus en d\u00e9tail ci-dessous.<\/p>\n\n\n\n<p>Ces informations sont utilis\u00e9es pour lutter contre le spam et les logiciels malveillants, pour faciliter la collecte de donn\u00e9es concernant votre interaction avec les Services (par exemple, les liens sur lesquels vous avez cliqu\u00e9 et que vous avez partag\u00e9s avec d&#039;autres, notamment par e-mail et sur les r\u00e9seaux sociaux), et pour personnaliser et assurer le fonctionnement continu des Services.<\/p>\n\n\n\n<p>Nous pouvons associer les informations que nous recueillons de mani\u00e8re automatis\u00e9e \u00e0 votre adresse IP, \u00e0 l&#039;appareil que vous utilisez pour vous connecter aux Services, aux identifiants qui nous sont fournis par des fournisseurs tiers, ou aux comptes de messagerie ou de r\u00e9seaux sociaux que vous utilisez pour partager notre contenu.<\/p>\n\n\n\n<p>Pour vous opposer \u00e0 la collecte de donn\u00e9es concernant les liens que vous avez partag\u00e9s avec d&#039;autres personnes, veuillez&nbsp;<a href=\"https:\/\/support.google.com\/ads\/answer\/2662922?hl=en-GB\">Cliquez ici<\/a><\/p>\n\n\n\n<p>En r\u00e8gle g\u00e9n\u00e9rale, les Services collectent automatiquement des informations d&#039;utilisation, telles que le nombre et la fr\u00e9quence des visites sur le Site ou l&#039;application mobile. Nous pouvons utiliser ces donn\u00e9es sous forme agr\u00e9g\u00e9e, c&#039;est-\u00e0-dire \u00e0 des fins statistiques.<\/p>\n\n\n\n<p>Ce type de donn\u00e9es agr\u00e9g\u00e9es nous permet, ainsi qu&#039;aux tiers que nous avons autoris\u00e9s, de d\u00e9terminer la fr\u00e9quence d&#039;utilisation des diff\u00e9rentes parties des Services afin de les analyser et de les am\u00e9liorer. Les informations que nous collectons automatiquement comprennent notamment\u00a0:<\/p>\n\n\n\n<h4 class=\"wp-block-heading\">Informations sur l&#039;appareil<\/h4>\n\n\n\n<p>Nous recueillons des informations sp\u00e9cifiques \u00e0 votre appareil (telles que le mod\u00e8le, la version du syst\u00e8me d&#039;exploitation, les identifiants uniques et les informations relatives au r\u00e9seau mobile, y compris votre num\u00e9ro de t\u00e9l\u00e9phone le cas \u00e9ch\u00e9ant). Nous pouvons associer les identifiants de votre appareil.<\/p>\n\n\n\n<h4 class=\"wp-block-heading\">Informations de connexion<\/h4>\n\n\n\n<p>Lorsque vous utilisez nos services, nous collectons et stockons automatiquement certaines informations dans les journaux de serveur. Cela inclut des d\u00e9tails sur votre utilisation de nos services, votre adresse IP, des informations sur les \u00e9v\u00e9nements li\u00e9s \u00e0 votre appareil (comme les plantages, l&#039;activit\u00e9 du syst\u00e8me, les param\u00e8tres mat\u00e9riels), le type et la langue de votre navigateur, la date et l&#039;heure de votre requ\u00eate, ainsi que l&#039;URL de provenance. Des cookies peuvent \u00e9galement \u00eatre utilis\u00e9s pour identifier votre navigateur de mani\u00e8re unique.<\/p>\n\n\n\n<h4 class=\"wp-block-heading\">Stockage local<\/h4>\n\n\n\n<p>Nous pouvons collecter et stocker des informations (y compris des informations personnelles) localement sur votre appareil en utilisant des m\u00e9canismes tels que le stockage Web du navigateur (y compris HTML 5) et les caches de donn\u00e9es d&#039;application.<\/p>\n\n\n\n<p>Les tiers avec lesquels nous collaborons pour fournir certaines fonctionnalit\u00e9s sur notre site web ou pour afficher des publicit\u00e9s cibl\u00e9es en fonction de votre navigation utilisent \u00e9galement des cookies Flash ou HTML5 pour collecter et stocker des informations. Diff\u00e9rents navigateurs proposent des outils de gestion permettant de supprimer les cookies HTML5.<\/p>\n\n\n\n<h4 class=\"wp-block-heading\">Cookies et technologies similaires<\/h4>\n\n\n\n<p>Lorsque vous consultez notre site web ou interagissez avec le Service, nous (ou les r\u00e9seaux de donn\u00e9es ou publicitaires tiers avec lesquels nous collaborons) pouvons envoyer un ou plusieurs \u201c\u00a0cookies\u00a0\u201d \u00e0 votre ordinateur ou \u00e0 d\u2019autres appareils. Veuillez consulter notre Politique relative aux cookies pour en savoir plus sur les cookies que nous utilisons et sur la mani\u00e8re dont vous pouvez contr\u00f4ler l\u2019utilisation de certains types de cookies. Les cookies sont des identifiants alphanum\u00e9riques stock\u00e9s sur votre ordinateur par votre navigateur web et utilis\u00e9s par la plupart des sites web pour personnaliser votre exp\u00e9rience de navigation.<\/p>\n\n\n\n<p>Certains cookies peuvent faciliter l&#039;utilisation de fonctionnalit\u00e9s suppl\u00e9mentaires du site pour en am\u00e9liorer les performances et le fonctionnement, comme la m\u00e9morisation des pr\u00e9f\u00e9rences, l&#039;activation des interactions sociales, l&#039;analyse de l&#039;utilisation pour l&#039;optimisation du site, la fourniture de contenu personnalis\u00e9, l&#039;autorisation pour des tiers de proposer des outils de partage sur les r\u00e9seaux sociaux et l&#039;affichage d&#039;images ou de vid\u00e9os provenant de sites web tiers. Certaines fonctionnalit\u00e9s de ce site ne seront pas disponibles si vous refusez les cookies. Nous pouvons associer les informations stock\u00e9es dans les cookies aux informations personnelles que vous nous communiquez sur notre site.<\/p>\n\n\n\n<p>Nous utilisons des cookies de session et des cookies persistants. Le cookie de session expire lorsque vous fermez votre navigateur. Un cookie persistant reste sur votre disque dur pendant une p\u00e9riode prolong\u00e9e. Les cookies persistants nous permettent de suivre et de cibler les centres d&#039;int\u00e9r\u00eat de nos utilisateurs afin d&#039;am\u00e9liorer leur exp\u00e9rience sur notre site web. Si vous ne souhaitez pas que des informations soient collect\u00e9es par le biais des cookies, la plupart des navigateurs proposent une proc\u00e9dure simple permettant de refuser automatiquement les cookies, ou de choisir d&#039;accepter ou de refuser le transfert d&#039;un ou plusieurs cookies sp\u00e9cifiques d&#039;un site donn\u00e9 vers votre ordinateur.<\/p>\n\n\n\n<p>Vous pouvez \u00e9galement consulter&nbsp;<a href=\"http:\/\/www.allaboutcookies.org\/manage-cookies\/index.html\">https:\/\/www.allaboutcookies.org\/manage-cookies\/index.html<\/a>. Si vous refusez les cookies, vous pourrez toujours utiliser notre site, mais certaines fonctionnalit\u00e9s ne fonctionneront pas correctement.<\/p>\n\n\n\n<ul class=\"wp-block-list\">\n<li><strong>Les cookies fonctionnels, persistants et de session, stockent des informations permettant le fonctionnement de base du site.<\/strong><\/li>\n\n\n\n<li><strong>Les cookies analytiques nous permettent de comptabiliser les visites de pages et les sources de trafic afin de mesurer et d&#039;am\u00e9liorer les performances de notre site.<\/strong><\/li>\n\n\n\n<li><strong>Des cookies publicitaires peuvent \u00eatre d\u00e9pos\u00e9s sur notre site web par nos partenaires publicitaires. Ces entreprises peuvent collecter des donn\u00e9es leur permettant de diffuser des publicit\u00e9s sur d&#039;autres sites, en fonction de vos centres d&#039;int\u00e9r\u00eat.<\/strong><\/li>\n<\/ul>\n\n\n\n<p>Ce site utilise des cookies et des technologies de suivi similaires, comme le cookie Common ID, pour fournir ses services. Les cookies sont des outils importants pour mesurer l&#039;efficacit\u00e9 de la publicit\u00e9 et garantir un secteur de la publicit\u00e9 en ligne performant.<\/p>\n\n\n\n<p>Le cookie Common ID stocke un identifiant utilisateur unique sur le domaine interne et est accessible \u00e0 nos partenaires publicitaires. Cet identifiant simple permet d&#039;am\u00e9liorer le ciblage des utilisateurs, notamment pour la diffusion de publicit\u00e9s sur les navigateurs iOS et macOS.<\/p>\n\n\n\n<h4 class=\"wp-block-heading\">Balises Web<\/h4>\n\n\n\n<p>Nous (ou les r\u00e9seaux de donn\u00e9es ou de publicit\u00e9 tiers avec lesquels nous travaillons) pouvons utiliser des balises Web seules ou conjointement avec des cookies pour compiler des informations sur notre Service, ou d&#039;autres informations que nous ou eux avons collect\u00e9es.<\/p>\n\n\n\n<p>Les balises Web sont de minuscules objets graphiques int\u00e9gr\u00e9s \u00e0 une page Web ou \u00e0 un courriel. G\u00e9n\u00e9ralement invisibles pour l&#039;utilisateur, elles permettent de v\u00e9rifier si celui-ci a consult\u00e9 la page ou le courriel. Le Service peut utiliser les balises Web pour suivre les visites de pages Web, les taux d&#039;ouverture des courriels et d&#039;autres informations concernant l&#039;utilisateur.<\/p>\n\n\n\n<p>Dans certains cas, nous associons les informations recueillies par les balises Web aux donn\u00e9es personnelles de nos utilisateurs. Par exemple, nous utilisons des pixels invisibles sur nos pages Web pour conna\u00eetre les contenus pr\u00e9f\u00e9r\u00e9s de l&#039;utilisateur. Cela nous permet d&#039;am\u00e9liorer son exp\u00e9rience et de mesurer l&#039;efficacit\u00e9 de nos campagnes marketing.<\/p>\n\n\n\n<h4 class=\"wp-block-heading\">Logiciel d&#039;analyse<\/h4>\n\n\n\n<p>Nous et nos partenaires tiers de suivi utilisons des fichiers journaux sur notre Service pour collecter automatiquement certaines informations et les stocker \u00e0 des fins d&#039;analyse. Ces informations comprennent les adresses IP, le type de navigateur, le fournisseur d&#039;acc\u00e8s \u00e0 Internet, les pages de provenance et de destination, le syst\u00e8me d&#039;exploitation, la date et l&#039;heure, ainsi que les donn\u00e9es de navigation.<\/p>\n\n\n\n<p>Nous utilisons Google Analytics, qui utilise des cookies et d&#039;autres technologies similaires pour collecter et analyser des informations sur l&#039;utilisation du Service et \u00e9tablir des rapports sur les activit\u00e9s et les tendances. Ce service peut \u00e9galement collecter des informations concernant l&#039;utilisation d&#039;autres sites web, applications et ressources en ligne.<\/p>\n\n\n\n<p>Vous pouvez vous renseigner sur les pratiques de Google en vous rendant sur&nbsp;<a href=\"https:\/\/www.google.com\/policies\/privacy\/partners\">https:\/\/www.google.com\/policies\/privacy\/partners<\/a>, et d\u00e9sactivez-les en t\u00e9l\u00e9chargeant le module compl\u00e9mentaire de navigateur de d\u00e9sactivation de Google Analytics, disponible \u00e0 l&#039;adresse suivante\u00a0:&nbsp;<a href=\"https:\/\/tools.google.com\/dlpage\/gaoptout\">https:\/\/tools.google.com\/dlpage\/gaoptout<\/a>.<\/p>\n\n\n\n<h4 class=\"wp-block-heading\">Informations provenant de sources tierces<\/h4>\n\n\n\n<p>Selon votre lieu de r\u00e9sidence et la l\u00e9gislation locale, nous pouvons \u00e9galement conserver certaines informations vous concernant que nous ou nos prestataires de services tiers recueillons indirectement aupr\u00e8s d&#039;autres sources. Ces informations peuvent inclure\u00a0:<\/p>\n\n\n\n<ul class=\"wp-block-list\">\n<li><strong>Afin de pr\u00e9venir la fraude, notamment en utilisant les services propos\u00e9s par Forensiq (<a href=\"https:\/\/impact.com\/privacy-policy\">https:\/\/impact.com\/privacy-policy<\/a>)<\/strong><\/li>\n\n\n\n<li><strong>Nous recueillons certaines informations d\u00e9mographiques vous concernant via des liens, des publicit\u00e9s ou des interactions similaires sur nos sites. Ces informations sont stock\u00e9es uniquement associ\u00e9es \u00e0 des identifiants que nous cr\u00e9ons (pouvant inclure les adresses IP), mais ne sont pas reli\u00e9es \u00e0 un nom, une adresse \u00e9lectronique ou tout autre identifiant unique facilement reconnaissable.<\/strong><\/li>\n<\/ul>\n\n\n\n<p>Ces fournisseurs tiers peuvent \u00e9galement collecter des informations vous concernant sur une base similaire, et vous devriez vous r\u00e9f\u00e9rer \u00e0 leurs politiques de confidentialit\u00e9 \u00e0 cet \u00e9gard.<\/p>\n\n\n\n<h4 class=\"wp-block-heading\">Communications par courriel<\/h4>\n\n\n\n<p>Si vous nous envoyez un courriel, nous conserverons ces informations. Nous recevrons \u00e9galement une confirmation lorsque vous ouvrirez un courriel de notre part. Cette confirmation nous permet d&#039;am\u00e9liorer nos services, notamment notre service client.<\/p>\n\n\n\n<h4 class=\"wp-block-heading\">Annonceurs<\/h4>\n\n\n\n<p>Pour soutenir et am\u00e9liorer nos Services, nous pouvons diffuser des publicit\u00e9s et autoriser \u00e9galement la diffusion de publicit\u00e9s de tiers. Ces publicit\u00e9s sont parfois cibl\u00e9es et diffus\u00e9es \u00e0 des utilisateurs sp\u00e9cifiques et peuvent provenir de soci\u00e9t\u00e9s tierces appel\u00e9es \u201c r\u00e9gies publicitaires \u201d. Les r\u00e9gies publicitaires comprennent des serveurs publicitaires tiers, des agences de publicit\u00e9, des fournisseurs de technologies publicitaires et des instituts d&#039;\u00e9tudes.<\/p>\n\n\n\n<p>Nous pouvons collaborer avec des r\u00e9gies publicitaires membres d&#039;organisations ou de programmes qui g\u00e8rent les options de confidentialit\u00e9 publicitaire propos\u00e9es aux consommateurs. Si votre adresse IP indique que vous \u00eates situ\u00e9 dans l&#039;UE, nous pourrions vous demander votre consentement avant de transmettre certaines informations personnelles \u00e0 ces r\u00e9gies publicitaires.<\/p>\n\n\n\n<p>Lorsque vous consultez notre site, des r\u00e9gies publicitaires et d&#039;autres parties peuvent collecter des informations concernant votre activit\u00e9 en ligne au fil du temps et sur diff\u00e9rents sites web. Nous ne sommes pas responsables des pratiques de confidentialit\u00e9 de ces r\u00e9gies publicitaires et autres parties.<\/p>\n\n\n\n<p>Les publicit\u00e9s diffus\u00e9es par le biais des Services peuvent \u00eatre cibl\u00e9es sur les utilisateurs qui correspondent \u00e0 une certaine cat\u00e9gorie de profil g\u00e9n\u00e9ral, qui peut \u00eatre d\u00e9duite des informations que vous nous fournissez, peut \u00eatre bas\u00e9e sur les habitudes d&#039;utilisation des Services de certains utilisateurs, ou peut \u00eatre bas\u00e9e sur votre activit\u00e9 sur des Services tiers.<\/p>\n\n\n\n<p>Nous ne communiquons aucune information personnelle \u00e0 des r\u00e9gies publicitaires \u00e0 des fins autres que celles li\u00e9es \u00e0 nos Services. Sans que cela limite la port\u00e9e de ce qui pr\u00e9c\u00e8de, nous pouvons faire appel aux prestataires de services tiers suivants pour vous pr\u00e9senter des publicit\u00e9s afin de soutenir et de maintenir notre Service.<\/p>\n\n\n\n<p><strong>R\u00c9SERV\u00c9 AUX UTILISATEURS DE L&#039;UE<\/strong>Lorsque vous utilisez notre site, des entreprises pr\u00e9s\u00e9lectionn\u00e9es peuvent acc\u00e9der \u00e0 certaines informations sur votre appareil et concernant vos centres d&#039;int\u00e9r\u00eat et les utiliser pour diffuser des publicit\u00e9s ou du contenu personnalis\u00e9.<\/p>\n\n\n\n<h4 class=\"wp-block-heading\">Cookie DoubleClick de Google AdSense<\/h4>\n\n\n\n<p>Google, en tant que fournisseur tiers, utilise des cookies pour diffuser des annonces sur notre Service. L&#039;utilisation par Google du cookie DoubleClick lui permet, ainsi qu&#039;\u00e0 ses partenaires, de diffuser des annonces \u00e0 nos utilisateurs en fonction de leurs visites sur notre Service ou sur d&#039;autres sites web.<\/p>\n\n\n\n<p>Vous pouvez d\u00e9sactiver l&#039;utilisation du cookie DoubleClick pour la publicit\u00e9 cibl\u00e9e par centres d&#039;int\u00e9r\u00eat en consultant la page Web Param\u00e8tres des annonces Google\u00a0:&nbsp;<a href=\"https:\/\/www.google.com\/ads\/preferences\">https:\/\/www.google.com\/ads\/preferences<\/a>.<\/p>\n\n\n\n<h2 class=\"wp-block-heading\" id=\"how-do-we-use-your-information\">Comment utilisons-nous vos informations ?<\/h2>\n\n\n\n<p>Nous pouvons utiliser les informations que nous recueillons lorsque vous vous inscrivez, effectuez un achat, vous abonnez \u00e0 notre newsletter, r\u00e9pondez \u00e0 un sondage ou \u00e0 une communication marketing, naviguez sur le site web ou utilisez certaines autres fonctionnalit\u00e9s du site, de la mani\u00e8re suivante\u00a0:<br>\u2022 Afin de personnaliser votre exp\u00e9rience et de nous permettre de vous proposer le type de contenu et d&#039;offres de produits qui vous int\u00e9ressent le plus.<br>\u2022 Am\u00e9liorer notre site web pour mieux vous servir.<\/p>\n\n\n\n<h2 class=\"wp-block-heading\" id=\"how-do-we-protect-your-information\">Comment prot\u00e9geons-nous vos informations ?<\/h2>\n\n\n\n<p>Nous utilisons un certificat SSL.<br>Nous effectuons des analyses r\u00e9guli\u00e8res de logiciels malveillants.<br>Nous ne demandons jamais les num\u00e9ros de carte de cr\u00e9dit.<br>Nous ne fournissons que des articles et des informations.<br>Nous ne demandons jamais d&#039;informations personnelles ou priv\u00e9es.<\/p>\n\n\n\n<h2 class=\"wp-block-heading\" id=\"third-party-disclosure\">Divulgation \u00e0 des tiers<\/h2>\n\n\n\n<p>Nous ne vendons, n&#039;\u00e9changeons ni ne transf\u00e9rons d&#039;aucune autre mani\u00e8re vos informations personnelles identifiables \u00e0 des tiers.<\/p>\n\n\n\n<h2 class=\"wp-block-heading\" id=\"third-party-links\">Liens tiers<\/h2>\n\n\n\n<p>Il peut arriver que nous proposions, \u00e0 notre discr\u00e9tion, des produits ou services de tiers sur notre site web. Ces sites tiers ont leurs propres politiques de confidentialit\u00e9. Nous d\u00e9clinons toute responsabilit\u00e9 quant au contenu et aux activit\u00e9s de ces sites. Toutefois, nous veillons \u00e0 l&#039;int\u00e9grit\u00e9 de notre site et appr\u00e9cions tout commentaire \u00e0 leur sujet.<\/p>\n\n\n\n<h2 class=\"wp-block-heading\" id=\"coppa-children-online-privacy-protection-act\">COPPA (Loi sur la protection de la vie priv\u00e9e des enfants en ligne)<\/h2>\n\n\n\n<p>En mati\u00e8re de collecte de donn\u00e9es personnelles concernant les enfants de moins de 13 ans, la loi COPPA donne le contr\u00f4le aux parents. La Federal Trade Commission (FTC), l&#039;agence am\u00e9ricaine de protection des consommateurs, veille \u00e0 l&#039;application de la r\u00e9glementation COPPA, qui pr\u00e9cise les obligations des exploitants de sites web et de services en ligne en mati\u00e8re de protection de la vie priv\u00e9e et de la s\u00e9curit\u00e9 des enfants sur Internet. Nous ne ciblons pas les enfants de moins de 13 ans avec des publicit\u00e9s cibl\u00e9es.<\/p>\n\n\n\n<h2 class=\"wp-block-heading\" id=\"do-we-use-cookies\">Utilisons-nous des cookies\u00a0?<\/h2>\n\n\n\n<p>Oui, nous utilisons des cookies. Les cookies sont de petits fichiers que le fournisseur de services transf\u00e8re sur votre disque dur via votre navigateur web, si vous l&#039;autorisez. L&#039;utilisation de cookies permet \u00e0 votre navigateur de m\u00e9moriser certaines informations et de vous reconna\u00eetre.<\/p>\n\n\n\n<h2 class=\"wp-block-heading\" id=\"fair-information-practices\">Pratiques d&#039;information \u00e9quitables<\/h2>\n\n\n\n<p>Les principes relatifs aux pratiques \u00e9quitables en mati\u00e8re d&#039;information constituent la base du droit \u00e0 la vie priv\u00e9e aux \u00c9tats-Unis, et les concepts qu&#039;ils englobent ont jou\u00e9 un r\u00f4le important dans l&#039;\u00e9laboration des lois sur la protection des donn\u00e9es dans le monde entier.<\/p>\n\n\n\n<p>Comprendre les principes de traitement \u00e9quitable de l&#039;information et leur mise en \u0153uvre est essentiel au respect des diff\u00e9rentes lois sur la protection de la vie priv\u00e9e. Conform\u00e9ment \u00e0 ces principes, nous prendrons les mesures suivantes en cas de violation de donn\u00e9es\u00a0: nous vous en informerons par courriel dans un d\u00e9lai de sept jours ouvrables.<\/p>\n\n\n\n<p>Nous souscrivons \u00e9galement au principe de recours individuel, qui exige que les individus aient le droit d&#039;exercer des recours juridiques ex\u00e9cutoires contre les collecteurs et les responsables du traitement des donn\u00e9es qui ne respectent pas la loi.<\/p>\n\n\n\n<p>Ce principe exige non seulement que les individus disposent de droits opposables aux utilisateurs de donn\u00e9es, mais aussi qu&#039;ils puissent saisir les tribunaux ou les organismes gouvernementaux pour enqu\u00eater sur les cas de non-conformit\u00e9 des responsables du traitement des donn\u00e9es ou engager des poursuites.<\/p>\n\n\n\n<h2 class=\"wp-block-heading\" id=\"can-spam-act\">Loi CAN-SPAM<\/h2>\n\n\n\n<p>La loi CAN-SPAM \u00e9tablit les r\u00e8gles relatives aux courriels commerciaux, d\u00e9finit les exigences applicables aux messages commerciaux, donne aux destinataires le droit de s&#039;opposer \u00e0 la r\u00e9ception de courriels et pr\u00e9voit des sanctions s\u00e9v\u00e8res en cas d&#039;infraction.<\/p>\n\n\n\n<ul class=\"wp-block-list\">\n<li><strong>Nous collectons votre adresse e-mail pour :<\/strong>&nbsp;Envoyer des informations, r\u00e9pondre aux demandes de renseignements et autres requ\u00eates ou questions<\/li>\n\n\n\n<li><strong>Pour \u00eatre en conformit\u00e9 avec la loi CAN-SPAM, nous acceptons les conditions suivantes<\/strong>Si vous souhaitez \u00e0 tout moment vous d\u00e9sabonner de nos communications, vous pouvez nous contacter. Nous vous retirerons alors imm\u00e9diatement de toutes nos listes de diffusion.<\/li>\n<\/ul>\n\n\n\n<h2 class=\"wp-block-heading\" id=\"contacting-us\">Contactez-nous<\/h2>\n\n\n\n<p>Si vous avez des questions concernant cette politique de confidentialit\u00e9, vous pouvez consulter notre&nbsp;<strong>Contactez-nous<\/strong>&nbsp;La page. Si vous souhaitez en savoir plus sur l&#039;auteur, vous pouvez consulter la page.&nbsp;<strong>\u00c0 propos de nous<\/strong>&nbsp;page. Si vous souhaitez exercer l&#039;un de ces droits, veuillez nous contacter sur notre page.&nbsp;<strong>Contactez-nous<\/strong>&nbsp;page.<\/p>","protected":false},"excerpt":{"rendered":"<p>This privacy policy has been compiled to serve better those who are concerned with how their \u201cPersonally Identifiable Information\u201d (PII) is being used online. PII, as described in US privacy law and information security, is information that can be used on its own or with other information to identify, contact, or locate a single person, [&hellip;]<\/p>","protected":false},"author":4,"featured_media":0,"parent":0,"menu_order":0,"comment_status":"closed","ping_status":"closed","template":"","meta":{"footnotes":""},"class_list":["post-978","page","type-page","status-publish"],"_links":{"self":[{"href":"https:\/\/universomotero.com\/fr\/wp-json\/wp\/v2\/pages\/978","targetHints":{"allow":["GET"]}}],"collection":[{"href":"https:\/\/universomotero.com\/fr\/wp-json\/wp\/v2\/pages"}],"about":[{"href":"https:\/\/universomotero.com\/fr\/wp-json\/wp\/v2\/types\/page"}],"author":[{"embeddable":true,"href":"https:\/\/universomotero.com\/fr\/wp-json\/wp\/v2\/users\/4"}],"replies":[{"embeddable":true,"href":"https:\/\/universomotero.com\/fr\/wp-json\/wp\/v2\/comments?post=978"}],"version-history":[{"count":1,"href":"https:\/\/universomotero.com\/fr\/wp-json\/wp\/v2\/pages\/978\/revisions"}],"predecessor-version":[{"id":2331,"href":"https:\/\/universomotero.com\/fr\/wp-json\/wp\/v2\/pages\/978\/revisions\/2331"}],"wp:attachment":[{"href":"https:\/\/universomotero.com\/fr\/wp-json\/wp\/v2\/media?parent=978"}],"curies":[{"name":"wp","href":"https:\/\/api.w.org\/{rel}","templated":true}]}}