{"id":2313,"date":"2025-12-06T05:49:30","date_gmt":"2025-12-06T05:49:30","guid":{"rendered":"https:\/\/universomotero.com\/?page_id=2313"},"modified":"2025-12-06T05:49:31","modified_gmt":"2025-12-06T05:49:31","slug":"%d7%aa%d7%a0%d7%90%d7%99-%d7%a9%d7%99%d7%9e%d7%95%d7%a9","status":"publish","type":"page","link":"https:\/\/universomotero.com\/he\/%d7%aa%d7%a0%d7%90%d7%99-%d7%a9%d7%99%d7%9e%d7%95%d7%a9\/","title":{"rendered":"\u05ea\u05e0\u05d0\u05d9 \u05e9\u05d9\u05de\u05d5\u05e9"},"content":{"rendered":"<br \/>\n<h2>1. \u05ea\u05e0\u05d0\u05d9\u05dd<\/h2>\n<p>\u05d1\u05e2\u05ea \u05d2\u05d9\u05e9\u05d4 \u05dc\u05d0\u05ea\u05e8 \u05d4\u05d0\u05d9\u05e0\u05d8\u05e8\u05e0\u05d8 <a href='\/he\/universomotero.com\/'>\u05de\u05d5\u05d8\u05d5\u05e8 \u05d9\u05d5\u05e0\u05d9\u05d1\u05e8\u05e1<\/a>, \u05de\u05e1\u05db\u05d9\u05dd\/\u05d4 \u05dc\u05e6\u05d9\u05d9\u05ea \u05dc\u05ea\u05e0\u05d0\u05d9\u05dd \u05d0\u05dc\u05d4 <a href=\"https:\/\/privacidade.me\/\" target='_BLANK' style='color: #727496; text-decoration: none;' >\u05ea\u05e0\u05d0\u05d9 \u05e9\u05d9\u05de\u05d5\u05e9<\/a>, \u05d4\u05e0\u05da \u05de\u05e1\u05db\u05d9\u05dd \u05dc\u05e6\u05d9\u05d9\u05ea \u05dc\u05db\u05dc \u05d4\u05d7\u05d5\u05e7\u05d9\u05dd \u05d5\u05d4\u05ea\u05e7\u05e0\u05d5\u05ea \u05d4\u05e8\u05dc\u05d5\u05d5\u05e0\u05d8\u05d9\u05d9\u05dd \u05d5\u05d0\u05d7\u05e8\u05d0\u05d9 \u05dc\u05e6\u05d9\u05d9\u05ea \u05dc\u05db\u05dc \u05d4\u05d7\u05d5\u05e7\u05d9\u05dd \u05d4\u05de\u05e7\u05d5\u05de\u05d9\u05d9\u05dd \u05d4\u05e8\u05dc\u05d5\u05d5\u05e0\u05d8\u05d9\u05d9\u05dd. \u05d0\u05dd \u05d0\u05d9\u05e0\u05da \u05de\u05e1\u05db\u05d9\u05dd \u05dc\u05d0\u05d7\u05d3 \u05de\u05ea\u05e0\u05d0\u05d9\u05dd \u05d0\u05dc\u05d4, \u05d0\u05d9\u05e0\u05da \u05e8\u05e9\u05d0\u05d9 \u05dc\u05d4\u05e9\u05ea\u05de\u05e9 \u05d1\u05d0\u05ea\u05e8 \u05d6\u05d4 \u05d0\u05d5 \u05dc\u05d2\u05e9\u05ea \u05d0\u05dc\u05d9\u05d5. \u05d4\u05d7\u05d5\u05de\u05e8\u05d9\u05dd \u05d4\u05db\u05dc\u05d5\u05dc\u05d9\u05dd \u05d1\u05d0\u05ea\u05e8 \u05d6\u05d4 \u05de\u05d5\u05d2\u05e0\u05d9\u05dd \u05e2\u05dc \u05d9\u05d3\u05d9 \u05d7\u05d5\u05e7\u05d9 \u05d6\u05db\u05d5\u05d9\u05d5\u05ea \u05d9\u05d5\u05e6\u05e8\u05d9\u05dd \u05d5\u05e1\u05d9\u05de\u05e0\u05d9 \u05de\u05e1\u05d7\u05e8 \u05e8\u05dc\u05d5\u05d5\u05e0\u05d8\u05d9\u05d9\u05dd.<\/p>\n<h2>2. \u05e9\u05d9\u05de\u05d5\u05e9 \u05d1\u05e8\u05d9\u05e9\u05d9\u05d5\u05df<\/h2>\n<p>\u05e0\u05d9\u05ea\u05e0\u05ea \u05e8\u05e9\u05d5\u05ea \u05dc\u05d4\u05d5\u05e8\u05d9\u05d3 \u05d1\u05d0\u05d5\u05e4\u05df \u05d6\u05de\u05e0\u05d9 \u05e2\u05d5\u05ea\u05e7 \u05d0\u05d7\u05d3 \u05e9\u05dc \u05d4\u05d7\u05d5\u05de\u05e8\u05d9\u05dd (\u05de\u05d9\u05d3\u05e2 \u05d0\u05d5 \u05ea\u05d5\u05db\u05e0\u05d4) \u05d1\u05d0\u05ea\u05e8 \u05d4\u05d0\u05d9\u05e0\u05d8\u05e8\u05e0\u05d8 \u05e9\u05dc Universo Motero \u05dc\u05e6\u05e4\u05d9\u05d9\u05d4 \u05d0\u05d9\u05e9\u05d9\u05ea, \u05dc\u05d0 \u05de\u05e1\u05d7\u05e8\u05d9\u05ea \u05d5\u05d6\u05de\u05e0\u05d9\u05ea \u05d1\u05dc\u05d1\u05d3. \u05d6\u05d5\u05d4\u05d9 \u05de\u05ea\u05df \u05e8\u05d9\u05e9\u05d9\u05d5\u05df, \u05dc\u05d0 \u05d4\u05e2\u05d1\u05e8\u05ea \u05d1\u05e2\u05dc\u05d5\u05ea, \u05d5\u05ea\u05d7\u05ea \u05e8\u05d9\u05e9\u05d9\u05d5\u05df \u05d6\u05d4 \u05d0\u05d9\u05e0\u05da \u05e8\u05e9\u05d0\u05d9: <\/p>\n<ol>\n<li>\u05dc\u05e9\u05e0\u05d5\u05ea \u05d0\u05d5 \u05dc\u05d4\u05e2\u05ea\u05d9\u05e7 \u05d0\u05ea \u05d4\u05d7\u05d5\u05de\u05e8\u05d9\u05dd;  <\/li>\n<li>\u05dc\u05d4\u05e9\u05ea\u05de\u05e9 \u05d1\u05d7\u05d5\u05de\u05e8\u05d9\u05dd \u05dc\u05db\u05dc \u05de\u05d8\u05e8\u05d4 \u05de\u05e1\u05d7\u05e8\u05d9\u05ea \u05d0\u05d5 \u05dc\u05ea\u05e6\u05d5\u05d2\u05d4 \u05e4\u05d5\u05de\u05d1\u05d9\u05ea (\u05de\u05e1\u05d7\u05e8\u05d9\u05ea \u05d0\u05d5 \u05dc\u05d0 \u05de\u05e1\u05d7\u05e8\u05d9\u05ea);  <\/li>\n<li>\u05e0\u05d9\u05e1\u05d9\u05d5\u05df \u05dc\u05d1\u05e6\u05e2 \u05d3\u05d4-\u05e7\u05d5\u05de\u05e4\u05d9\u05dc\u05e6\u05d9\u05d4 \u05d0\u05d5 \u05d4\u05e0\u05d3\u05e1\u05d4 \u05dc\u05d0\u05d7\u05d5\u05e8 \u05e9\u05dc \u05db\u05dc \u05ea\u05d5\u05db\u05e0\u05d4 \u05d4\u05db\u05dc\u05d5\u05dc\u05d4 \u05d1\u05d0\u05ea\u05e8 \u05d4\u05d0\u05d9\u05e0\u05d8\u05e8\u05e0\u05d8 \u05e9\u05dc Universo Motero;  <\/li>\n<li>\u05dc\u05d4\u05e1\u05d9\u05e8 \u05db\u05dc \u05d6\u05db\u05d5\u05d9\u05d5\u05ea \u05d9\u05d5\u05e6\u05e8\u05d9\u05dd \u05d0\u05d5 \u05d4\u05e2\u05e8\u05d5\u05ea \u05e7\u05e0\u05d9\u05d9\u05e0\u05d9\u05d5\u05ea \u05d0\u05d7\u05e8\u05d5\u05ea \u05de\u05d4\u05d7\u05d5\u05de\u05e8\u05d9\u05dd; \u05d0\u05d5  <\/li>\n<li>\u05dc\u05d4\u05e2\u05d1\u05d9\u05e8 \u05d0\u05ea \u05d4\u05d7\u05d5\u05de\u05e8\u05d9\u05dd \u05dc\u05d0\u05d3\u05dd \u05d0\u05d7\u05e8 \u05d0\u05d5 &#039;\u05dc\u05e9\u05e7\u05e3&#039; \u05d0\u05ea \u05d4\u05d7\u05d5\u05de\u05e8\u05d9\u05dd \u05d1\u05db\u05dc \u05e9\u05e8\u05ea \u05d0\u05d7\u05e8.<\/li>\n<\/ol>\n<p>\u05e8\u05d9\u05e9\u05d9\u05d5\u05df \u05d6\u05d4 \u05d9\u05e1\u05ea\u05d9\u05d9\u05dd \u05d0\u05d5\u05d8\u05d5\u05de\u05d8\u05d9\u05ea \u05d0\u05dd \u05ea\u05e4\u05e8 \u05d0\u05d7\u05ea \u05de\u05d4\u05d2\u05d1\u05dc\u05d5\u05ea \u05d0\u05dc\u05d4, \u05d5-Universo Motero \u05e8\u05e9\u05d0\u05d9 \u05dc\u05d1\u05d8\u05dc\u05d5 \u05d1\u05db\u05dc \u05e2\u05ea. \u05e2\u05dd \u05e1\u05d9\u05d5\u05dd \u05d4\u05e6\u05e4\u05d9\u05d9\u05d4 \u05d1\u05d7\u05d5\u05de\u05e8\u05d9\u05dd \u05d0\u05dc\u05d4 \u05d0\u05d5 \u05e2\u05dd \u05e1\u05d9\u05d5\u05dd \u05e8\u05d9\u05e9\u05d9\u05d5\u05df \u05d6\u05d4, \u05e2\u05dc\u05d9\u05da \u05dc\u05d4\u05e9\u05de\u05d9\u05d3 \u05d0\u05ea \u05db\u05dc \u05d4\u05d7\u05d5\u05de\u05e8\u05d9\u05dd \u05e9\u05d4\u05d5\u05e8\u05d3\u05d5 \u05e9\u05d1\u05e8\u05e9\u05d5\u05ea\u05da, \u05d1\u05d9\u05df \u05d0\u05dd \u05d1\u05e4\u05d5\u05e8\u05de\u05d8 \u05d0\u05dc\u05e7\u05d8\u05e8\u05d5\u05e0\u05d9 \u05d5\u05d1\u05d9\u05df \u05d0\u05dd \u05d1\u05e4\u05d5\u05e8\u05de\u05d8 \u05de\u05d5\u05d3\u05e4\u05e1.<\/p>\n<h2>3. \u05d4\u05e6\u05d4\u05e8\u05ea \u05d0\u05d7\u05e8\u05d9\u05d5\u05ea<\/h2>\n<ol>\n<li>\u05d4\u05d7\u05d5\u05de\u05e8\u05d9\u05dd \u05d1\u05d0\u05ea\u05e8 \u05d4\u05d0\u05d9\u05e0\u05d8\u05e8\u05e0\u05d8 \u05e9\u05dc Universo Motero \u05de\u05e1\u05d5\u05e4\u05e7\u05d9\u05dd &quot;\u05db\u05e4\u05d9 \u05e9\u05d4\u05dd&quot;. Universo Motero \u05d0\u05d9\u05e0\u05d4 \u05e0\u05d5\u05ea\u05e0\u05ea \u05d0\u05d7\u05e8\u05d9\u05d5\u05ea, \u05de\u05e4\u05d5\u05e8\u05e9\u05ea \u05d0\u05d5 \u05de\u05e9\u05ea\u05de\u05e2\u05ea, \u05d5\u05d1\u05d4\u05ea\u05d0\u05dd \u05dc\u05db\u05da \u05de\u05ea\u05e0\u05e2\u05e8\u05ea \u05d5\u05de\u05d1\u05d8\u05dc\u05ea \u05de\u05db\u05dc \u05d0\u05d7\u05e8\u05d9\u05d5\u05ea \u05d0\u05d7\u05e8\u05ea, \u05dc\u05e8\u05d1\u05d5\u05ea, \u05d5\u05de\u05d1\u05dc\u05d9 \u05dc\u05d2\u05e8\u05d5\u05e2 \u05de\u05db\u05dc\u05dc\u05d9\u05d5\u05ea \u05d4\u05d0\u05de\u05d5\u05e8, \u05d0\u05d7\u05e8\u05d9\u05d5\u05ea \u05d0\u05d5 \u05ea\u05e0\u05d0\u05d9\u05dd \u05de\u05e9\u05ea\u05de\u05e2\u05d9\u05dd \u05dc\u05e1\u05d7\u05d9\u05e8\u05d5\u05ea, \u05d4\u05ea\u05d0\u05de\u05d4 \u05dc\u05de\u05d8\u05e8\u05d4 \u05de\u05e1\u05d5\u05d9\u05de\u05ea, \u05d0\u05d5 \u05d0\u05d9-\u05d4\u05e4\u05e8\u05d4 \u05e9\u05dc \u05e7\u05e0\u05d9\u05d9\u05df \u05e8\u05d5\u05d7\u05e0\u05d9 \u05d0\u05d5 \u05d4\u05e4\u05e8\u05d4 \u05d0\u05d7\u05e8\u05ea \u05e9\u05dc \u05d6\u05db\u05d5\u05d9\u05d5\u05ea. <\/li>\n<li>\u05d9\u05ea\u05e8 \u05e2\u05dc \u05db\u05df, Universo Motero \u05d0\u05d9\u05e0\u05d4 \u05de\u05ea\u05d7\u05d9\u05d9\u05d1\u05ea \u05d0\u05d5 \u05e0\u05d5\u05ea\u05e0\u05ea \u05db\u05dc \u05de\u05e6\u05d2 \u05d1\u05e0\u05d5\u05d2\u05e2 \u05dc\u05d3\u05d9\u05d5\u05e7, \u05dc\u05ea\u05d5\u05e6\u05d0\u05d5\u05ea \u05d4\u05e6\u05e4\u05d5\u05d9\u05d5\u05ea \u05d0\u05d5 \u05dc\u05d0\u05de\u05d9\u05e0\u05d5\u05ea \u05d4\u05e9\u05d9\u05de\u05d5\u05e9 \u05d1\u05d7\u05d5\u05de\u05e8\u05d9\u05dd \u05d1\u05d0\u05ea\u05e8 \u05d4\u05d0\u05d9\u05e0\u05d8\u05e8\u05e0\u05d8 \u05e9\u05dc\u05d4 \u05d0\u05d5 \u05d1\u05db\u05dc \u05d3\u05e8\u05da \u05d0\u05d7\u05e8\u05ea \u05d4\u05e7\u05e9\u05d5\u05e8\u05d4 \u05dc\u05d7\u05d5\u05de\u05e8\u05d9\u05dd \u05db\u05d0\u05dc\u05d4 \u05d0\u05d5 \u05d1\u05db\u05dc \u05d0\u05ea\u05e8 \u05d4\u05de\u05e7\u05d5\u05e9\u05e8 \u05dc\u05d0\u05ea\u05e8 \u05d6\u05d4.<\/li>\n<\/ol>\n<h2>4. \u05de\u05d2\u05d1\u05dc\u05d5\u05ea<\/h2>\n<p>\u05d1\u05e9\u05d5\u05dd \u05de\u05e7\u05e8\u05d4 \u05dc\u05d0 \u05d9\u05d4\u05d9\u05d5 Universo Motero \u05d0\u05d5 \u05e1\u05e4\u05e7\u05d9\u05d4 \u05d0\u05d7\u05e8\u05d0\u05d9\u05dd \u05dc\u05db\u05dc \u05e0\u05d6\u05e7 (\u05dc\u05e8\u05d1\u05d5\u05ea, \u05d1\u05d9\u05df \u05d4\u05d9\u05ea\u05e8, \u05e0\u05d6\u05e7\u05d9\u05dd \u05d1\u05d2\u05d9\u05df \u05d0\u05d5\u05d1\u05d3\u05df \u05e0\u05ea\u05d5\u05e0\u05d9\u05dd \u05d0\u05d5 \u05e8\u05d5\u05d5\u05d7, \u05d0\u05d5 \u05e2\u05e7\u05d1 \u05d4\u05e4\u05e8\u05e2\u05d4 \u05e2\u05e1\u05e7\u05d9\u05ea) \u05d4\u05e0\u05d5\u05d1\u05e2\u05d9\u05dd \u05de\u05e9\u05d9\u05de\u05d5\u05e9 \u05d0\u05d5 \u05d7\u05d5\u05e1\u05e8 \u05d9\u05db\u05d5\u05dc\u05ea \u05dc\u05d4\u05e9\u05ea\u05de\u05e9 \u05d1\u05d7\u05d5\u05de\u05e8\u05d9\u05dd \u05d1\u05d0\u05ea\u05e8 \u05d4\u05d0\u05d9\u05e0\u05d8\u05e8\u05e0\u05d8 \u05e9\u05dc Universo Motero, \u05d2\u05dd \u05d0\u05dd Universo Motero \u05d0\u05d5 \u05e0\u05e6\u05d9\u05d2 \u05de\u05d5\u05e8\u05e9\u05d4 \u05e9\u05dc Universo Motero \u05e7\u05d9\u05d1\u05dc\u05d5 \u05d4\u05d5\u05d3\u05e2\u05d4 \u05d1\u05e2\u05dc \u05e4\u05d4 \u05d0\u05d5 \u05d1\u05db\u05ea\u05d1 \u05e2\u05dc \u05d4\u05d0\u05e4\u05e9\u05e8\u05d5\u05ea \u05e9\u05dc \u05e0\u05d6\u05e7\u05d9\u05dd \u05db\u05d0\u05dc\u05d4. \u05de\u05db\u05d9\u05d5\u05d5\u05df \u05e9\u05d7\u05dc\u05e7 \u05de\u05d4\u05ea\u05d7\u05d5\u05de\u05d9\u05dd \u05d0\u05d9\u05e0\u05dd \u05de\u05ea\u05d9\u05e8\u05d9\u05dd \u05d4\u05d2\u05d1\u05dc\u05d5\u05ea \u05e2\u05dc \u05d0\u05d7\u05e8\u05d9\u05d5\u05ea \u05de\u05e9\u05ea\u05de\u05e2\u05ea, \u05d0\u05d5 \u05d4\u05d2\u05d1\u05dc\u05d5\u05ea \u05e2\u05dc \u05d0\u05d7\u05e8\u05d9\u05d5\u05ea \u05dc\u05e0\u05d6\u05e7\u05d9\u05dd \u05ea\u05d5\u05e6\u05d0\u05ea\u05d9\u05d9\u05dd \u05d0\u05d5 \u05de\u05e7\u05e8\u05d9\u05d9\u05dd, \u05d9\u05d9\u05ea\u05db\u05df \u05e9\u05de\u05d2\u05d1\u05dc\u05d5\u05ea \u05d0\u05dc\u05d4 \u05dc\u05d0 \u05d9\u05d7\u05d5\u05dc\u05d5 \u05e2\u05dc\u05d9\u05da.<\/p>\n<h2>5. \u05d3\u05d9\u05d5\u05e7 \u05d7\u05d5\u05de\u05e8\u05d9\u05dd<\/h2>\n<p>\u05d4\u05d7\u05d5\u05de\u05e8\u05d9\u05dd \u05d4\u05de\u05d5\u05e6\u05d2\u05d9\u05dd \u05d1\u05d0\u05ea\u05e8 \u05d4\u05d0\u05d9\u05e0\u05d8\u05e8\u05e0\u05d8 \u05e9\u05dc Universo Motero \u05e2\u05e9\u05d5\u05d9\u05d9\u05dd \u05dc\u05db\u05dc\u05d5\u05dc \u05e9\u05d2\u05d9\u05d0\u05d5\u05ea \u05d8\u05db\u05e0\u05d9\u05d5\u05ea, \u05e9\u05d2\u05d9\u05d0\u05d5\u05ea \u05d3\u05e4\u05d5\u05e1 \u05d0\u05d5 \u05e9\u05d2\u05d9\u05d0\u05d5\u05ea \u05e6\u05d9\u05dc\u05d5\u05dd. Universo Motero \u05d0\u05d9\u05e0\u05d4 \u05de\u05ea\u05d7\u05d9\u05d9\u05d1\u05ea \u05e9\u05db\u05dc \u05d7\u05d5\u05de\u05e8 \u05d1\u05d0\u05ea\u05e8 \u05d4\u05d0\u05d9\u05e0\u05d8\u05e8\u05e0\u05d8 \u05e9\u05dc\u05d4 \u05de\u05d3\u05d5\u05d9\u05e7, \u05e9\u05dc\u05dd \u05d0\u05d5 \u05e2\u05d3\u05db\u05e0\u05d9. Universo Motero \u05e8\u05e9\u05d0\u05d9\u05ea \u05dc\u05d1\u05e6\u05e2 \u05e9\u05d9\u05e0\u05d5\u05d9\u05d9\u05dd \u05d1\u05d7\u05d5\u05de\u05e8\u05d9\u05dd \u05d4\u05db\u05dc\u05d5\u05dc\u05d9\u05dd \u05d1\u05d0\u05ea\u05e8 \u05d4\u05d0\u05d9\u05e0\u05d8\u05e8\u05e0\u05d8 \u05e9\u05dc\u05d4 \u05d1\u05db\u05dc \u05e2\u05ea \u05dc\u05dc\u05d0 \u05d4\u05d5\u05d3\u05e2\u05d4 \u05de\u05d5\u05e7\u05d3\u05de\u05ea. \u05e2\u05dd \u05d6\u05d0\u05ea, Universo Motero \u05d0\u05d9\u05e0\u05d4 \u05de\u05ea\u05d7\u05d9\u05d9\u05d1\u05ea \u05dc\u05e2\u05d3\u05db\u05df \u05d0\u05ea \u05d4\u05d7\u05d5\u05de\u05e8\u05d9\u05dd.<\/p>\n<h2>6. \u05e7\u05d9\u05e9\u05d5\u05e8\u05d9\u05dd<\/h2>\n<p>\u05d9\u05d5\u05e0\u05d9\u05d1\u05e8\u05e1\u05d5 \u05de\u05d5\u05d8\u05e8\u05d5 \u05dc\u05d0 \u05d1\u05d3\u05e7\u05d4 \u05d0\u05ea \u05db\u05dc \u05d4\u05d0\u05ea\u05e8\u05d9\u05dd \u05d4\u05de\u05e7\u05d5\u05e9\u05e8\u05d9\u05dd \u05dc\u05d0\u05ea\u05e8 \u05d4\u05d0\u05d9\u05e0\u05d8\u05e8\u05e0\u05d8 \u05e9\u05dc\u05d4 \u05d5\u05d0\u05d9\u05e0\u05d4 \u05d0\u05d7\u05e8\u05d0\u05d9\u05ea \u05dc\u05ea\u05d5\u05db\u05df \u05e9\u05dc \u05d0\u05e3 \u05d0\u05ea\u05e8 \u05de\u05e7\u05d5\u05e9\u05e8. \u05d4\u05db\u05dc\u05dc\u05ea \u05e7\u05d9\u05e9\u05d5\u05e8 \u05db\u05dc\u05e9\u05d4\u05d5 \u05d0\u05d9\u05e0\u05d4 \u05de\u05e8\u05de\u05d6\u05ea \u05e2\u05dc \u05d0\u05d9\u05e9\u05d5\u05e8 \u05d4\u05d0\u05ea\u05e8 \u05e2\u05dc \u05d9\u05d3\u05d9 \u05d9\u05d5\u05e0\u05d9\u05d1\u05e8\u05e1\u05d5 \u05de\u05d5\u05d8\u05e8\u05d5. \u05d4\u05e9\u05d9\u05de\u05d5\u05e9 \u05d1\u05db\u05dc \u05d0\u05ea\u05e8 \u05de\u05e7\u05d5\u05e9\u05e8 \u05d4\u05d5\u05d0 \u05e2\u05dc \u05d0\u05d7\u05e8\u05d9\u05d5\u05ea\u05d5 \u05d4\u05d1\u05dc\u05e2\u05d3\u05d9\u05ea \u05e9\u05dc \u05d4\u05de\u05e9\u05ea\u05de\u05e9.<\/p>\n<\/p>\n<h3>\u05e9\u05d9\u05e0\u05d5\u05d9\u05d9\u05dd<\/h3>\n<p>\u05d9\u05d5\u05e0\u05d9\u05d1\u05e8\u05e1\u05d5 \u05de\u05d5\u05d8\u05e8\u05d5 \u05e8\u05e9\u05d0\u05d9\u05ea \u05dc\u05e9\u05e0\u05d5\u05ea \u05d0\u05ea \u05ea\u05e0\u05d0\u05d9 \u05d4\u05e9\u05d9\u05e8\u05d5\u05ea \u05e9\u05dc \u05d0\u05ea\u05e8 \u05d6\u05d4 \u05d1\u05db\u05dc \u05e2\u05ea \u05dc\u05dc\u05d0 \u05d4\u05d5\u05d3\u05e2\u05d4 \u05de\u05d5\u05e7\u05d3\u05de\u05ea. \u05e2\u05dc \u05d9\u05d3\u05d9 \u05e9\u05d9\u05de\u05d5\u05e9 \u05d1\u05d0\u05ea\u05e8 \u05d6\u05d4, \u05d4\u05e0\u05da \u05de\u05e1\u05db\u05d9\u05dd \u05dc\u05d4\u05d9\u05d5\u05ea \u05de\u05d7\u05d5\u05d9\u05d1 \u05dc\u05d2\u05e8\u05e1\u05d4 \u05d4\u05e0\u05d5\u05db\u05d7\u05d9\u05ea \u05e9\u05dc \u05ea\u05e0\u05d0\u05d9 \u05d4\u05e9\u05d9\u05e8\u05d5\u05ea \u05d4\u05dc\u05dc\u05d5.<\/p>\n<h3>\u05d4\u05d7\u05d5\u05e7 \u05d4\u05d7\u05dc<\/h3>\n<p>\u05ea\u05e0\u05d0\u05d9\u05dd \u05d5\u05d4\u05d2\u05d1\u05dc\u05d5\u05ea \u05d0\u05dc\u05d4 \u05db\u05e4\u05d5\u05e4\u05d9\u05dd \u05dc\u05d7\u05d5\u05e7\u05d9 \u05d9\u05e7\u05d5\u05dd \u05de\u05d5\u05d8\u05e8\u05d5 \u05d5\u05de\u05ea\u05e4\u05e8\u05e9\u05d9\u05dd \u05e2\u05dc \u05e4\u05d9\u05d4\u05dd, \u05d5\u05d0\u05ea\u05d4 \u05de\u05e1\u05db\u05d9\u05dd \u05d1\u05d0\u05d5\u05e4\u05df \u05d1\u05dc\u05ea\u05d9 \u05d4\u05e4\u05d9\u05da \u05dc\u05e1\u05de\u05db\u05d5\u05ea \u05d4\u05e9\u05d9\u05e4\u05d5\u05d8 \u05d4\u05d1\u05dc\u05e2\u05d3\u05d9\u05ea \u05e9\u05dc \u05d1\u05ea\u05d9 \u05d4\u05de\u05e9\u05e4\u05d8 \u05d1\u05d0\u05d5\u05ea\u05d4 \u05de\u05d3\u05d9\u05e0\u05d4 \u05d0\u05d5 \u05d0\u05d5\u05ea\u05d4 \u05d9\u05d9\u05e9\u05d5\u05d1.<\/p>","protected":false},"excerpt":{"rendered":"<p>1. Termos Ao acessar ao site Universo Motero, concorda em cumprir estes termos de uso, todas as leis e regulamentos aplic\u00e1veis \u200b\u200be concorda que \u00e9 respons\u00e1vel pelo cumprimento de todas as leis locais aplic\u00e1veis. Se voc\u00ea n\u00e3o concordar com algum desses termos, est\u00e1 proibido de usar ou acessar este site. Os materiais contidos neste site [&hellip;]<\/p>","protected":false},"author":4,"featured_media":0,"parent":0,"menu_order":0,"comment_status":"closed","ping_status":"closed","template":"","meta":{"footnotes":""},"class_list":["post-2313","page","type-page","status-publish"],"_links":{"self":[{"href":"https:\/\/universomotero.com\/he\/wp-json\/wp\/v2\/pages\/2313","targetHints":{"allow":["GET"]}}],"collection":[{"href":"https:\/\/universomotero.com\/he\/wp-json\/wp\/v2\/pages"}],"about":[{"href":"https:\/\/universomotero.com\/he\/wp-json\/wp\/v2\/types\/page"}],"author":[{"embeddable":true,"href":"https:\/\/universomotero.com\/he\/wp-json\/wp\/v2\/users\/4"}],"replies":[{"embeddable":true,"href":"https:\/\/universomotero.com\/he\/wp-json\/wp\/v2\/comments?post=2313"}],"version-history":[{"count":1,"href":"https:\/\/universomotero.com\/he\/wp-json\/wp\/v2\/pages\/2313\/revisions"}],"predecessor-version":[{"id":2314,"href":"https:\/\/universomotero.com\/he\/wp-json\/wp\/v2\/pages\/2313\/revisions\/2314"}],"wp:attachment":[{"href":"https:\/\/universomotero.com\/he\/wp-json\/wp\/v2\/media?parent=2313"}],"curies":[{"name":"wp","href":"https:\/\/api.w.org\/{rel}","templated":true}]}}