{"id":2317,"date":"2025-12-06T05:52:30","date_gmt":"2025-12-06T05:52:30","guid":{"rendered":"https:\/\/universomotero.com\/?page_id=2317"},"modified":"2025-12-06T05:52:31","modified_gmt":"2025-12-06T05:52:31","slug":"%d7%9e%d7%99-%d7%90%d7%a0%d7%97%d7%a0%d7%95","status":"publish","type":"page","link":"https:\/\/universomotero.com\/he\/%d7%9e%d7%99-%d7%90%d7%a0%d7%97%d7%a0%d7%95\/","title":{"rendered":"\u05de\u05d9 \u05d0\u05e0\u05d7\u05e0\u05d5"},"content":{"rendered":"<p>\u05d0\u05e0\u05d7\u05e0\u05d5 \u05d7\u05d1\u05e8\u05ea \u05e4\u05d9\u05ea\u05d5\u05d7 \u05d8\u05db\u05e0\u05d5\u05dc\u05d5\u05d2\u05d9\u05d4 \u05d5\u05d0\u05e4\u05dc\u05d9\u05e7\u05e6\u05d9\u05d5\u05ea \u05e9\u05e0\u05d5\u05e1\u05d3\u05d4 \u05d1\u05e9\u05e0\u05ea 2021 \u05e2\u05dc \u05d9\u05d3\u05d9 \u05d0\u05dc\u05e3, \u05d7\u05d5\u05d1\u05d1 \u05e0\u05dc\u05d4\u05d1 \u05e9\u05dc \u05d4\u05e4\u05d9\u05db\u05ea \u05e8\u05e2\u05d9\u05d5\u05e0\u05d5\u05ea \u05dc\u05e4\u05ea\u05e8\u05d5\u05e0\u05d5\u05ea \u05d3\u05d9\u05d2\u05d9\u05d8\u05dc\u05d9\u05d9\u05dd \u05e4\u05e9\u05d5\u05d8\u05d9\u05dd, \u05de\u05d4\u05d9\u05e8\u05d9\u05dd \u05d5\u05d9\u05e4\u05d9\u05dd. \u05e0\u05d5\u05dc\u05d3\u05e0\u05d5 \u05e2\u05dd \u05de\u05d8\u05e8\u05d4 \u05d1\u05e8\u05d5\u05e8\u05d4: \u05dc\u05d4\u05e4\u05e2\u05d9\u05dc \u05d8\u05db\u05e0\u05d5\u05dc\u05d5\u05d2\u05d9\u05d4 \u05e2\u05d1\u05d5\u05e8 \u05d0\u05e0\u05e9\u05d9\u05dd \u05d5\u05e2\u05e1\u05e7\u05d9\u05dd, \u05d5\u05dc\u05e4\u05ea\u05d5\u05e8 \u05d1\u05e2\u05d9\u05d5\u05ea \u05d0\u05de\u05d9\u05ea\u05d9\u05d5\u05ea \u05d1\u05e2\u05d6\u05e8\u05ea \u05de\u05d5\u05e6\u05e8\u05d9\u05dd \u05de\u05e2\u05d5\u05e6\u05d1\u05d9\u05dd \u05d4\u05d9\u05d8\u05d1 \u05d5\u05e7\u05dc\u05d9\u05dd \u05dc\u05e9\u05d9\u05de\u05d5\u05e9.<\/p>\n<p>\u05d0\u05e0\u05d5 \u05de\u05d8\u05e4\u05dc\u05d9\u05dd \u05d1\u05db\u05dc \u05d3\u05d1\u05e8, \u05d4\u05d7\u05dc \u05de\u05ea\u05db\u05e0\u05d5\u05df \u05d5\u05e2\u05d3 \u05dc\u05d4\u05e9\u05e7\u05d4, \u05d5\u05de\u05e9\u05dc\u05d1\u05d9\u05dd \u05e2\u05d9\u05e6\u05d5\u05d1, \u05d1\u05d9\u05e6\u05d5\u05e2\u05d9\u05dd \u05d5\u05d0\u05d1\u05d8\u05d7\u05d4 \u05d1\u05db\u05dc \u05e9\u05dc\u05d1. \u05d0\u05e0\u05d5 \u05de\u05e4\u05ea\u05d7\u05d9\u05dd \u05d0\u05e4\u05dc\u05d9\u05e7\u05e6\u05d9\u05d5\u05ea \u05de\u05d5\u05d1\u05d9\u05d9\u05dc, \u05de\u05e2\u05e8\u05db\u05d5\u05ea \u05d0\u05d9\u05e0\u05d8\u05e8\u05e0\u05d8, \u05d0\u05ea\u05e8\u05d9 \u05d0\u05d9\u05e0\u05d8\u05e8\u05e0\u05d8 \u05d5\u05d0\u05d9\u05e0\u05d8\u05d2\u05e8\u05e6\u05d9\u05d5\u05ea, \u05ea\u05d5\u05da \u05d4\u05ea\u05de\u05e7\u05d3\u05d5\u05ea \u05ea\u05de\u05d9\u05d3 \u05d1\u05d7\u05d5\u05d5\u05d9\u05d9\u05ea \u05de\u05e9\u05ea\u05de\u05e9, \u05d2\u05de\u05d9\u05e9\u05d5\u05ea \u05d5\u05ea\u05d5\u05e6\u05d0\u05d5\u05ea.<\/p>\n<p>\u05d0\u05e0\u05d5 \u05de\u05d0\u05de\u05d9\u05e0\u05d9\u05dd \u05d1\u05e9\u05e7\u05d9\u05e4\u05d5\u05ea, \u05e9\u05d5\u05ea\u05e4\u05d5\u05ea \u05d5\u05e9\u05d9\u05e4\u05d5\u05e8 \u05de\u05ea\u05de\u05d9\u05d3. \u05d6\u05d5 \u05d4\u05e1\u05d9\u05d1\u05d4 \u05e9\u05d0\u05e0\u05d5 \u05d1\u05d0\u05de\u05ea \u05de\u05e7\u05e9\u05d9\u05d1\u05d9\u05dd, \u05de\u05d9\u05d9\u05e6\u05e8\u05d9\u05dd \u05d0\u05d1\u05d5\u05ea \u05d8\u05d9\u05e4\u05d5\u05e1 \u05d1\u05de\u05d4\u05d9\u05e8\u05d5\u05ea \u05d5\u05de\u05e1\u05e4\u05e7\u05d9\u05dd \u05ea\u05d5\u05e6\u05d0\u05d5\u05ea \u05d0\u05d9\u05db\u05d5\u05ea\u05d9\u05d5\u05ea, \u05ea\u05d5\u05da \u05e9\u05de\u05d9\u05e8\u05d4 \u05e2\u05dc \u05e2\u05d3\u05db\u05d5\u05df \u05dc\u05d0\u05d5\u05e8\u05da \u05db\u05dc \u05d4\u05d3\u05e8\u05da, \u05de\u05ea\u05d7\u05d9\u05dc\u05ea\u05d4 \u05d5\u05e2\u05d3 \u05e1\u05d5\u05e4\u05d4.<\/p>\n<p>\u05d1\u05d9\u05df \u05d0\u05dd \u05de\u05d3\u05d5\u05d1\u05e8 \u05d1\u05d4\u05e4\u05d9\u05db\u05ea \u05e4\u05e8\u05d5\u05d9\u05e7\u05d8 \u05dc\u05d7\u05d9\u05d9\u05dd \u05d0\u05d5 \u05e4\u05d9\u05ea\u05d5\u05d7 \u05de\u05d5\u05e6\u05e8 \u05e7\u05d9\u05d9\u05dd, \u05d0\u05e0\u05d7\u05e0\u05d5 \u05de\u05d5\u05db\u05e0\u05d9\u05dd \u05dc\u05d1\u05e0\u05d5\u05ea \u05d9\u05d7\u05d3 \u05d0\u05ea\u05db\u05dd. \u05d8\u05db\u05e0\u05d5\u05dc\u05d5\u05d2\u05d9\u05d4 \u05d8\u05d5\u05d1\u05d4 \u05d4\u05d9\u05d0 \u05d8\u05db\u05e0\u05d5\u05dc\u05d5\u05d2\u05d9\u05d4 \u05e9\u05de\u05e4\u05e9\u05d8\u05ea - \u05d5\u05d6\u05d4 \u05de\u05d4 \u05e9\u05d0\u05e0\u05d7\u05e0\u05d5 \u05de\u05e1\u05e4\u05e7\u05d9\u05dd.<\/p>","protected":false},"excerpt":{"rendered":"<p>Somos uma empresa de tecnologia e desenvolvimento de aplicativos criada em 2021 por Aleff, um entusiasta apaixonado por transformar ideias em solu\u00e7\u00f5es digitais simples, r\u00e1pidas e bonitas. Nascemos com um objetivo claro: colocar a tecnologia para trabalhar a favor das pessoas e dos neg\u00f3cios, resolvendo problemas reais com produtos bem pensados e f\u00e1ceis de usar. [&hellip;]<\/p>","protected":false},"author":4,"featured_media":0,"parent":0,"menu_order":0,"comment_status":"closed","ping_status":"closed","template":"","meta":{"footnotes":""},"class_list":["post-2317","page","type-page","status-publish"],"_links":{"self":[{"href":"https:\/\/universomotero.com\/he\/wp-json\/wp\/v2\/pages\/2317","targetHints":{"allow":["GET"]}}],"collection":[{"href":"https:\/\/universomotero.com\/he\/wp-json\/wp\/v2\/pages"}],"about":[{"href":"https:\/\/universomotero.com\/he\/wp-json\/wp\/v2\/types\/page"}],"author":[{"embeddable":true,"href":"https:\/\/universomotero.com\/he\/wp-json\/wp\/v2\/users\/4"}],"replies":[{"embeddable":true,"href":"https:\/\/universomotero.com\/he\/wp-json\/wp\/v2\/comments?post=2317"}],"version-history":[{"count":1,"href":"https:\/\/universomotero.com\/he\/wp-json\/wp\/v2\/pages\/2317\/revisions"}],"predecessor-version":[{"id":2318,"href":"https:\/\/universomotero.com\/he\/wp-json\/wp\/v2\/pages\/2317\/revisions\/2318"}],"wp:attachment":[{"href":"https:\/\/universomotero.com\/he\/wp-json\/wp\/v2\/media?parent=2317"}],"curies":[{"name":"wp","href":"https:\/\/api.w.org\/{rel}","templated":true}]}}