{"id":2313,"date":"2025-12-06T05:49:30","date_gmt":"2025-12-06T05:49:30","guid":{"rendered":"https:\/\/universomotero.com\/?page_id=2313"},"modified":"2025-12-06T05:49:31","modified_gmt":"2025-12-06T05:49:31","slug":"uvjeti-koristenja","status":"publish","type":"page","link":"https:\/\/universomotero.com\/hr\/uvjeti-koristenja\/","title":{"rendered":"Uvjeti kori\u0161tenja"},"content":{"rendered":"<br \/>\n<h2>1. Uvjeti<\/h2>\n<p>Prilikom pristupa web stranici <a href='\/hr\/universomotero.com\/'>Motoro Universe<\/a>, sla\u017ee se da \u0107e se pridr\u017eavati ovih <a href=\"https:\/\/privacidade.me\/\" target='_BLANK' style='color: #727496; text-decoration: none;' >uvjeti kori\u0161tenja<\/a>, Sla\u017eete se da \u0107ete se pridr\u017eavati svih va\u017ee\u0107ih zakona i propisa te ste odgovorni za po\u0161tivanje svih va\u017ee\u0107ih lokalnih zakona. Ako se ne sla\u017eete s bilo kojim od ovih uvjeta, zabranjeno vam je kori\u0161tenje ili pristup ovoj stranici. Materijali sadr\u017eani na ovoj web stranici za\u0161ti\u0107eni su va\u017ee\u0107im zakonima o autorskim pravima i za\u0161titnim znakovima.<\/p>\n<h2>2. Kori\u0161tenje licence<\/h2>\n<p>Dozvoljeno je privremeno preuzimanje jedne kopije materijala (informacija ili softvera) s web stranice Universo Motero isklju\u010divo za osobno, nekomercijalno i privremeno pregledavanje. Ovo je dodjela licence, a ne prijenos vlasni\u0161tva, i pod ovom licencom ne smijete: <\/p>\n<ol>\n<li>mijenjati ili kopirati materijale;  <\/li>\n<li>Koristiti materijale u bilo koju komercijalnu svrhu ili za javno prikazivanje (komercijalno ili nekomercijalno);  <\/li>\n<li>Poku\u0161aj dekompilacije ili obrnutog in\u017eenjeringa bilo kojeg softvera koji se nalazi na web stranici Universo Motero;  <\/li>\n<li>ukloniti sve oznake autorskih prava ili drugih vlasni\u010dkih prava iz materijala; ili  <\/li>\n<li>Prenesite materijale drugoj osobi ili ih &#039;zrcalite&#039; na bilo kojem drugom poslu\u017eitelju.<\/li>\n<\/ol>\n<p>Ova licenca automatski \u0107e prestati ako prekr\u0161ite bilo koje od ovih ograni\u010denja i mo\u017ee je raskinuti Universo Motero u bilo kojem trenutku. Nakon prestanka pregledavanja ovih materijala ili nakon raskida ove licence, morate uni\u0161titi sve preuzete materijale koje posjedujete, bilo u elektroni\u010dkom ili tiskanom obliku.<\/p>\n<h2>3. Odricanje od odgovornosti<\/h2>\n<ol>\n<li>Materijali na web stranici Universo Motero pru\u017eaju se &quot;kakvi jesu&quot;. Universo Motero ne daje nikakva jamstva, izri\u010dita ili implicitna, te se ovime odri\u010de i negira sva druga jamstva, uklju\u010duju\u0107i, bez ograni\u010denja, implicitna jamstva ili uvjete prodajnosti, prikladnosti za odre\u0111enu svrhu ili nekr\u0161enja intelektualnog vlasni\u0161tva ili drugog kr\u0161enja prava. <\/li>\n<li>Nadalje, Universo Motero ne jam\u010di niti daje ikakve izjave u vezi s to\u010dno\u0161\u0107u, vjerojatnim rezultatima ili pouzdano\u0161\u0107u kori\u0161tenja materijala na svojoj web stranici ili na drugi na\u010din koji se odnose na takve materijale ili na bilo kojim stranicama povezanim s ovom stranicom.<\/li>\n<\/ol>\n<h2>4. Ograni\u010denja<\/h2>\n<p>Ni u kojem slu\u010daju Universo Motero ili njegovi dobavlja\u010di ne\u0107e biti odgovorni za bilo kakvu \u0161tetu (uklju\u010duju\u0107i, bez ograni\u010denja, \u0161tetu zbog gubitka podataka ili dobiti ili zbog prekida poslovanja) koja proizlazi iz kori\u0161tenja ili nemogu\u0107nosti kori\u0161tenja materijala na web stranici Universo Motero, \u010dak i ako je Universo Motero ili ovla\u0161teni predstavnik Universo Motero usmeno ili pismeno obavije\u0161ten o mogu\u0107nosti takve \u0161tete. Budu\u0107i da neke jurisdikcije ne dopu\u0161taju ograni\u010denja implicitnih jamstava ili ograni\u010denja odgovornosti za posljedi\u010dnu ili slu\u010dajnu \u0161tetu, ta se ograni\u010denja mo\u017eda ne\u0107e odnositi na vas.<\/p>\n<h2>5. Preciznost materijala<\/h2>\n<p>Materijali prikazani na web stranici Universo Motero mogu sadr\u017eavati tehni\u010dke, tipografske ili fotografske pogre\u0161ke. Universo Motero ne jam\u010di da je bilo koji materijal na njegovoj web stranici to\u010dan, potpun ili a\u017euran. Universo Motero mo\u017ee u bilo kojem trenutku bez prethodne najave izvr\u0161iti promjene u materijalima sadr\u017eanim na svojoj web stranici. Me\u0111utim, Universo Motero se ne obvezuje a\u017eurirati materijale.<\/p>\n<h2>6. Linkovi<\/h2>\n<p>Universo Motero nije pregledao sve stranice povezane s njegovom web stranicom i nije odgovoran za sadr\u017eaj bilo koje povezane stranice. Uklju\u010divanje bilo koje poveznice ne podrazumijeva odobravanje stranice od strane Universo Motera. Kori\u0161tenje bilo koje povezane stranice je na vlastitu odgovornost korisnika.<\/p>\n<\/p>\n<h3>Izmjene<\/h3>\n<p>Universo Motero mo\u017ee izmijeniti ove uvjete kori\u0161tenja web stranice u bilo kojem trenutku bez prethodne najave. Kori\u0161tenjem ove web stranice pristajete na trenutnu verziju ovih uvjeta kori\u0161tenja.<\/p>\n<h3>Primjenjivo pravo<\/h3>\n<p>Ovi uvjeti i odredbe ure\u0111eni su i tuma\u010de se u skladu sa zakonima Motero Svemira, te se neopozivo podvrgavate isklju\u010divoj nadle\u017enosti sudova u toj dr\u017eavi ili lokalitetu.<\/p>","protected":false},"excerpt":{"rendered":"<p>1. Termos Ao acessar ao site Universo Motero, concorda em cumprir estes termos de uso, todas as leis e regulamentos aplic\u00e1veis \u200b\u200be concorda que \u00e9 respons\u00e1vel pelo cumprimento de todas as leis locais aplic\u00e1veis. Se voc\u00ea n\u00e3o concordar com algum desses termos, est\u00e1 proibido de usar ou acessar este site. Os materiais contidos neste site [&hellip;]<\/p>","protected":false},"author":4,"featured_media":0,"parent":0,"menu_order":0,"comment_status":"closed","ping_status":"closed","template":"","meta":{"footnotes":""},"class_list":["post-2313","page","type-page","status-publish"],"_links":{"self":[{"href":"https:\/\/universomotero.com\/hr\/wp-json\/wp\/v2\/pages\/2313","targetHints":{"allow":["GET"]}}],"collection":[{"href":"https:\/\/universomotero.com\/hr\/wp-json\/wp\/v2\/pages"}],"about":[{"href":"https:\/\/universomotero.com\/hr\/wp-json\/wp\/v2\/types\/page"}],"author":[{"embeddable":true,"href":"https:\/\/universomotero.com\/hr\/wp-json\/wp\/v2\/users\/4"}],"replies":[{"embeddable":true,"href":"https:\/\/universomotero.com\/hr\/wp-json\/wp\/v2\/comments?post=2313"}],"version-history":[{"count":1,"href":"https:\/\/universomotero.com\/hr\/wp-json\/wp\/v2\/pages\/2313\/revisions"}],"predecessor-version":[{"id":2314,"href":"https:\/\/universomotero.com\/hr\/wp-json\/wp\/v2\/pages\/2313\/revisions\/2314"}],"wp:attachment":[{"href":"https:\/\/universomotero.com\/hr\/wp-json\/wp\/v2\/media?parent=2313"}],"curies":[{"name":"wp","href":"https:\/\/api.w.org\/{rel}","templated":true}]}}