{"id":2317,"date":"2025-12-06T05:52:30","date_gmt":"2025-12-06T05:52:30","guid":{"rendered":"https:\/\/universomotero.com\/?page_id=2317"},"modified":"2025-12-06T05:52:31","modified_gmt":"2025-12-06T05:52:31","slug":"tko-smo-mi","status":"publish","type":"page","link":"https:\/\/universomotero.com\/hr\/tko-smo-mi\/","title":{"rendered":"Tko smo mi"},"content":{"rendered":"<p>Mi smo tvrtka za razvoj tehnologije i aplikacija koju je 2021. godine osnovao Aleff, entuzijast strastven u pretvaranju ideja u jednostavna, brza i lijepa digitalna rje\u0161enja. Ro\u0111eni smo s jasnim ciljem: staviti tehnologiju u slu\u017ebu ljudi i tvrtki, rje\u0161avaju\u0107i stvarne probleme dobro dizajniranim i jednostavnim proizvodima.<\/p>\n<p>Bavimo se svime, od planiranja do lansiranja, kombiniraju\u0107i dizajn, performanse i sigurnost u svakoj fazi. Razvijamo mobilne aplikacije, web sustave, web stranice i integracije, uvijek s fokusom na korisni\u010dko iskustvo, skalabilnost i rezultate.<\/p>\n<p>Vjerujemo u transparentnost, partnerstvo i kontinuirano pobolj\u0161anje. Zato istinski slu\u0161amo, brzo izra\u0111ujemo prototipove i isporu\u010dujemo visokokvalitetne rezultate, obavje\u0161tavaju\u0107i vas o svakom koraku od po\u010detka do kraja.<\/p>\n<p>Bilo da se radi o o\u017eivljavanju projekta ili razvoju postoje\u0107eg proizvoda, spremni smo graditi s vama. Dobra tehnologija je tehnologija koja pojednostavljuje - a to je ono \u0161to mi pru\u017eamo.<\/p>","protected":false},"excerpt":{"rendered":"<p>Somos uma empresa de tecnologia e desenvolvimento de aplicativos criada em 2021 por Aleff, um entusiasta apaixonado por transformar ideias em solu\u00e7\u00f5es digitais simples, r\u00e1pidas e bonitas. Nascemos com um objetivo claro: colocar a tecnologia para trabalhar a favor das pessoas e dos neg\u00f3cios, resolvendo problemas reais com produtos bem pensados e f\u00e1ceis de usar. [&hellip;]<\/p>","protected":false},"author":4,"featured_media":0,"parent":0,"menu_order":0,"comment_status":"closed","ping_status":"closed","template":"","meta":{"footnotes":""},"class_list":["post-2317","page","type-page","status-publish"],"_links":{"self":[{"href":"https:\/\/universomotero.com\/hr\/wp-json\/wp\/v2\/pages\/2317","targetHints":{"allow":["GET"]}}],"collection":[{"href":"https:\/\/universomotero.com\/hr\/wp-json\/wp\/v2\/pages"}],"about":[{"href":"https:\/\/universomotero.com\/hr\/wp-json\/wp\/v2\/types\/page"}],"author":[{"embeddable":true,"href":"https:\/\/universomotero.com\/hr\/wp-json\/wp\/v2\/users\/4"}],"replies":[{"embeddable":true,"href":"https:\/\/universomotero.com\/hr\/wp-json\/wp\/v2\/comments?post=2317"}],"version-history":[{"count":1,"href":"https:\/\/universomotero.com\/hr\/wp-json\/wp\/v2\/pages\/2317\/revisions"}],"predecessor-version":[{"id":2318,"href":"https:\/\/universomotero.com\/hr\/wp-json\/wp\/v2\/pages\/2317\/revisions\/2318"}],"wp:attachment":[{"href":"https:\/\/universomotero.com\/hr\/wp-json\/wp\/v2\/media?parent=2317"}],"curies":[{"name":"wp","href":"https:\/\/api.w.org\/{rel}","templated":true}]}}