{"id":978,"date":"2022-03-08T07:59:47","date_gmt":"2022-03-08T07:59:47","guid":{"rendered":"https:\/\/universomotero.com\/?page_id=978"},"modified":"2025-12-06T06:00:10","modified_gmt":"2025-12-06T06:00:10","slug":"pravila-o-privatnosti","status":"publish","type":"page","link":"https:\/\/universomotero.com\/hr\/pravila-o-privatnosti\/","title":{"rendered":"Pravila o privatnosti"},"content":{"rendered":"<p>Ova pravila o privatnosti sastavljena su kako bi bolje slu\u017eila onima koji su zabrinuti zbog na\u010dina na koji se njihovi \u201cosobni podaci\u201d (PII) koriste na mre\u017ei. PII, kako je opisano u ameri\u010dkom zakonu o privatnosti i sigurnosti informacija, su podaci koji se mogu koristiti samostalno ili s drugim podacima za identifikaciju, kontaktiranje ili lociranje jedne osobe ili za identifikaciju pojedinca u kontekstu. Pa\u017eljivo pro\u010ditajte na\u0161a pravila o privatnosti kako biste dobili jasno razumijevanje o tome kako prikupljamo, koristimo, \u0161titimo ili na drugi na\u010din obra\u0111ujemo va\u0161e osobne podatke putem na\u0161e web stranice.<\/p>\n\n\n\n<h2 class=\"wp-block-heading\" id=\"when-do-we-collect-information\">Kada prikupljamo podatke?<\/h2>\n\n\n\n<p>Prikupljamo podatke od vas kada se pretplatite na newsletter, ispunite obrazac ili unesete podatke na na\u0161u stranicu.<\/p>\n\n\n\n<h2 class=\"wp-block-heading\">Za\u0161to prikupljamo osobne podatke<\/h2>\n\n\n\n<p>Cilj nam je prikupljati, koristiti i otkrivati samo one podatke koji su nam potrebni za upravljanje va\u0161im ra\u010dunom, pru\u017eanje Usluga, odr\u017eavanje popisa na\u0161ih kupaca\/posjetitelja, odgovaranje na va\u0161e upite ili davanje povratnih informacija, za identifikaciju i autentifikaciju, personalizaciju i pobolj\u0161anje Usluga, u marketin\u0161ke svrhe i druge svrhe o kojima vas mo\u017eemo obavijestiti povremenim a\u017euriranjem ovih Pravila o privatnosti ili kako je druga\u010dije navedeno u ovim Pravilima o privatnosti.<\/p>\n\n\n\n<p>\u010cuvat \u0107emo povjerljivost svih kontaktnih podataka koje nam date prilikom prijave za Usluge ili kontaktiranja s pitanjima ili za daljnje informacije te \u0107emo ih koristiti samo u svrhe za koje smo ih prikupili (uz izuzetke i otkrivanja koja smo naveli u nastavku), osim ako se izri\u010dito ne slo\u017eite da ih mo\u017eemo otkriti drugim tre\u0107im stranama.<\/p>\n\n\n\n<h2 class=\"wp-block-heading\">Osobni podaci koje prikupljamo<\/h2>\n\n\n\n<p>Prikupljamo podatke kako bismo pobolj\u0161ali Usluge. Ovaj odjeljak pru\u017ea dodatne informacije o tome \u0161to prikupljamo u vezi s tim ciljevima.<\/p>\n\n\n\n<h4 class=\"wp-block-heading\">Informacije koje automatski prikupljamo<\/h4>\n\n\n\n<p>Informacije koje automatski prikupljamo mogu uklju\u010divati va\u0161u IP adresu, ID koji mo\u017eemo kreirati i povezati s na\u0161im sadr\u017eajem koji ste konzumirali, podatke o kola\u010di\u0107ima i druge detalje, a to detaljnije opisujemo u nastavku.<\/p>\n\n\n\n<p>Ove se informacije koriste za borbu protiv ne\u017eeljene po\u0161te\/zlonamjernog softvera, za olak\u0161avanje prikupljanja podataka o va\u0161oj interakciji s Uslugama (npr. na koje ste poveznice kliknuli i podijelili s drugima, uklju\u010duju\u0107i putem e-po\u0161te i dru\u0161tvenih mre\u017ea) te za personalizaciju i nastavak rada Usluga.<\/p>\n\n\n\n<p>Informacije koje prikupljamo automatiziranim putem mo\u017eemo povezati s va\u0161om IP adresom, ure\u0111ajem koji koristite za povezivanje s identifikatorima Usluga koje su nam dali tre\u0107i pru\u017eatelji usluga ili e-po\u0161tom ili ra\u010dunima dru\u0161tvenih medija koje koristite za dijeljenje na\u0161eg sadr\u017eaja.<\/p>\n\n\n\n<p>Da biste isklju\u010dili prikupljanje podataka o poveznicama koje ste podijelili s drugima, molimo vas&nbsp;<a href=\"https:\/\/support.google.com\/ads\/answer\/2662922?hl=en-GB\">kliknite ovdje<\/a><\/p>\n\n\n\n<p>Op\u0107enito, Usluge automatski prikupljaju podatke o kori\u0161tenju, kao \u0161to su broj i u\u010destalost posjetitelja Stranice ili mobilne aplikacije. Ove podatke mo\u017eemo koristiti u agregiranom obliku, odnosno kao statisti\u010dku mjeru.<\/p>\n\n\n\n<p>Ova vrsta agregiranih podataka omogu\u0107uje nama i tre\u0107im stranama koje smo ovlastili da utvrdimo koliko \u010desto pojedinci koriste dijelove Usluga kako bismo ih mogli analizirati i pobolj\u0161ati. Vrste informacija koje automatski prikupljamo uklju\u010duju:<\/p>\n\n\n\n<h4 class=\"wp-block-heading\">Informacije o ure\u0111aju<\/h4>\n\n\n\n<p>Prikupljamo podatke specifi\u010dne za ure\u0111aj (kao \u0161to su model va\u0161eg hardvera, verzija operativnog sustava, jedinstveni identifikatori ure\u0111aja i podaci o mobilnoj mre\u017ei, uklju\u010duju\u0107i telefonski broj gdje je primjenjivo). Mo\u017eemo povezati identifikatore va\u0161ih ure\u0111aja.<\/p>\n\n\n\n<h4 class=\"wp-block-heading\">Podaci o zapisniku<\/h4>\n\n\n\n<p>Kada koristite Usluge, automatski prikupljamo i pohranjujemo odre\u0111ene informacije u zapisnicima poslu\u017eitelja. To uklju\u010duje detalje o tome kako ste koristili na\u0161u uslugu. Adresa internetskog protokola, informacije o doga\u0111ajima ure\u0111aja kao \u0161to su ru\u0161enja, aktivnost sustava, postavke hardvera, vrsta preglednika, jezik preglednika, datum i vrijeme va\u0161eg zahtjeva i URL preporuke. Kola\u010di\u0107i koji mogu jedinstveno identificirati va\u0161 preglednik.<\/p>\n\n\n\n<h4 class=\"wp-block-heading\">Lokalna pohrana<\/h4>\n\n\n\n<p>Mo\u017eemo prikupljati i pohranjivati podatke (uklju\u010duju\u0107i osobne podatke) lokalno na va\u0161em ure\u0111aju pomo\u0107u mehanizama kao \u0161to su web-pohrana preglednika (uklju\u010duju\u0107i HTML 5) i predmemorije podataka aplikacija.<\/p>\n\n\n\n<p>Tre\u0107e strane s kojima sura\u0111ujemo kako bismo pru\u017eili odre\u0111ene zna\u010dajke na na\u0161oj web stranici ili prikazali oglase na temelju va\u0161e aktivnosti pregledavanja weba tako\u0111er koriste Flash kola\u010di\u0107e ili HTML5 za prikupljanje i pohranu informacija. Razli\u010diti preglednici mogu nuditi vlastite alate za upravljanje uklanjanjem HTML5.<\/p>\n\n\n\n<h4 class=\"wp-block-heading\">Kola\u010di\u0107i i sli\u010dne tehnologije<\/h4>\n\n\n\n<p>Kada posjetite na\u0161u web stranicu ili na drugi na\u010din komunicirate s Uslugom, mi (ili tre\u0107e strane ili oglasne mre\u017ee s kojima sura\u0111ujemo) mo\u017eemo poslati jedan ili vi\u0161e \u201ckola\u010di\u0107a\u201d na va\u0161e ra\u010dunalo ili druge ure\u0111aje. Molimo pogledajte na\u0161u Politiku kola\u010di\u0107a za vi\u0161e informacija o tome koje kola\u010di\u0107e poslu\u017eujemo i va\u0161oj mogu\u0107nosti kontrole kori\u0161tenja odre\u0111enih vrsta kola\u010di\u0107a. Kola\u010di\u0107i su alfanumeri\u010dki identifikatori pohranjeni na va\u0161em ra\u010dunalu putem va\u0161eg web preglednika i ve\u0107ina web stranica ih koristi kako bi vam pomogla personalizirati va\u0161e web iskustvo.<\/p>\n\n\n\n<p>Neki kola\u010di\u0107i mogu omogu\u0107iti dodatne zna\u010dajke web-mjesta za pobolj\u0161ane performanse i funkcionalnost, kao \u0161to su pam\u0107enje postavki, omogu\u0107avanje dru\u0161tvenih interakcija, analiziranje kori\u0161tenja za optimizaciju web-mjesta, pru\u017eanje prilago\u0111enog sadr\u017eaja, omogu\u0107avanje tre\u0107im stranama da pru\u017ee alate za dijeljenje na dru\u0161tvenim mre\u017eama i prikazivanje slika ili videozapisa s web-mjesta tre\u0107ih strana. Neke zna\u010dajke na ovom web-mjestu ne\u0107e funkcionirati ako ne dopustite kola\u010di\u0107e. Mo\u017eemo povezati informacije koje pohranjujemo u kola\u010di\u0107ima s bilo kojim osobnim podacima koje po\u0161aljete dok ste na na\u0161em web-mjestu.<\/p>\n\n\n\n<p>Mo\u017eemo koristiti i kola\u010di\u0107e ID-a sesije i trajne kola\u010di\u0107e. Kola\u010di\u0107 ID-a sesije istje\u010de kada zatvorite preglednik. Trajni kola\u010di\u0107 ostaje na va\u0161em tvrdom disku dulje vrijeme. Trajni kola\u010di\u0107i omogu\u0107uju nam pra\u0107enje i ciljanje interesa na\u0161ih korisnika kako bismo pobolj\u0161ali iskustvo na na\u0161oj web stranici. Ako ne \u017eelite da se informacije prikupljaju putem kola\u010di\u0107a, u ve\u0107ini preglednika postoji jednostavan postupak koji vam omogu\u0107uje automatsko odbijanje kola\u010di\u0107a ili vam se nudi izbor odbijanja ili prihva\u0107anja prijenosa odre\u0111enog kola\u010di\u0107a (ili kola\u010di\u0107a) s odre\u0111ene web stranice na va\u0161e ra\u010dunalo.<\/p>\n\n\n\n<p>Mo\u017eda biste se tako\u0111er \u017eeljeli pozvati na&nbsp;<a href=\"http:\/\/www.allaboutcookies.org\/manage-cookies\/index.html\">https:\/\/www.allaboutcookies.org\/manage-cookies\/index.html<\/a>. Ako odbijete kola\u010di\u0107e, i dalje mo\u017eete koristiti na\u0161u stranicu, ali neke zna\u010dajke na stranici ne\u0107e ispravno funkcionirati.<\/p>\n\n\n\n<ul class=\"wp-block-list\">\n<li><strong>Funkcionalni kola\u010di\u0107i, trajni i sesijski, pohranjuju informacije kako bi omogu\u0107ili osnovne funkcionalnosti web-mjesta.<\/strong><\/li>\n\n\n\n<li><strong>Analiti\u010dki kola\u010di\u0107i nam omogu\u0107uju brojanje posjeta stranicama i izvora prometa kako bismo mogli mjeriti i pobolj\u0161avati performanse na\u0161e web-lokacije.<\/strong><\/li>\n\n\n\n<li><strong>Na\u0161i ogla\u0161iva\u010dki partneri mogu postaviti reklamne kola\u010di\u0107e putem na\u0161e web stranice. Te tvrtke mogu prikupljati podatke koji im omogu\u0107uju prikazivanje oglasa na drugim web stranicama koje su relevantne za va\u0161e interese.<\/strong><\/li>\n<\/ul>\n\n\n\n<p>Ova stranica koristi kola\u010di\u0107e i sli\u010dne tehnologije pra\u0107enja kao \u0161to je Common ID kola\u010di\u0107 za pru\u017eanje svojih usluga. Kola\u010di\u0107i su va\u017eni ure\u0111aji za mjerenje u\u010dinkovitosti ogla\u0161avanja i osiguravanje robusne industrije online ogla\u0161avanja.<\/p>\n\n\n\n<p>Kola\u010di\u0107 Common ID pohranjuje jedinstveni korisni\u010dki ID u domeni prve strane i dostupan je na\u0161im oglasnim partnerima. Ovaj jednostavni ID mo\u017ee se koristiti za pobolj\u0161anje podudaranja korisnika, posebno za prikazivanje oglasa u iOS i macOS preglednicima.<\/p>\n\n\n\n<h4 class=\"wp-block-heading\">Web-pratilice<\/h4>\n\n\n\n<p>Mi (ili podaci tre\u0107ih strana ili oglasne mre\u017ee s kojima sura\u0111ujemo) mo\u017eemo koristiti web-pratilice samostalno ili u kombinaciji s kola\u010di\u0107ima za prikupljanje informacija o na\u0161oj Usluzi ili drugih informacija koje smo mi ili oni prikupili.<\/p>\n\n\n\n<p>Web-pratilice su mali grafi\u010dki objekti ugra\u0111eni u web-stranicu ili e-po\u0161tu i obi\u010dno su nevidljivi korisniku, ali omogu\u0107uju provjeru je li korisnik pregledao stranicu ili e-po\u0161tu. Web-pratilice mogu se koristiti unutar Usluge za pra\u0107enje posjeta web-stranicama, stopa otvaranja e-po\u0161te i drugih informacija o korisniku.<\/p>\n\n\n\n<p>U nekim slu\u010dajevima, podatke prikupljene putem web-pratilica povezujemo s osobnim podacima na\u0161ih korisnika. Na primjer, na na\u0161im web stranicama koristimo jasne GIF-ove kako bismo znali koji sadr\u017eaj korisnik preferira. To nam omogu\u0107uje pobolj\u0161anje korisni\u010dkog iskustva i mjerenje u\u010dinkovitosti na\u0161ih marketin\u0161kih kampanja.<\/p>\n\n\n\n<h4 class=\"wp-block-heading\">Analiti\u010dki softver<\/h4>\n\n\n\n<p>Mi i na\u0161i partneri za pra\u0107enje tre\u0107ih strana koristimo datoteke zapisnika na na\u0161oj Usluzi za automatsko prikupljanje odre\u0111enih informacija i njihovo pohranjivanje u analiti\u010dke svrhe. Ove informacije uklju\u010duju adrese internetskog protokola (\u201cIP\u201d), vrstu preglednika, davatelja internetskih usluga (ISP), stranice s kojih se upu\u0107uje\/izlazi, operativni sustav, datum\/vremensku oznaku i podatke o klikovima.<\/p>\n\n\n\n<p>Koristimo Google Analytics, koji koristi kola\u010di\u0107e i druge sli\u010dne tehnologije za prikupljanje i analizu informacija o kori\u0161tenju Usluge te izvje\u0161tavanje o aktivnostima i trendovima. Ova usluga tako\u0111er mo\u017ee prikupljati informacije o kori\u0161tenju drugih web stranica, aplikacija i online resursa.<\/p>\n\n\n\n<p>Vi\u0161e o Googleovim praksama mo\u017eete saznati na&nbsp;<a href=\"https:\/\/www.google.com\/policies\/privacy\/partners\">https:\/\/www.google.com\/policies\/privacy\/partners<\/a>, i isklju\u010dite ih preuzimanjem dodatka preglednika za isklju\u010divanje Google Analyticsa, dostupnog na&nbsp;<a href=\"https:\/\/tools.google.com\/dlpage\/gaoptout\">https:\/\/tools.google.com\/dlpage\/gaoptout<\/a>.<\/p>\n\n\n\n<h4 class=\"wp-block-heading\">Informacije iz izvora tre\u0107ih strana<\/h4>\n\n\n\n<p>Ovisno o va\u0161oj lokaciji i odredbama lokalnih zakona, mo\u017eemo pohraniti i odre\u0111ene podatke o vama koje mi ili na\u0161i pru\u017eatelji usluga tre\u0107ih strana prikupljamo o vama neizravno iz drugih izvora. To mo\u017ee uklju\u010divati podatke prikupljene o vama:<\/p>\n\n\n\n<ul class=\"wp-block-list\">\n<li><strong>Kako bi se sprije\u010dile prijevare, na primjer kori\u0161tenjem usluga koje nudi Forensiq (<a href=\"https:\/\/impact.com\/privacy-policy\">https:\/\/impact.com\/privacy-policy<\/a>)<\/strong><\/li>\n\n\n\n<li><strong>Prikupljanje odre\u0111enih demografskih podataka o vama na temelju poveznica, oglasa ili sli\u010dnog sadr\u017eaja na bilo kojoj od na\u0161ih stranica. Ove podatke pohranjujemo samo uz identifikatore koje smo mi kreirali (\u0161to mo\u017ee uklju\u010divati IP adrese), ali ih ne povezujemo s imenom, adresom e-po\u0161te ili drugim lako prepoznatljivim jedinstvenim identifikatorom.<\/strong><\/li>\n<\/ul>\n\n\n\n<p>Ovi pru\u017eatelji usluga tre\u0107e strane tako\u0111er mogu prikupljati podatke o vama na sli\u010dnoj osnovi, te biste se u tom pogledu trebali pozvati na njihove politike privatnosti.<\/p>\n\n\n\n<h4 class=\"wp-block-heading\">Komunikacija e-po\u0161tom<\/h4>\n\n\n\n<p>Ako nam po\u0161aljete e-po\u0161tu, pohranit \u0107emo te podatke. Tako\u0111er mo\u017eemo primiti potvrdu kada otvorite e-po\u0161tu od nas. Ovu potvrdu koristimo za pobolj\u0161anje na\u0161ih Usluga, uklju\u010duju\u0107i korisni\u010dku podr\u0161ku.<\/p>\n\n\n\n<h4 class=\"wp-block-heading\">Ogla\u0161iva\u010di<\/h4>\n\n\n\n<p>Kako bismo podr\u017eali i pobolj\u0161ali Usluge, mo\u017eemo prikazivati oglase i dopustiti oglase tre\u0107ih strana putem Usluga. Ti su oglasi ponekad ciljani i prikazuju se odre\u0111enim korisnicima te mogu dolaziti od tvrtki tre\u0107ih strana koje se nazivaju &quot;oglasne mre\u017ee&quot;. Oglasne mre\u017ee uklju\u010duju poslu\u017eitelje oglasa tre\u0107ih strana, oglasne agencije, dobavlja\u010de oglasne tehnologije i istra\u017eiva\u010dke tvrtke.<\/p>\n\n\n\n<p>Mo\u017eemo sura\u0111ivati s oglasnim mre\u017eama koje su \u010dlanovi ili organizacije ili programi koji upravljaju izborima privatnosti ogla\u0161avanja koje te oglasne mre\u017ee nude potro\u0161a\u010dima. Ako koristite IP adresu koja ukazuje na to da se nalazite u EU, mo\u017eemo zatra\u017eiti va\u0161 pristanak prije nego \u0161to tim oglasnim mre\u017eama pru\u017eimo odre\u0111ene osobne podatke.<\/p>\n\n\n\n<p>Kada posjetite na\u0161u stranicu, oglasne mre\u017ee i druge strane mogu prikupljati podatke o va\u0161im online aktivnostima tijekom vremena i na razli\u010ditim web stranicama. Nismo odgovorni za prakse privatnosti tih oglasnih mre\u017ea i drugih strana.<\/p>\n\n\n\n<p>Oglasi koji se prikazuju putem Usluga mogu biti usmjereni na korisnike koji odgovaraju odre\u0111enoj op\u0107oj kategoriji profila, \u0161to se mo\u017ee zaklju\u010diti iz informacija koje nam je korisnik dostavio, mogu se temeljiti na obrascima kori\u0161tenja Usluga od strane odre\u0111enih korisnika ili se mogu temeljiti na va\u0161oj aktivnosti na Uslugama tre\u0107ih strana.<\/p>\n\n\n\n<p>Ne dajemo osobne podatke nijednoj oglasnoj mre\u017ei za upotrebu osim u vezi s Uslugama. Bez ograni\u010davanja gore navedenog, mo\u017eemo koristiti sljede\u0107e tre\u0107e strane, pru\u017eatelje usluga, kako bismo vam prikazivali oglase kako bismo podr\u017eali i odr\u017eavali na\u0161u Uslugu.<\/p>\n\n\n\n<p><strong>SAMO ZA KORISNIKE U EU<\/strong>: Kada koristite na\u0161u stranicu, unaprijed odabrane tvrtke mogu pristupiti i koristiti odre\u0111ene informacije na va\u0161em ure\u0111aju i o va\u0161im interesima kako bi vam prikazivale oglase ili personalizirani sadr\u017eaj.<\/p>\n\n\n\n<h4 class=\"wp-block-heading\">Kola\u010di\u0107 DoubleClicka za Google AdSense<\/h4>\n\n\n\n<p>Google, kao tre\u0107a strana dobavlja\u010da, koristi kola\u010di\u0107e za prikazivanje oglasa na na\u0161oj Usluzi. Googleova upotreba DoubleClick kola\u010di\u0107a omogu\u0107uje Googleu i njegovim partnerima prikazivanje oglasa na\u0161im korisnicima na temelju njihovog posjeta na\u0161oj Usluzi ili drugim web-stranicama na internetu.<\/p>\n\n\n\n<p>Mo\u017eete se isklju\u010diti iz upotrebe DoubleClick kola\u010di\u0107a za ogla\u0161avanje na temelju interesa posjetom web stranice Postavke Google oglasa:&nbsp;<a href=\"https:\/\/www.google.com\/ads\/preferences\">https:\/\/www.google.com\/ads\/preferences<\/a>.<\/p>\n\n\n\n<h2 class=\"wp-block-heading\" id=\"how-do-we-use-your-information\">Kako koristimo va\u0161e podatke?<\/h2>\n\n\n\n<p>Mo\u017eemo koristiti te podatke. Prikupljamo ih od vas kada se registrirate, obavite kupnju, prijavite se na na\u0161 newsletter, odgovorite na anketu ili marketin\u0161ku komunikaciju, pregledavate web stranicu ili koristite odre\u0111ene druge zna\u010dajke stranice na sljede\u0107e na\u010dine:<br>\u2022 Kako bismo personalizirali va\u0161e iskustvo i omogu\u0107ili vam isporuku vrste sadr\u017eaja i ponude proizvoda koji vas najvi\u0161e zanimaju.<br>\u2022 Za pobolj\u0161anje na\u0161e web stranice kako bismo vam bolje slu\u017eili.<\/p>\n\n\n\n<h2 class=\"wp-block-heading\" id=\"how-do-we-protect-your-information\">Kako \u0161titimo va\u0161e podatke?<\/h2>\n\n\n\n<p>Koristimo SSL certifikat.<br>Koristimo redovito skeniranje zlonamjernog softvera.<br>Nikada ne tra\u017eimo brojeve kreditnih kartica.<br>Pru\u017eamo samo \u010dlanke i informacije.<br>Nikada ne tra\u017eimo osobne ili privatne podatke.<\/p>\n\n\n\n<h2 class=\"wp-block-heading\" id=\"third-party-disclosure\">Otkrivanje tre\u0107ih strana<\/h2>\n\n\n\n<p>Ne prodajemo, ne trgujemo niti na bilo koji drugi na\u010din prenosimo va\u0161e osobne podatke tre\u0107im stranama.<\/p>\n\n\n\n<h2 class=\"wp-block-heading\" id=\"third-party-links\">Veze tre\u0107ih strana<\/h2>\n\n\n\n<p>Povremeno, prema vlastitom naho\u0111enju, mo\u017eemo uklju\u010diti ili ponuditi proizvode ili usluge tre\u0107ih strana na na\u0161oj web stranici. Te web stranice tre\u0107ih strana imaju zasebne i neovisne politike privatnosti. Ne snosimo nikakvu odgovornost za sadr\u017eaj i aktivnosti ovih povezanih web stranica. Unato\u010d tome, nastojimo za\u0161tititi integritet na\u0161e stranice i pozdravljamo sve povratne informacije o tim stranicama.<\/p>\n\n\n\n<h2 class=\"wp-block-heading\" id=\"coppa-children-online-privacy-protection-act\">COPPA (Zakon o za\u0161titi privatnosti djece na internetu)<\/h2>\n\n\n\n<p>Kada je rije\u010d o prikupljanju osobnih podataka od djece mla\u0111e od 13 godina, COPPA daje roditeljima kontrolu. Federalna trgovinska komisija, agencija za za\u0161titu potro\u0161a\u010da Sjedinjenih Dr\u017eava, provodi pravilo COPPA, koje propisuje \u0161to operateri web stranica i online usluga moraju u\u010diniti kako bi za\u0161titili privatnost i sigurnost djece na internetu. Ne prodajemo ispravno djeci mla\u0111oj od 13 godina.<\/p>\n\n\n\n<h2 class=\"wp-block-heading\" id=\"do-we-use-cookies\">Koristimo li kola\u010di\u0107e?<\/h2>\n\n\n\n<p>Da, koristimo kola\u010di\u0107e. Kola\u010di\u0107i su male datoteke koje davatelj usluga koristi za prijenos na va\u0161 tvrdi disk putem va\u0161eg web preglednika ako im to dopustite. Kori\u0161tenje kola\u010di\u0107a pomo\u0107i \u0107e pregledniku da zapamti neke informacije i prepozna va\u0161 preglednik.<\/p>\n\n\n\n<h2 class=\"wp-block-heading\" id=\"fair-information-practices\">Po\u0161tene prakse informiranja<\/h2>\n\n\n\n<p>Na\u010dela po\u0161tene prakse informiranja \u010dine okosnicu zakona o privatnosti u Sjedinjenim Dr\u017eavama, a koncepti koje uklju\u010duju odigrali su zna\u010dajnu ulogu u razvoju zakona o za\u0161titi podataka diljem svijeta.<\/p>\n\n\n\n<p>Razumijevanje Na\u010dela po\u0161tene informiranja i na\u010dina njihove provedbe klju\u010dno je za po\u0161tivanje razli\u010ditih zakona o privatnosti koji \u0161tite osobne podatke. Kako bismo bili u skladu s Praksom po\u0161tenog informiranja, poduzet \u0107emo sljede\u0107e odgovorne mjere u slu\u010daju kr\u0161enja podataka. Obavijestit \u0107emo vas putem e-po\u0161te u roku od sedam radnih dana.<\/p>\n\n\n\n<p>Tako\u0111er se sla\u017eemo s Na\u010delom individualne za\u0161tite, koje zahtijeva da pojedinci imaju pravo zakonski ostvariti provediva prava protiv prikuplja\u010da i obra\u0111iva\u010da podataka koji se ne pridr\u017eavaju zakona.<\/p>\n\n\n\n<p>Ovo na\u010delo zahtijeva ne samo da pojedinci imaju provediva prava protiv korisnika podataka, ve\u0107 i da se pojedinci mogu obratiti sudovima ili vladinim agencijama radi istrage ili kaznenog progona nepo\u0161tivanja propisa od strane obra\u0111iva\u010da podataka.<\/p>\n\n\n\n<h2 class=\"wp-block-heading\" id=\"can-spam-act\">Zakon o sprje\u010davanju ne\u017eeljene po\u0161te<\/h2>\n\n\n\n<p>Zakon CAN-SPAM je zakon koji postavlja pravila za komercijalnu e-po\u0161tu, utvr\u0111uje zahtjeve za komercijalne poruke, daje primateljima pravo da im se zabrani slanje e-po\u0161te i propisuje stroge kazne za kr\u0161enje pravila.<\/p>\n\n\n\n<ul class=\"wp-block-list\">\n<li><strong>Va\u0161u adresu e-po\u0161te prikupljamo za:<\/strong>&nbsp;Slanje informacija, odgovaranje na upite i druge zahtjeve ili pitanja<\/li>\n\n\n\n<li><strong>Pra\u0107enjem CAN-SPAM-a pristajemo na sljede\u0107e<\/strong>Ako u bilo kojem trenutku \u017eelite odjaviti primanje budu\u0107ih e-poruka, mo\u017eete nas kontaktirati. I mi \u0107emo vas odmah ukloniti iz SVE korespondencije.<\/li>\n<\/ul>\n\n\n\n<h2 class=\"wp-block-heading\" id=\"contacting-us\">Kontaktirajte nas<\/h2>\n\n\n\n<p>Ako imate bilo kakvih pitanja u vezi s ovom politikom privatnosti, mo\u017eete posjetiti na\u0161u&nbsp;<strong>Kontaktirajte nas<\/strong>&nbsp;stranica. Ako \u017eelite saznati vi\u0161e o autoru, mo\u017eete posjetiti&nbsp;<strong>O nama<\/strong>&nbsp;stranica. Ako \u017eelite ostvariti bilo koje od ovih prava, kontaktirajte nas na na\u0161oj&nbsp;<strong>Kontaktirajte nas<\/strong>&nbsp;stranica.<\/p>","protected":false},"excerpt":{"rendered":"<p>This privacy policy has been compiled to serve better those who are concerned with how their \u201cPersonally Identifiable Information\u201d (PII) is being used online. PII, as described in US privacy law and information security, is information that can be used on its own or with other information to identify, contact, or locate a single person, [&hellip;]<\/p>","protected":false},"author":4,"featured_media":0,"parent":0,"menu_order":0,"comment_status":"closed","ping_status":"closed","template":"","meta":{"footnotes":""},"class_list":["post-978","page","type-page","status-publish"],"_links":{"self":[{"href":"https:\/\/universomotero.com\/hr\/wp-json\/wp\/v2\/pages\/978","targetHints":{"allow":["GET"]}}],"collection":[{"href":"https:\/\/universomotero.com\/hr\/wp-json\/wp\/v2\/pages"}],"about":[{"href":"https:\/\/universomotero.com\/hr\/wp-json\/wp\/v2\/types\/page"}],"author":[{"embeddable":true,"href":"https:\/\/universomotero.com\/hr\/wp-json\/wp\/v2\/users\/4"}],"replies":[{"embeddable":true,"href":"https:\/\/universomotero.com\/hr\/wp-json\/wp\/v2\/comments?post=978"}],"version-history":[{"count":1,"href":"https:\/\/universomotero.com\/hr\/wp-json\/wp\/v2\/pages\/978\/revisions"}],"predecessor-version":[{"id":2331,"href":"https:\/\/universomotero.com\/hr\/wp-json\/wp\/v2\/pages\/978\/revisions\/2331"}],"wp:attachment":[{"href":"https:\/\/universomotero.com\/hr\/wp-json\/wp\/v2\/media?parent=978"}],"curies":[{"name":"wp","href":"https:\/\/api.w.org\/{rel}","templated":true}]}}