{"id":2317,"date":"2025-12-06T05:52:30","date_gmt":"2025-12-06T05:52:30","guid":{"rendered":"https:\/\/universomotero.com\/?page_id=2317"},"modified":"2025-12-06T05:52:31","modified_gmt":"2025-12-06T05:52:31","slug":"kik-vagyunk","status":"publish","type":"page","link":"https:\/\/universomotero.com\/hu\/kik-vagyunk\/","title":{"rendered":"Kik vagyunk"},"content":{"rendered":"<p>Egy technol\u00f3giai \u00e9s alkalmaz\u00e1sfejleszt\u0151 c\u00e9g vagyunk, amelyet 2021-ben alap\u00edtott Aleff, egy lelkes lelkes ember, aki szenved\u00e9lyesen elk\u00f6telezett az \u00f6tletek egyszer\u0171, gyors \u00e9s gy\u00f6ny\u00f6r\u0171 digit\u00e1lis megold\u00e1sokk\u00e1 alak\u00edt\u00e1sa ir\u00e1nt. Egy\u00e9rtelm\u0171 c\u00e9llal sz\u00fclett\u00fcnk: a technol\u00f3gi\u00e1t az emberek \u00e9s a v\u00e1llalkoz\u00e1sok szolg\u00e1lat\u00e1ba \u00e1ll\u00edtani, val\u00f3s probl\u00e9m\u00e1kat megoldva j\u00f3l megtervezett \u00e9s k\u00f6nnyen haszn\u00e1lhat\u00f3 term\u00e9kekkel.<\/p>\n<p>A tervez\u00e9st\u0151l a bevezet\u00e9sig mindent mi int\u00e9z\u00fcnk, minden szakaszban \u00f6tv\u00f6zve a diz\u00e1jnt, a teljes\u00edtm\u00e9nyt \u00e9s a biztons\u00e1got. Mobilalkalmaz\u00e1sokat, webes rendszereket, weboldalakat \u00e9s integr\u00e1ci\u00f3kat fejleszt\u00fcnk, mindig a felhaszn\u00e1l\u00f3i \u00e9lm\u00e9nyre, a sk\u00e1l\u00e1zhat\u00f3s\u00e1gra \u00e9s az eredm\u00e9nyekre \u00f6sszpontos\u00edtva.<\/p>\n<p>Hisz\u00fcnk az \u00e1tl\u00e1that\u00f3s\u00e1gban, a partners\u00e9gben \u00e9s a folyamatos fejleszt\u00e9sben. Ez\u00e9rt figyel\u00fcnk oda \u00d6nre, gyorsan protot\u00edpusokat k\u00e9sz\u00edt\u00fcnk, \u00e9s kiv\u00e1l\u00f3 min\u0151s\u00e9g\u0171 eredm\u00e9nyeket sz\u00e1ll\u00edtunk, folyamatosan t\u00e1j\u00e9koztatva \u00d6nt a folyamat minden l\u00e9p\u00e9s\u00e9r\u0151l, az elej\u00e9t\u0151l a v\u00e9g\u00e9ig.<\/p>\n<p>Ak\u00e1r egy projekt megval\u00f3s\u00edt\u00e1s\u00e1r\u00f3l, ak\u00e1r egy megl\u00e9v\u0151 term\u00e9k tov\u00e1bbfejleszt\u00e9s\u00e9r\u0151l van sz\u00f3, k\u00e9szen \u00e1llunk, hogy \u00d6nnel egy\u00fctt \u00e9p\u00edts\u00fcnk. A j\u00f3 technol\u00f3gia az, ami leegyszer\u0171s\u00edt \u2013 \u00e9s mi ezt ny\u00fajtjuk.<\/p>","protected":false},"excerpt":{"rendered":"<p>Somos uma empresa de tecnologia e desenvolvimento de aplicativos criada em 2021 por Aleff, um entusiasta apaixonado por transformar ideias em solu\u00e7\u00f5es digitais simples, r\u00e1pidas e bonitas. Nascemos com um objetivo claro: colocar a tecnologia para trabalhar a favor das pessoas e dos neg\u00f3cios, resolvendo problemas reais com produtos bem pensados e f\u00e1ceis de usar. [&hellip;]<\/p>","protected":false},"author":4,"featured_media":0,"parent":0,"menu_order":0,"comment_status":"closed","ping_status":"closed","template":"","meta":{"footnotes":""},"class_list":["post-2317","page","type-page","status-publish"],"_links":{"self":[{"href":"https:\/\/universomotero.com\/hu\/wp-json\/wp\/v2\/pages\/2317","targetHints":{"allow":["GET"]}}],"collection":[{"href":"https:\/\/universomotero.com\/hu\/wp-json\/wp\/v2\/pages"}],"about":[{"href":"https:\/\/universomotero.com\/hu\/wp-json\/wp\/v2\/types\/page"}],"author":[{"embeddable":true,"href":"https:\/\/universomotero.com\/hu\/wp-json\/wp\/v2\/users\/4"}],"replies":[{"embeddable":true,"href":"https:\/\/universomotero.com\/hu\/wp-json\/wp\/v2\/comments?post=2317"}],"version-history":[{"count":1,"href":"https:\/\/universomotero.com\/hu\/wp-json\/wp\/v2\/pages\/2317\/revisions"}],"predecessor-version":[{"id":2318,"href":"https:\/\/universomotero.com\/hu\/wp-json\/wp\/v2\/pages\/2317\/revisions\/2318"}],"wp:attachment":[{"href":"https:\/\/universomotero.com\/hu\/wp-json\/wp\/v2\/media?parent=2317"}],"curies":[{"name":"munkaf\u00fczet","href":"https:\/\/api.w.org\/{rel}","templated":true}]}}