{"id":2313,"date":"2025-12-06T05:49:30","date_gmt":"2025-12-06T05:49:30","guid":{"rendered":"https:\/\/universomotero.com\/?page_id=2313"},"modified":"2025-12-06T05:49:31","modified_gmt":"2025-12-06T05:49:31","slug":"termini-di-utilizzo","status":"publish","type":"page","link":"https:\/\/universomotero.com\/it\/termini-di-utilizzo\/","title":{"rendered":"Termini di utilizzo"},"content":{"rendered":"<br \/>\n<h2>1. Termini<\/h2>\n<p>Quando si accede al sito web <a href='\/it\/universomotero.com\/'>Universo Motoro<\/a>, si impegna a rispettare queste <a href=\"https:\/\/privacidade.me\/\" target='_BLANK' style='color: #727496; text-decoration: none;' >termini di utilizzo<\/a>, L&#039;utente accetta di rispettare tutte le leggi e i regolamenti applicabili ed \u00e8 responsabile del rispetto di tutte le leggi locali applicabili. Se non si accetta uno qualsiasi di questi termini, \u00e8 vietato utilizzare o accedere a questo sito. I materiali contenuti in questo sito web sono protetti dalle leggi applicabili in materia di copyright e marchi commerciali.<\/p>\n<h2>2. Utilizzo della licenza<\/h2>\n<p>\u00c8 concesso il permesso di scaricare temporaneamente una copia dei materiali (informazioni o software) presenti sul sito web di Universo Motero esclusivamente per la visualizzazione personale, non commerciale e transitoria. Questa costituisce la concessione di una licenza, non un trasferimento di propriet\u00e0, e in base a questa licenza non \u00e8 consentito: <\/p>\n<ol>\n<li>modificare o copiare i materiali;  <\/li>\n<li>Utilizzare i materiali per qualsiasi scopo commerciale o per l&#039;esposizione al pubblico (commerciale o non commerciale);  <\/li>\n<li>Tentare di decompilare o sottoporre a reverse engineering qualsiasi software contenuto nel sito web Universo Motero;  <\/li>\n<li>rimuovere qualsiasi copyright o altre annotazioni proprietarie dai materiali; o  <\/li>\n<li>Trasferisci i materiali a un&#039;altra persona o &quot;specchia&quot; i materiali su un altro server.<\/li>\n<\/ol>\n<p>La presente licenza cesser\u00e0 automaticamente in caso di violazione di una qualsiasi di queste restrizioni e potr\u00e0 essere revocata da Universo Motero in qualsiasi momento. Al termine della visualizzazione di questi materiali o alla risoluzione della presente licenza, l&#039;utente \u00e8 tenuto a distruggere tutto il materiale scaricato in suo possesso, sia in formato elettronico che cartaceo.<\/p>\n<h2>3. Dichiarazione di esclusione di responsabilit\u00e0<\/h2>\n<ol>\n<li>I materiali presenti sul sito web di Universo Motero sono forniti &quot;cos\u00ec come sono&quot;. Universo Motero non fornisce alcuna garanzia, espressa o implicita, e con la presente declina e nega tutte le altre garanzie, incluse, a titolo esemplificativo ma non esaustivo, garanzie o condizioni implicite di commerciabilit\u00e0, idoneit\u00e0 per uno scopo particolare o non violazione della propriet\u00e0 intellettuale o altra violazione di diritti. <\/li>\n<li>Inoltre, Universo Motero non garantisce n\u00e9 rilascia alcuna dichiarazione in merito all&#039;accuratezza, ai probabili risultati o all&#039;affidabilit\u00e0 dell&#039;uso dei materiali presenti sul suo sito web o altrimenti correlati a tali materiali o su qualsiasi sito collegato a questo sito.<\/li>\n<\/ol>\n<h2>4. Limitazioni<\/h2>\n<p>In nessun caso Universo Motero o i suoi fornitori saranno ritenuti responsabili per eventuali danni (inclusi, a titolo esemplificativo ma non esaustivo, danni per perdita di dati o profitti, o dovuti a interruzione dell&#039;attivit\u00e0) derivanti dall&#039;utilizzo o dall&#039;impossibilit\u00e0 di utilizzare i materiali presenti sul sito web di Universo Motero, anche qualora Universo Motero o un rappresentante autorizzato di Universo Motero sia stato informato oralmente o per iscritto della possibilit\u00e0 di tali danni. Poich\u00e9 alcune giurisdizioni non consentono limitazioni alle garanzie implicite o limitazioni di responsabilit\u00e0 per danni consequenziali o incidentali, tali limitazioni potrebbero non essere applicabili.<\/p>\n<h2>5. Precisione dei materiali<\/h2>\n<p>I materiali pubblicati sul sito web di Universo Motero potrebbero contenere errori tecnici, tipografici o fotografici. Universo Motero non garantisce che i materiali presenti sul suo sito web siano accurati, completi o aggiornati. Universo Motero pu\u00f2 apportare modifiche ai materiali presenti sul suo sito web in qualsiasi momento e senza preavviso. Tuttavia, Universo Motero non si impegna ad aggiornare i materiali.<\/p>\n<h2>6. Collegamenti<\/h2>\n<p>Universo Motero non ha esaminato tutti i siti collegati al proprio sito web e non \u00e8 responsabile del contenuto di alcun sito collegato. L&#039;inclusione di qualsiasi collegamento non implica l&#039;approvazione del sito da parte di Universo Motero. L&#039;utilizzo di qualsiasi sito collegato \u00e8 a rischio e pericolo dell&#039;utente.<\/p>\n<\/p>\n<h3>Modifiche<\/h3>\n<p>Universo Motero si riserva il diritto di modificare i presenti termini di servizio in qualsiasi momento e senza preavviso. Utilizzando questo sito web, l&#039;utente accetta di essere vincolato dalla versione corrente dei presenti termini di servizio.<\/p>\n<h3>Legge applicabile<\/h3>\n<p>I presenti termini e condizioni sono regolati e interpretati in conformit\u00e0 con le leggi di Motero Universe e l&#039;utente si sottopone irrevocabilmente alla giurisdizione esclusiva dei tribunali di tale stato o localit\u00e0.<\/p>","protected":false},"excerpt":{"rendered":"<p>1. Termos Ao acessar ao site Universo Motero, concorda em cumprir estes termos de uso, todas as leis e regulamentos aplic\u00e1veis \u200b\u200be concorda que \u00e9 respons\u00e1vel pelo cumprimento de todas as leis locais aplic\u00e1veis. Se voc\u00ea n\u00e3o concordar com algum desses termos, est\u00e1 proibido de usar ou acessar este site. Os materiais contidos neste site [&hellip;]<\/p>","protected":false},"author":4,"featured_media":0,"parent":0,"menu_order":0,"comment_status":"closed","ping_status":"closed","template":"","meta":{"footnotes":""},"class_list":["post-2313","page","type-page","status-publish"],"_links":{"self":[{"href":"https:\/\/universomotero.com\/it\/wp-json\/wp\/v2\/pages\/2313","targetHints":{"allow":["GET"]}}],"collection":[{"href":"https:\/\/universomotero.com\/it\/wp-json\/wp\/v2\/pages"}],"about":[{"href":"https:\/\/universomotero.com\/it\/wp-json\/wp\/v2\/types\/page"}],"author":[{"embeddable":true,"href":"https:\/\/universomotero.com\/it\/wp-json\/wp\/v2\/users\/4"}],"replies":[{"embeddable":true,"href":"https:\/\/universomotero.com\/it\/wp-json\/wp\/v2\/comments?post=2313"}],"version-history":[{"count":1,"href":"https:\/\/universomotero.com\/it\/wp-json\/wp\/v2\/pages\/2313\/revisions"}],"predecessor-version":[{"id":2314,"href":"https:\/\/universomotero.com\/it\/wp-json\/wp\/v2\/pages\/2313\/revisions\/2314"}],"wp:attachment":[{"href":"https:\/\/universomotero.com\/it\/wp-json\/wp\/v2\/media?parent=2313"}],"curies":[{"name":"parola chiave","href":"https:\/\/api.w.org\/{rel}","templated":true}]}}