{"id":2317,"date":"2025-12-06T05:52:30","date_gmt":"2025-12-06T05:52:30","guid":{"rendered":"https:\/\/universomotero.com\/?page_id=2317"},"modified":"2025-12-06T05:52:31","modified_gmt":"2025-12-06T05:52:31","slug":"chi-siamo","status":"publish","type":"page","link":"https:\/\/universomotero.com\/it\/chi-siamo\/","title":{"rendered":"Chi siamo"},"content":{"rendered":"<p>Siamo un&#039;azienda di sviluppo tecnologico e app fondata nel 2021 da Aleff, un appassionato che ama trasformare le idee in soluzioni digitali semplici, veloci e accattivanti. Siamo nati con un obiettivo chiaro: mettere la tecnologia al servizio di persone e aziende, risolvendo problemi reali con prodotti ben progettati e facili da usare.<\/p>\n<p>Ci occupiamo di tutto, dalla pianificazione al lancio, combinando design, prestazioni e sicurezza in ogni fase. Sviluppiamo applicazioni mobile, sistemi web, siti web e integrazioni, concentrandoci sempre su esperienza utente, scalabilit\u00e0 e risultati.<\/p>\n<p>Crediamo nella trasparenza, nella partnership e nel miglioramento continuo. Ecco perch\u00e9 ascoltiamo attentamente, realizziamo prototipi rapidamente e forniamo risultati di alta qualit\u00e0, tenendovi informati in ogni fase del processo, dall&#039;inizio alla fine.<\/p>\n<p>Che si tratti di dare vita a un progetto o di sviluppare un prodotto esistente, siamo pronti a costruire insieme a te. La buona tecnologia \u00e8 quella che semplifica, ed \u00e8 proprio questo che offriamo.<\/p>","protected":false},"excerpt":{"rendered":"<p>Somos uma empresa de tecnologia e desenvolvimento de aplicativos criada em 2021 por Aleff, um entusiasta apaixonado por transformar ideias em solu\u00e7\u00f5es digitais simples, r\u00e1pidas e bonitas. Nascemos com um objetivo claro: colocar a tecnologia para trabalhar a favor das pessoas e dos neg\u00f3cios, resolvendo problemas reais com produtos bem pensados e f\u00e1ceis de usar. [&hellip;]<\/p>","protected":false},"author":4,"featured_media":0,"parent":0,"menu_order":0,"comment_status":"closed","ping_status":"closed","template":"","meta":{"footnotes":""},"class_list":["post-2317","page","type-page","status-publish"],"_links":{"self":[{"href":"https:\/\/universomotero.com\/it\/wp-json\/wp\/v2\/pages\/2317","targetHints":{"allow":["GET"]}}],"collection":[{"href":"https:\/\/universomotero.com\/it\/wp-json\/wp\/v2\/pages"}],"about":[{"href":"https:\/\/universomotero.com\/it\/wp-json\/wp\/v2\/types\/page"}],"author":[{"embeddable":true,"href":"https:\/\/universomotero.com\/it\/wp-json\/wp\/v2\/users\/4"}],"replies":[{"embeddable":true,"href":"https:\/\/universomotero.com\/it\/wp-json\/wp\/v2\/comments?post=2317"}],"version-history":[{"count":1,"href":"https:\/\/universomotero.com\/it\/wp-json\/wp\/v2\/pages\/2317\/revisions"}],"predecessor-version":[{"id":2318,"href":"https:\/\/universomotero.com\/it\/wp-json\/wp\/v2\/pages\/2317\/revisions\/2318"}],"wp:attachment":[{"href":"https:\/\/universomotero.com\/it\/wp-json\/wp\/v2\/media?parent=2317"}],"curies":[{"name":"parola chiave","href":"https:\/\/api.w.org\/{rel}","templated":true}]}}