{"id":978,"date":"2022-03-08T07:59:47","date_gmt":"2022-03-08T07:59:47","guid":{"rendered":"https:\/\/universomotero.com\/?page_id=978"},"modified":"2025-12-06T06:00:10","modified_gmt":"2025-12-06T06:00:10","slug":"politica-sulla-riservatezza","status":"publish","type":"page","link":"https:\/\/universomotero.com\/it\/politica-sulla-riservatezza\/","title":{"rendered":"politica sulla riservatezza"},"content":{"rendered":"<p>La presente informativa sulla privacy \u00e8 stata redatta per rispondere al meglio alle esigenze di coloro che sono preoccupati per l&#039;utilizzo online delle proprie &quot;Informazioni Personali Identificabili&quot; (PII). Le PII, come definite dalla legge statunitense sulla privacy e sulla sicurezza delle informazioni, sono informazioni che possono essere utilizzate, da sole o in combinazione con altre, per identificare, contattare o localizzare una singola persona, o per identificare un individuo in un contesto. Si prega di leggere attentamente la nostra informativa sulla privacy per comprendere appieno come raccogliamo, utilizziamo, proteggiamo o altrimenti gestiamo le vostre Informazioni Personali Identificabili tramite il nostro sito web.<\/p>\n\n\n\n<h2 class=\"wp-block-heading\" id=\"when-do-we-collect-information\">Quando raccogliamo informazioni?<\/h2>\n\n\n\n<p>Raccogliamo informazioni su di te quando ti iscrivi a una newsletter, compili un modulo o inserisci informazioni sul nostro sito.<\/p>\n\n\n\n<h2 class=\"wp-block-heading\">Perch\u00e9 raccogliamo informazioni personali<\/h2>\n\n\n\n<p>Il nostro obiettivo \u00e8 raccogliere, utilizzare e divulgare solo le informazioni necessarie per consentirci di gestire il tuo account, fornire i Servizi, mantenere i nostri elenchi di clienti\/visitatori, rispondere alle tue richieste o fornire feedback, per scopi di identificazione e autenticazione, per personalizzare e migliorare i Servizi, per scopi di marketing e per altri scopi di cui potremmo informarti aggiornando periodicamente la presente Informativa sulla privacy o come altrimenti stabilito nella presente Informativa sulla privacy.<\/p>\n\n\n\n<p>Manterremo la riservatezza di tutte le informazioni di contatto che ci fornirai al momento dell&#039;iscrizione ai Servizi o quando ci contatterai per domande o per ulteriori informazioni e le utilizzeremo solo per gli scopi per i quali le abbiamo raccolte (fatte salve le esclusioni e le divulgazioni elencate di seguito), a meno che tu non accetti esplicitamente che possiamo divulgarle ad altre terze parti.<\/p>\n\n\n\n<h2 class=\"wp-block-heading\">Informazioni personali che raccogliamo<\/h2>\n\n\n\n<p>Raccogliamo informazioni per migliorare i Servizi. Questa sezione fornisce ulteriori informazioni su ci\u00f2 che raccogliamo in relazione a questi obiettivi.<\/p>\n\n\n\n<h4 class=\"wp-block-heading\">Informazioni che raccogliamo automaticamente<\/h4>\n\n\n\n<p>Le informazioni che raccogliamo automaticamente possono includere il tuo indirizzo IP, un ID che potremmo creare e associare ai nostri contenuti che hai consultato, informazioni sui cookie e altri dettagli, che descriveremo pi\u00f9 dettagliatamente di seguito.<\/p>\n\n\n\n<p>Queste informazioni vengono utilizzate per combattere spam\/malware, per facilitare la raccolta di dati riguardanti la tua interazione con i Servizi (ad esempio quali link hai cliccato e condiviso con altri, anche tramite e-mail e social media) e per personalizzare e continuare a gestire i Servizi.<\/p>\n\n\n\n<p>Potremmo associare le informazioni che raccogliamo tramite mezzi automatizzati al tuo indirizzo IP, al dispositivo che utilizzi per connetterti ai Servizi, agli identificatori fornitici da Fornitori terzi o agli account e-mail o social media che utilizzi per condividere i nostri contenuti.<\/p>\n\n\n\n<p>Per disattivare la raccolta dei dati relativi ai link che hai condiviso con altri, ti preghiamo di&nbsp;<a href=\"https:\/\/support.google.com\/ads\/answer\/2662922?hl=en-GB\">clicca qui<\/a><\/p>\n\n\n\n<p>In genere, i Servizi raccolgono automaticamente informazioni sull&#039;utilizzo, come il numero e la frequenza dei visitatori del Sito o dell&#039;applicazione mobile. Potremmo utilizzare questi dati in forma aggregata, ovvero come misura statistica.<\/p>\n\n\n\n<p>Questo tipo di dati aggregati consente a noi e a terze parti da noi autorizzate di determinare la frequenza con cui gli utenti utilizzano parti dei Servizi, in modo da poterli analizzare e migliorare. Il tipo di informazioni che raccogliamo automaticamente include:<\/p>\n\n\n\n<h4 class=\"wp-block-heading\">Informazioni sul dispositivo<\/h4>\n\n\n\n<p>Raccogliamo informazioni specifiche del dispositivo (come il modello dell&#039;hardware, la versione del sistema operativo, gli identificatori univoci del dispositivo e le informazioni sulla rete mobile, incluso un numero di telefono, ove applicabile). Potremmo associare gli identificatori del dispositivo.<\/p>\n\n\n\n<h4 class=\"wp-block-heading\">Informazioni di registro<\/h4>\n\n\n\n<p>Quando utilizzi i Servizi, raccogliamo e memorizziamo automaticamente determinate informazioni nei log del server. Tra queste, dettagli su come hai utilizzato il nostro servizio: indirizzo IP, informazioni sugli eventi del dispositivo come arresti anomali, attivit\u00e0 di sistema, impostazioni hardware, tipo di browser, lingua del browser, data e ora della richiesta e URL di riferimento. Cookie che possono identificare in modo univoco il tuo browser.<\/p>\n\n\n\n<h4 class=\"wp-block-heading\">Archiviazione locale<\/h4>\n\n\n\n<p>Potremmo raccogliere e archiviare informazioni (incluse informazioni personali) localmente sul tuo dispositivo utilizzando meccanismi quali l&#039;archiviazione web del browser (incluso HTML 5) e cache di dati delle applicazioni.<\/p>\n\n\n\n<p>Anche le terze parti con cui collaboriamo per fornire determinate funzionalit\u00e0 sul nostro sito web o per visualizzare annunci pubblicitari in base alla tua attivit\u00e0 di navigazione web utilizzano cookie Flash o HTML5 per raccogliere e archiviare informazioni. Diversi browser potrebbero offrire i propri strumenti di gestione per la rimozione di HTML5.<\/p>\n\n\n\n<h4 class=\"wp-block-heading\">Cookie e tecnologie simili<\/h4>\n\n\n\n<p>Quando visiti il nostro sito web o interagisci in altro modo con il Servizio, noi (o i dati di terze parti o le reti pubblicitarie con cui collaboriamo) potremmo inviare uno o pi\u00f9 &quot;cookie&quot; al tuo computer o ad altri dispositivi. Consulta la nostra Informativa sui Cookie per maggiori informazioni sui cookie che utilizziamo e sulla tua possibilit\u00e0 di controllare l&#039;utilizzo di determinati tipi di cookie. I cookie sono identificatori alfanumerici memorizzati sul tuo computer tramite il browser web e vengono utilizzati dalla maggior parte dei siti web per personalizzare la tua esperienza online.<\/p>\n\n\n\n<p>Alcuni cookie possono abilitare funzionalit\u00e0 aggiuntive del sito per migliorare prestazioni e funzionalit\u00e0, come la memorizzazione delle preferenze, l&#039;abilitazione delle interazioni social, l&#039;analisi dell&#039;utilizzo per l&#039;ottimizzazione del sito, la fornitura di contenuti personalizzati, la possibilit\u00e0 per terze parti di fornire strumenti di condivisione social e la pubblicazione di immagini o video da siti web di terze parti. Alcune funzionalit\u00e0 di questo sito non funzioneranno se non si accettano i cookie. Potremmo collegare le informazioni che memorizziamo nei cookie a qualsiasi Informazione Personale che invii durante la navigazione sul nostro sito.<\/p>\n\n\n\n<p>Potremmo utilizzare sia cookie di sessione che cookie persistenti. Il cookie di sessione scade alla chiusura del browser. Un cookie persistente rimane sul disco rigido per un periodo di tempo prolungato. I cookie persistenti ci consentono di monitorare e indirizzare gli interessi dei nostri utenti per migliorare l&#039;esperienza sul nostro sito web. Se non si desidera che informazioni vengano raccolte tramite l&#039;uso dei cookie, la maggior parte dei browser dispone di una semplice procedura che consente di rifiutare automaticamente i cookie o di scegliere se accettare o rifiutare il trasferimento sul proprio computer di uno o pi\u00f9 cookie da un sito specifico.<\/p>\n\n\n\n<p>Potresti anche voler fare riferimento a&nbsp;<a href=\"http:\/\/www.allaboutcookies.org\/manage-cookies\/index.html\">https:\/\/www.allaboutcookies.org\/manage-cookies\/index.html<\/a>. Se rifiuti i cookie, potrai comunque utilizzare il nostro sito, ma alcune funzionalit\u00e0 del sito non funzioneranno correttamente.<\/p>\n\n\n\n<ul class=\"wp-block-list\">\n<li><strong>I cookie funzionali, persistenti e di sessione, memorizzano informazioni per abilitare le funzionalit\u00e0 principali del sito.<\/strong><\/li>\n\n\n\n<li><strong>I cookie analitici ci consentono di contare le visite alle pagine e le fonti di traffico, in modo da poter misurare e migliorare le prestazioni del nostro sito.<\/strong><\/li>\n\n\n\n<li><strong>I cookie pubblicitari possono essere impostati tramite il nostro sito web dai nostri partner pubblicitari. Queste aziende potrebbero raccogliere dati che consentono loro di pubblicare annunci pubblicitari su altri siti pertinenti ai tuoi interessi.<\/strong><\/li>\n<\/ul>\n\n\n\n<p>Questo sito utilizza cookie e tecnologie di tracciamento simili, come il cookie Common ID, per fornire i propri servizi. I cookie sono strumenti importanti per misurare l&#039;efficacia della pubblicit\u00e0 e garantire un solido settore pubblicitario online.<\/p>\n\n\n\n<p>Il cookie Common ID memorizza un ID utente univoco nel dominio di prima parte ed \u00e8 accessibile ai nostri partner pubblicitari. Questo semplice ID pu\u00f2 essere utilizzato per migliorare la corrispondenza degli utenti, in particolare per la visualizzazione di annunci sui browser iOS e macOS.<\/p>\n\n\n\n<h4 class=\"wp-block-heading\">Web Beacon<\/h4>\n\n\n\n<p>Noi (o i dati di terze parti o le reti pubblicitarie con cui collaboriamo) potremmo utilizzare i Web Beacon da soli o insieme ai cookie per raccogliere informazioni sul nostro Servizio o altre informazioni che noi o loro abbiamo raccolto.<\/p>\n\n\n\n<p>I Web Beacon sono piccoli oggetti grafici incorporati in una pagina web o in un&#039;e-mail, solitamente invisibili all&#039;utente, ma che consentono di verificare se l&#039;utente ha visualizzato la pagina o l&#039;e-mail. I Web Beacon possono essere utilizzati all&#039;interno del Servizio per tracciare le visite alle pagine web, i tassi di apertura delle e-mail e altre informazioni sull&#039;utente.<\/p>\n\n\n\n<p>In alcuni casi, colleghiamo le informazioni raccolte dai Web Beacon alle Informazioni Personali dei nostri Utenti. Ad esempio, utilizziamo GIF trasparenti sulle nostre pagine web per farci sapere quali contenuti l&#039;utente preferisce. Questo ci consente di migliorare l&#039;esperienza utente e misurare l&#039;efficacia delle nostre campagne di marketing.<\/p>\n\n\n\n<h4 class=\"wp-block-heading\">Software di analisi<\/h4>\n\n\n\n<p>Noi e i nostri partner terzi di servizi di tracciamento utilizziamo file di registro sul nostro Servizio per raccogliere automaticamente determinate informazioni e archiviarle a fini analitici. Queste informazioni includono indirizzi IP (Internet Protocol), tipo di browser, provider di servizi Internet (ISP), pagine di riferimento\/uscita, sistema operativo, data\/ora e dati clickstream.<\/p>\n\n\n\n<p>Utilizziamo Google Analytics, che utilizza cookie e altre tecnologie simili per raccogliere e analizzare informazioni sull&#039;utilizzo del Servizio e generare report su attivit\u00e0 e tendenze. Questo Servizio potrebbe anche raccogliere informazioni sull&#039;utilizzo di altri siti web, app e risorse online.<\/p>\n\n\n\n<p>Puoi scoprire di pi\u00f9 sulle pratiche di Google andando su&nbsp;<a href=\"https:\/\/www.google.com\/policies\/privacy\/partners\">https:\/\/www.google.com\/policies\/privacy\/partners<\/a>, e disattivarli scaricando il componente aggiuntivo del browser per la disattivazione di Google Analytics, disponibile all&#039;indirizzo&nbsp;<a href=\"https:\/\/tools.google.com\/dlpage\/gaoptout\">https:\/\/tools.google.com\/dlpage\/gaoptout<\/a>.<\/p>\n\n\n\n<h4 class=\"wp-block-heading\">Informazioni da fonti terze<\/h4>\n\n\n\n<p>A seconda della tua posizione geografica e delle disposizioni di legge locali, potremmo anche conservare determinate informazioni su di te che noi o i nostri fornitori di servizi terzi raccogliamo indirettamente da altre fonti. Queste potrebbero includere informazioni raccolte su di te:<\/p>\n\n\n\n<ul class=\"wp-block-list\">\n<li><strong>Al fine di prevenire frodi, ad esempio utilizzando i servizi offerti da Forensiq (<a href=\"https:\/\/impact.com\/privacy-policy\">https:\/\/impact.com\/privacy-policy<\/a>)<\/strong><\/li>\n\n\n\n<li><strong>Raccogliamo determinate informazioni demografiche su di te in base a link, pubblicit\u00e0 o simili presenti sui nostri siti. Conserviamo queste informazioni solo in base a identificatori da noi creati (che possono includere indirizzi IP), ma non le colleghiamo a un nome, indirizzo email o altro identificatore univoco facilmente riconoscibile.<\/strong><\/li>\n<\/ul>\n\n\n\n<p>Anche questi fornitori terzi potrebbero raccogliere informazioni su di te su base simile e a questo proposito dovresti fare riferimento alle loro informative sulla privacy.<\/p>\n\n\n\n<h4 class=\"wp-block-heading\">Comunicazioni via e-mail<\/h4>\n\n\n\n<p>Se ci invii un&#039;e-mail, memorizzeremo tali informazioni. Potremmo anche ricevere una conferma quando apri un&#039;e-mail da noi. Utilizziamo questa conferma per migliorare i nostri Servizi, incluso il servizio clienti.<\/p>\n\n\n\n<h4 class=\"wp-block-heading\">Inserzionisti<\/h4>\n\n\n\n<p>Per supportare e migliorare i Servizi, potremmo pubblicare annunci pubblicitari e consentire la pubblicazione di annunci pubblicitari di terze parti tramite i Servizi. Questi annunci pubblicitari sono talvolta mirati e offerti a utenti specifici e possono provenire da societ\u00e0 terze chiamate &quot;reti pubblicitarie&quot;. Le reti pubblicitarie includono server pubblicitari di terze parti, agenzie pubblicitarie, fornitori di tecnologie pubblicitarie e societ\u00e0 di ricerca.<\/p>\n\n\n\n<p>Potremmo interagire con reti pubblicitarie che sono membri, organizzazioni o programmi che gestiscono le opzioni di privacy pubblicitaria che queste reti offrono ai consumatori. Se utilizzi un indirizzo IP che indica che ti trovi nell&#039;UE, potremmo chiederti il consenso prima di fornire determinate Informazioni Personali a tali reti pubblicitarie.<\/p>\n\n\n\n<p>Quando visiti il nostro Sito, reti pubblicitarie e altre parti potrebbero raccogliere informazioni sulle tue attivit\u00e0 online nel tempo e su diversi siti web. Non siamo responsabili delle pratiche sulla privacy di queste reti pubblicitarie e di altre parti.<\/p>\n\n\n\n<p>Gli annunci pubblicitari forniti tramite i Servizi possono essere indirizzati a utenti che rientrano in una determinata categoria di profilo generale, che pu\u00f2 essere dedotta dalle informazioni forniteci da un utente, pu\u00f2 essere basata sui modelli di utilizzo dei Servizi di determinati utenti o pu\u00f2 essere basata sulla tua attivit\u00e0 sui Servizi di terze parti.<\/p>\n\n\n\n<p>Non forniamo Informazioni Personali ad alcuna rete pubblicitaria per scopi diversi da quelli connessi ai Servizi. Fatto salvo quanto sopra, potremmo utilizzare i seguenti Fornitori di Servizi terzi per mostrarti annunci pubblicitari per supportare e gestire il nostro Servizio.<\/p>\n\n\n\n<p><strong>SOLO PER UTENTI UE<\/strong>: Quando utilizzi il nostro sito, alcune aziende preselezionate potrebbero accedere e utilizzare determinate informazioni sul tuo dispositivo e sui tuoi interessi per proporti annunci pubblicitari o contenuti personalizzati.<\/p>\n\n\n\n<h4 class=\"wp-block-heading\">Cookie DoubleClick di Google AdSense<\/h4>\n\n\n\n<p>Google, in qualit\u00e0 di fornitore terzo, utilizza i cookie per pubblicare annunci sul nostro Servizio. L&#039;utilizzo del cookie DoubleClick consente a Google e ai suoi partner di pubblicare annunci per i nostri utenti in base alle loro visite al nostro Servizio o ad altri siti web su Internet.<\/p>\n\n\n\n<p>Puoi disattivare l&#039;uso del cookie DoubleClick per la pubblicit\u00e0 basata sugli interessi visitando la pagina web Impostazioni annunci di Google:&nbsp;<a href=\"https:\/\/www.google.com\/ads\/preferences\">https:\/\/www.google.com\/ads\/preferences<\/a>.<\/p>\n\n\n\n<h2 class=\"wp-block-heading\" id=\"how-do-we-use-your-information\">Come utilizziamo le tue informazioni?<\/h2>\n\n\n\n<p>Potremmo utilizzare le informazioni che raccogliamo da te quando ti registri, effettui un acquisto, ti iscrivi alla nostra newsletter, rispondi a un sondaggio o a una comunicazione di marketing, navighi sul sito web o utilizzi alcune altre funzionalit\u00e0 del sito nei seguenti modi:<br>\u2022 Per personalizzare la tua esperienza e consentirci di offrirti il tipo di contenuto e di offerte di prodotti che pi\u00f9 ti interessano.<br>\u2022 Per migliorare il nostro sito web e offrirti un servizio migliore.<\/p>\n\n\n\n<h2 class=\"wp-block-heading\" id=\"how-do-we-protect-your-information\">Come proteggiamo le tue informazioni?<\/h2>\n\n\n\n<p>Utilizziamo un certificato SSL.<br>Utilizziamo regolarmente la scansione antimalware.<br>Non chiediamo mai i numeri delle carte di credito.<br>Forniamo solo articoli e informazioni.<br>Non chiediamo mai informazioni personali o private.<\/p>\n\n\n\n<h2 class=\"wp-block-heading\" id=\"third-party-disclosure\">Divulgazione a terzi<\/h2>\n\n\n\n<p>Non vendiamo, scambiamo o trasferiamo in altro modo a terzi le tue informazioni personali identificabili.<\/p>\n\n\n\n<h2 class=\"wp-block-heading\" id=\"third-party-links\">Link di terze parti<\/h2>\n\n\n\n<p>Occasionalmente, a nostra discrezione, potremmo includere o offrire prodotti o servizi di terze parti sul nostro sito web. Questi siti di terze parti hanno informative sulla privacy separate e indipendenti. Non abbiamo alcuna responsabilit\u00e0 per i contenuti e le attivit\u00e0 di questi siti collegati. Ciononostante, ci impegniamo a proteggere l&#039;integrit\u00e0 del nostro sito e accogliamo con favore qualsiasi feedback su questi siti.<\/p>\n\n\n\n<h2 class=\"wp-block-heading\" id=\"coppa-children-online-privacy-protection-act\">COPPA (Legge sulla protezione della privacy online dei minori)<\/h2>\n\n\n\n<p>Per quanto riguarda la raccolta di informazioni personali da bambini di et\u00e0 inferiore ai 13 anni, il COPPA attribuisce il controllo ai genitori. La Federal Trade Commission, agenzia statunitense per la protezione dei consumatori, applica la norma COPPA, che specifica cosa devono fare gli operatori di siti web e servizi online per proteggere la privacy e la sicurezza dei bambini online. Non ci rivolgiamo correttamente a bambini di et\u00e0 inferiore ai 13 anni.<\/p>\n\n\n\n<h2 class=\"wp-block-heading\" id=\"do-we-use-cookies\">Utilizziamo i cookie?<\/h2>\n\n\n\n<p>S\u00ec, utilizziamo i cookie. I cookie sono piccoli file utilizzati dal fornitore del servizio per trasferirli sul tuo disco rigido tramite il tuo browser web, se lo consenti. L&#039;uso dei cookie aiuta il browser a ricordare alcune informazioni e a riconoscere il tuo browser.<\/p>\n\n\n\n<h2 class=\"wp-block-heading\" id=\"fair-information-practices\">Pratiche di informazione corretta<\/h2>\n\n\n\n<p>I principi delle pratiche di corretta informazione costituiscono la spina dorsale della normativa sulla privacy negli Stati Uniti e i concetti in essi contenuti hanno svolto un ruolo significativo nello sviluppo delle leggi sulla protezione dei dati in tutto il mondo.<\/p>\n\n\n\n<p>Comprendere i Principi di correttezza informativa e come implementarli \u00e8 fondamentale per rispettare le diverse leggi sulla privacy che proteggono i dati personali. Per essere in linea con i Principi di correttezza informativa, adotteremo le seguenti misure di risposta in caso di violazione dei dati. Vi informeremo via e-mail entro sette giorni lavorativi.<\/p>\n\n\n\n<p>Siamo inoltre d&#039;accordo con il principio di ricorso individuale, che prevede che gli individui abbiano il diritto di far valere legalmente i propri diritti nei confronti dei raccoglitori e dei responsabili del trattamento dei dati che non rispettano la legge.<\/p>\n\n\n\n<p>Questo principio richiede non solo che gli individui abbiano diritti esecutivi nei confronti degli utilizzatori dei dati, ma anche che possano ricorrere ai tribunali o alle agenzie governative per indagare o perseguire la non conformit\u00e0 da parte dei responsabili del trattamento dei dati.<\/p>\n\n\n\n<h2 class=\"wp-block-heading\" id=\"can-spam-act\">Legge CAN-SPAM<\/h2>\n\n\n\n<p>Il CAN-SPAM Act \u00e8 una legge che stabilisce le regole per la posta elettronica commerciale, stabilisce i requisiti per i messaggi commerciali, d\u00e0 ai destinatari il diritto di interrompere l&#039;invio di e-mail e stabilisce severe sanzioni per le violazioni.<\/p>\n\n\n\n<ul class=\"wp-block-list\">\n<li><strong>Raccogliamo il tuo indirizzo email per:<\/strong>&nbsp;Inviare informazioni, rispondere a richieste e altre richieste o domande<\/li>\n\n\n\n<li><strong>Per seguire CAN-SPAM, accettiamo quanto segue<\/strong>: Se in qualsiasi momento desideri annullare l&#039;iscrizione per non ricevere pi\u00f9 email, puoi contattarci. Ti rimuoveremo immediatamente da TUTTA la corrispondenza.<\/li>\n<\/ul>\n\n\n\n<h2 class=\"wp-block-heading\" id=\"contacting-us\">Contattaci<\/h2>\n\n\n\n<p>In caso di domande relative alla presente informativa sulla privacy, \u00e8 possibile visitare il nostro&nbsp;<strong>Contattaci<\/strong>&nbsp;pagina. Se vuoi conoscere l&#039;autore, puoi visitare la pagina&nbsp;<strong>Chi siamo<\/strong>&nbsp;pagina. Se desideri esercitare uno di questi diritti, ti preghiamo di contattarci tramite il nostro&nbsp;<strong>Contattaci<\/strong>&nbsp;pagina.<\/p>","protected":false},"excerpt":{"rendered":"<p>This privacy policy has been compiled to serve better those who are concerned with how their \u201cPersonally Identifiable Information\u201d (PII) is being used online. PII, as described in US privacy law and information security, is information that can be used on its own or with other information to identify, contact, or locate a single person, [&hellip;]<\/p>","protected":false},"author":4,"featured_media":0,"parent":0,"menu_order":0,"comment_status":"closed","ping_status":"closed","template":"","meta":{"footnotes":""},"class_list":["post-978","page","type-page","status-publish"],"_links":{"self":[{"href":"https:\/\/universomotero.com\/it\/wp-json\/wp\/v2\/pages\/978","targetHints":{"allow":["GET"]}}],"collection":[{"href":"https:\/\/universomotero.com\/it\/wp-json\/wp\/v2\/pages"}],"about":[{"href":"https:\/\/universomotero.com\/it\/wp-json\/wp\/v2\/types\/page"}],"author":[{"embeddable":true,"href":"https:\/\/universomotero.com\/it\/wp-json\/wp\/v2\/users\/4"}],"replies":[{"embeddable":true,"href":"https:\/\/universomotero.com\/it\/wp-json\/wp\/v2\/comments?post=978"}],"version-history":[{"count":1,"href":"https:\/\/universomotero.com\/it\/wp-json\/wp\/v2\/pages\/978\/revisions"}],"predecessor-version":[{"id":2331,"href":"https:\/\/universomotero.com\/it\/wp-json\/wp\/v2\/pages\/978\/revisions\/2331"}],"wp:attachment":[{"href":"https:\/\/universomotero.com\/it\/wp-json\/wp\/v2\/media?parent=978"}],"curies":[{"name":"parola chiave","href":"https:\/\/api.w.org\/{rel}","templated":true}]}}