{"id":2317,"date":"2025-12-06T05:52:30","date_gmt":"2025-12-06T05:52:30","guid":{"rendered":"https:\/\/universomotero.com\/?page_id=2317"},"modified":"2025-12-06T05:52:31","modified_gmt":"2025-12-06T05:52:31","slug":"%e7%a7%81%e3%81%9f%e3%81%a1%e3%81%af%e8%aa%b0%e3%81%a7%e3%81%99%e3%81%8b","status":"publish","type":"page","link":"https:\/\/universomotero.com\/ja\/%e7%a7%81%e3%81%9f%e3%81%a1%e3%81%af%e8%aa%b0%e3%81%a7%e3%81%99%e3%81%8b\/","title":{"rendered":"\u79c1\u305f\u3061\u306b\u3064\u3044\u3066"},"content":{"rendered":"<p>\u79c1\u305f\u3061\u306f\u3001\u30a2\u30a4\u30c7\u30a2\u3092\u30b7\u30f3\u30d7\u30eb\u3001\u9ad8\u901f\u3001\u305d\u3057\u3066\u7f8e\u3057\u3044\u30c7\u30b8\u30bf\u30eb\u30bd\u30ea\u30e5\u30fc\u30b7\u30e7\u30f3\u3078\u3068\u5909\u63db\u3059\u308b\u3053\u3068\u306b\u60c5\u71b1\u3092\u6ce8\u3050Aleff\u306b\u3088\u3063\u30662021\u5e74\u306b\u8a2d\u7acb\u3055\u308c\u305f\u30c6\u30af\u30ce\u30ed\u30b8\u30fc\uff06\u30a2\u30d7\u30ea\u958b\u767a\u4f1a\u793e\u3067\u3059\u3002\u79c1\u305f\u3061\u306f\u660e\u78ba\u306a\u76ee\u6a19\u3092\u63b2\u3052\u3066\u8a2d\u7acb\u3055\u308c\u307e\u3057\u305f\u3002\u305d\u308c\u306f\u3001\u30c6\u30af\u30ce\u30ed\u30b8\u30fc\u3092\u4eba\u3005\u3068\u4f01\u696d\u306e\u305f\u3081\u306b\u5f79\u7acb\u3066\u3001\u30c7\u30b6\u30a4\u30f3\u6027\u306b\u512a\u308c\u3001\u4f7f\u3044\u3084\u3059\u3044\u88fd\u54c1\u3067\u73fe\u5b9f\u306e\u554f\u984c\u3092\u89e3\u6c7a\u3059\u308b\u3053\u3068\u3067\u3059\u3002.<\/p>\n<p>\u4f01\u753b\u304b\u3089\u30ea\u30ea\u30fc\u30b9\u307e\u3067\u3001\u30c7\u30b6\u30a4\u30f3\u3001\u30d1\u30d5\u30a9\u30fc\u30de\u30f3\u30b9\u3001\u30bb\u30ad\u30e5\u30ea\u30c6\u30a3\u3092\u3042\u3089\u3086\u308b\u6bb5\u968e\u3067\u7d44\u307f\u5408\u308f\u305b\u3001\u3059\u3079\u3066\u3092\u7ba1\u7406\u3057\u307e\u3059\u3002\u30e2\u30d0\u30a4\u30eb\u30a2\u30d7\u30ea\u30b1\u30fc\u30b7\u30e7\u30f3\u3001Web\u30b7\u30b9\u30c6\u30e0\u3001\u30a6\u30a7\u30d6\u30b5\u30a4\u30c8\u3001\u305d\u3057\u3066\u7d71\u5408\u958b\u767a\u306b\u304a\u3044\u3066\u3001\u30e6\u30fc\u30b6\u30fc\u30a8\u30af\u30b9\u30da\u30ea\u30a8\u30f3\u30b9\u3001\u62e1\u5f35\u6027\u3001\u305d\u3057\u3066\u6210\u679c\u3092\u5e38\u306b\u91cd\u8996\u3057\u3066\u3044\u307e\u3059\u3002.<\/p>\n<p>\u79c1\u305f\u3061\u306f\u900f\u660e\u6027\u3001\u30d1\u30fc\u30c8\u30ca\u30fc\u30b7\u30c3\u30d7\u3001\u305d\u3057\u3066\u7d99\u7d9a\u7684\u306a\u6539\u5584\u3092\u91cd\u8996\u3057\u3066\u3044\u307e\u3059\u3002\u3060\u304b\u3089\u3053\u305d\u3001\u304a\u5ba2\u69d8\u306e\u58f0\u306b\u771f\u646f\u306b\u8033\u3092\u50be\u3051\u3001\u8fc5\u901f\u306b\u30d7\u30ed\u30c8\u30bf\u30a4\u30d7\u3092\u4f5c\u6210\u3057\u3001\u9ad8\u54c1\u8cea\u306a\u6210\u679c\u3092\u304a\u5c4a\u3051\u3057\u3001\u6700\u521d\u304b\u3089\u6700\u5f8c\u307e\u3067\u3001\u3042\u3089\u3086\u308b\u6bb5\u968e\u3067\u304a\u5ba2\u69d8\u306b\u60c5\u5831\u63d0\u4f9b\u3092\u5fb9\u5e95\u3057\u3066\u3044\u307e\u3059\u3002.<\/p>\n<p>\u30d7\u30ed\u30b8\u30a7\u30af\u30c8\u306e\u5b9f\u73fe\u304b\u3089\u65e2\u5b58\u88fd\u54c1\u306e\u9032\u5316\u307e\u3067\u3001\u79c1\u305f\u3061\u306f\u304a\u5ba2\u69d8\u3068\u5171\u306b\u69cb\u7bc9\u3059\u308b\u6e96\u5099\u304c\u3067\u304d\u3066\u3044\u307e\u3059\u3002\u512a\u308c\u305f\u30c6\u30af\u30ce\u30ed\u30b8\u30fc\u3068\u306f\u3001\u30b7\u30f3\u30d7\u30eb\u3055\u3092\u5b9f\u73fe\u3059\u308b\u30c6\u30af\u30ce\u30ed\u30b8\u30fc\u3067\u3059\u3002\u305d\u3057\u3066\u3001\u79c1\u305f\u3061\u306f\u307e\u3055\u306b\u305d\u308c\u3092\u5b9f\u73fe\u3057\u307e\u3059\u3002.<\/p>","protected":false},"excerpt":{"rendered":"<p>Somos uma empresa de tecnologia e desenvolvimento de aplicativos criada em 2021 por Aleff, um entusiasta apaixonado por transformar ideias em solu\u00e7\u00f5es digitais simples, r\u00e1pidas e bonitas. Nascemos com um objetivo claro: colocar a tecnologia para trabalhar a favor das pessoas e dos neg\u00f3cios, resolvendo problemas reais com produtos bem pensados e f\u00e1ceis de usar. Atuamos do planejamento ao lan\u00e7amento, unindo design, performance e seguran\u00e7a em cada etapa. Desenvolvemos aplicativos mobile, sistemas web, sites e integra\u00e7\u00f5es, sempre com foco em experi\u00eancia do usu\u00e1rio, escalabilidade e resultados. Acreditamos em transpar\u00eancia, parceria e melhoria cont\u00ednua. Por isso, ouvimos de verdade, prototipamos com agilidade e entregamos com qualidade, mantendo voc\u00ea por dentro do [&hellip;]<\/p>","protected":false},"author":4,"featured_media":0,"parent":0,"menu_order":0,"comment_status":"closed","ping_status":"closed","template":"","meta":{"footnotes":""},"class_list":["post-2317","page","type-page","status-publish"],"_links":{"self":[{"href":"https:\/\/universomotero.com\/ja\/wp-json\/wp\/v2\/pages\/2317","targetHints":{"allow":["GET"]}}],"collection":[{"href":"https:\/\/universomotero.com\/ja\/wp-json\/wp\/v2\/pages"}],"about":[{"href":"https:\/\/universomotero.com\/ja\/wp-json\/wp\/v2\/types\/page"}],"author":[{"embeddable":true,"href":"https:\/\/universomotero.com\/ja\/wp-json\/wp\/v2\/users\/4"}],"replies":[{"embeddable":true,"href":"https:\/\/universomotero.com\/ja\/wp-json\/wp\/v2\/comments?post=2317"}],"version-history":[{"count":1,"href":"https:\/\/universomotero.com\/ja\/wp-json\/wp\/v2\/pages\/2317\/revisions"}],"predecessor-version":[{"id":2318,"href":"https:\/\/universomotero.com\/ja\/wp-json\/wp\/v2\/pages\/2317\/revisions\/2318"}],"wp:attachment":[{"href":"https:\/\/universomotero.com\/ja\/wp-json\/wp\/v2\/media?parent=2317"}],"curies":[{"name":"wp","href":"https:\/\/api.w.org\/{rel}","templated":true}]}}