{"id":2317,"date":"2025-12-06T05:52:30","date_gmt":"2025-12-06T05:52:30","guid":{"rendered":"https:\/\/universomotero.com\/?page_id=2317"},"modified":"2025-12-06T05:52:31","modified_gmt":"2025-12-06T05:52:31","slug":"%ec%9a%b0%eb%a6%ac%eb%8a%94-%eb%88%84%ea%b5%ac%ec%9d%b8%ea%b0%80","status":"publish","type":"page","link":"https:\/\/universomotero.com\/ko\/%ec%9a%b0%eb%a6%ac%eb%8a%94-%eb%88%84%ea%b5%ac%ec%9d%b8%ea%b0%80\/","title":{"rendered":"\uc6b0\ub9ac\ub294 \ub204\uad6c\uc778\uac00"},"content":{"rendered":"<p>\uc800\ud76c\ub294 2021\ub144 \uc54c\ub808\ud504\uac00 \uc124\ub9bd\ud55c \uae30\uc220 \ubc0f \uc571 \uac1c\ubc1c \ud68c\uc0ac\uc785\ub2c8\ub2e4. \uc54c\ub808\ud504\ub294 \uc544\uc774\ub514\uc5b4\ub97c \uac04\ub2e8\ud558\uace0 \ube60\ub974\uba70 \uc544\ub984\ub2e4\uc6b4 \ub514\uc9c0\ud138 \uc194\ub8e8\uc158\uc73c\ub85c \uad6c\ud604\ud558\ub294 \ub370 \uc5f4\uc815\uc744 \uac00\uc9c4 \uc0ac\ub78c\uc785\ub2c8\ub2e4. \uc800\ud76c\ub294 \uba85\ud655\ud55c \ubaa9\ud45c\ub97c \uac00\uc9c0\uace0 \ud0c4\uc0dd\ud588\uc2b5\ub2c8\ub2e4. \ubc14\ub85c \uae30\uc220\uc744 \ud65c\uc6a9\ud558\uc5ec \uc0ac\ub78c\uacfc \uae30\uc5c5\uc758 \uc2e4\uc9c8\uc801\uc778 \ubb38\uc81c\ub97c \ud574\uacb0\ud558\uace0, \uc798 \uc124\uacc4\ub418\uace0 \uc0ac\uc6a9\ud558\uae30 \uc26c\uc6b4 \uc81c\ud488\uc744 \uc81c\uacf5\ud558\ub294 \uac83\uc785\ub2c8\ub2e4.<\/p>\n<p>\uae30\ud68d\ubd80\ud130 \ucd9c\uc2dc\uae4c\uc9c0 \ubaa8\ub4e0 \uacfc\uc815\uc744 \ub2f4\ub2f9\ud558\uba70, \ub514\uc790\uc778, \uc131\ub2a5, \ubcf4\uc548\uc744 \ubaa8\ub4e0 \ub2e8\uacc4\uc5d0\uc11c \ud1b5\ud569\uc801\uc73c\ub85c \uace0\ub824\ud569\ub2c8\ub2e4. \ubaa8\ubc14\uc77c \uc560\ud50c\ub9ac\ucf00\uc774\uc158, \uc6f9 \uc2dc\uc2a4\ud15c, \uc6f9\uc0ac\uc774\ud2b8 \ubc0f \ud1b5\ud569 \uc194\ub8e8\uc158\uc744 \uac1c\ubc1c\ud558\uba70, \ud56d\uc0c1 \uc0ac\uc6a9\uc790 \uacbd\ud5d8, \ud655\uc7a5\uc131, \uadf8\ub9ac\uace0 \uc2e4\uc9c8\uc801\uc778 \uacb0\uacfc\uc5d0 \uc911\uc810\uc744 \ub461\ub2c8\ub2e4.<\/p>\n<p>\uc800\ud76c\ub294 \ud22c\uba85\uc131, \ud30c\ud2b8\ub108\uc2ed, \uadf8\ub9ac\uace0 \uc9c0\uc18d\uc801\uc778 \uac1c\uc120\uc744 \uc911\uc694\ud558\uac8c \uc0dd\uac01\ud569\ub2c8\ub2e4. \uadf8\ub807\uae30 \ub54c\ubb38\uc5d0 \uace0\uac1d\uc758 \uc758\uacac\uc744 \uc9c4\uc2ec\uc73c\ub85c \uacbd\uccad\ud558\uace0, \uc2e0\uc18d\ud558\uac8c \ud504\ub85c\ud1a0\ud0c0\uc785\uc744 \uc81c\uc791\ud558\uba70, \ucc98\uc74c\ubd80\ud130 \ub05d\uae4c\uc9c0 \ubaa8\ub4e0 \uacfc\uc815\uc744 \ud22c\uba85\ud558\uac8c \uc54c\ub824\ub4dc\ub9ac\uba74\uc11c \uace0\ud488\uc9c8\uc758 \uacb0\uacfc\ubb3c\uc744 \uc81c\uacf5\ud569\ub2c8\ub2e4.<\/p>\n<p>\uc0c8\ub85c\uc6b4 \ud504\ub85c\uc81d\ud2b8\ub97c \ud604\uc2e4\ub85c \uad6c\ud604\ud558\ub4e0 \uae30\uc874 \uc81c\ud488\uc744 \ubc1c\uc804\uc2dc\ud0a4\ub4e0, \uc800\ud76c\ub294 \uace0\uac1d\uacfc \ud568\uaed8 \ub9cc\ub4e4\uc5b4\uac08 \uc900\ube44\uac00 \ub418\uc5b4 \uc788\uc2b5\ub2c8\ub2e4. \uc88b\uc740 \uae30\uc220\uc774\ub780 \uc0ac\uc6a9\uc744 \uac04\uc18c\ud654\ud558\ub294 \uae30\uc220\uc774\uba70, \uc800\ud76c\ub294 \ubc14\ub85c \uadf8\ub7ec\ud55c \uae30\uc220\uc744 \uc81c\uacf5\ud569\ub2c8\ub2e4.<\/p>","protected":false},"excerpt":{"rendered":"<p>Somos uma empresa de tecnologia e desenvolvimento de aplicativos criada em 2021 por Aleff, um entusiasta apaixonado por transformar ideias em solu\u00e7\u00f5es digitais simples, r\u00e1pidas e bonitas. Nascemos com um objetivo claro: colocar a tecnologia para trabalhar a favor das pessoas e dos neg\u00f3cios, resolvendo problemas reais com produtos bem pensados e f\u00e1ceis de usar. [&hellip;]<\/p>","protected":false},"author":4,"featured_media":0,"parent":0,"menu_order":0,"comment_status":"closed","ping_status":"closed","template":"","meta":{"footnotes":""},"class_list":["post-2317","page","type-page","status-publish"],"_links":{"self":[{"href":"https:\/\/universomotero.com\/ko\/wp-json\/wp\/v2\/pages\/2317","targetHints":{"allow":["GET"]}}],"collection":[{"href":"https:\/\/universomotero.com\/ko\/wp-json\/wp\/v2\/pages"}],"about":[{"href":"https:\/\/universomotero.com\/ko\/wp-json\/wp\/v2\/types\/page"}],"author":[{"embeddable":true,"href":"https:\/\/universomotero.com\/ko\/wp-json\/wp\/v2\/users\/4"}],"replies":[{"embeddable":true,"href":"https:\/\/universomotero.com\/ko\/wp-json\/wp\/v2\/comments?post=2317"}],"version-history":[{"count":1,"href":"https:\/\/universomotero.com\/ko\/wp-json\/wp\/v2\/pages\/2317\/revisions"}],"predecessor-version":[{"id":2318,"href":"https:\/\/universomotero.com\/ko\/wp-json\/wp\/v2\/pages\/2317\/revisions\/2318"}],"wp:attachment":[{"href":"https:\/\/universomotero.com\/ko\/wp-json\/wp\/v2\/media?parent=2317"}],"curies":[{"name":"wp","href":"https:\/\/api.w.org\/{rel}","templated":true}]}}