{"id":2317,"date":"2025-12-06T05:52:30","date_gmt":"2025-12-06T05:52:30","guid":{"rendered":"https:\/\/universomotero.com\/?page_id=2317"},"modified":"2025-12-06T05:52:31","modified_gmt":"2025-12-06T05:52:31","slug":"siapa-kami","status":"publish","type":"page","link":"https:\/\/universomotero.com\/ms\/siapa-kami\/","title":{"rendered":"Siapakah Kami"},"content":{"rendered":"<p>Kami merupakan sebuah syarikat pembangunan teknologi dan aplikasi yang ditubuhkan pada tahun 2021 oleh Aleff, seorang peminat yang bersemangat untuk mengubah idea menjadi penyelesaian digital yang mudah, pantas dan cantik. Kami dilahirkan dengan objektif yang jelas: untuk menggunakan teknologi untuk orang ramai dan perniagaan, menyelesaikan masalah sebenar dengan produk yang direka bentuk dengan baik dan mudah digunakan.<\/p>\n<p>Kami mengendalikan segala-galanya daripada perancangan hingga pelancaran, menggabungkan reka bentuk, prestasi dan keselamatan pada setiap peringkat. Kami membangunkan aplikasi mudah alih, sistem web, laman web dan integrasi, sentiasa memberi tumpuan kepada pengalaman pengguna, kebolehskalaan dan hasil.<\/p>\n<p>Kami percaya pada ketelusan, perkongsian dan penambahbaikan berterusan. Itulah sebabnya kami benar-benar mendengar, membuat prototaip dengan cepat dan memberikan hasil yang berkualiti tinggi, memastikan anda sentiasa dimaklumkan pada setiap langkah dari awal hingga akhir.<\/p>\n<p>Sama ada ia merealisasikan projek atau mengembangkan produk sedia ada, kami bersedia untuk membina bersama anda. Teknologi yang baik ialah teknologi yang memudahkan\u2014dan itulah yang kami sampaikan.<\/p>","protected":false},"excerpt":{"rendered":"<p>Somos uma empresa de tecnologia e desenvolvimento de aplicativos criada em 2021 por Aleff, um entusiasta apaixonado por transformar ideias em solu\u00e7\u00f5es digitais simples, r\u00e1pidas e bonitas. Nascemos com um objetivo claro: colocar a tecnologia para trabalhar a favor das pessoas e dos neg\u00f3cios, resolvendo problemas reais com produtos bem pensados e f\u00e1ceis de usar. [&hellip;]<\/p>","protected":false},"author":4,"featured_media":0,"parent":0,"menu_order":0,"comment_status":"closed","ping_status":"closed","template":"","meta":{"footnotes":""},"class_list":["post-2317","page","type-page","status-publish"],"_links":{"self":[{"href":"https:\/\/universomotero.com\/ms\/wp-json\/wp\/v2\/pages\/2317","targetHints":{"allow":["GET"]}}],"collection":[{"href":"https:\/\/universomotero.com\/ms\/wp-json\/wp\/v2\/pages"}],"about":[{"href":"https:\/\/universomotero.com\/ms\/wp-json\/wp\/v2\/types\/page"}],"author":[{"embeddable":true,"href":"https:\/\/universomotero.com\/ms\/wp-json\/wp\/v2\/users\/4"}],"replies":[{"embeddable":true,"href":"https:\/\/universomotero.com\/ms\/wp-json\/wp\/v2\/comments?post=2317"}],"version-history":[{"count":1,"href":"https:\/\/universomotero.com\/ms\/wp-json\/wp\/v2\/pages\/2317\/revisions"}],"predecessor-version":[{"id":2318,"href":"https:\/\/universomotero.com\/ms\/wp-json\/wp\/v2\/pages\/2317\/revisions\/2318"}],"wp:attachment":[{"href":"https:\/\/universomotero.com\/ms\/wp-json\/wp\/v2\/media?parent=2317"}],"curies":[{"name":"wp","href":"https:\/\/api.w.org\/{rel}","templated":true}]}}