{"id":2313,"date":"2025-12-06T05:49:30","date_gmt":"2025-12-06T05:49:30","guid":{"rendered":"https:\/\/universomotero.com\/?page_id=2313"},"modified":"2025-12-06T05:49:31","modified_gmt":"2025-12-06T05:49:31","slug":"gebruiksvoorwaarden","status":"publish","type":"page","link":"https:\/\/universomotero.com\/nl\/gebruiksvoorwaarden\/","title":{"rendered":"Gebruiksvoorwaarden"},"content":{"rendered":"<br \/>\n<h2>1. Voorwaarden<\/h2>\n<p>Bij het bezoeken van de website <a href='\/nl\/universomotero.com\/'>Motoro Universe<\/a>, stemt ermee in zich hieraan te houden <a href=\"https:\/\/privacidade.me\/\" target='_BLANK' style='color: #727496; text-decoration: none;' >gebruiksvoorwaarden<\/a>, U stemt ermee in alle toepasselijke wet- en regelgeving na te leven en bent verantwoordelijk voor de naleving van alle toepasselijke lokale wetten. Indien u niet akkoord gaat met deze voorwaarden, is het u verboden deze site te gebruiken of te bezoeken. Het materiaal op deze website is beschermd door toepasselijke auteursrecht- en merkenwetgeving.<\/p>\n<h2>2. Licentiegebruik<\/h2>\n<p>U krijgt toestemming om tijdelijk \u00e9\u00e9n exemplaar van het materiaal (informatie of software) op de website van Universo Motero te downloaden, uitsluitend voor persoonlijk, niet-commercieel en tijdelijk gebruik. Dit is een licentie, geen eigendomsoverdracht, en onder deze licentie is het u niet toegestaan: <\/p>\n<ol>\n<li>het materiaal wijzigen of kopi\u00ebren;  <\/li>\n<li>Gebruik het materiaal voor commerci\u00eble doeleinden of voor openbare tentoonstelling (commercieel of niet-commercieel);  <\/li>\n<li>Het is verboden om software op de Universo Motero-website te decompileren of reverse-engineering toe te passen;  <\/li>\n<li>verwijder alle auteursrechtelijke of andere eigendomsvermeldingen van het materiaal; of  <\/li>\n<li>Geef het materiaal door aan een andere persoon of maak een kopie van het materiaal op een andere server.<\/li>\n<\/ol>\n<p>Deze licentie wordt automatisch be\u00ebindigd als u een van deze beperkingen schendt en kan te allen tijde door Universo Motero worden be\u00ebindigd. Bij be\u00ebindiging van uw toegang tot dit materiaal of bij be\u00ebindiging van deze licentie, dient u al het gedownloade materiaal in uw bezit te vernietigen, zowel in elektronische als in afgedrukte vorm.<\/p>\n<h2>3. Disclaimer<\/h2>\n<ol>\n<li>Het materiaal op de website van Universo Motero wordt aangeboden &#039;zoals het is&#039;. Universo Motero geeft geen garanties, expliciet noch impliciet, en wijst hierbij alle andere garanties af en ontkent deze, inclusief, maar niet beperkt tot, impliciete garanties of voorwaarden van verkoopbaarheid, geschiktheid voor een bepaald doel of niet-inbreuk op intellectuele eigendom of andere schending van rechten. <\/li>\n<li>Bovendien garandeert Universo Motero niet de nauwkeurigheid, de waarschijnlijke resultaten of de betrouwbaarheid van het gebruik van het materiaal op haar website of anderszins met betrekking tot dergelijk materiaal, noch van websites die aan deze site zijn gekoppeld, en doet hierover geen uitspraken.<\/li>\n<\/ol>\n<h2>4. Beperkingen<\/h2>\n<p>Universo Motero of haar leveranciers zijn in geen geval aansprakelijk voor enige schade (inclusief, maar niet beperkt tot, schade door verlies van gegevens of winst, of door bedrijfsonderbreking) die voortvloeit uit het gebruik of de onmogelijkheid tot gebruik van de materialen op de website van Universo Motero, zelfs indien Universo Motero of een bevoegd vertegenwoordiger van Universo Motero mondeling of schriftelijk op de hoogte is gesteld van de mogelijkheid van dergelijke schade. Omdat sommige rechtsgebieden geen beperkingen toestaan \u200b\u200bop impliciete garanties of beperkingen van aansprakelijkheid voor gevolgschade of incidentele schade, zijn deze beperkingen mogelijk niet op u van toepassing.<\/p>\n<h2>5. Precisie van materialen<\/h2>\n<p>De materialen op de website van Universo Motero kunnen technische, typografische of fotografische fouten bevatten. Universo Motero garandeert niet dat de materialen op haar website accuraat, volledig of actueel zijn. Universo Motero kan de materialen op haar website te allen tijde zonder voorafgaande kennisgeving wijzigen. Universo Motero verplicht zich echter niet tot het bijwerken van de materialen.<\/p>\n<h2>6. Links<\/h2>\n<p>Universo Motero heeft niet alle sites die aan haar website zijn gekoppeld, beoordeeld en is niet verantwoordelijk voor de inhoud van gelinkte sites. Het plaatsen van een link impliceert geen goedkeuring van de site door Universo Motero. Het gebruik van een gelinkte site is voor eigen risico van de gebruiker.<\/p>\n<\/p>\n<h3>Wijzigingen<\/h3>\n<p>Universo Motero kan deze websitevoorwaarden te allen tijde zonder voorafgaande kennisgeving wijzigen. Door deze website te gebruiken, stemt u ermee in gebonden te zijn aan de actuele versie van deze gebruiksvoorwaarden.<\/p>\n<h3>Toepasselijk recht<\/h3>\n<p>Deze algemene voorwaarden worden beheerst door en uitgelegd in overeenstemming met de wetten van het Motero-universum, en u onderwerpt zich onherroepelijk aan de exclusieve jurisdictie van de rechtbanken in die staat of plaats.<\/p>","protected":false},"excerpt":{"rendered":"<p>1. Termos Ao acessar ao site Universo Motero, concorda em cumprir estes termos de uso, todas as leis e regulamentos aplic\u00e1veis \u200b\u200be concorda que \u00e9 respons\u00e1vel pelo cumprimento de todas as leis locais aplic\u00e1veis. Se voc\u00ea n\u00e3o concordar com algum desses termos, est\u00e1 proibido de usar ou acessar este site. Os materiais contidos neste site [&hellip;]<\/p>","protected":false},"author":4,"featured_media":0,"parent":0,"menu_order":0,"comment_status":"closed","ping_status":"closed","template":"","meta":{"footnotes":""},"class_list":["post-2313","page","type-page","status-publish"],"_links":{"self":[{"href":"https:\/\/universomotero.com\/nl\/wp-json\/wp\/v2\/pages\/2313","targetHints":{"allow":["GET"]}}],"collection":[{"href":"https:\/\/universomotero.com\/nl\/wp-json\/wp\/v2\/pages"}],"about":[{"href":"https:\/\/universomotero.com\/nl\/wp-json\/wp\/v2\/types\/page"}],"author":[{"embeddable":true,"href":"https:\/\/universomotero.com\/nl\/wp-json\/wp\/v2\/users\/4"}],"replies":[{"embeddable":true,"href":"https:\/\/universomotero.com\/nl\/wp-json\/wp\/v2\/comments?post=2313"}],"version-history":[{"count":1,"href":"https:\/\/universomotero.com\/nl\/wp-json\/wp\/v2\/pages\/2313\/revisions"}],"predecessor-version":[{"id":2314,"href":"https:\/\/universomotero.com\/nl\/wp-json\/wp\/v2\/pages\/2313\/revisions\/2314"}],"wp:attachment":[{"href":"https:\/\/universomotero.com\/nl\/wp-json\/wp\/v2\/media?parent=2313"}],"curies":[{"name":"wp","href":"https:\/\/api.w.org\/{rel}","templated":true}]}}