{"id":2317,"date":"2025-12-06T05:52:30","date_gmt":"2025-12-06T05:52:30","guid":{"rendered":"https:\/\/universomotero.com\/?page_id=2317"},"modified":"2025-12-06T05:52:31","modified_gmt":"2025-12-06T05:52:31","slug":"wie-we-zijn","status":"publish","type":"page","link":"https:\/\/universomotero.com\/nl\/wie-we-zijn\/","title":{"rendered":"Wie we zijn"},"content":{"rendered":"<p>Wij zijn een technologie- en app-ontwikkelingsbedrijf, opgericht in 2021 door Aleff, een enthousiasteling met een passie voor het omzetten van idee\u00ebn in eenvoudige, snelle en mooie digitale oplossingen. We zijn geboren met een duidelijke doelstelling: technologie inzetten voor mensen en bedrijven, en echte problemen oplossen met goed ontworpen en gebruiksvriendelijke producten.<\/p>\n<p>Wij verzorgen alles, van planning tot lancering, waarbij we ontwerp, prestaties en beveiliging in elke fase combineren. We ontwikkelen mobiele applicaties, websystemen, websites en integraties, met altijd de focus op gebruikerservaring, schaalbaarheid en resultaten.<\/p>\n<p>Wij geloven in transparantie, samenwerking en continue verbetering. Daarom luisteren we aandachtig, ontwikkelen we snel prototypes en leveren we resultaten van hoge kwaliteit, waarbij we u van begin tot eind bij elke stap op de hoogte houden.<\/p>\n<p>Of het nu gaat om het realiseren van een project of het verder ontwikkelen van een bestaand product, wij staan klaar om met u samen te werken. Goede technologie is technologie die vereenvoudigt \u2013 en dat is wat wij leveren.<\/p>","protected":false},"excerpt":{"rendered":"<p>Somos uma empresa de tecnologia e desenvolvimento de aplicativos criada em 2021 por Aleff, um entusiasta apaixonado por transformar ideias em solu\u00e7\u00f5es digitais simples, r\u00e1pidas e bonitas. Nascemos com um objetivo claro: colocar a tecnologia para trabalhar a favor das pessoas e dos neg\u00f3cios, resolvendo problemas reais com produtos bem pensados e f\u00e1ceis de usar. [&hellip;]<\/p>","protected":false},"author":4,"featured_media":0,"parent":0,"menu_order":0,"comment_status":"closed","ping_status":"closed","template":"","meta":{"footnotes":""},"class_list":["post-2317","page","type-page","status-publish"],"_links":{"self":[{"href":"https:\/\/universomotero.com\/nl\/wp-json\/wp\/v2\/pages\/2317","targetHints":{"allow":["GET"]}}],"collection":[{"href":"https:\/\/universomotero.com\/nl\/wp-json\/wp\/v2\/pages"}],"about":[{"href":"https:\/\/universomotero.com\/nl\/wp-json\/wp\/v2\/types\/page"}],"author":[{"embeddable":true,"href":"https:\/\/universomotero.com\/nl\/wp-json\/wp\/v2\/users\/4"}],"replies":[{"embeddable":true,"href":"https:\/\/universomotero.com\/nl\/wp-json\/wp\/v2\/comments?post=2317"}],"version-history":[{"count":1,"href":"https:\/\/universomotero.com\/nl\/wp-json\/wp\/v2\/pages\/2317\/revisions"}],"predecessor-version":[{"id":2318,"href":"https:\/\/universomotero.com\/nl\/wp-json\/wp\/v2\/pages\/2317\/revisions\/2318"}],"wp:attachment":[{"href":"https:\/\/universomotero.com\/nl\/wp-json\/wp\/v2\/media?parent=2317"}],"curies":[{"name":"wp","href":"https:\/\/api.w.org\/{rel}","templated":true}]}}