{"id":2317,"date":"2025-12-06T05:52:30","date_gmt":"2025-12-06T05:52:30","guid":{"rendered":"https:\/\/universomotero.com\/?page_id=2317"},"modified":"2025-12-06T05:52:31","modified_gmt":"2025-12-06T05:52:31","slug":"kim-jestesmy","status":"publish","type":"page","link":"https:\/\/universomotero.com\/pl\/kim-jestesmy\/","title":{"rendered":"Kim jeste\u015bmy"},"content":{"rendered":"<p>Jeste\u015bmy firm\u0105 technologiczn\u0105 i dewelopersk\u0105, za\u0142o\u017con\u0105 w 2021 roku przez Aleffa, entuzjast\u0119, kt\u00f3rego pasj\u0105 jest przekszta\u0142canie pomys\u0142\u00f3w w proste, szybkie i pi\u0119kne rozwi\u0105zania cyfrowe. Narodzili\u015bmy si\u0119 z jasnym celem: zaprz\u0119ga\u0107 technologi\u0119 do pracy z lud\u017ami i firmami, rozwi\u0105zuj\u0105c rzeczywiste problemy za pomoc\u0105 dobrze zaprojektowanych i \u0142atwych w obs\u0142udze produkt\u00f3w.<\/p>\n<p>Zajmujemy si\u0119 wszystkim, od planowania po uruchomienie, \u0142\u0105cz\u0105c projektowanie, wydajno\u015b\u0107 i bezpiecze\u0144stwo na ka\u017cdym etapie. Tworzymy aplikacje mobilne, systemy webowe, strony internetowe i integracje, zawsze koncentruj\u0105c si\u0119 na do\u015bwiadczeniu u\u017cytkownika, skalowalno\u015bci i wynikach.<\/p>\n<p>Wierzymy w transparentno\u015b\u0107, partnerstwo i ci\u0105g\u0142e doskonalenie. Dlatego naprawd\u0119 s\u0142uchamy, szybko tworzymy prototypy i dostarczamy wysokiej jako\u015bci rezultaty, informuj\u0105c Ci\u0119 na ka\u017cdym etapie, od pocz\u0105tku do ko\u0144ca.<\/p>\n<p>Niezale\u017cnie od tego, czy chodzi o wdro\u017cenie projektu, czy udoskonalenie istniej\u0105cego produktu, jeste\u015bmy gotowi budowa\u0107 z Tob\u0105. Dobra technologia to technologia, kt\u00f3ra upraszcza \u2013 i w\u0142a\u015bnie to oferujemy.<\/p>","protected":false},"excerpt":{"rendered":"<p>Somos uma empresa de tecnologia e desenvolvimento de aplicativos criada em 2021 por Aleff, um entusiasta apaixonado por transformar ideias em solu\u00e7\u00f5es digitais simples, r\u00e1pidas e bonitas. Nascemos com um objetivo claro: colocar a tecnologia para trabalhar a favor das pessoas e dos neg\u00f3cios, resolvendo problemas reais com produtos bem pensados e f\u00e1ceis de usar. [&hellip;]<\/p>","protected":false},"author":4,"featured_media":0,"parent":0,"menu_order":0,"comment_status":"closed","ping_status":"closed","template":"","meta":{"footnotes":""},"class_list":["post-2317","page","type-page","status-publish"],"_links":{"self":[{"href":"https:\/\/universomotero.com\/pl\/wp-json\/wp\/v2\/pages\/2317","targetHints":{"allow":["GET"]}}],"collection":[{"href":"https:\/\/universomotero.com\/pl\/wp-json\/wp\/v2\/pages"}],"about":[{"href":"https:\/\/universomotero.com\/pl\/wp-json\/wp\/v2\/types\/page"}],"author":[{"embeddable":true,"href":"https:\/\/universomotero.com\/pl\/wp-json\/wp\/v2\/users\/4"}],"replies":[{"embeddable":true,"href":"https:\/\/universomotero.com\/pl\/wp-json\/wp\/v2\/comments?post=2317"}],"version-history":[{"count":1,"href":"https:\/\/universomotero.com\/pl\/wp-json\/wp\/v2\/pages\/2317\/revisions"}],"predecessor-version":[{"id":2318,"href":"https:\/\/universomotero.com\/pl\/wp-json\/wp\/v2\/pages\/2317\/revisions\/2318"}],"wp:attachment":[{"href":"https:\/\/universomotero.com\/pl\/wp-json\/wp\/v2\/media?parent=2317"}],"curies":[{"name":"wp","href":"https:\/\/api.w.org\/{rel}","templated":true}]}}