{"id":978,"date":"2022-03-08T07:59:47","date_gmt":"2022-03-08T07:59:47","guid":{"rendered":"https:\/\/universomotero.com\/?page_id=978"},"modified":"2025-12-06T06:00:10","modified_gmt":"2025-12-06T06:00:10","slug":"polityka-prywatnosci","status":"publish","type":"page","link":"https:\/\/universomotero.com\/pl\/polityka-prywatnosci\/","title":{"rendered":"Polityka prywatno\u015bci"},"content":{"rendered":"<p>Niniejsza polityka prywatno\u015bci zosta\u0142a opracowana z my\u015bl\u0105 o osobach, kt\u00f3re s\u0105 zaniepokojone sposobem wykorzystywania ich \u201cdanych osobowych\u201d (PII) w Internecie. Dane osobowe, zgodnie z definicj\u0105 zawart\u0105 w ameryka\u0144skim prawie o ochronie prywatno\u015bci i bezpiecze\u0144stwie informacji, to informacje, kt\u00f3re mog\u0105 by\u0107 wykorzystywane samodzielnie lub w po\u0142\u0105czeniu z innymi informacjami do identyfikacji, kontaktu lub lokalizacji pojedynczej osoby, a tak\u017ce do identyfikacji osoby w kontek\u015bcie. Prosimy o dok\u0142adne zapoznanie si\u0119 z nasz\u0105 polityk\u0105 prywatno\u015bci, aby uzyska\u0107 jasne informacje na temat sposobu gromadzenia, wykorzystywania, ochrony lub przetwarzania danych osobowych za po\u015brednictwem naszej witryny internetowej.<\/p>\n\n\n\n<h2 class=\"wp-block-heading\" id=\"when-do-we-collect-information\">Kiedy zbieramy informacje?<\/h2>\n\n\n\n<p>Gromadzimy Twoje dane, gdy zapisujesz si\u0119 do newslettera, wype\u0142niasz formularz lub wprowadzasz informacje na naszej stronie.<\/p>\n\n\n\n<h2 class=\"wp-block-heading\">Dlaczego zbieramy dane osobowe<\/h2>\n\n\n\n<p>Naszym celem jest gromadzenie, wykorzystywanie i ujawnianie wy\u0142\u0105cznie takich informacji, kt\u00f3re s\u0105 nam potrzebne do zarz\u0105dzania Twoim kontem, \u015bwiadczenia Us\u0142ug, prowadzenia list klient\u00f3w\/odwiedzaj\u0105cych, odpowiadania na Twoje zapytania lub przekazywania opinii, w celach identyfikacji i uwierzytelniania, personalizacji i ulepszania Us\u0142ug, w celach marketingowych i innych celach, o kt\u00f3rych mo\u017cemy Ci\u0119 informowa\u0107, okresowo aktualizuj\u0105c niniejsz\u0105 Polityk\u0119 prywatno\u015bci lub w inny spos\u00f3b okre\u015blony w niniejszej Polityce prywatno\u015bci.<\/p>\n\n\n\n<p>Zachowamy poufno\u015b\u0107 wszelkich danych kontaktowych, kt\u00f3re nam przeka\u017cesz rejestruj\u0105c si\u0119 w celu korzystania z Us\u0142ug lub kontaktuj\u0105c si\u0119 z nami w celu zadania pyta\u0144 lub uzyskania dalszych informacji. B\u0119dziemy je wykorzystywa\u0107 wy\u0142\u0105cznie do cel\u00f3w, w jakich zosta\u0142y zebrane (z zastrze\u017ceniem wy\u0142\u0105cze\u0144 i ujawnie\u0144 wymienionych poni\u017cej), chyba \u017ce wyra\u017anie wyrazisz zgod\u0119 na ich ujawnienie innym stronom trzecim.<\/p>\n\n\n\n<h2 class=\"wp-block-heading\">Informacje osobiste, kt\u00f3re zbieramy<\/h2>\n\n\n\n<p>Gromadzimy informacje w celu ulepszania Us\u0142ug. W tej sekcji znajdziesz wi\u0119cej informacji o tym, co gromadzimy w zwi\u0105zku z tymi celami.<\/p>\n\n\n\n<h4 class=\"wp-block-heading\">Informacje, kt\u00f3re zbieramy automatycznie<\/h4>\n\n\n\n<p>Informacje, kt\u00f3re zbieramy automatycznie, mog\u0105 obejmowa\u0107 Tw\u00f3j adres IP, identyfikator, kt\u00f3ry mo\u017cemy utworzy\u0107 i powi\u0105za\u0107 z tre\u015bci\u0105, kt\u00f3r\u0105 obejrza\u0142e\u015b, informacje z plik\u00f3w cookie i inne szczeg\u00f3\u0142y. Opisujemy je bardziej szczeg\u00f3\u0142owo poni\u017cej.<\/p>\n\n\n\n<p>Informacje te s\u0105 wykorzystywane do walki ze spamem\/z\u0142o\u015bliwym oprogramowaniem, do u\u0142atwienia gromadzenia danych dotycz\u0105cych Twojej interakcji z Us\u0142ugami (np. w jakie linki klikn\u0105\u0142e\u015b i jakie informacje udost\u0119pnia\u0142e\u015b innym, w tym za po\u015brednictwem poczty e-mail i medi\u00f3w spo\u0142eczno\u015bciowych) oraz do personalizowania i dalszego \u015bwiadczenia Us\u0142ug.<\/p>\n\n\n\n<p>Informacje zbierane automatycznie mo\u017cemy powi\u0105za\u0107 z Twoim adresem IP, urz\u0105dzeniem, kt\u00f3rego u\u017cywasz do \u0142\u0105czenia si\u0119 z identyfikatorami Us\u0142ug przekazanymi nam przez Dostawc\u00f3w Zewn\u0119trznych, lub kontami e-mail lub w mediach spo\u0142eczno\u015bciowych, kt\u00f3rych u\u017cywasz do udost\u0119pniania naszych tre\u015bci.<\/p>\n\n\n\n<p>Aby zrezygnowa\u0107 ze zbierania danych dotycz\u0105cych link\u00f3w, kt\u00f3rymi podzieli\u0142e\u015b si\u0119 z innymi, prosimy o kontakt:&nbsp;<a href=\"https:\/\/support.google.com\/ads\/answer\/2662922?hl=en-GB\">Kliknij tutaj<\/a><\/p>\n\n\n\n<p>Us\u0142ugi zazwyczaj automatycznie gromadz\u0105 informacje o u\u017cytkowaniu, takie jak liczba i cz\u0119stotliwo\u015b\u0107 odwiedzin Witryny lub aplikacji mobilnej. Mo\u017cemy wykorzystywa\u0107 te dane w formie zbiorczej, tj. jako miary statystyczne.<\/p>\n\n\n\n<p>Ten rodzaj danych zbiorczych pozwala nam i upowa\u017cnionym przez nas podmiotom trzecim okre\u015bli\u0107, jak cz\u0119sto u\u017cytkownicy korzystaj\u0105 z cz\u0119\u015bci Us\u0142ug, co pozwala nam na ich analiz\u0119 i ulepszanie. Rodzaje informacji, kt\u00f3re gromadzimy automatycznie, obejmuj\u0105:<\/p>\n\n\n\n<h4 class=\"wp-block-heading\">Informacje o urz\u0105dzeniu<\/h4>\n\n\n\n<p>Gromadzimy informacje dotycz\u0105ce konkretnego urz\u0105dzenia (takie jak model sprz\u0119tu, wersja systemu operacyjnego, unikalne identyfikatory urz\u0105dzenia oraz informacje o sieci kom\u00f3rkowej, w tym numer telefonu, je\u015bli ma to zastosowanie). Mo\u017cemy powi\u0105za\u0107 identyfikatory Twojego urz\u0105dzenia.<\/p>\n\n\n\n<h4 class=\"wp-block-heading\">Informacje z dziennika<\/h4>\n\n\n\n<p>Podczas korzystania z Us\u0142ug automatycznie gromadzimy i przechowujemy okre\u015blone informacje w dziennikach serwera. Obejmuj\u0105 one szczeg\u00f3\u0142y dotycz\u0105ce sposobu korzystania z naszych us\u0142ug. Adres protoko\u0142u internetowego, informacje o zdarzeniach urz\u0105dzenia, takich jak awarie, aktywno\u015b\u0107 systemu, ustawienia sprz\u0119towe, typ przegl\u0105darki, j\u0119zyk przegl\u0105darki, dat\u0119 i godzin\u0119 \u017c\u0105dania oraz adres URL odsy\u0142aj\u0105cy. Pliki cookie, kt\u00f3re mog\u0105 jednoznacznie identyfikowa\u0107 Twoj\u0105 przegl\u0105dark\u0119.<\/p>\n\n\n\n<h4 class=\"wp-block-heading\">Pami\u0119\u0107 lokalna<\/h4>\n\n\n\n<p>Mo\u017cemy gromadzi\u0107 i przechowywa\u0107 informacje (w tym dane osobowe) lokalnie na Twoim urz\u0105dzeniu, wykorzystuj\u0105c mechanizmy takie jak pami\u0119\u0107 przegl\u0105darki (w tym HTML 5) i pami\u0119\u0107 podr\u0119czna danych aplikacji.<\/p>\n\n\n\n<p>Podmioty zewn\u0119trzne, z kt\u00f3rymi wsp\u00f3\u0142pracujemy w celu zapewnienia okre\u015blonych funkcji na naszej stronie internetowej lub wy\u015bwietlania reklam na podstawie aktywno\u015bci u\u017cytkownika w sieci, r\u00f3wnie\u017c u\u017cywaj\u0105 plik\u00f3w cookie Flash lub HTML5 do gromadzenia i przechowywania informacji. R\u00f3\u017cne przegl\u0105darki mog\u0105 oferowa\u0107 w\u0142asne narz\u0119dzia do usuwania HTML5.<\/p>\n\n\n\n<h4 class=\"wp-block-heading\">Pliki cookie i podobne technologie<\/h4>\n\n\n\n<p>Gdy odwiedzasz nasz\u0105 stron\u0119 internetow\u0105 lub w inny spos\u00f3b korzystasz z Us\u0142ugi, my (lub zewn\u0119trzne sieci danych lub reklamy, z kt\u00f3rymi wsp\u00f3\u0142pracujemy) mo\u017cemy wys\u0142a\u0107 jeden lub wi\u0119cej plik\u00f3w \u201ccookie\u201d na Tw\u00f3j komputer lub inne urz\u0105dzenia. Zapoznaj si\u0119 z nasz\u0105 Polityk\u0105 plik\u00f3w cookie, aby uzyska\u0107 wi\u0119cej informacji o tym, jakie pliki cookie obs\u0142ugujemy i jak mo\u017cesz kontrolowa\u0107 u\u017cycie niekt\u00f3rych rodzaj\u00f3w plik\u00f3w cookie. Pliki cookie to alfanumeryczne identyfikatory przechowywane na Twoim komputerze za po\u015brednictwem przegl\u0105darki internetowej i wykorzystywane przez wi\u0119kszo\u015b\u0107 witryn internetowych w celu personalizacji Twoich wra\u017ce\u0144 z korzystania z witryny.<\/p>\n\n\n\n<p>Niekt\u00f3re pliki cookie mog\u0105 u\u0142atwia\u0107 korzystanie z dodatkowych funkcji witryny, poprawiaj\u0105c jej wydajno\u015b\u0107 i funkcjonalno\u015b\u0107, takich jak zapami\u0119tywanie preferencji, umo\u017cliwianie interakcji spo\u0142eczno\u015bciowych, analizowanie sposobu korzystania z witryny w celu optymalizacji, dostarczanie spersonalizowanych tre\u015bci, umo\u017cliwianie stronom trzecim udost\u0119pniania narz\u0119dzi do udost\u0119pniania tre\u015bci w mediach spo\u0142eczno\u015bciowych oraz wy\u015bwietlanie obraz\u00f3w lub film\u00f3w z witryn stron trzecich. Niekt\u00f3re funkcje tej witryny nie b\u0119d\u0105 dzia\u0142a\u0107, je\u015bli nie zezwolisz na obs\u0142ug\u0119 plik\u00f3w cookie. Informacje przechowywane w plikach cookie mo\u017cemy \u0142\u0105czy\u0107 z wszelkimi danymi osobowymi, kt\u00f3re prze\u015blesz podczas korzystania z naszej witryny.<\/p>\n\n\n\n<p>Mo\u017cemy u\u017cywa\u0107 zar\u00f3wno plik\u00f3w cookie identyfikuj\u0105cych sesj\u0119, jak i trwa\u0142ych. Plik cookie identyfikuj\u0105cy sesj\u0119 wygasa z chwil\u0105 zamkni\u0119cia przegl\u0105darki. Trwa\u0142y plik cookie pozostaje na dysku twardym przez d\u0142u\u017cszy czas. Trwa\u0142e pliki cookie pozwalaj\u0105 nam \u015bledzi\u0107 i dostosowywa\u0107 zainteresowania naszych u\u017cytkownik\u00f3w, aby ulepszy\u0107 komfort korzystania z naszej witryny. Je\u015bli nie chcesz, aby informacje by\u0142y gromadzone za pomoc\u0105 plik\u00f3w cookie, w wi\u0119kszo\u015bci przegl\u0105darek dost\u0119pna jest prosta procedura, kt\u00f3ra pozwala automatycznie odrzuca\u0107 pliki cookie lub umo\u017cliwia wyb\u00f3r odrzucenia lub zaakceptowania przes\u0142ania na Tw\u00f3j komputer okre\u015blonego pliku cookie (lub plik\u00f3w cookie) z okre\u015blonej witryny.<\/p>\n\n\n\n<p>Mo\u017cesz r\u00f3wnie\u017c chcie\u0107 zapozna\u0107 si\u0119 z&nbsp;<a href=\"http:\/\/www.allaboutcookies.org\/manage-cookies\/index.html\">https:\/\/www.allaboutcookies.org\/manage-cookies\/index.html<\/a>. Je\u015bli odrzucisz pliki cookie, nadal b\u0119dziesz m\u00f3g\u0142 korzysta\u0107 z naszej witryny, ale niekt\u00f3re jej funkcje nie b\u0119d\u0105 dzia\u0142a\u0107 poprawnie.<\/p>\n\n\n\n<ul class=\"wp-block-list\">\n<li><strong>Pliki cookie funkcjonalne, trwa\u0142e i sesyjne, przechowuj\u0105 informacje umo\u017cliwiaj\u0105ce korzystanie z podstawowych funkcji witryny.<\/strong><\/li>\n\n\n\n<li><strong>Pliki cookie analityczne pozwalaj\u0105 nam zlicza\u0107 odwiedziny na stronie i \u017ar\u00f3d\u0142a ruchu, dzi\u0119ki czemu mo\u017cemy mierzy\u0107 i udoskonala\u0107 wydajno\u015b\u0107 naszej witryny.<\/strong><\/li>\n\n\n\n<li><strong>Pliki cookie reklamowe mog\u0105 by\u0107 ustawiane za po\u015brednictwem naszej strony internetowej przez naszych partner\u00f3w reklamowych. Firmy te mog\u0105 gromadzi\u0107 dane, kt\u00f3re umo\u017cliwiaj\u0105 im wy\u015bwietlanie reklam w innych witrynach, kt\u00f3re odpowiadaj\u0105 Twoim zainteresowaniom.<\/strong><\/li>\n<\/ul>\n\n\n\n<p>Ta strona korzysta z plik\u00f3w cookie i podobnych technologii \u015bledzenia, takich jak plik cookie Common ID, aby \u015bwiadczy\u0107 swoje us\u0142ugi. Pliki cookie s\u0105 wa\u017cnymi narz\u0119dziami do pomiaru skuteczno\u015bci reklam i zapewnienia stabilnego rynku reklamy internetowej.<\/p>\n\n\n\n<p>Plik cookie Common ID przechowuje unikalny identyfikator u\u017cytkownika w domenie w\u0142asnej i jest dost\u0119pny dla naszych partner\u00f3w reklamowych. Ten prosty identyfikator mo\u017ce by\u0107 u\u017cywany do lepszego dopasowywania u\u017cytkownik\u00f3w, szczeg\u00f3lnie w przypadku wy\u015bwietlania reklam w przegl\u0105darkach iOS i macOS.<\/p>\n\n\n\n<h4 class=\"wp-block-heading\">Sygna\u0142y nawigacyjne<\/h4>\n\n\n\n<p>My (lub zewn\u0119trzne sieci danych lub sieci reklamowe, z kt\u00f3rymi wsp\u00f3\u0142pracujemy) mo\u017cemy u\u017cywa\u0107 sygna\u0142\u00f3w nawigacyjnych samodzielnie lub w po\u0142\u0105czeniu z plikami cookie w celu gromadzenia informacji o naszej Us\u0142udze lub innych informacji, kt\u00f3re my lub one zebrali\u015bmy.<\/p>\n\n\n\n<p>Sygna\u0142y nawigacyjne to niewielkie obiekty graficzne osadzone na stronie internetowej lub w wiadomo\u015bci e-mail. Zazwyczaj s\u0105 one niewidoczne dla u\u017cytkownika, ale pozwalaj\u0105 sprawdzi\u0107, czy u\u017cytkownik wy\u015bwietli\u0142 dan\u0105 stron\u0119 lub wiadomo\u015b\u0107 e-mail. Sygna\u0142y nawigacyjne mog\u0105 by\u0107 u\u017cywane w ramach Us\u0142ugi do \u015bledzenia odwiedzin stron internetowych, wska\u017anik\u00f3w otwar\u0107 wiadomo\u015bci e-mail i innych informacji o u\u017cytkowniku.<\/p>\n\n\n\n<p>W niekt\u00f3rych przypadkach \u0142\u0105czymy informacje gromadzone przez sygnalizatory WWW z danymi osobowymi naszych u\u017cytkownik\u00f3w. Na przyk\u0142ad, na naszych stronach internetowych u\u017cywamy przezroczystych plik\u00f3w GIF, aby dowiedzie\u0107 si\u0119, jakie tre\u015bci preferuje u\u017cytkownik. Pozwala nam to ulepsza\u0107 do\u015bwiadczenia u\u017cytkownik\u00f3w i mierzy\u0107 skuteczno\u015b\u0107 naszych kampanii marketingowych.<\/p>\n\n\n\n<h4 class=\"wp-block-heading\">Oprogramowanie analityczne<\/h4>\n\n\n\n<p>My i nasi zewn\u0119trzni partnerzy, oferuj\u0105cy narz\u0119dzia \u015bledz\u0105ce, wykorzystujemy pliki dziennika w naszym Serwisie do automatycznego gromadzenia okre\u015blonych informacji i przechowywania ich w celach analitycznych. Informacje te obejmuj\u0105 adresy protoko\u0142u internetowego (\u201cIP\u201d), typ przegl\u0105darki, dostawc\u0119 us\u0142ug internetowych (ISP), strony odsy\u0142aj\u0105ce\/wyj\u015bciowe, system operacyjny, znacznik daty\/godziny oraz dane dotycz\u0105ce strumienia klikni\u0119\u0107.<\/p>\n\n\n\n<p>Korzystamy z us\u0142ugi Google Analytics, kt\u00f3ra wykorzystuje pliki cookie i inne podobne technologie do gromadzenia i analizowania informacji o korzystaniu z Us\u0142ugi oraz raportowania aktywno\u015bci i trend\u00f3w. Us\u0142uga ta mo\u017ce r\u00f3wnie\u017c gromadzi\u0107 informacje dotycz\u0105ce korzystania z innych witryn internetowych, aplikacji i zasob\u00f3w online.<\/p>\n\n\n\n<p>Wi\u0119cej informacji na temat praktyk Google mo\u017cna uzyska\u0107, przechodz\u0105c na stron\u0119&nbsp;<a href=\"https:\/\/www.google.com\/policies\/privacy\/partners\">https:\/\/www.google.com\/policies\/privacy\/partners<\/a>, i zrezygnuj z nich, pobieraj\u0105c dodatek do przegl\u0105darki umo\u017cliwiaj\u0105cy rezygnacj\u0119 z Google Analytics, dost\u0119pny pod adresem&nbsp;<a href=\"https:\/\/tools.google.com\/dlpage\/gaoptout\">https:\/\/tools.google.com\/dlpage\/gaoptout<\/a>.<\/p>\n\n\n\n<h4 class=\"wp-block-heading\">Informacje ze \u017ar\u00f3de\u0142 zewn\u0119trznych<\/h4>\n\n\n\n<p>W zale\u017cno\u015bci od Twojej lokalizacji i przepis\u00f3w lokalnych, mo\u017cemy r\u00f3wnie\u017c przechowywa\u0107 pewne informacje o Tobie, kt\u00f3re my lub nasi zewn\u0119trzni dostawcy us\u0142ug gromadzimy po\u015brednio z innych \u017ar\u00f3de\u0142. Mog\u0105 to by\u0107 nast\u0119puj\u0105ce informacje:<\/p>\n\n\n\n<ul class=\"wp-block-list\">\n<li><strong>Aby zapobiec oszustwom, np. poprzez korzystanie z us\u0142ug oferowanych przez Forensiq (<a href=\"https:\/\/impact.com\/privacy-policy\">https:\/\/impact.com\/privacy-policy<\/a>)<\/strong><\/li>\n\n\n\n<li><strong>Gromadzenie okre\u015blonych danych demograficznych o Tobie na podstawie link\u00f3w, reklam lub podobnych element\u00f3w do kt\u00f3rejkolwiek z naszych witryn. Przechowujemy te informacje wy\u0142\u0105cznie w oparciu o utworzone przez nas identyfikatory (kt\u00f3re mog\u0105 obejmowa\u0107 adresy IP), ale nie \u0142\u0105czymy ich z imieniem i nazwiskiem, adresem e-mail ani innym \u0142atwo rozpoznawalnym, unikalnym identyfikatorem.<\/strong><\/li>\n<\/ul>\n\n\n\n<p>Wymienieni zewn\u0119trzni dostawcy us\u0142ug mog\u0105 r\u00f3wnie\u017c zbiera\u0107 informacje o Tobie na podobnej zasadzie. W tym zakresie powiniene\u015b zapozna\u0107 si\u0119 z ich politykami prywatno\u015bci.<\/p>\n\n\n\n<h4 class=\"wp-block-heading\">Komunikacja e-mailowa<\/h4>\n\n\n\n<p>Je\u015bli wy\u015blesz do nas wiadomo\u015b\u0107 e-mail, b\u0119dziemy przechowywa\u0107 te informacje. Mo\u017cemy r\u00f3wnie\u017c otrzyma\u0107 potwierdzenie, gdy otworzysz od nas wiadomo\u015b\u0107 e-mail. Wykorzystujemy to potwierdzenie do ulepszania naszych Us\u0142ug, w tym obs\u0142ugi klienta.<\/p>\n\n\n\n<h4 class=\"wp-block-heading\">Reklamodawcy<\/h4>\n\n\n\n<p>Aby wspiera\u0107 i ulepsza\u0107 Us\u0142ugi, mo\u017cemy wy\u015bwietla\u0107 reklamy, a tak\u017ce zezwala\u0107 na wy\u015bwietlanie reklam stron trzecich za po\u015brednictwem Us\u0142ug. Reklamy te s\u0105 czasami kierowane i wy\u015bwietlane konkretnym u\u017cytkownikom i mog\u0105 pochodzi\u0107 od firm zewn\u0119trznych, zwanych \u201csieciami reklamowymi\u201d. Sieci reklamowe obejmuj\u0105 zewn\u0119trzne serwery reklamowe, agencje reklamowe, dostawc\u00f3w technologii reklamowych oraz firmy badawcze.<\/p>\n\n\n\n<p>Mo\u017cemy wsp\u00f3\u0142pracowa\u0107 z sieciami reklamowymi, kt\u00f3re s\u0105 cz\u0142onkami organizacji lub programami zarz\u0105dzaj\u0105cymi opcjami prywatno\u015bci reklam oferowanych konsumentom przez te sieci. Je\u015bli u\u017cywasz adresu IP wskazuj\u0105cego, \u017ce znajdujesz si\u0119 w UE, mo\u017cemy poprosi\u0107 o Twoj\u0105 zgod\u0119 przed udost\u0119pnieniem okre\u015blonych Danych Osobowych tym sieciom reklamowym.<\/p>\n\n\n\n<p>Kiedy odwiedzasz nasz\u0105 Stron\u0119, sieci reklamowe i inne podmioty mog\u0105 gromadzi\u0107 informacje o Twojej aktywno\u015bci online w czasie i na r\u00f3\u017cnych stronach internetowych. Nie ponosimy odpowiedzialno\u015bci za polityk\u0119 prywatno\u015bci tych sieci reklamowych i innych podmiot\u00f3w.<\/p>\n\n\n\n<p>Reklamy wy\u015bwietlane za po\u015brednictwem Us\u0142ug mog\u0105 by\u0107 kierowane do u\u017cytkownik\u00f3w, kt\u00f3rzy odpowiadaj\u0105 pewnej og\u00f3lnej kategorii profilu, kt\u00f3ra mo\u017ce zosta\u0107 wywnioskowana z informacji dostarczonych nam przez u\u017cytkownika, mo\u017ce opiera\u0107 si\u0119 na wzorcach korzystania z Us\u0142ug przez konkretnych u\u017cytkownik\u00f3w lub mo\u017ce opiera\u0107 si\u0119 na Twojej aktywno\u015bci w Us\u0142ugach Stron Trzecich.<\/p>\n\n\n\n<p>Nie udost\u0119pniamy Danych Osobowych \u017cadnym sieciom reklamowym do u\u017cytku innego ni\u017c zwi\u0105zane z Us\u0142ugami. Bez ogranicze\u0144 powy\u017cszego, mo\u017cemy korzysta\u0107 z us\u0142ug nast\u0119puj\u0105cych zewn\u0119trznych Dostawc\u00f3w Us\u0142ug, aby wy\u015bwietla\u0107 Ci reklamy w celu wspierania i utrzymywania naszej Us\u0142ugi.<\/p>\n\n\n\n<p><strong>TYLKO DLA U\u017bYTKOWNIK\u00d3W Z UE<\/strong>:Kiedy korzystasz z naszej witryny, wybrane wcze\u015bniej firmy mog\u0105 uzyska\u0107 dost\u0119p do pewnych informacji na Twoim urz\u0105dzeniu i dotycz\u0105cych Twoich zainteresowa\u0144 oraz wykorzystywa\u0107 je do wy\u015bwietlania reklam lub spersonalizowanych tre\u015bci.<\/p>\n\n\n\n<h4 class=\"wp-block-heading\">Plik cookie DoubleClick Google AdSense<\/h4>\n\n\n\n<p>Google, jako dostawca zewn\u0119trzny, wykorzystuje pliki cookie do wy\u015bwietlania reklam w naszym Serwisie. Korzystanie przez Google z pliku cookie DoubleClick umo\u017cliwia Google i jego partnerom wy\u015bwietlanie reklam naszym u\u017cytkownikom na podstawie ich wizyt w naszym Serwisie lub innych witrynach internetowych.<\/p>\n\n\n\n<p>Mo\u017cesz zrezygnowa\u0107 z u\u017cywania pliku cookie DoubleClick w celu wy\u015bwietlania reklam opartych na zainteresowaniach, odwiedzaj\u0105c stron\u0119 Ustawienia reklam Google:&nbsp;<a href=\"https:\/\/www.google.com\/ads\/preferences\">https:\/\/www.google.com\/ads\/preferences<\/a>.<\/p>\n\n\n\n<h2 class=\"wp-block-heading\" id=\"how-do-we-use-your-information\">W jaki spos\u00f3b wykorzystujemy Twoje dane?<\/h2>\n\n\n\n<p>Mo\u017cemy wykorzystywa\u0107 te informacje. Gromadzimy je od Ciebie, gdy rejestrujesz si\u0119, dokonujesz zakupu, zapisujesz si\u0119 do naszego newslettera, odpowiadasz na ankiet\u0119 lub komunikat marketingowy, przegl\u0105dasz stron\u0119 internetow\u0105 lub korzystasz z niekt\u00f3rych innych funkcji witryny w nast\u0119puj\u0105cy spos\u00f3b:<br>\u2022 Aby spersonalizowa\u0107 Twoje do\u015bwiadczenia i umo\u017cliwi\u0107 nam dostarczanie tre\u015bci i produkt\u00f3w, kt\u00f3re najbardziej Ci\u0119 interesuj\u0105.<br>\u2022 Aby udoskonali\u0107 nasz\u0105 witryn\u0119 internetow\u0105 i lepiej Ci s\u0142u\u017cy\u0107.<\/p>\n\n\n\n<h2 class=\"wp-block-heading\" id=\"how-do-we-protect-your-information\">W jaki spos\u00f3b chronimy Twoje dane?<\/h2>\n\n\n\n<p>U\u017cywamy certyfikatu SSL.<br>Regularnie skanujemy komputery w poszukiwaniu z\u0142o\u015bliwego oprogramowania.<br>Nigdy nie prosimy o numery kart kredytowych.<br>Dostarczamy wy\u0142\u0105cznie artyku\u0142y i informacje.<br>Nigdy nie prosimy o podanie danych osobowych ani prywatnych.<\/p>\n\n\n\n<h2 class=\"wp-block-heading\" id=\"third-party-disclosure\">Ujawnianie informacji stronom trzecim<\/h2>\n\n\n\n<p>Nie sprzedajemy, nie wymieniamy ani w \u017caden inny spos\u00f3b nie przekazujemy osobom trzecim Twoich danych osobowych.<\/p>\n\n\n\n<h2 class=\"wp-block-heading\" id=\"third-party-links\">Linki stron trzecich<\/h2>\n\n\n\n<p>Czasami, wed\u0142ug w\u0142asnego uznania, mo\u017cemy umieszcza\u0107 lub oferowa\u0107 na naszej stronie internetowej produkty lub us\u0142ugi stron trzecich. Te witryny stron trzecich maj\u0105 odr\u0119bne i niezale\u017cne polityki prywatno\u015bci. Nie ponosimy \u017cadnej odpowiedzialno\u015bci za tre\u015bci i dzia\u0142ania tych powi\u0105zanych witryn. Niemniej jednak dbamy o integralno\u015b\u0107 naszej witryny i z zadowoleniem przyjmujemy wszelkie opinie na temat tych witryn.<\/p>\n\n\n\n<h2 class=\"wp-block-heading\" id=\"coppa-children-online-privacy-protection-act\">COPPA (Ustawa o ochronie prywatno\u015bci dzieci w Internecie)<\/h2>\n\n\n\n<p>W kwestii gromadzenia danych osobowych dzieci poni\u017cej 13. roku \u017cycia, ustawa COPPA daje rodzicom pe\u0142n\u0105 kontrol\u0119. Federalna Komisja Handlu (FTC), ameryka\u0144ska agencja ochrony konsument\u00f3w, egzekwuje przepisy COPPA, kt\u00f3re okre\u015blaj\u0105, jakie dzia\u0142ania musz\u0105 podj\u0105\u0107 operatorzy stron internetowych i us\u0142ug online, aby chroni\u0107 prywatno\u015b\u0107 i bezpiecze\u0144stwo dzieci w Internecie. Nie prowadzimy prawid\u0142owej dzia\u0142alno\u015bci marketingowej skierowanej do dzieci poni\u017cej 13. roku \u017cycia.<\/p>\n\n\n\n<h2 class=\"wp-block-heading\" id=\"do-we-use-cookies\">Czy u\u017cywamy plik\u00f3w cookie?<\/h2>\n\n\n\n<p>Tak, u\u017cywamy plik\u00f3w cookie. Pliki cookie to niewielkie pliki u\u017cywane przez dostawc\u0119 us\u0142ug do przesy\u0142ania ich na dysk twardy za po\u015brednictwem przegl\u0105darki internetowej, je\u015bli na to zezwolisz. Korzystanie z plik\u00f3w cookie pomaga przegl\u0105darce zapami\u0119ta\u0107 pewne informacje i rozpozna\u0107 Twoj\u0105 przegl\u0105dark\u0119.<\/p>\n\n\n\n<h2 class=\"wp-block-heading\" id=\"fair-information-practices\">Uczciwe praktyki informacyjne<\/h2>\n\n\n\n<p>Zasady uczciwych praktyk informacyjnych stanowi\u0105 podstaw\u0119 prawa ochrony prywatno\u015bci w Stanach Zjednoczonych, a zawarte w nich koncepcje odegra\u0142y znacz\u0105c\u0105 rol\u0119 w rozwoju przepis\u00f3w o ochronie danych na ca\u0142ym \u015bwiecie.<\/p>\n\n\n\n<p>Zrozumienie Zasad Uczciwego Post\u0119powania z Informacj\u0105 i sposobu ich wdra\u017cania jest kluczowe dla przestrzegania r\u00f3\u017cnych przepis\u00f3w o ochronie prywatno\u015bci, kt\u00f3re chroni\u0105 dane osobowe. Aby zachowa\u0107 zgodno\u015b\u0107 z Zasadami Uczciwego Post\u0119powania z Informacj\u0105, podejmiemy nast\u0119puj\u0105ce dzia\u0142ania w przypadku naruszenia danych. Powiadomimy Ci\u0119 o tym e-mailem w ci\u0105gu siedmiu dni roboczych.<\/p>\n\n\n\n<p>Zgadzamy si\u0119 r\u00f3wnie\u017c z zasad\u0105 indywidualnego dochodzenia roszcze\u0144, kt\u00f3ra wymaga, aby osoby mia\u0142y prawo dochodzenia swoich praw na drodze prawnej od podmiot\u00f3w gromadz\u0105cych i przetwarzaj\u0105cych dane, kt\u00f3re nie przestrzegaj\u0105 prawa.<\/p>\n\n\n\n<p>Zasada ta wymaga nie tylko, aby osoby fizyczne mia\u0142y egzekwowalne prawa wobec u\u017cytkownik\u00f3w danych, ale tak\u017ce, aby osoby fizyczne mia\u0142y mo\u017cliwo\u015b\u0107 odwo\u0142ania si\u0119 do s\u0105d\u00f3w lub organ\u00f3w rz\u0105dowych w celu zbadania lub \u015bcigania przypadk\u00f3w nieprzestrzegania zasad przez podmioty przetwarzaj\u0105ce dane.<\/p>\n\n\n\n<h2 class=\"wp-block-heading\" id=\"can-spam-act\">Ustawa CAN-SPAM<\/h2>\n\n\n\n<p>Ustawa CAN-SPAM to prawo, kt\u00f3re ustala zasady dotycz\u0105ce komercyjnej poczty elektronicznej, ustala wymagania dotycz\u0105ce wiadomo\u015bci komercyjnych, przyznaje odbiorcom prawo do \u017c\u0105dania zablokowania wysy\u0142ania do nich wiadomo\u015bci e-mail oraz przewiduje surowe kary za naruszenia.<\/p>\n\n\n\n<ul class=\"wp-block-list\">\n<li><strong>Gromadzimy Tw\u00f3j adres e-mail, aby:<\/strong>&nbsp;Wysy\u0142anie informacji, odpowiadanie na zapytania i inne pro\u015bby lub pytania<\/li>\n\n\n\n<li><strong>Aby przestrzega\u0107 przepis\u00f3w CAN-SPAM, zgadzamy si\u0119 na nast\u0119puj\u0105ce warunki<\/strong>Je\u015bli w dowolnym momencie chcesz zrezygnowa\u0107 z otrzymywania dalszych wiadomo\u015bci e-mail, skontaktuj si\u0119 z nami. Niezw\u0142ocznie usuniemy Ci\u0119 ze WSZELKIEJ korespondencji.<\/li>\n<\/ul>\n\n\n\n<h2 class=\"wp-block-heading\" id=\"contacting-us\">Skontaktuj si\u0119 z nami<\/h2>\n\n\n\n<p>W przypadku pyta\u0144 dotycz\u0105cych niniejszej polityki prywatno\u015bci prosimy o odwiedzenie naszej strony internetowej:&nbsp;<strong>Skontaktuj si\u0119 z nami<\/strong>&nbsp;strona. Je\u015bli chcesz dowiedzie\u0107 si\u0119 czego\u015b o autorze, mo\u017cesz odwiedzi\u0107&nbsp;<strong>O nas<\/strong>&nbsp;strona. Je\u015bli chcesz skorzysta\u0107 z kt\u00f3regokolwiek z tych praw, skontaktuj si\u0119 z nami za po\u015brednictwem naszej strony internetowej.&nbsp;<strong>Skontaktuj si\u0119 z nami<\/strong>&nbsp;strona.<\/p>","protected":false},"excerpt":{"rendered":"<p>This privacy policy has been compiled to serve better those who are concerned with how their \u201cPersonally Identifiable Information\u201d (PII) is being used online. PII, as described in US privacy law and information security, is information that can be used on its own or with other information to identify, contact, or locate a single person, [&hellip;]<\/p>","protected":false},"author":4,"featured_media":0,"parent":0,"menu_order":0,"comment_status":"closed","ping_status":"closed","template":"","meta":{"footnotes":""},"class_list":["post-978","page","type-page","status-publish"],"_links":{"self":[{"href":"https:\/\/universomotero.com\/pl\/wp-json\/wp\/v2\/pages\/978","targetHints":{"allow":["GET"]}}],"collection":[{"href":"https:\/\/universomotero.com\/pl\/wp-json\/wp\/v2\/pages"}],"about":[{"href":"https:\/\/universomotero.com\/pl\/wp-json\/wp\/v2\/types\/page"}],"author":[{"embeddable":true,"href":"https:\/\/universomotero.com\/pl\/wp-json\/wp\/v2\/users\/4"}],"replies":[{"embeddable":true,"href":"https:\/\/universomotero.com\/pl\/wp-json\/wp\/v2\/comments?post=978"}],"version-history":[{"count":1,"href":"https:\/\/universomotero.com\/pl\/wp-json\/wp\/v2\/pages\/978\/revisions"}],"predecessor-version":[{"id":2331,"href":"https:\/\/universomotero.com\/pl\/wp-json\/wp\/v2\/pages\/978\/revisions\/2331"}],"wp:attachment":[{"href":"https:\/\/universomotero.com\/pl\/wp-json\/wp\/v2\/media?parent=978"}],"curies":[{"name":"wp","href":"https:\/\/api.w.org\/{rel}","templated":true}]}}