{"id":978,"date":"2022-03-08T07:59:47","date_gmt":"2022-03-08T07:59:47","guid":{"rendered":"https:\/\/universomotero.com\/?page_id=978"},"modified":"2025-12-06T06:00:10","modified_gmt":"2025-12-06T06:00:10","slug":"politica-de-confidentialitate-2","status":"publish","type":"page","link":"https:\/\/universomotero.com\/ro\/politica-de-confidentialitate-2\/","title":{"rendered":"Politica de confiden\u021bialitate"},"content":{"rendered":"<p>Aceast\u0103 politic\u0103 de confiden\u021bialitate a fost elaborat\u0103 pentru a servi mai bine celor preocupa\u021bi de modul \u00een care \u201cInforma\u021biile lor personale de identificare\u201d (PII) sunt utilizate online. PII, a\u0219a cum este descris \u00een legisla\u021bia american\u0103 privind confiden\u021bialitatea \u0219i securitatea informa\u021biilor, sunt informa\u021bii care pot fi utilizate separat sau \u00eempreun\u0103 cu alte informa\u021bii pentru a identifica, contacta sau localiza o singur\u0103 persoan\u0103 sau pentru a identifica o persoan\u0103 \u00een context. V\u0103 rug\u0103m s\u0103 citi\u021bi cu aten\u021bie politica noastr\u0103 de confiden\u021bialitate pentru a \u00een\u021belege clar modul \u00een care colect\u0103m, utiliz\u0103m, protej\u0103m sau gestion\u0103m \u00een alt mod informa\u021biile dumneavoastr\u0103 personale de identificare prin intermediul site-ului nostru web.<\/p>\n\n\n\n<h2 class=\"wp-block-heading\" id=\"when-do-we-collect-information\">C\u00e2nd colect\u0103m informa\u021bii?<\/h2>\n\n\n\n<p>Colect\u0103m informa\u021bii de la dumneavoastr\u0103 atunci c\u00e2nd v\u0103 abona\u021bi la un buletin informativ, completa\u021bi un formular sau introduce\u021bi informa\u021bii pe site-ul nostru.<\/p>\n\n\n\n<h2 class=\"wp-block-heading\">De ce colect\u0103m informa\u021bii personale<\/h2>\n\n\n\n<p>Ne propunem s\u0103 colect\u0103m, s\u0103 utiliz\u0103m \u0219i s\u0103 divulg\u0103m doar informa\u021biile necesare pentru a ne permite s\u0103 v\u0103 gestion\u0103m contul, s\u0103 v\u0103 furniz\u0103m Serviciile, s\u0103 men\u021binem listele de clien\u021bi\/vizitatori, s\u0103 r\u0103spundem la solicit\u0103rile dvs. sau s\u0103 v\u0103 oferim feedback, \u00een scopuri de identificare \u0219i autentificare, pentru a personaliza \u0219i \u00eembun\u0103t\u0103\u021bi Serviciile, \u00een scopuri de marketing \u0219i \u00een alte scopuri despre care v\u0103 putem informa prin actualizarea periodic\u0103 a acestei Politici de confiden\u021bialitate sau conform celor prev\u0103zute \u00een aceast\u0103 Politic\u0103 de confiden\u021bialitate.<\/p>\n\n\n\n<p>Vom p\u0103stra confiden\u021bialitatea oric\u0103ror informa\u021bii de contact pe care ni le furniza\u021bi la \u00eenscrierea la Servicii sau la contactarea noastr\u0103 cu \u00eentreb\u0103ri sau pentru informa\u021bii suplimentare \u0219i le vom utiliza numai \u00een scopurile pentru care le-am colectat (sub rezerva excluderilor \u0219i divulg\u0103rilor pe care le-am enumerat mai jos), cu excep\u021bia cazului \u00een care sunte\u021bi de acord \u00een mod explicit c\u0103 le putem divulga altor ter\u021be p\u0103r\u021bi.<\/p>\n\n\n\n<h2 class=\"wp-block-heading\">Informa\u021bii personale pe care le colect\u0103m<\/h2>\n\n\n\n<p>Colect\u0103m informa\u021bii pentru a \u00eembun\u0103t\u0103\u021bi Serviciile. Aceast\u0103 sec\u021biune ofer\u0103 informa\u021bii suplimentare despre ceea ce colect\u0103m \u00een leg\u0103tur\u0103 cu aceste obiective.<\/p>\n\n\n\n<h4 class=\"wp-block-heading\">Informa\u021biile pe care le colect\u0103m automat<\/h4>\n\n\n\n<p>Informa\u021biile pe care le colect\u0103m automat pot include adresa dvs. IP, un ID pe care \u00eel putem crea \u0219i asocia cu con\u021binutul nostru pe care l-a\u021bi consumat, informa\u021bii despre cookie-uri \u0219i alte detalii, iar acestea sunt descrise mai detaliat mai jos.<\/p>\n\n\n\n<p>Aceste informa\u021bii sunt utilizate pentru combaterea spamului\/malware-ului, pentru a facilita colectarea datelor privind interac\u021biunea dvs. cu Serviciile (de exemplu, ce linkuri a\u021bi accesat \u0219i pe care le-a\u021bi distribuit cu al\u021bii, inclusiv prin e-mail \u0219i re\u021bele sociale) \u0219i pentru a personaliza \u0219i a continua operarea Serviciilor.<\/p>\n\n\n\n<p>Este posibil s\u0103 asociem informa\u021biile pe care le colect\u0103m prin mijloace automate cu adresa dvs. IP, dispozitivul pe care \u00eel utiliza\u021bi pentru a v\u0103 conecta la identificatorii Serviciilor furniza\u021bi nou\u0103 de Furnizori Ter\u021bi sau conturile de e-mail sau de socializare pe care le utiliza\u021bi pentru a partaja con\u021binutul nostru.<\/p>\n\n\n\n<p>Pentru a renun\u021ba la colectarea datelor referitoare la linkurile pe care le-a\u021bi partajat cu alte persoane, v\u0103 rug\u0103m&nbsp;<a href=\"https:\/\/support.google.com\/ads\/answer\/2662922?hl=en-GB\">click aici<\/a><\/p>\n\n\n\n<p>\u00cen general, Serviciile colecteaz\u0103 automat informa\u021bii de utilizare, cum ar fi num\u0103rul \u0219i frecven\u021ba vizitatorilor Site-ului sau ai aplica\u021biei mobile. Putem utiliza aceste date \u00een form\u0103 agregat\u0103, adic\u0103 ca m\u0103sur\u0103 statistic\u0103.<\/p>\n\n\n\n<p>Acest tip de date agregate ne permite nou\u0103 \u0219i ter\u021bilor autoriza\u021bi de noi s\u0103 afl\u0103m c\u00e2t de des utilizeaz\u0103 anumite p\u0103r\u021bi ale Serviciilor, astfel \u00eenc\u00e2t s\u0103 le putem analiza \u0219i \u00eembun\u0103t\u0103\u021bi. Tipurile de informa\u021bii pe care le colect\u0103m automat includ:<\/p>\n\n\n\n<h4 class=\"wp-block-heading\">Informa\u021bii despre dispozitiv<\/h4>\n\n\n\n<p>Colect\u0103m informa\u021bii specifice dispozitivului (cum ar fi modelul hardware-ului, versiunea sistemului de operare, identificatorii unici ai dispozitivului \u0219i informa\u021biile despre re\u021beaua mobil\u0103, inclusiv un num\u0103r de telefon, dac\u0103 este cazul). Este posibil s\u0103 asociem identificatorii dispozitivului dvs.<\/p>\n\n\n\n<h4 class=\"wp-block-heading\">Informa\u021bii despre jurnal<\/h4>\n\n\n\n<p>C\u00e2nd utiliza\u021bi Serviciile, colect\u0103m \u0219i stoc\u0103m automat anumite informa\u021bii \u00een jurnalele serverului. Acestea includ detalii despre modul \u00een care a\u021bi utilizat serviciul nostru. Adresa protocolului de internet, informa\u021bii despre evenimentele dispozitivului, cum ar fi bloc\u0103rile, activitatea sistemului, set\u0103rile hardware, tipul de browser, limba browserului, data \u0219i ora solicit\u0103rii dvs. \u0219i adresa URL de trimitere. Cookie-uri care pot identifica \u00een mod unic browserul dvs.<\/p>\n\n\n\n<h4 class=\"wp-block-heading\">Stocare local\u0103<\/h4>\n\n\n\n<p>Este posibil s\u0103 colect\u0103m \u0219i s\u0103 stoc\u0103m informa\u021bii (inclusiv informa\u021bii personale) local pe dispozitivul dvs. utiliz\u00e2nd mecanisme precum stocarea web a browserului (inclusiv HTML 5) \u0219i memoria cache a datelor aplica\u021biilor.<\/p>\n\n\n\n<p>Ter\u021bii cu care colabor\u0103m pentru a oferi anumite func\u021bii pe site-ul nostru web sau pentru a afi\u0219a reclame pe baza activit\u0103\u021bii dvs. de navigare web utilizeaz\u0103, de asemenea, cookie-uri Flash sau HTML5 pentru a colecta \u0219i stoca informa\u021bii. Diverse browsere pot oferi propriile instrumente de gestionare pentru eliminarea HTML5.<\/p>\n\n\n\n<h4 class=\"wp-block-heading\">Cookie-uri \u0219i tehnologii similare<\/h4>\n\n\n\n<p>C\u00e2nd vizita\u021bi site-ul nostru web sau interac\u021biona\u021bi \u00een alt mod cu Serviciul, noi (sau re\u021belele de date sau publicitare ter\u021be cu care colabor\u0103m) putem trimite unul sau mai multe \u201ccookie-uri\u201d c\u0103tre computerul sau alte dispozitive ale dvs. V\u0103 rug\u0103m s\u0103 consulta\u021bi Politica noastr\u0103 privind cookie-urile pentru mai multe informa\u021bii despre cookie-urile pe care le utiliz\u0103m \u0219i despre capacitatea dvs. de a controla utilizarea anumitor tipuri de cookie-uri. Cookie-urile sunt identificatori alfanumerici stoca\u021bi pe computerul dvs. prin intermediul browserului web \u0219i sunt utiliza\u021bi de majoritatea site-urilor web pentru a v\u0103 ajuta s\u0103 v\u0103 personaliza\u021bi experien\u021ba web.<\/p>\n\n\n\n<p>Unele cookie-uri pot facilita func\u021bii suplimentare ale site-ului pentru performan\u021be \u0219i func\u021bionalit\u0103\u021bi \u00eembun\u0103t\u0103\u021bite, cum ar fi memorarea preferin\u021belor, permiterea interac\u021biunilor sociale, analizarea utiliz\u0103rii pentru optimizarea site-ului, furnizarea de con\u021binut personalizat, permiterea ter\u021bilor s\u0103 ofere instrumente de partajare social\u0103 \u0219i difuzarea de imagini sau videoclipuri de pe site-uri web ter\u021be. Unele func\u021bii ale acestui site nu vor func\u021biona dac\u0103 nu permite\u021bi cookie-urile. Este posibil s\u0103 leg\u0103m informa\u021biile pe care le stoc\u0103m \u00een cookie-uri de orice Informa\u021bii personale pe care le trimite\u021bi \u00een timp ce v\u0103 afla\u021bi pe site-ul nostru.<\/p>\n\n\n\n<p>Putem folosi at\u00e2t cookie-uri de sesiune, c\u00e2t \u0219i cookie-uri persistente. Cookie-ul de sesiune expir\u0103 atunci c\u00e2nd \u00eenchide\u021bi browserul. Un cookie persistent r\u0103m\u00e2ne pe hard disk pentru o perioad\u0103 extins\u0103 de timp. Cookie-urile persistente ne permit s\u0103 urm\u0103rim \u0219i s\u0103 direc\u021bion\u0103m interesele utilizatorilor no\u0219tri pentru a \u00eembun\u0103t\u0103\u021bi experien\u021ba pe site-ul nostru web. Dac\u0103 nu dori\u021bi ca informa\u021biile s\u0103 fie colectate prin utilizarea cookie-urilor, exist\u0103 o procedur\u0103 simpl\u0103 \u00een majoritatea browserelor care v\u0103 permite s\u0103 refuza\u021bi automat cookie-urile sau s\u0103 ave\u021bi op\u021biunea de a refuza sau de a accepta transferul pe computerul dvs. al unui anumit cookie (sau cookie-uri) de pe un anumit site.<\/p>\n\n\n\n<p>De asemenea, pute\u021bi consulta&nbsp;<a href=\"http:\/\/www.allaboutcookies.org\/manage-cookies\/index.html\">https:\/\/www.allaboutcookies.org\/manage-cookies\/index.html<\/a>. Dac\u0103 respinge\u021bi modulele cookie, pute\u021bi utiliza \u00een continuare site-ul nostru, dar unele func\u021bii ale site-ului nu vor func\u021biona corect.<\/p>\n\n\n\n<ul class=\"wp-block-list\">\n<li><strong>Cookie-urile func\u021bionale, persistente \u0219i de tip sesiune, stocheaz\u0103 informa\u021bii pentru a activa func\u021bionalitatea principal\u0103 a site-ului.<\/strong><\/li>\n\n\n\n<li><strong>Cookie-urile analitice ne permit s\u0103 num\u0103r\u0103m vizitele pe pagin\u0103 \u0219i sursele de trafic, astfel \u00eenc\u00e2t s\u0103 putem m\u0103sura \u0219i \u00eembun\u0103t\u0103\u021bi performan\u021ba site-ului nostru.<\/strong><\/li>\n\n\n\n<li><strong>Cookie-urile publicitare pot fi setate prin intermediul site-ului nostru web de c\u0103tre partenerii no\u0219tri de publicitate. Aceste companii pot colecta date care le permit s\u0103 afi\u0219eze reclame pe alte site-uri relevante pentru interesele dvs.<\/strong><\/li>\n<\/ul>\n\n\n\n<p>Acest site utilizeaz\u0103 cookie-uri \u0219i tehnologii de urm\u0103rire similare, cum ar fi cookie-ul Common ID, pentru a-\u0219i furniza serviciile. Cookie-urile sunt dispozitive importante pentru m\u0103surarea eficien\u021bei publicit\u0103\u021bii \u0219i pentru asigurarea unei industrii de publicitate online robuste.<\/p>\n\n\n\n<p>Cookie-ul Common ID stocheaz\u0103 un ID de utilizator unic \u00een domeniul proprietar \u0219i este accesibil partenerilor no\u0219tri publicitari. Acest ID simplu poate fi folosit pentru a \u00eembun\u0103t\u0103\u021bi potrivirea utilizatorilor, \u00een special pentru difuzarea de reclame \u00een browserele iOS \u0219i macOS.<\/p>\n\n\n\n<h4 class=\"wp-block-heading\">Beacon-uri web<\/h4>\n\n\n\n<p>Noi (sau re\u021belele de date sau publicitare ter\u021be cu care colabor\u0103m) putem utiliza Web Beacon-uri singure sau \u00eempreun\u0103 cu cookie-uri pentru a compila informa\u021bii despre Serviciul nostru sau alte informa\u021bii pe care noi sau ace\u0219tia le-am colectat.<\/p>\n\n\n\n<p>Web Beacon-urile sunt obiecte grafice minuscule \u00eencorporate \u00eentr-o pagin\u0103 web sau \u00eentr-un e-mail \u0219i sunt de obicei invizibile pentru utilizator, dar permit verificarea faptului c\u0103 un utilizator a vizualizat pagina sau e-mailul. Web Beacon-urile pot fi utilizate \u00een cadrul Serviciului pentru a urm\u0103ri vizitele pe paginile web, ratele de deschidere a e-mailurilor \u0219i alte informa\u021bii despre utilizator.<\/p>\n\n\n\n<p>\u00cen unele cazuri, leg\u0103m informa\u021biile colectate de Web Beacons de informa\u021biile personale ale utilizatorilor no\u0219tri. De exemplu, folosim GIF-uri transparente pe paginile noastre web pentru a ne anun\u021ba ce con\u021binut prefer\u0103 utilizatorul. Acest lucru ne permite s\u0103 \u00eembun\u0103t\u0103\u021bim experien\u021ba utilizatorului \u0219i s\u0103 m\u0103sur\u0103m eficacitatea campaniilor noastre de marketing.<\/p>\n\n\n\n<h4 class=\"wp-block-heading\">Software de analiz\u0103<\/h4>\n\n\n\n<p>Noi \u0219i partenerii no\u0219tri ter\u021bi de utilitare de urm\u0103rire folosim fi\u0219iere jurnal \u00een Serviciul nostru pentru a colecta automat anumite informa\u021bii \u0219i a le stoca \u00een scopuri analitice. Aceste informa\u021bii includ adrese de protocol internet (\u201cIP\u201d), tipul de browser, furnizorul de servicii internet (ISP), paginile de referin\u021b\u0103\/ie\u0219ire, sistemul de operare, data\/ora \u0219i datele clickstream.<\/p>\n\n\n\n<p>Folosim Google Analytics, care utilizeaz\u0103 cookie-uri \u0219i alte tehnologii similare pentru a colecta \u0219i analiza informa\u021bii despre utilizarea Serviciului \u0219i pentru a raporta activit\u0103\u021bi \u0219i tendin\u021be. Acest serviciu poate colecta, de asemenea, informa\u021bii privind utilizarea altor site-uri web, aplica\u021bii \u0219i resurse online.<\/p>\n\n\n\n<p>Pute\u021bi afla despre practicile Google acces\u00e2nd&nbsp;<a href=\"https:\/\/www.google.com\/policies\/privacy\/partners\">https:\/\/www.google.com\/policies\/privacy\/partners<\/a>, \u0219i renun\u021ba\u021bi la acestea desc\u0103rc\u00e2nd extensia de browser pentru dezactivarea Google Analytics, disponibil\u0103 la&nbsp;<a href=\"https:\/\/tools.google.com\/dlpage\/gaoptout\">https:\/\/tools.google.com\/dlpage\/gaoptout<\/a>.<\/p>\n\n\n\n<h4 class=\"wp-block-heading\">Informa\u021bii din surse ter\u021be<\/h4>\n\n\n\n<p>\u00cen func\u021bie de locul \u00een care v\u0103 afla\u021bi \u0219i de prevederile legisla\u021biei locale, este posibil s\u0103 stoc\u0103m \u0219i anumite informa\u021bii despre dvs. pe care noi sau furnizorii no\u0219tri de servicii ter\u021bi le colect\u0103m indirect despre dvs. din alte surse. Acestea pot include informa\u021bii colectate despre dvs.:<\/p>\n\n\n\n<ul class=\"wp-block-list\">\n<li><strong>Pentru a preveni frauda, cum ar fi prin utilizarea serviciilor oferite de Forensiq (<a href=\"https:\/\/impact.com\/privacy-policy\">https:\/\/impact.com\/privacy-policy<\/a>)<\/strong><\/li>\n\n\n\n<li><strong>Colectarea anumitor informa\u021bii demografice despre dvs. pe baza linkurilor, reclamelor sau a unor elemente similare c\u0103tre oricare dintre site-urile noastre. Stoc\u0103m aceste informa\u021bii numai \u00een raport cu identificatorii crea\u021bi de noi (care pot include adrese IP), dar nu leg\u0103m aceste informa\u021bii de un nume, o adres\u0103 de e-mail sau un alt identificator unic u\u0219or de recunoscut.<\/strong><\/li>\n<\/ul>\n\n\n\n<p>Ace\u0219ti furnizori ter\u021bi pot colecta, de asemenea, informa\u021bii despre dvs. \u00een mod similar, iar dvs. ar trebui s\u0103 consulta\u021bi politicile lor de confiden\u021bialitate \u00een acest sens.<\/p>\n\n\n\n<h4 class=\"wp-block-heading\">Comunic\u0103ri prin e-mail<\/h4>\n\n\n\n<p>Dac\u0103 ne trimite\u021bi un e-mail, vom stoca aceste informa\u021bii. De asemenea, este posibil s\u0103 primim o confirmare atunci c\u00e2nd deschide\u021bi un e-mail de la noi. Folosim aceast\u0103 confirmare pentru a \u00eembun\u0103t\u0103\u021bi Serviciile noastre, inclusiv serviciul clien\u021bi.<\/p>\n\n\n\n<h4 class=\"wp-block-heading\">Agen\u021bi de publicitate<\/h4>\n\n\n\n<p>Pentru a sus\u021bine \u0219i \u00eembun\u0103t\u0103\u021bi Serviciile, este posibil s\u0103 difuz\u0103m reclame \u0219i, de asemenea, s\u0103 permitem reclame de la ter\u021bi prin intermediul Serviciilor. Aceste reclame sunt uneori direc\u021bionate \u0219i difuzate c\u0103tre anumi\u021bi utilizatori \u0219i pot proveni de la companii ter\u021be numite \u201cre\u021bele publicitare\u201d. Re\u021belele publicitare includ servere publicitare ter\u021be, agen\u021bii de publicitate, furnizori de tehnologie publicitar\u0103 \u0219i firme de cercetare.<\/p>\n\n\n\n<p>Este posibil s\u0103 interac\u021bion\u0103m cu re\u021bele publicitare care sunt membre sau organiza\u021bii sau programe care gestioneaz\u0103 op\u021biunile de confiden\u021bialitate publicitar\u0103 pe care aceste re\u021bele publicitare le ofer\u0103 consumatorilor. Dac\u0103 utiliza\u021bi o adres\u0103 IP care indic\u0103 faptul c\u0103 v\u0103 afla\u021bi \u00een UE, este posibil s\u0103 v\u0103 solicit\u0103m consim\u021b\u0103m\u00e2ntul \u00eenainte de a furniza anumite informa\u021bii personale acelor re\u021bele publicitare.<\/p>\n\n\n\n<p>C\u00e2nd vizita\u021bi Site-ul nostru, re\u021belele publicitare \u0219i alte p\u0103r\u021bi pot colecta informa\u021bii despre activit\u0103\u021bile dvs. online \u00een timp \u0219i pe diferite site-uri web. Nu suntem responsabili pentru practicile de confiden\u021bialitate ale acestor re\u021bele publicitare \u0219i ale altor p\u0103r\u021bi.<\/p>\n\n\n\n<p>Reclamele difuzate prin intermediul Serviciilor pot fi direc\u021bionate c\u0103tre utilizatorii care se \u00eencadreaz\u0103 \u00eentr-o anumit\u0103 categorie general\u0103 de profil, care poate fi dedus\u0103 din informa\u021biile furnizate nou\u0103 de un utilizator, se poate baza pe modelele de utilizare a Serviciilor de c\u0103tre anumi\u021bi utilizatori sau se poate baza pe activitatea dvs. pe Serviciile ter\u021bilor.<\/p>\n\n\n\n<p>Nu furniz\u0103m Informa\u021bii Personale niciunei re\u021bele publicitare pentru alte utiliz\u0103ri dec\u00e2t \u00een leg\u0103tur\u0103 cu Serviciile. F\u0103r\u0103 a limita cele de mai sus, putem utiliza urm\u0103torii Furnizori de Servicii ter\u021bi pentru a v\u0103 afi\u0219a reclame care s\u0103 ne ajute s\u0103 sus\u021binem \u0219i s\u0103 \u00eentre\u021binem Serviciul nostru.<\/p>\n\n\n\n<p><strong>NUMAI PENTRU UTILIZATORII DIN UE<\/strong>C\u00e2nd utiliza\u021bi site-ul nostru, companiile preselectate pot accesa \u0219i utiliza anumite informa\u021bii de pe dispozitivul dvs. \u0219i despre interesele dvs. pentru a difuza reclame sau con\u021binut personalizat.<\/p>\n\n\n\n<h4 class=\"wp-block-heading\">Cookie-ul DoubleClick de la Google AdSense<\/h4>\n\n\n\n<p>Google, \u00een calitate de furnizor ter\u021b, utilizeaz\u0103 cookie-uri pentru a difuza reclame pe Serviciul nostru. Utilizarea cookie-ului DoubleClick de c\u0103tre Google permite companiei \u0219i partenerilor s\u0103i s\u0103 difuzeze reclame utilizatorilor no\u0219tri pe baza vizitei acestora pe Serviciul nostru sau pe alte site-uri web de pe internet.<\/p>\n\n\n\n<p>Pute\u021bi renun\u021ba la utilizarea cookie-ului DoubleClick pentru publicitatea bazat\u0103 pe interese acces\u00e2nd pagina web Set\u0103ri Google Ads:&nbsp;<a href=\"https:\/\/www.google.com\/ads\/preferences\">https:\/\/www.google.com\/ads\/preferences<\/a>.<\/p>\n\n\n\n<h2 class=\"wp-block-heading\" id=\"how-do-we-use-your-information\">Cum utiliz\u0103m informa\u021biile dvs.?<\/h2>\n\n\n\n<p>Este posibil s\u0103 folosim informa\u021biile. Colect\u0103m de la dvs. atunci c\u00e2nd v\u0103 \u00eenregistra\u021bi, face\u021bi o achizi\u021bie, v\u0103 abona\u021bi la newsletter-ul nostru, r\u0103spunde\u021bi la un sondaj sau la o comunicare de marketing, naviga\u021bi pe site sau utiliza\u021bi anumite alte func\u021bii ale site-ului \u00een urm\u0103toarele moduri:<br>\u2022 Pentru a v\u0103 personaliza experien\u021ba \u0219i pentru a ne permite s\u0103 v\u0103 oferim tipul de con\u021binut \u0219i ofertele de produse care v\u0103 intereseaz\u0103 cel mai mult.<br>\u2022 Pentru a \u00eembun\u0103t\u0103\u021bi site-ul nostru web \u0219i a v\u0103 oferi servicii mai bune.<\/p>\n\n\n\n<h2 class=\"wp-block-heading\" id=\"how-do-we-protect-your-information\">Cum v\u0103 protej\u0103m informa\u021biile?<\/h2>\n\n\n\n<p>Folosim un certificat SSL.<br>Folosim scanare regulat\u0103 pentru programe malware.<br>Nu cerem niciodat\u0103 numere de card de credit.<br>Noi oferim doar articole \u0219i informa\u021bii.<br>Nu solicit\u0103m niciodat\u0103 informa\u021bii personale sau private.<\/p>\n\n\n\n<h2 class=\"wp-block-heading\" id=\"third-party-disclosure\">Dezv\u0103luirea c\u0103tre ter\u021bi<\/h2>\n\n\n\n<p>Nu vindem, nu comercializ\u0103m \u0219i nu transfer\u0103m \u00een alt mod c\u0103tre ter\u021bi Informa\u021biile dumneavoastr\u0103 personale de identificare.<\/p>\n\n\n\n<h2 class=\"wp-block-heading\" id=\"third-party-links\">Linkuri c\u0103tre ter\u021bi<\/h2>\n\n\n\n<p>Ocazional, la discre\u021bia noastr\u0103, putem include sau oferi produse sau servicii ale unor ter\u021be p\u0103r\u021bi pe site-ul nostru web. Aceste site-uri ter\u021be au politici de confiden\u021bialitate separate \u0219i independente. Nu avem nicio responsabilitate pentru con\u021binutul \u0219i activit\u0103\u021bile acestor site-uri conectate. Cu toate acestea, \u00eencerc\u0103m s\u0103 protej\u0103m integritatea site-ului nostru \u0219i primim cu bucurie orice feedback despre aceste site-uri.<\/p>\n\n\n\n<h2 class=\"wp-block-heading\" id=\"coppa-children-online-privacy-protection-act\">COPPA (Legea privind protec\u021bia confiden\u021bialit\u0103\u021bii copiilor online)<\/h2>\n\n\n\n<p>\u00cen ceea ce prive\u0219te colectarea informa\u021biilor personale de la copii sub v\u00e2rsta de 13 ani, COPPA ofer\u0103 p\u0103rin\u021bilor controlul. Comisia Federal\u0103 pentru Comer\u021b, agen\u021bia pentru protec\u021bia consumatorilor din Statele Unite, aplic\u0103 Regula COPPA, care precizeaz\u0103 ce trebuie s\u0103 fac\u0103 operatorii de site-uri web \u0219i servicii online pentru a proteja confiden\u021bialitatea \u0219i siguran\u021ba copiilor online. Nu comercializ\u0103m \u00een mod corect copiii sub v\u00e2rsta de 13 ani.<\/p>\n\n\n\n<h2 class=\"wp-block-heading\" id=\"do-we-use-cookies\">Folosim cookie-uri?<\/h2>\n\n\n\n<p>Da, folosim cookie-uri. Cookie-urile sunt fi\u0219iere mici folosite de furnizorul de servicii pentru a le transfera pe hard disk-ul dvs. prin intermediul browserului web, dac\u0103 le permite\u021bi. Utilizarea cookie-urilor va ajuta browserul s\u0103 \u00ee\u0219i aminteasc\u0103 anumite informa\u021bii \u0219i s\u0103 recunoasc\u0103 browserul dvs.<\/p>\n\n\n\n<h2 class=\"wp-block-heading\" id=\"fair-information-practices\">Practici informa\u021bionale corecte<\/h2>\n\n\n\n<p>Principiile practicilor corecte \u00een materie de informa\u021bii constituie coloana vertebral\u0103 a legisla\u021biei privind confiden\u021bialitatea datelor din Statele Unite, iar conceptele pe care le includ au jucat un rol semnificativ \u00een dezvoltarea legilor privind protec\u021bia datelor la nivel global.<\/p>\n\n\n\n<p>\u00cen\u021belegerea Principiilor de Practic\u0103 Informativ\u0103 Corect\u0103 \u0219i a modului \u00een care acestea ar trebui implementate este esen\u021bial\u0103 pentru respectarea diverselor legi privind confiden\u021bialitatea care protejeaz\u0103 informa\u021biile personale. Pentru a fi \u00een conformitate cu Practicile Informative Corecte, vom lua urm\u0103toarele m\u0103suri de r\u0103spuns \u00een cazul \u00een care are loc o \u00eenc\u0103lcare a securit\u0103\u021bii datelor. V\u0103 vom notifica prin e-mail \u00een termen de \u0219apte zile lucr\u0103toare.<\/p>\n\n\n\n<p>De asemenea, suntem de acord cu Principiul Repara\u021biei Individuale, care impune ca indivizii s\u0103 aib\u0103 dreptul de a exercita \u00een mod legal drepturi opozabile \u00eempotriva colectorilor \u0219i a procesatorilor de date care nu respect\u0103 legea.<\/p>\n\n\n\n<p>Acest principiu impune nu numai ca indivizii s\u0103 aib\u0103 drepturi opozabile \u00eempotriva utilizatorilor de date, ci \u0219i ca indivizii s\u0103 poat\u0103 recurge la instan\u021be sau agen\u021bii guvernamentale pentru a investiga sau a urm\u0103ri penal nerespectarea reglement\u0103rilor de c\u0103tre procesatorii de date.<\/p>\n\n\n\n<h2 class=\"wp-block-heading\" id=\"can-spam-act\">Legea CAN-SPAM<\/h2>\n\n\n\n<p>Legea CAN-SPAM este o lege care stabile\u0219te regulile pentru e-mailurile comerciale, stabile\u0219te cerin\u021be pentru mesajele comerciale, ofer\u0103 destinatarilor dreptul de a li se opri trimiterea de e-mailuri \u0219i prevede sanc\u021biuni severe pentru \u00eenc\u0103lc\u0103ri.<\/p>\n\n\n\n<ul class=\"wp-block-list\">\n<li><strong>Colect\u0103m adresa dvs. de e-mail c\u0103tre:<\/strong>&nbsp;Trimite\u021bi informa\u021bii, r\u0103spunde\u021bi la solicit\u0103ri \u0219i alte solicit\u0103ri sau \u00eentreb\u0103ri<\/li>\n\n\n\n<li><strong>Pentru a urm\u0103ri CAN-SPAM, suntem de acord cu urm\u0103toarele<\/strong>Dac\u0103 dori\u021bi oric\u00e2nd s\u0103 v\u0103 dezabona\u021bi de la primirea de e-mailuri viitoare, ne pute\u021bi contacta. \u0218i v\u0103 vom elimina imediat din TOAT\u0102 coresponden\u021ba.<\/li>\n<\/ul>\n\n\n\n<h2 class=\"wp-block-heading\" id=\"contacting-us\">Contacta\u0163i-ne<\/h2>\n\n\n\n<p>Dac\u0103 ave\u021bi \u00eentreb\u0103ri cu privire la aceast\u0103 politic\u0103 de confiden\u021bialitate, pute\u021bi vizita&nbsp;<strong>Contacta\u0163i-ne<\/strong>&nbsp;pagin\u0103. Dac\u0103 vrei s\u0103 afli mai multe despre autor, po\u021bi vizita&nbsp;<strong>Despre noi<\/strong>&nbsp;pagin\u0103. Dac\u0103 dori\u021bi s\u0103 exercita\u021bi oricare dintre aceste drepturi, v\u0103 rug\u0103m s\u0103 ne contacta\u021bi pe pagina noastr\u0103&nbsp;<strong>Contacta\u0163i-ne<\/strong>&nbsp;pagin\u0103.<\/p>","protected":false},"excerpt":{"rendered":"<p>This privacy policy has been compiled to serve better those who are concerned with how their \u201cPersonally Identifiable Information\u201d (PII) is being used online. PII, as described in US privacy law and information security, is information that can be used on its own or with other information to identify, contact, or locate a single person, [&hellip;]<\/p>","protected":false},"author":4,"featured_media":0,"parent":0,"menu_order":0,"comment_status":"closed","ping_status":"closed","template":"","meta":{"footnotes":""},"class_list":["post-978","page","type-page","status-publish"],"_links":{"self":[{"href":"https:\/\/universomotero.com\/ro\/wp-json\/wp\/v2\/pages\/978","targetHints":{"allow":["GET"]}}],"collection":[{"href":"https:\/\/universomotero.com\/ro\/wp-json\/wp\/v2\/pages"}],"about":[{"href":"https:\/\/universomotero.com\/ro\/wp-json\/wp\/v2\/types\/page"}],"author":[{"embeddable":true,"href":"https:\/\/universomotero.com\/ro\/wp-json\/wp\/v2\/users\/4"}],"replies":[{"embeddable":true,"href":"https:\/\/universomotero.com\/ro\/wp-json\/wp\/v2\/comments?post=978"}],"version-history":[{"count":1,"href":"https:\/\/universomotero.com\/ro\/wp-json\/wp\/v2\/pages\/978\/revisions"}],"predecessor-version":[{"id":2331,"href":"https:\/\/universomotero.com\/ro\/wp-json\/wp\/v2\/pages\/978\/revisions\/2331"}],"wp:attachment":[{"href":"https:\/\/universomotero.com\/ro\/wp-json\/wp\/v2\/media?parent=978"}],"curies":[{"name":"wp","href":"https:\/\/api.w.org\/{rel}","templated":true}]}}