{"id":2317,"date":"2025-12-06T05:52:30","date_gmt":"2025-12-06T05:52:30","guid":{"rendered":"https:\/\/universomotero.com\/?page_id=2317"},"modified":"2025-12-06T05:52:31","modified_gmt":"2025-12-06T05:52:31","slug":"kto-sme","status":"publish","type":"page","link":"https:\/\/universomotero.com\/sk\/kto-sme\/","title":{"rendered":"Kto sme"},"content":{"rendered":"<p>Sme spolo\u010dnos\u0165 zaoberaj\u00faca sa v\u00fdvojom technol\u00f3gi\u00ed a aplik\u00e1ci\u00ed, ktor\u00fa v roku 2021 zalo\u017eil Aleff, nad\u0161enec s v\u00e1\u0161\u0148ou premie\u0148aj\u00faci n\u00e1pady na jednoduch\u00e9, r\u00fdchle a kr\u00e1sne digit\u00e1lne rie\u0161enia. Vznikli sme s jasn\u00fdm cie\u013eom: vyu\u017ei\u0165 technol\u00f3gie v pr\u00e1ci pre \u013eud\u00ed a firmy a rie\u0161i\u0165 skuto\u010dn\u00e9 probl\u00e9my pomocou dobre navrhnut\u00fdch a \u013eahko pou\u017eite\u013en\u00fdch produktov.<\/p>\n<p>Zabezpe\u010dujeme v\u0161etko od pl\u00e1novania a\u017e po spustenie, pri\u010dom v ka\u017edej f\u00e1ze kombinujeme dizajn, v\u00fdkon a bezpe\u010dnos\u0165. Vyv\u00edjame mobiln\u00e9 aplik\u00e1cie, webov\u00e9 syst\u00e9my, webov\u00e9 str\u00e1nky a integr\u00e1cie, pri\u010dom sa v\u017edy zameriavame na pou\u017e\u00edvate\u013esk\u00fa sk\u00fasenos\u0165, \u0161k\u00e1lovate\u013enos\u0165 a v\u00fdsledky.<\/p>\n<p>Ver\u00edme v transparentnos\u0165, partnerstvo a neust\u00e1le zlep\u0161ovanie. Preto skuto\u010dne po\u010d\u00favame, r\u00fdchlo vytv\u00e1rame prototypy a dod\u00e1vame vysoko kvalitn\u00e9 v\u00fdsledky, pri\u010dom v\u00e1s informujeme o ka\u017edom kroku od za\u010diatku do konca.<\/p>\n<p>\u010ci u\u017e ide o realiz\u00e1ciu projektu alebo v\u00fdvoj existuj\u00faceho produktu, sme pripraven\u00ed s vami tvori\u0165. Dobr\u00e1 technol\u00f3gia je technol\u00f3gia, ktor\u00e1 zjednodu\u0161uje \u2013 a to je to, \u010do poskytujeme.<\/p>","protected":false},"excerpt":{"rendered":"<p>Somos uma empresa de tecnologia e desenvolvimento de aplicativos criada em 2021 por Aleff, um entusiasta apaixonado por transformar ideias em solu\u00e7\u00f5es digitais simples, r\u00e1pidas e bonitas. Nascemos com um objetivo claro: colocar a tecnologia para trabalhar a favor das pessoas e dos neg\u00f3cios, resolvendo problemas reais com produtos bem pensados e f\u00e1ceis de usar. [&hellip;]<\/p>","protected":false},"author":4,"featured_media":0,"parent":0,"menu_order":0,"comment_status":"closed","ping_status":"closed","template":"","meta":{"footnotes":""},"class_list":["post-2317","page","type-page","status-publish"],"_links":{"self":[{"href":"https:\/\/universomotero.com\/sk\/wp-json\/wp\/v2\/pages\/2317","targetHints":{"allow":["GET"]}}],"collection":[{"href":"https:\/\/universomotero.com\/sk\/wp-json\/wp\/v2\/pages"}],"about":[{"href":"https:\/\/universomotero.com\/sk\/wp-json\/wp\/v2\/types\/page"}],"author":[{"embeddable":true,"href":"https:\/\/universomotero.com\/sk\/wp-json\/wp\/v2\/users\/4"}],"replies":[{"embeddable":true,"href":"https:\/\/universomotero.com\/sk\/wp-json\/wp\/v2\/comments?post=2317"}],"version-history":[{"count":1,"href":"https:\/\/universomotero.com\/sk\/wp-json\/wp\/v2\/pages\/2317\/revisions"}],"predecessor-version":[{"id":2318,"href":"https:\/\/universomotero.com\/sk\/wp-json\/wp\/v2\/pages\/2317\/revisions\/2318"}],"wp:attachment":[{"href":"https:\/\/universomotero.com\/sk\/wp-json\/wp\/v2\/media?parent=2317"}],"curies":[{"name":"wp","href":"https:\/\/api.w.org\/{rel}","templated":true}]}}