{"id":2311,"date":"2025-12-06T05:48:33","date_gmt":"2025-12-06T05:48:33","guid":{"rendered":"https:\/\/universomotero.com\/?page_id=2311"},"modified":"2025-12-06T05:48:33","modified_gmt":"2025-12-06T05:48:33","slug":"pravilnik-o-zasebnosti-2","status":"publish","type":"page","link":"https:\/\/universomotero.com\/sl\/pravilnik-o-zasebnosti-2\/","title":{"rendered":"Pravilnik o zasebnosti"},"content":{"rendered":"<p>Va\u0161a zasebnost nam je pomembna. Politika podjetja Universo Motero je spo\u0161tovanje va\u0161e zasebnosti glede vseh informacij, ki jih lahko zberemo od vas na spletnem mestu.&nbsp;<a href=\"https:\/\/privacidade.me\/universomotero.com\">Motoro Universe<\/a>, in druga spletna mesta, ki so v na\u0161i lasti in jih upravljamo.<\/p>\n\n\n\n<p>Osebne podatke zahtevamo le, kadar jih resni\u010dno potrebujemo za opravljanje storitve. To po\u010dnemo po\u0161teno in zakonito, z va\u0161im vedenjem in soglasjem. Obvestimo vas tudi, zakaj jih zbiramo in kako bodo uporabljeni.<\/p>\n\n\n\n<p>Zbrane podatke hranimo le toliko \u010dasa, kolikor je potrebno za zagotavljanje zahtevane storitve. Ko podatke shranjujemo, jih za\u0161\u010ditimo na komercialno sprejemljiv na\u010din, da prepre\u010dimo izgubo in krajo ter nepoobla\u0161\u010den dostop, razkritje, kopiranje, uporabo ali spreminjanje.<\/p>\n\n\n\n<p>Osebnih podatkov ne delimo javno ali s tretjimi osebami, razen kadar to zahteva zakon.<\/p>\n\n\n\n<p>Na\u0161e spletno mesto lahko vsebuje povezave do zunanjih spletnih mest, ki jih ne upravljamo mi. Upo\u0161tevajte, da nimamo nadzora nad vsebino in praksami teh spletnih mest in ne moremo prevzeti odgovornosti za njihove pravilnike.&nbsp;<a href=\"https:\/\/privacidade.me\/\" target=\"_BLANK\" rel=\"noreferrer noopener\">pravilniki o zasebnosti<\/a>.<\/p>\n\n\n\n<p>Na\u0161o zahtevo za osebne podatke lahko zavrnete, pri \u010demer se zavedate, da vam morda ne bomo mogli zagotoviti nekaterih storitev, ki jih \u017eelite.<\/p>\n\n\n\n<p>Nadaljnja uporaba na\u0161ega spletnega mesta se bo \u0161tela za sprejetje na\u0161ih praks glede zasebnosti in osebnih podatkov. \u010ce imate kakr\u0161na koli vpra\u0161anja o tem, kako ravnamo s podatki uporabnikov in osebnimi podatki, nas kontaktirajte.<\/p>\n\n\n\n<h2 class=\"wp-block-heading\">Varnost in zaupanje spletnega mesta Universo Motero<\/h2>\n\n\n\n<p>Spletna stran je zanesljiva in varna za brskanje uporabnikov, kot je navedel [vir\/podjetje].&nbsp;<a target=\"_BLANK\" href=\"https:\/\/confiavel.com.br\/universomotero.com\" rel=\"noreferrer noopener\">Preverjanje<\/a>. Stran preveri podatke spletnega mesta, da bi odkrila morebitne varnostne te\u017eave. Orodje preveri dejavnost brskanja.&nbsp;<a target=\"_BLANK\" href=\"https:\/\/transparencyreport.google.com\/safe-browsing\/search?url=universomotero.com\" rel=\"noreferrer noopener\">Googlova varnost<\/a>&nbsp;To ka\u017ee, da je spletno mesto varno.<\/p>\n\n\n\n<h2 class=\"wp-block-heading\">Pravilnik o pi\u0161kotkih Universo Motero<\/h2>\n\n\n\n<h3 class=\"wp-block-heading\">Kaj so pi\u0161kotki?<\/h3>\n\n\n\n<p>Kot je obi\u010dajna praksa na skoraj vseh profesionalnih spletnih mestih, tudi to spletno mesto uporablja pi\u0161kotke, ki so majhne datoteke, prenesene na va\u0161 ra\u010dunalnik, za izbolj\u0161anje va\u0161e izku\u0161nje. Ta stran opisuje, katere podatke zbirajo, kako jih uporabljamo in zakaj v\u010dasih moramo shraniti te pi\u0161kotke. Delili bomo tudi s tem, kako lahko prepre\u010dite shranjevanje teh pi\u0161kotkov, vendar lahko to poslab\u0161a ali \u2018pokvari\u2019 nekatere elemente funkcionalnosti spletnega mesta.<\/p>\n\n\n\n<h3 class=\"wp-block-heading\">Kako uporabljamo pi\u0161kotke?<\/h3>\n\n\n\n<p>Pi\u0161kotke uporabljamo iz razli\u010dnih razlogov, ki so podrobneje opisani spodaj. \u017dal v ve\u010dini primerov ni standardnih mo\u017enosti za onemogo\u010danje pi\u0161kotkov, ne da bi popolnoma onemogo\u010dili funkcionalnost in lastnosti, ki jih dodajo na to spletno mesto. Priporo\u010dljivo je, da pustite vse pi\u0161kotke omogo\u010dene, \u010de niste prepri\u010dani, ali jih potrebujete ali ne, v primeru, da se uporabljajo za zagotavljanje storitve, ki jo uporabljate.<\/p>\n\n\n\n<h3 class=\"wp-block-heading\">Onemogo\u010di pi\u0161kotke<\/h3>\n\n\n\n<p>Nastavitev pi\u0161kotkov lahko prepre\u010dite tako, da prilagodite nastavitve v svojem brskalniku (za navodila glejte pomo\u010d brskalnika). Zavedajte se, da bo onemogo\u010danje pi\u0161kotkov vplivalo na delovanje tega in mnogih drugih spletnih mest, ki jih obi\u0161\u010dete. Onemogo\u010danje pi\u0161kotkov obi\u010dajno povzro\u010di tudi onemogo\u010danje dolo\u010denih funkcij in funkcij tega spletnega mesta. Zato je priporo\u010dljivo, da pi\u0161kotkov ne onemogo\u010dite.<\/p>\n\n\n\n<h3 class=\"wp-block-heading\">Pi\u0161kotki, ki jih nastavimo<\/h3>\n\n\n\n<ul class=\"wp-block-list\">\n<li>Pi\u0161kotki, povezani z ra\u010dunom<br><br>\u010ce pri nas ustvarite ra\u010dun, bomo za upravljanje postopka registracije in splo\u0161no administracijo uporabljali pi\u0161kotke. Ti pi\u0161kotki se obi\u010dajno izbri\u0161ejo, ko se odjavite iz sistema, vendar lahko v nekaterih primerih ostanejo tudi po tem, ko zapustite sistem, da si zapomnijo va\u0161e nastavitve spletnega mesta.<br><\/li>\n\n\n\n<li>Pi\u0161kotki, povezani s prijavo<br><br>Pi\u0161kotke uporabljamo, ko ste prijavljeni, da si zapomnimo to dejanje. To prepre\u010duje, da bi se morali vsaki\u010d prijaviti, ko obi\u0161\u010dete novo stran. Ti pi\u0161kotki se obi\u010dajno odstranijo ali izbri\u0161ejo, ko se odjavite, da zagotovimo, da lahko dostopate do omejenih virov in obmo\u010dij le, ko ste prijavljeni.<br><\/li>\n\n\n\n<li>Pi\u0161kotki, povezani z e-po\u0161tnimi novicami<br><br>To spletno mesto ponuja storitve naro\u010dnine na novice ali e-po\u0161to, pi\u0161kotki pa se lahko uporabljajo za pomnjenje, ali ste \u017ee registrirani in ali naj se prika\u017eejo dolo\u010dena obvestila, ki veljajo samo za naro\u010dene\/odjavljene uporabnike.<br><\/li>\n\n\n\n<li>Pi\u0161kotki, povezani z obdelavo naro\u010dil<br><br>To spletno mesto ponuja mo\u017enosti e-trgovine in pla\u010dila, nekateri pi\u0161kotki pa so bistveni za zagotovitev, da se va\u0161e naro\u010dilo shrani med stranmi, da ga lahko pravilno obdelamo.<br><\/li>\n\n\n\n<li>Pi\u0161kotki, povezani z iskanji<br><br>Ob\u010dasno ponujamo ankete in vpra\u0161alnike, da bi zagotovili zanimive informacije, uporabna orodja ali natan\u010dneje razumeli na\u0161o uporabni\u0161ko bazo. Te ankete lahko uporabljajo pi\u0161kotke, da si zapomnijo, kdo je \u017ee sodeloval v anketi, ali da zagotovijo natan\u010dne rezultate po spremembah strani.<br><\/li>\n\n\n\n<li>Pi\u0161kotki, povezani z obrazci<br><br>Ko podatke oddate prek obrazca, kot so tisti na straneh za stik ali obrazcih za komentarje, se lahko pi\u0161kotki nastavijo tako, da si zapomnijo va\u0161e uporabni\u0161ke podatke za prihodnjo korespondenco.<br><\/li>\n\n\n\n<li>Pi\u0161kotki za nastavitve spletnega mesta<br><br>Da bi vam zagotovili odli\u010dno izku\u0161njo na tem spletnem mestu, ponujamo funkcionalnost, s katero lahko nastavite svoje nastavitve glede delovanja tega spletnega mesta, ko ga uporabljate. Da si zapomnimo va\u0161e nastavitve, moramo nastaviti pi\u0161kotke, da lahko te podatke pridobimo vsaki\u010d, ko uporabljate stran, na katero vplivajo va\u0161e nastavitve.<\/li>\n<\/ul>\n\n\n\n<h3 class=\"wp-block-heading\">Pi\u0161kotki tretjih oseb<\/h3>\n\n\n\n<p>V nekaterih posebnih primerih uporabljamo tudi pi\u0161kotke, ki jih zagotavljajo zaupanja vredne tretje osebe. V naslednjem razdelku je podrobno opisano, s katerimi pi\u0161kotki tretjih oseb se lahko sre\u010date na tem spletnem mestu.<\/p>\n\n\n\n<ul class=\"wp-block-list\">\n<li>To spletno mesto uporablja\u00a0<a href=\"https:\/\/analytics.google.com\/analytics\/web\/\">Google Analytics<\/a>, To je ena najbolj raz\u0161irjenih in zaupanja vrednih analiti\u010dnih re\u0161itev na spletu, ki nam pomaga razumeti, kako uporabljate spletno mesto in kako lahko izbolj\u0161amo va\u0161o izku\u0161njo. Ti pi\u0161kotki lahko spremljajo stvari, kot so \u010das, ki ga pre\u017eivite na spletnem mestu, in strani, ki jih obi\u0161\u010dete, da lahko \u0161e naprej ustvarjamo privla\u010dno vsebino.<\/li>\n<\/ul>\n\n\n\n<p>Za ve\u010d informacij o pi\u0161kotkih storitve Google Analytics obi\u0161\u010dite uradno stran storitve Google Analytics.<\/p>\n\n\n\n<ul class=\"wp-block-list\">\n<li>Za sledenje in merjenje uporabe tega spletnega mesta uporabljamo analitiko tretjih oseb, da lahko \u0161e naprej ustvarjamo privla\u010dno vsebino. Ti pi\u0161kotki lahko spremljajo stvari, kot je \u010das, ki ga pre\u017eivite na spletnem mestu ali straneh, ki jih obi\u0161\u010dete, kar nam pomaga razumeti, kako lahko spletno mesto izbolj\u0161amo za vas.<\/li>\n\n\n\n<li>Ob\u010dasno testiramo nove funkcije in uvajamo subtilne spremembe v na\u010din predstavitve spletnega mesta. Ko \u0161e vedno testiramo nove funkcije, se ti pi\u0161kotki lahko uporabljajo za zagotavljanje dosledne izku\u0161nje na spletnem mestu, hkrati pa razumemo, katere optimizacije na\u0161i uporabniki najbolj cenijo.<\/li>\n\n\n\n<li>Ker prodajamo izdelke, je pomembno, da razumemo statistiko o tem, koliko obiskovalcev na\u0161ega spletnega mesta dejansko opravi nakup, in to so podatki, ki jih bodo ti pi\u0161kotki spremljali. To je pomembno za vas, saj nam omogo\u010da natan\u010dne poslovne napovedi, ki nam omogo\u010dajo analizo stro\u0161kov ogla\u0161evanja in izdelkov ter zagotavljanje najbolj\u0161e mo\u017ene cene.<\/li>\n<\/ul>\n\n\n\n<h3 class=\"wp-block-heading\">Zaveza uporabnika<\/h3>\n\n\n\n<p>Uporabnik se strinja, da bo ustrezno uporabljal vsebino in informacije, ki jih Universo Motero ponuja na spletnem mestu, vklju\u010dno z, vendar ne omejeno na:<\/p>\n\n\n\n<ul class=\"wp-block-list\">\n<li>A) Ne ukvarjati se z dejavnostmi, ki so nezakonite ali v nasprotju z dobro vero in javnim redom;<\/li>\n\n\n\n<li>B) Ne \u0161iriti propagande ali vsebin rasisti\u010dne ali ksenofobne narave ali vsebin, povezanih z igrami na sre\u010do, igrami na sre\u010do, kakr\u0161no koli nezakonito pornografijo ali vsebin, ki spodbujajo terorizem ali kr\u0161ijo \u010dlovekove pravice;<\/li>\n\n\n\n<li>C) Ne povzro\u010dati \u0161kode fizi\u010dnim (strojna oprema) in logi\u010dnim (programska oprema) sistemom podjetja Universo Motero, njegovih dobaviteljev ali tretjih oseb z vna\u0161anjem ali \u0161irjenjem ra\u010dunalni\u0161kih virusov ali katere koli druge strojne ali programske opreme, ki bi lahko povzro\u010dila zgoraj omenjeno \u0161kodo.<\/li>\n<\/ul>\n\n\n\n<h3 class=\"wp-block-heading\">Blokiraj pi\u0161kotke:<\/h3>\n\n\n\n<p>Uporabniki lahko kadar koli blokirajo in\/ali onemogo\u010dijo pi\u0161kotke s katerega koli spletnega mesta, vklju\u010dno z na\u0161im. To storite v nastavitvah brskalnika. Spodaj so navodila za pomo\u010d za glavne brskalnike:<\/p>\n\n\n\n<ul class=\"wp-block-list\">\n<li><a href=\"https:\/\/support.google.com\/accounts\/answer\/61416?hl=en\" target=\"_blank\" rel=\"noreferrer noopener\">Google Chrome<\/a><\/li>\n\n\n\n<li><a href=\"https:\/\/support.mozilla.org\/en-US\/kb\/enhanced-tracking-protection-firefox-desktop?redirectlocale=en-US&amp;redirectslug=enable-and-disable-cookies-website-preferences\" target=\"_blank\" rel=\"noreferrer noopener\">Firefox<\/a><\/li>\n\n\n\n<li><a href=\"https:\/\/support.microsoft.com\/pt-br\/help\/17442\/windows-internet-explorer-delete-manage-cookies\" target=\"_blank\" rel=\"noreferrer noopener\">Microsoft Edge<\/a><\/li>\n\n\n\n<li><a href=\"https:\/\/blogs.opera.com\/news\/2015\/08\/how-to-manage-cookies-in-opera\/\" target=\"_blank\" rel=\"noreferrer noopener\">Opera<\/a><\/li>\n\n\n\n<li><a href=\"https:\/\/support.apple.com\/pt-br\/guide\/safari\/sfri11471\/mac\" target=\"_blank\" rel=\"noreferrer noopener\">Safari\u00a0<\/a>.<\/li>\n<\/ul>\n\n\n\n<h3 class=\"wp-block-heading\">Ve\u010d informacij<\/h3>\n\n\n\n<p>Upamo, da je to jasno, in kot smo \u017ee omenili, \u010de niste prepri\u010dani, ali pi\u0161kotke potrebujete ali ne, je na splo\u0161no varneje, da jih pustite omogo\u010dene, \u010de uporabljate eno od funkcij, ki jih uporabljate na na\u0161em spletnem mestu.<\/p>","protected":false},"excerpt":{"rendered":"<p>A sua privacidade \u00e9 importante para n\u00f3s. \u00c9 pol\u00edtica do Universo Motero respeitar a sua privacidade em rela\u00e7\u00e3o a qualquer informa\u00e7\u00e3o sua que possamos coletar no site&nbsp;Universo Motero, e outros sites que possu\u00edmos e operamos. Solicitamos informa\u00e7\u00f5es pessoais apenas quando realmente precisamos delas para lhe fornecer um servi\u00e7o. Fazemo-lo por meios justos e legais, com [&hellip;]<\/p>","protected":false},"author":4,"featured_media":0,"parent":0,"menu_order":0,"comment_status":"closed","ping_status":"closed","template":"","meta":{"footnotes":""},"class_list":["post-2311","page","type-page","status-publish"],"_links":{"self":[{"href":"https:\/\/universomotero.com\/sl\/wp-json\/wp\/v2\/pages\/2311","targetHints":{"allow":["GET"]}}],"collection":[{"href":"https:\/\/universomotero.com\/sl\/wp-json\/wp\/v2\/pages"}],"about":[{"href":"https:\/\/universomotero.com\/sl\/wp-json\/wp\/v2\/types\/page"}],"author":[{"embeddable":true,"href":"https:\/\/universomotero.com\/sl\/wp-json\/wp\/v2\/users\/4"}],"replies":[{"embeddable":true,"href":"https:\/\/universomotero.com\/sl\/wp-json\/wp\/v2\/comments?post=2311"}],"version-history":[{"count":1,"href":"https:\/\/universomotero.com\/sl\/wp-json\/wp\/v2\/pages\/2311\/revisions"}],"predecessor-version":[{"id":2312,"href":"https:\/\/universomotero.com\/sl\/wp-json\/wp\/v2\/pages\/2311\/revisions\/2312"}],"wp:attachment":[{"href":"https:\/\/universomotero.com\/sl\/wp-json\/wp\/v2\/media?parent=2311"}],"curies":[{"name":"wp","href":"https:\/\/api.w.org\/{rel}","templated":true}]}}