{"id":2313,"date":"2025-12-06T05:49:30","date_gmt":"2025-12-06T05:49:30","guid":{"rendered":"https:\/\/universomotero.com\/?page_id=2313"},"modified":"2025-12-06T05:49:31","modified_gmt":"2025-12-06T05:49:31","slug":"pogoji-uporabe","status":"publish","type":"page","link":"https:\/\/universomotero.com\/sl\/pogoji-uporabe\/","title":{"rendered":"Pogoji uporabe"},"content":{"rendered":"<br \/>\n<h2>1. Pogoji<\/h2>\n<p>Pri dostopu do spletnega mesta <a href='\/sl\/universomotero.com\/'>Motoro Universe<\/a>, se strinja, da bo upo\u0161teval te <a href=\"https:\/\/privacidade.me\/\" target='_BLANK' style='color: #727496; text-decoration: none;' >pogoji uporabe<\/a>, Strinjate se, da boste upo\u0161tevali vse veljavne zakone in predpise ter ste odgovorni za skladnost z vsemi veljavnimi lokalnimi zakoni. \u010ce se s katerim koli od teh pogojev ne strinjate, vam je prepovedana uporaba ali dostop do te spletne strani. Gradiva na tej spletni strani so za\u0161\u010ditena z veljavnimi zakoni o avtorskih pravicah in blagovnih znamkah.<\/p>\n<h2>2. Uporaba licence<\/h2>\n<p>Dovoljeno je za\u010dasno prenesti eno kopijo gradiva (informacij ali programske opreme) s spletnega mesta Universo Motero samo za osebni, nekomercialni in prehodni ogled. To je podelitev licence, ne prenos lastni\u0161tva, in v skladu s to licenco ne smete: <\/p>\n<ol>\n<li>spreminjati ali kopirati gradiva;  <\/li>\n<li>Uporabljati gradiva za kakr\u0161en koli komercialni namen ali za javno prikazovanje (komercialno ali nekomercialno);  <\/li>\n<li>Poskus dekompilacije ali obratnega in\u017eeniringa katere koli programske opreme, ki je na voljo na spletnem mestu Universo Motero;  <\/li>\n<li>odstraniti vse avtorske pravice ali druge lastni\u0161ke oznake iz gradiv; ali  <\/li>\n<li>Prenesite gradiva na drugo osebo ali jih \u2018zrcalite\u2019 na katerem koli drugem stre\u017eniku.<\/li>\n<\/ol>\n<p>Ta licenca bo samodejno prenehala veljati, \u010de kr\u0161ite katero koli od teh omejitev, in jo lahko Universo Motero kadar koli prekine. Po prenehanju ogleda teh gradiv ali po prenehanju te licence morate uni\u010diti vsa prenesena gradiva, ki jih imate v lasti, bodisi v elektronski bodisi v tiskani obliki.<\/p>\n<h2>3. Izjava o omejitvi odgovornosti<\/h2>\n<ol>\n<li>Gradiva na spletni strani Universo Motero so na voljo \u2018tak\u0161na, kot so\u2019. Universo Motero ne daje nobenih jamstev, izrecnih ali implicitnih, in s tem zavra\u010da in zanika vsa druga jamstva, vklju\u010dno z, vendar ne omejeno na, implicitna jamstva ali pogoje prodajnosti, primernosti za dolo\u010den namen ali nekr\u0161itve intelektualne lastnine ali druge kr\u0161itve pravic. <\/li>\n<li>Poleg tega Universo Motero ne jam\u010di ali daje nobenih zagotovil glede to\u010dnosti, verjetnih rezultatov ali zanesljivosti uporabe gradiv na svojem spletnem mestu ali kako druga\u010de v zvezi s takimi gradivi ali na katerih koli spletnih mestih, povezanih s tem spletnim mestom.<\/li>\n<\/ol>\n<h2>4. Omejitve<\/h2>\n<p>Universo Motero ali njegovi dobavitelji v nobenem primeru ne odgovarjajo za kakr\u0161no koli \u0161kodo (vklju\u010dno z, vendar ne omejeno na, \u0161kodo zaradi izgube podatkov ali dobi\u010dka ali zaradi prekinitve poslovanja), ki bi nastala zaradi uporabe ali nezmo\u017enosti uporabe gradiv na spletnem mestu Universo Motero, tudi \u010de je bil Universo Motero ali poobla\u0161\u010deni zastopnik Universo Motero ustno ali pisno obve\u0161\u010den o mo\u017enosti tak\u0161ne \u0161kode. Ker nekatere jurisdikcije ne dovoljujejo omejitev implicitnih jamstev ali omejitev odgovornosti za posledi\u010dno ali naklju\u010dno \u0161kodo, te omejitve morda ne veljajo za vas.<\/p>\n<h2>5. Natan\u010dnost materialov<\/h2>\n<p>Gradiva, prikazana na spletni strani Universo Motero, lahko vsebujejo tehni\u010dne, tipografske ali fotografske napake. Universo Motero ne jam\u010di, da je katero koli gradivo na svoji spletni strani to\u010dno, popolno ali a\u017eurno. Universo Motero lahko kadar koli brez predhodnega obvestila spremeni gradiva na svoji spletni strani. Vendar se Universo Motero ne zavezuje k posodabljanju gradiv.<\/p>\n<h2>6. Povezave<\/h2>\n<p>Universo Motero ni pregledal vseh spletnih mest, povezanih z njegovim spletnim mestom, in ni odgovoren za vsebino nobenega povezanega spletnega mesta. Vklju\u010ditev katere koli povezave ne pomeni, da Universo Motero odobrava to spletno mesto. Uporaba katerega koli povezanega spletnega mesta je na lastno odgovornost uporabnika.<\/p>\n<\/p>\n<h3>Spremembe<\/h3>\n<p>Universo Motero lahko kadar koli spremeni te pogoje uporabe spletnega mesta brez predhodnega obvestila. Z uporabo tega spletnega mesta se strinjate, da vas zavezuje trenutna razli\u010dica teh pogojev uporabe.<\/p>\n<h3>Veljavno pravo<\/h3>\n<p>Te pogoje in dolo\u010dila urejajo in razlagajo zakoni Motero Universe, vi pa se nepreklicno podrejate izklju\u010dni pristojnosti sodi\u0161\u010d v tej dr\u017eavi ali kraju.<\/p>","protected":false},"excerpt":{"rendered":"<p>1. Termos Ao acessar ao site Universo Motero, concorda em cumprir estes termos de uso, todas as leis e regulamentos aplic\u00e1veis \u200b\u200be concorda que \u00e9 respons\u00e1vel pelo cumprimento de todas as leis locais aplic\u00e1veis. Se voc\u00ea n\u00e3o concordar com algum desses termos, est\u00e1 proibido de usar ou acessar este site. Os materiais contidos neste site [&hellip;]<\/p>","protected":false},"author":4,"featured_media":0,"parent":0,"menu_order":0,"comment_status":"closed","ping_status":"closed","template":"","meta":{"footnotes":""},"class_list":["post-2313","page","type-page","status-publish"],"_links":{"self":[{"href":"https:\/\/universomotero.com\/sl\/wp-json\/wp\/v2\/pages\/2313","targetHints":{"allow":["GET"]}}],"collection":[{"href":"https:\/\/universomotero.com\/sl\/wp-json\/wp\/v2\/pages"}],"about":[{"href":"https:\/\/universomotero.com\/sl\/wp-json\/wp\/v2\/types\/page"}],"author":[{"embeddable":true,"href":"https:\/\/universomotero.com\/sl\/wp-json\/wp\/v2\/users\/4"}],"replies":[{"embeddable":true,"href":"https:\/\/universomotero.com\/sl\/wp-json\/wp\/v2\/comments?post=2313"}],"version-history":[{"count":1,"href":"https:\/\/universomotero.com\/sl\/wp-json\/wp\/v2\/pages\/2313\/revisions"}],"predecessor-version":[{"id":2314,"href":"https:\/\/universomotero.com\/sl\/wp-json\/wp\/v2\/pages\/2313\/revisions\/2314"}],"wp:attachment":[{"href":"https:\/\/universomotero.com\/sl\/wp-json\/wp\/v2\/media?parent=2313"}],"curies":[{"name":"wp","href":"https:\/\/api.w.org\/{rel}","templated":true}]}}