{"id":2317,"date":"2025-12-06T05:52:30","date_gmt":"2025-12-06T05:52:30","guid":{"rendered":"https:\/\/universomotero.com\/?page_id=2317"},"modified":"2025-12-06T05:52:31","modified_gmt":"2025-12-06T05:52:31","slug":"kdo-smo","status":"publish","type":"page","link":"https:\/\/universomotero.com\/sl\/kdo-smo\/","title":{"rendered":"Kdo smo"},"content":{"rendered":"<p>Smo podjetje za razvoj tehnologije in aplikacij, ki ga je leta 2021 ustanovil Aleff, navdu\u0161enec, ki ga navdu\u0161uje preoblikovanje idej v preproste, hitre in lepe digitalne re\u0161itve. Rodili smo se z jasnim ciljem: uporabiti tehnologijo za ljudi in podjetja ter re\u0161evati resni\u010dne probleme z dobro zasnovanimi in enostavnimi izdelki.<\/p>\n<p>Poskrbimo za vse od na\u010drtovanja do lansiranja, pri \u010demer v vsaki fazi zdru\u017eujemo oblikovanje, delovanje in varnost. Razvijamo mobilne aplikacije, spletne sisteme, spletna mesta in integracije, pri \u010demer se vedno osredoto\u010damo na uporabni\u0161ko izku\u0161njo, skalabilnost in rezultate.<\/p>\n<p>Verjamemo v transparentnost, partnerstvo in nenehno izbolj\u0161evanje. Zato resni\u010dno prisluhnemo, hitro izdelamo prototipe in zagotavljamo visokokakovostne rezultate, pri \u010demer vas obve\u0161\u010damo o vsakem koraku od za\u010detka do konca.<\/p>\n<p>Ne glede na to, ali gre za uresni\u010ditev projekta ali za razvoj obstoje\u010dega izdelka, smo pripravljeni graditi z vami. Dobra tehnologija je tehnologija, ki poenostavlja \u2013 in to je tisto, kar zagotavljamo.<\/p>","protected":false},"excerpt":{"rendered":"<p>Somos uma empresa de tecnologia e desenvolvimento de aplicativos criada em 2021 por Aleff, um entusiasta apaixonado por transformar ideias em solu\u00e7\u00f5es digitais simples, r\u00e1pidas e bonitas. Nascemos com um objetivo claro: colocar a tecnologia para trabalhar a favor das pessoas e dos neg\u00f3cios, resolvendo problemas reais com produtos bem pensados e f\u00e1ceis de usar. [&hellip;]<\/p>","protected":false},"author":4,"featured_media":0,"parent":0,"menu_order":0,"comment_status":"closed","ping_status":"closed","template":"","meta":{"footnotes":""},"class_list":["post-2317","page","type-page","status-publish"],"_links":{"self":[{"href":"https:\/\/universomotero.com\/sl\/wp-json\/wp\/v2\/pages\/2317","targetHints":{"allow":["GET"]}}],"collection":[{"href":"https:\/\/universomotero.com\/sl\/wp-json\/wp\/v2\/pages"}],"about":[{"href":"https:\/\/universomotero.com\/sl\/wp-json\/wp\/v2\/types\/page"}],"author":[{"embeddable":true,"href":"https:\/\/universomotero.com\/sl\/wp-json\/wp\/v2\/users\/4"}],"replies":[{"embeddable":true,"href":"https:\/\/universomotero.com\/sl\/wp-json\/wp\/v2\/comments?post=2317"}],"version-history":[{"count":1,"href":"https:\/\/universomotero.com\/sl\/wp-json\/wp\/v2\/pages\/2317\/revisions"}],"predecessor-version":[{"id":2318,"href":"https:\/\/universomotero.com\/sl\/wp-json\/wp\/v2\/pages\/2317\/revisions\/2318"}],"wp:attachment":[{"href":"https:\/\/universomotero.com\/sl\/wp-json\/wp\/v2\/media?parent=2317"}],"curies":[{"name":"wp","href":"https:\/\/api.w.org\/{rel}","templated":true}]}}