{"id":978,"date":"2022-03-08T07:59:47","date_gmt":"2022-03-08T07:59:47","guid":{"rendered":"https:\/\/universomotero.com\/?page_id=978"},"modified":"2025-12-06T06:00:10","modified_gmt":"2025-12-06T06:00:10","slug":"pravilnik-o-zasebnosti","status":"publish","type":"page","link":"https:\/\/universomotero.com\/sl\/pravilnik-o-zasebnosti\/","title":{"rendered":"Pravilnik o zasebnosti"},"content":{"rendered":"<p>Ta politika zasebnosti je bila sestavljena, da bi bolje slu\u017eila tistim, ki jih skrbi, kako se njihovi \u201cosebno dolo\u010dljivi podatki\u201d (PII) uporabljajo na spletu. PII, kot je opisano v ameri\u0161ki zakonodaji o zasebnosti in informacijski varnosti, so podatki, ki se lahko uporabljajo samostojno ali skupaj z drugimi podatki za identifikacijo, stik ali lociranje posamezne osebe ali za identifikacijo posameznika v kontekstu. Prosimo, da natan\u010dno preberete na\u0161o politiko zasebnosti, da boste jasno razumeli, kako zbiramo, uporabljamo, varujemo ali kako druga\u010de ravnamo z va\u0161imi osebno dolo\u010dljivimi podatki na na\u0161i spletni strani.<\/p>\n\n\n\n<h2 class=\"wp-block-heading\" id=\"when-do-we-collect-information\">Kdaj zbiramo podatke?<\/h2>\n\n\n\n<p>Podatke zbiramo od vas, ko se naro\u010dite na novice, izpolnite obrazec ali vnesete podatke na na\u0161i spletni strani.<\/p>\n\n\n\n<h2 class=\"wp-block-heading\">Zakaj zbiramo osebne podatke<\/h2>\n\n\n\n<p>Na\u0161 cilj je zbirati, uporabljati in razkrivati le tiste podatke, ki so potrebni za upravljanje va\u0161ega ra\u010duna, zagotavljanje storitev, vzdr\u017eevanje seznamov strank\/obiskovalcev, odgovarjanje na va\u0161a vpra\u0161anja ali zagotavljanje povratnih informacij, za namene identifikacije in preverjanja pristnosti, za prilagajanje in izbolj\u0161anje storitev, za tr\u017eenjske namene in druge namene, o katerih vas lahko obvestimo z ob\u010dasnim posodabljanjem te politike zasebnosti ali kot je druga\u010de dolo\u010deno v tej politiki zasebnosti.<\/p>\n\n\n\n<p>Vse kontaktne podatke, ki nam jih posredujete ob prijavi na storitve ali ob stiku z nami z vpra\u0161anji ali za dodatne informacije, bomo ohranili zaupnost in jih bomo uporabili le za namene, za katere smo jih zbrali (ob upo\u0161tevanju izklju\u010ditev in razkritij, ki smo jih navedli spodaj), razen \u010de se izrecno strinjate, da jih lahko razkrijemo drugim tretjim osebam.<\/p>\n\n\n\n<h2 class=\"wp-block-heading\">Osebni podatki, ki jih zbiramo<\/h2>\n\n\n\n<p>Zbiramo podatke za izbolj\u0161anje storitev. Ta razdelek vsebuje dodatne informacije o tem, kaj zbiramo v povezavi s temi cilji.<\/p>\n\n\n\n<h4 class=\"wp-block-heading\">Informacije, ki jih zbiramo samodejno<\/h4>\n\n\n\n<p>Informacije, ki jih zbiramo samodejno, lahko vklju\u010dujejo va\u0161 IP-naslov, ID, ki ga lahko ustvarimo in pove\u017eemo z na\u0161o vsebino, ki ste jo u\u017eivali, podatke o pi\u0161kotkih in druge podrobnosti, ki jih podrobneje opisujemo v nadaljevanju.<\/p>\n\n\n\n<p>Te informacije se uporabljajo za boj proti ne\u017eeleni po\u0161ti\/zlonamerni programski opremi, za la\u017eje zbiranje podatkov o va\u0161i interakciji s storitvami (npr. na katere povezave ste kliknili in jih delili z drugimi, vklju\u010dno prek e-po\u0161te in dru\u017ebenih medijev) ter za druga\u010dno prilagajanje in nadaljnje delovanje storitev.<\/p>\n\n\n\n<p>Podatke, ki jih zberemo z avtomatiziranimi sredstvi, lahko pove\u017eemo z va\u0161im IP-naslovom, napravo, ki jo uporabljate za povezavo z identifikatorji storitev, ki nam jih posredujejo tretji ponudniki, ali z e-po\u0161tnimi ra\u010duni oziroma ra\u010duni dru\u017ebenih medijev, ki jih uporabljate za deljenje na\u0161e vsebine.<\/p>\n\n\n\n<p>\u010ce \u017eelite zavrniti zbiranje podatkov o povezavah, ki ste jih delili z drugimi, prosimo,&nbsp;<a href=\"https:\/\/support.google.com\/ads\/answer\/2662922?hl=en-GB\">kliknite tukaj<\/a><\/p>\n\n\n\n<p>Storitve obi\u010dajno samodejno zbirajo podatke o uporabi, kot sta \u0161tevilo in pogostost obiskovalcev spletnega mesta ali mobilne aplikacije. Te podatke lahko uporabimo v zbirni obliki, torej kot statisti\u010dno merilo.<\/p>\n\n\n\n<p>Ta vrsta zbirnih podatkov nam in tretjim osebam, ki jih pooblastimo, omogo\u010da, da ugotovimo, kako pogosto posamezniki uporabljajo dele storitev, da jih lahko analiziramo in izbolj\u0161amo. Vrste informacij, ki jih samodejno zbiramo, vklju\u010dujejo:<\/p>\n\n\n\n<h4 class=\"wp-block-heading\">Informacije o napravi<\/h4>\n\n\n\n<p>Zbiramo podatke, specifi\u010dne za napravo (kot so model va\u0161e strojne opreme, razli\u010dica operacijskega sistema, edinstveni identifikatorji naprave in podatki o mobilnem omre\u017eju, vklju\u010dno s telefonsko \u0161tevilko, kjer je to primerno). Va\u0161e identifikatorje naprave lahko pove\u017eemo.<\/p>\n\n\n\n<h4 class=\"wp-block-heading\">Informacije dnevnika<\/h4>\n\n\n\n<p>Ko uporabljate Storitve, samodejno zbiramo in shranjujemo dolo\u010dene podatke v stre\u017eni\u0161kih dnevnikih. To vklju\u010duje podrobnosti o tem, kako ste uporabljali na\u0161o storitev. Naslov internetnega protokola, podatke o dogodkih naprave, kot so zru\u0161itve, dejavnost sistema, nastavitve strojne opreme, vrsto brskalnika, jezik brskalnika, datum in \u010das va\u0161e zahteve ter URL napotitve. Pi\u0161kotki, ki lahko enoli\u010dno identificirajo va\u0161 brskalnik.<\/p>\n\n\n\n<h4 class=\"wp-block-heading\">Lokalno shranjevanje<\/h4>\n\n\n\n<p>Informacije (vklju\u010dno z osebnimi podatki) lahko zbiramo in shranjujemo lokalno v va\u0161i napravi z uporabo mehanizmov, kot so spletna shramba brskalnika (vklju\u010dno s HTML 5) in predpomnilniki podatkov aplikacij.<\/p>\n\n\n\n<p>Tretje osebe, s katerimi sodelujemo pri zagotavljanju dolo\u010denih funkcij na na\u0161em spletnem mestu ali prikazovanju oglasov na podlagi va\u0161e dejavnosti brskanja po spletu, prav tako uporabljajo pi\u0161kotke Flash ali HTML5 za zbiranje in shranjevanje informacij. Razli\u010dni brskalniki lahko ponujajo lastna orodja za upravljanje za odstranjevanje HTML5.<\/p>\n\n\n\n<h4 class=\"wp-block-heading\">Pi\u0161kotki in podobne tehnologije<\/h4>\n\n\n\n<p>Ko obi\u0161\u010dete na\u0161o spletno stran ali kako druga\u010de komunicirate s storitvijo, lahko mi (ali podatki tretjih oseb ali ogla\u0161evalska omre\u017eja, s katerimi sodelujemo) na va\u0161 ra\u010dunalnik ali druge naprave po\u0161ljemo enega ali ve\u010d \u201cpi\u0161kotkov\u201d. Za ve\u010d informacij o tem, katere pi\u0161kotke uporabljamo in kako lahko nadzorujete uporabo dolo\u010denih vrst pi\u0161kotkov, si oglejte na\u0161o Politiko pi\u0161kotkov. Pi\u0161kotki so alfanumeri\u010dni identifikatorji, shranjeni v va\u0161em ra\u010dunalniku prek spletnega brskalnika in jih ve\u010dina spletnih mest uporablja za prilagajanje va\u0161e spletne izku\u0161nje.<\/p>\n\n\n\n<p>Nekateri pi\u0161kotki lahko omogo\u010dajo dodatne funkcije spletnega mesta za izbolj\u0161ano delovanje in funkcionalnost, kot so pomnjenje nastavitev, omogo\u010danje dru\u017ebenih interakcij, analiziranje uporabe za optimizacijo spletnega mesta, zagotavljanje prilagojene vsebine, omogo\u010danje orodij za deljenje v dru\u017ebenih omre\u017ejih tretjim osebam in prikazovanje slik ali videoposnetkov s spletnih mest tretjih oseb. Nekatere funkcije na tem spletnem mestu ne bodo delovale, \u010de pi\u0161kotkov ne dovolite. Informacije, ki jih shranjujemo v pi\u0161kotkih, lahko pove\u017eemo z osebnimi podatki, ki jih posredujete med obiskom na\u0161ega spletnega mesta.<\/p>\n\n\n\n<p>Uporabljamo lahko tako pi\u0161kotke z identifikacijo seje kot trajne pi\u0161kotke. Pi\u0161kotek z identifikacijo seje pote\u010de, ko zaprete brskalnik. Trajni pi\u0161kotek ostane na va\u0161em trdem disku dlje \u010dasa. Trajni pi\u0161kotki nam omogo\u010dajo sledenje in ciljanje interesov na\u0161ih uporabnikov za izbolj\u0161anje izku\u0161nje na na\u0161em spletnem mestu. \u010ce ne \u017eelite, da se podatki zbirajo z uporabo pi\u0161kotkov, obstaja v ve\u010dini brskalnikov preprost postopek, ki vam omogo\u010da samodejno zavrnitev pi\u0161kotkov ali pa vam je dana mo\u017enost, da zavrnete ali sprejmete prenos dolo\u010denega pi\u0161kotka (ali pi\u0161kotkov) z dolo\u010denega spletnega mesta na va\u0161 ra\u010dunalnik.<\/p>\n\n\n\n<p>Morda se boste \u017eeleli sklicevati tudi na&nbsp;<a href=\"http:\/\/www.allaboutcookies.org\/manage-cookies\/index.html\">https:\/\/www.allaboutcookies.org\/manage-cookies\/index.html<\/a>. \u010ce pi\u0161kotke zavrnete, lahko \u0161e vedno uporabljate na\u0161o spletno stran, vendar nekatere funkcije na spletni strani ne bodo delovale pravilno.<\/p>\n\n\n\n<ul class=\"wp-block-list\">\n<li><strong>Funkcionalni pi\u0161kotki, trajni in sejni, shranjujejo informacije za omogo\u010danje osnovnega delovanja spletnega mesta.<\/strong><\/li>\n\n\n\n<li><strong>Analiti\u010dni pi\u0161kotki nam omogo\u010dajo \u0161tetje obiskov strani in virov prometa, da lahko merimo in izbolj\u0161ujemo delovanje na\u0161ega spletnega mesta.<\/strong><\/li>\n\n\n\n<li><strong>Na\u0161i ogla\u0161evalski partnerji lahko prek na\u0161ega spletnega mesta nastavijo ogla\u0161evalske pi\u0161kotke. Ta podjetja lahko zbirajo podatke, ki jim omogo\u010dajo prikazovanje oglasov na drugih spletnih mestih, ki so pomembna za va\u0161e interese.<\/strong><\/li>\n<\/ul>\n\n\n\n<p>To spletno mesto za zagotavljanje svojih storitev uporablja pi\u0161kotke in podobne tehnologije sledenja, kot je pi\u0161kotek Common ID. Pi\u0161kotki so pomembna orodja za merjenje u\u010dinkovitosti ogla\u0161evanja in zagotavljanje robustne spletne ogla\u0161evalske industrije.<\/p>\n\n\n\n<p>Pi\u0161kotek Common ID shrani edinstven uporabni\u0161ki ID v domeni lastne osebe in je dostopen na\u0161im ogla\u0161evalskim partnerjem. Ta preprosti ID se lahko uporabi za izbolj\u0161anje ujemanja uporabnikov, zlasti za prikazovanje oglasov v brskalnikih iOS in macOS.<\/p>\n\n\n\n<h4 class=\"wp-block-heading\">Spletni svetilniki<\/h4>\n\n\n\n<p>Mi (ali podatki tretjih oseb ali ogla\u0161evalska omre\u017eja, s katerimi sodelujemo) lahko uporabljamo spletne svetilnike samostojno ali v povezavi s pi\u0161kotki za zbiranje informacij o na\u0161i storitvi ali drugih informacij, ki smo jih zbrali mi ali oni.<\/p>\n\n\n\n<p>Spletni svetilniki so drobni grafi\u010dni predmeti, ki so vdelani v spletno stran ali e-po\u0161to in so obi\u010dajno nevidni za uporabnika, vendar omogo\u010dajo preverjanje, ali si je uporabnik ogledal stran ali e-po\u0161to. Spletni svetilniki se lahko uporabljajo znotraj storitve za sledenje obiskov spletnih strani, stopenj odpiranja e-po\u0161te in drugih informacij o uporabniku.<\/p>\n\n\n\n<p>V nekaterih primerih podatke, ki jih zberejo spletni svetilniki, pove\u017eemo z osebnimi podatki na\u0161ih uporabnikov. Na primer, na na\u0161ih spletnih straneh uporabljamo jasne gife, ki nam sporo\u010dajo, katero vsebino ima uporabnik raje. To nam omogo\u010da, da izbolj\u0161amo uporabni\u0161ko izku\u0161njo in izmerimo u\u010dinkovitost na\u0161ih tr\u017eenjskih kampanj.<\/p>\n\n\n\n<h4 class=\"wp-block-heading\">Analiti\u010dna programska oprema<\/h4>\n\n\n\n<p>Mi in na\u0161i partnerji za sledenje tretjih oseb uporabljamo dnevni\u0161ke datoteke v na\u0161i storitvi za samodejno zbiranje dolo\u010denih informacij in njihovo shranjevanje v analiti\u010dne namene. Te informacije vklju\u010dujejo naslove internetnega protokola (\u201cIP\u201d), vrsto brskalnika, ponudnika internetnih storitev (ISP), napotitvene\/izhodne strani, operacijski sistem, datumski\/\u010dasovni \u017eig in podatke o klikih.<\/p>\n\n\n\n<p>Uporabljamo Google Analytics, ki uporablja pi\u0161kotke in druge podobne tehnologije za zbiranje in analizo informacij o uporabi storitve ter poro\u010danje o dejavnostih in trendih. Ta storitev lahko zbira tudi informacije o uporabi drugih spletnih mest, aplikacij in spletnih virov.<\/p>\n\n\n\n<p>Ve\u010d o Googlovih praksah si lahko preberete na&nbsp;<a href=\"https:\/\/www.google.com\/policies\/privacy\/partners\">https:\/\/www.google.com\/policies\/privacy\/partners<\/a>, in se od njih odjavite s prenosom dodatka za brskalnik za odjavo storitve Google Analytics, ki je na voljo na&nbsp;<a href=\"https:\/\/tools.google.com\/dlpage\/gaoptout\">https:\/\/tools.google.com\/dlpage\/gaoptout<\/a>.<\/p>\n\n\n\n<h4 class=\"wp-block-heading\">Informacije iz virov tretjih oseb<\/h4>\n\n\n\n<p>Glede na va\u0161o lokacijo in dolo\u010dbe lokalne zakonodaje lahko shranjujemo tudi nekatere podatke o vas, ki jih mi ali na\u0161i zunanji ponudniki storitev posredno zbiramo o vas iz drugih virov. Ti lahko vklju\u010dujejo podatke, zbrane o vas:<\/p>\n\n\n\n<ul class=\"wp-block-list\">\n<li><strong>Da bi prepre\u010dili goljufije, na primer z uporabo storitev, ki jih ponuja Forensiq (<a href=\"https:\/\/impact.com\/privacy-policy\">https:\/\/impact.com\/privacy-policy<\/a>)<\/strong><\/li>\n\n\n\n<li><strong>Zbiranje dolo\u010denih demografskih podatkov o vas na podlagi povezav, oglasov ali podobnega na katerem koli od na\u0161ih spletnih mest. Te podatke shranjujemo le z identifikatorji, ki jih ustvarimo mi (ki lahko vklju\u010dujejo naslove IP), vendar teh podatkov ne povezujemo nazaj z imenom, e-po\u0161tnim naslovom ali drugim enostavno prepoznavnim enoli\u010dnim identifikatorjem.<\/strong><\/li>\n<\/ul>\n\n\n\n<p>Tudi ti ponudniki tretjih oseb lahko zbirajo podatke o vas na podoben na\u010din, zato se v zvezi s tem sklicujte na njihove pravilnike o zasebnosti.<\/p>\n\n\n\n<h4 class=\"wp-block-heading\">Komunikacija po e-po\u0161ti<\/h4>\n\n\n\n<p>\u010ce nam po\u0161ljete e-po\u0161to, bomo te podatke shranili. Morda bomo prejeli tudi potrditev, ko odprete na\u0161e e-po\u0161tno sporo\u010dilo. To potrditev uporabljamo za izbolj\u0161anje na\u0161ih storitev, vklju\u010dno s storitvami za stranke.<\/p>\n\n\n\n<h4 class=\"wp-block-heading\">Ogla\u0161evalci<\/h4>\n\n\n\n<p>Za podporo in izbolj\u0161anje Storitev lahko prek Storitev prikazujemo oglase in dovoljujemo tudi oglase tretjih oseb. Ti oglasi so v\u010dasih ciljno usmerjeni in prikazani dolo\u010denim uporabnikom ter lahko prihajajo od podjetij tretjih oseb, imenovanih \u201cogla\u0161evalska omre\u017eja\u201d. Ogla\u0161evalska omre\u017eja vklju\u010dujejo oglasne stre\u017enike tretjih oseb, ogla\u0161evalske agencije, prodajalce ogla\u0161evalske tehnologije in raziskovalna podjetja.<\/p>\n\n\n\n<p>Sodelujemo lahko z ogla\u0161evalskimi omre\u017eji, ki so \u010dlani, ali organizacijami oziroma programi, ki upravljajo mo\u017enosti zasebnosti pri ogla\u0161evanju, ki jih ta ogla\u0161evalska omre\u017eja ponujajo potro\u0161nikom. \u010ce uporabljate naslov IP, ki ka\u017ee, da se nahajate v EU, vas lahko pred posredovanjem dolo\u010denih osebnih podatkov tem ogla\u0161evalskim omre\u017ejem prosimo za soglasje.<\/p>\n\n\n\n<p>Ko obi\u0161\u010dete na\u0161o spletno stran, lahko ogla\u0161evalska omre\u017eja in druge stranke zbirajo podatke o va\u0161ih spletnih dejavnostih skozi \u010das in na razli\u010dnih spletnih mestih. Ne odgovarjamo za prakse zasebnosti teh ogla\u0161evalskih omre\u017eij in drugih strank.<\/p>\n\n\n\n<p>Oglasi, ki se prikazujejo prek Storitev, so lahko usmerjeni na uporabnike, ki ustrezajo dolo\u010deni splo\u0161ni kategoriji profila, kar je mogo\u010de sklepati na podlagi informacij, ki nam jih posreduje uporabnik, lahko temeljijo na vzorcih uporabe Storitev dolo\u010denih uporabnikov ali pa na va\u0161i dejavnosti v Storitvah tretjih oseb.<\/p>\n\n\n\n<p>Osebnih podatkov ne posredujemo nobenemu ogla\u0161evalskemu omre\u017eju za uporabo, ki ni povezana s storitvami. Brez omejitve zgoraj navedenega lahko za prikazovanje oglasov, ki vam pomagajo podpirati in vzdr\u017eevati na\u0161o storitev, uporabimo naslednje zunanje ponudnike storitev.<\/p>\n\n\n\n<p><strong>SAMO ZA UPORABNIKE V EU<\/strong>Ko uporabljate na\u0161o spletno stran, lahko vnaprej izbrana podjetja dostopajo do dolo\u010denih podatkov v va\u0161i napravi in o va\u0161ih interesih ter jih uporabljajo za prikazovanje oglasov ali prilagojene vsebine.<\/p>\n\n\n\n<h4 class=\"wp-block-heading\">Pi\u0161kotek DoubleClick za Google AdSense<\/h4>\n\n\n\n<p>Google kot tretji ponudnik uporablja pi\u0161kotke za prikazovanje oglasov v na\u0161i storitvi. Googlova uporaba pi\u0161kotka DoubleClick mu in njegovim partnerjem omogo\u010da prikazovanje oglasov na\u0161im uporabnikom na podlagi njihovega obiska na\u0161e storitve ali drugih spletnih mest na internetu.<\/p>\n\n\n\n<p>Uporabo pi\u0161kotka DoubleClick za ogla\u0161evanje na podlagi interesov lahko onemogo\u010dite na spletni strani z nastavitvami oglasov Google:&nbsp;<a href=\"https:\/\/www.google.com\/ads\/preferences\">https:\/\/www.google.com\/ads\/preferences<\/a>.<\/p>\n\n\n\n<h2 class=\"wp-block-heading\" id=\"how-do-we-use-your-information\">Kako uporabljamo va\u0161e podatke?<\/h2>\n\n\n\n<p>Podatke lahko uporabimo. Zbiramo jih od vas, ko se registrirate, opravite nakup, se prijavite na na\u0161e novice, odgovorite na anketo ali tr\u017eenjsko sporo\u010dilo, brskate po spletnem mestu ali uporabljate nekatere druge funkcije spletnega mesta na naslednje na\u010dine:<br>\u2022 Da prilagodimo va\u0161o izku\u0161njo in vam omogo\u010dimo, da vam ponudimo vrsto vsebine in ponudbe izdelkov, ki vas najbolj zanimajo.<br>\u2022 Za izbolj\u0161anje na\u0161ega spletnega mesta, da vam lahko bolje slu\u017eimo.<\/p>\n\n\n\n<h2 class=\"wp-block-heading\" id=\"how-do-we-protect-your-information\">Kako varujemo va\u0161e podatke?<\/h2>\n\n\n\n<p>Uporabljamo SSL certifikat.<br>Redno uporabljamo skeniranje zlonamerne programske opreme.<br>Nikoli ne zahtevamo \u0161tevilk kreditnih kartic.<br>Ponujamo samo \u010dlanke in informacije.<br>Nikoli ne zahtevamo osebnih ali zasebnih podatkov.<\/p>\n\n\n\n<h2 class=\"wp-block-heading\" id=\"third-party-disclosure\">Razkritje tretjim osebam<\/h2>\n\n\n\n<p>Va\u0161ih osebnih podatkov ne prodajamo, ne trgujemo z njimi ali jih kako druga\u010de prena\u0161amo zunanjim osebam.<\/p>\n\n\n\n<h2 class=\"wp-block-heading\" id=\"third-party-links\">Povezave tretjih oseb<\/h2>\n\n\n\n<p>Ob\u010dasno lahko po lastni presoji na na\u0161i spletni strani vklju\u010dimo ali ponudimo izdelke ali storitve tretjih oseb. Ta spletna mesta tretjih oseb imajo lo\u010dene in neodvisne politike zasebnosti. Za vsebino in dejavnosti teh povezanih spletnih mest ne prevzemamo nobene odgovornosti. Kljub temu si prizadevamo za\u0161\u010dititi integriteto na\u0161e spletne strani in pozdravljamo vse povratne informacije o teh spletnih mestih.<\/p>\n\n\n\n<h2 class=\"wp-block-heading\" id=\"coppa-children-online-privacy-protection-act\">COPPA (Zakon o varstvu zasebnosti otrok na spletu)<\/h2>\n\n\n\n<p>Ko gre za zbiranje osebnih podatkov otrok, mlaj\u0161ih od 13 let, zakon COPPA daje nadzor star\u0161em. Zvezna komisija za trgovino, agencija Zdru\u017eenih dr\u017eav Amerike za varstvo potro\u0161nikov, uveljavlja pravilo COPPA, ki dolo\u010da, kaj morajo upravljavci spletnih mest in spletnih storitev storiti za za\u0161\u010dito zasebnosti in varnosti otrok na spletu. Otrokom, mlaj\u0161im od 13 let, ne tr\u017eimo pravilno.<\/p>\n\n\n\n<h2 class=\"wp-block-heading\" id=\"do-we-use-cookies\">Ali uporabljamo pi\u0161kotke?<\/h2>\n\n\n\n<p>Da, uporabljamo pi\u0161kotke. Pi\u0161kotki so majhne datoteke, ki jih ponudnik storitev uporablja za prenos na va\u0161 trdi disk prek va\u0161ega spletnega brskalnika, \u010de to dovolite. Uporaba pi\u0161kotkov bo brskalniku pomagala, da si zapomni nekatere informacije in prepozna va\u0161 brskalnik.<\/p>\n\n\n\n<h2 class=\"wp-block-heading\" id=\"fair-information-practices\">Po\u0161tene informacijske prakse<\/h2>\n\n\n\n<p>Na\u010dela po\u0161tenih informacijskih praks so temelj zakonodaje o zasebnosti v Zdru\u017eenih dr\u017eavah Amerike, koncepti, ki jih vklju\u010dujejo, pa so igrali pomembno vlogo pri razvoju zakonov o varstvu podatkov po vsem svetu.<\/p>\n\n\n\n<p>Razumevanje na\u010del po\u0161tene informacijske prakse in na\u010dina njihovega izvajanja je klju\u010dnega pomena za skladnost z razli\u010dnimi zakoni o zasebnosti, ki varujejo osebne podatke. Da bi bili v skladu s po\u0161teno informacijsko prakso, bomo v primeru kr\u0161itve podatkov sprejeli naslednje ukrepe. Obvestili vas bomo po e-po\u0161ti v sedmih delovnih dneh.<\/p>\n\n\n\n<p>Strinjamo se tudi z na\u010delom individualnega pravnega sredstva, ki zahteva, da imajo posamezniki pravico do pravnega uveljavljanja izvr\u0161ljivih pravic zoper zbiralce in obdelovalce podatkov, ki ne spo\u0161tujejo zakona.<\/p>\n\n\n\n<p>To na\u010delo ne zahteva le, da imajo posamezniki izvr\u0161ljive pravice zoper uporabnike podatkov, temve\u010d tudi, da se lahko za preiskavo ali pregon neskladnosti s strani obdelovalcev podatkov obrnejo na sodi\u0161\u010da ali vladne agencije.<\/p>\n\n\n\n<h2 class=\"wp-block-heading\" id=\"can-spam-act\">Zakon CAN-SPAN<\/h2>\n\n\n\n<p>Zakon CAN-SPAM dolo\u010da pravila za komercialno e-po\u0161to, zahteve za komercialna sporo\u010dila, daje prejemnikom pravico, da jim prepre\u010dijo po\u0161iljanje e-po\u0161te, in dolo\u010da stroge kazni za kr\u0161itve.<\/p>\n\n\n\n<ul class=\"wp-block-list\">\n<li><strong>Va\u0161 e-po\u0161tni naslov zbiramo za:<\/strong>&nbsp;Po\u0161iljanje informacij, odgovarjanje na poizvedbe in druge zahteve ali vpra\u0161anja<\/li>\n\n\n\n<li><strong>\u010ce \u017eelite slediti CAN-SPAM, se strinjamo z naslednjim.<\/strong>\u010ce se kadar koli \u017eelite odjaviti od prejemanja prihodnjih e-po\u0161tnih sporo\u010dil, nas lahko kontaktirate. In nemudoma vas bomo odstranili iz VSE korespondence.<\/li>\n<\/ul>\n\n\n\n<h2 class=\"wp-block-heading\" id=\"contacting-us\">Kontaktirajte nas<\/h2>\n\n\n\n<p>\u010ce imate kakr\u0161na koli vpra\u0161anja v zvezi s to politiko zasebnosti, lahko obi\u0161\u010dete na\u0161o&nbsp;<strong>Kontaktirajte nas<\/strong>&nbsp;stran. \u010ce \u017eelite izvedeti ve\u010d o avtorju, lahko obi\u0161\u010dete&nbsp;<strong>O nas<\/strong>&nbsp;stran. \u010ce \u017eelite uveljavljati katero koli od teh pravic, se obrnite na nas na na\u0161i&nbsp;<strong>Kontaktirajte nas<\/strong>&nbsp;stran.<\/p>","protected":false},"excerpt":{"rendered":"<p>This privacy policy has been compiled to serve better those who are concerned with how their \u201cPersonally Identifiable Information\u201d (PII) is being used online. PII, as described in US privacy law and information security, is information that can be used on its own or with other information to identify, contact, or locate a single person, [&hellip;]<\/p>","protected":false},"author":4,"featured_media":0,"parent":0,"menu_order":0,"comment_status":"closed","ping_status":"closed","template":"","meta":{"footnotes":""},"class_list":["post-978","page","type-page","status-publish"],"_links":{"self":[{"href":"https:\/\/universomotero.com\/sl\/wp-json\/wp\/v2\/pages\/978","targetHints":{"allow":["GET"]}}],"collection":[{"href":"https:\/\/universomotero.com\/sl\/wp-json\/wp\/v2\/pages"}],"about":[{"href":"https:\/\/universomotero.com\/sl\/wp-json\/wp\/v2\/types\/page"}],"author":[{"embeddable":true,"href":"https:\/\/universomotero.com\/sl\/wp-json\/wp\/v2\/users\/4"}],"replies":[{"embeddable":true,"href":"https:\/\/universomotero.com\/sl\/wp-json\/wp\/v2\/comments?post=978"}],"version-history":[{"count":1,"href":"https:\/\/universomotero.com\/sl\/wp-json\/wp\/v2\/pages\/978\/revisions"}],"predecessor-version":[{"id":2331,"href":"https:\/\/universomotero.com\/sl\/wp-json\/wp\/v2\/pages\/978\/revisions\/2331"}],"wp:attachment":[{"href":"https:\/\/universomotero.com\/sl\/wp-json\/wp\/v2\/media?parent=978"}],"curies":[{"name":"wp","href":"https:\/\/api.w.org\/{rel}","templated":true}]}}