{"id":2317,"date":"2025-12-06T05:52:30","date_gmt":"2025-12-06T05:52:30","guid":{"rendered":"https:\/\/universomotero.com\/?page_id=2317"},"modified":"2025-12-06T05:52:31","modified_gmt":"2025-12-06T05:52:31","slug":"kung-sino-tayo","status":"publish","type":"page","link":"https:\/\/universomotero.com\/tl\/kung-sino-tayo\/","title":{"rendered":"Sino Kami"},"content":{"rendered":"<p>Kami ay isang kumpanya sa pagbuo ng teknolohiya at app na itinatag noong 2021 ng Aleff, isang mahilig sa pagbabago ng mga ideya tungo sa simple, mabilis, at magagandang digital na solusyon. Ipinanganak kami na may malinaw na layunin: gamitin ang teknolohiya para sa mga tao at negosyo, lutasin ang mga totoong problema gamit ang mahusay na disenyo at madaling gamiting mga produkto.<\/p>\n<p>Pinangangasiwaan namin ang lahat mula sa pagpaplano hanggang sa paglulunsad, pagsasama-sama ng disenyo, pagganap, at seguridad sa bawat yugto. Bumubuo kami ng mga mobile application, web system, website, at integrasyon, na palaging nakatuon sa karanasan ng gumagamit, kakayahang umangkop, at mga resulta.<\/p>\n<p>Naniniwala kami sa transparency, pakikipagtulungan, at patuloy na pagpapabuti. Kaya naman tunay kaming nakikinig, mabilis na gumagawa ng prototype, at naghahatid ng mga de-kalidad na resulta, at patuloy kayong binibigyan ng impormasyon sa bawat hakbang mula simula hanggang katapusan.<\/p>\n<p>Maging ito man ay pagsasakatuparan ng isang proyekto o pagpapaunlad ng isang umiiral nang produkto, handa kaming tumulong sa iyo sa pagbuo. Ang mahusay na teknolohiya ay teknolohiyang nagpapadali\u2014at iyan ang aming inihahatid.<\/p>","protected":false},"excerpt":{"rendered":"<p>Somos uma empresa de tecnologia e desenvolvimento de aplicativos criada em 2021 por Aleff, um entusiasta apaixonado por transformar ideias em solu\u00e7\u00f5es digitais simples, r\u00e1pidas e bonitas. Nascemos com um objetivo claro: colocar a tecnologia para trabalhar a favor das pessoas e dos neg\u00f3cios, resolvendo problemas reais com produtos bem pensados e f\u00e1ceis de usar. [&hellip;]<\/p>","protected":false},"author":4,"featured_media":0,"parent":0,"menu_order":0,"comment_status":"closed","ping_status":"closed","template":"","meta":{"footnotes":""},"class_list":["post-2317","page","type-page","status-publish"],"_links":{"self":[{"href":"https:\/\/universomotero.com\/tl\/wp-json\/wp\/v2\/pages\/2317","targetHints":{"allow":["GET"]}}],"collection":[{"href":"https:\/\/universomotero.com\/tl\/wp-json\/wp\/v2\/pages"}],"about":[{"href":"https:\/\/universomotero.com\/tl\/wp-json\/wp\/v2\/types\/page"}],"author":[{"embeddable":true,"href":"https:\/\/universomotero.com\/tl\/wp-json\/wp\/v2\/users\/4"}],"replies":[{"embeddable":true,"href":"https:\/\/universomotero.com\/tl\/wp-json\/wp\/v2\/comments?post=2317"}],"version-history":[{"count":1,"href":"https:\/\/universomotero.com\/tl\/wp-json\/wp\/v2\/pages\/2317\/revisions"}],"predecessor-version":[{"id":2318,"href":"https:\/\/universomotero.com\/tl\/wp-json\/wp\/v2\/pages\/2317\/revisions\/2318"}],"wp:attachment":[{"href":"https:\/\/universomotero.com\/tl\/wp-json\/wp\/v2\/media?parent=2317"}],"curies":[{"name":"wp","href":"https:\/\/api.w.org\/{rel}","templated":true}]}}