{"id":2311,"date":"2025-12-06T05:48:33","date_gmt":"2025-12-06T05:48:33","guid":{"rendered":"https:\/\/universomotero.com\/?page_id=2311"},"modified":"2025-12-06T05:48:33","modified_gmt":"2025-12-06T05:48:33","slug":"gizlilik-politikasi-2","status":"publish","type":"page","link":"https:\/\/universomotero.com\/tr\/gizlilik-politikasi-2\/","title":{"rendered":"Gizlilik Politikas\u0131"},"content":{"rendered":"<p>Gizlili\u011finiz bizim i\u00e7in \u00f6nemlidir. Universo Motoro&#039;nun politikas\u0131, web sitesinde sizden toplayabilece\u011fimiz her t\u00fcrl\u00fc bilgiye ili\u015fkin gizlili\u011finize sayg\u0131 duymakt\u0131r.&nbsp;<a href=\"https:\/\/privacidade.me\/universomotero.com\">Motoro Evreni<\/a>, ve sahip oldu\u011fumuz ve i\u015fletti\u011fimiz di\u011fer web siteleri.<\/p>\n\n\n\n<p>Ki\u015fisel bilgilerinizi yaln\u0131zca size bir hizmet sunmak i\u00e7in ger\u00e7ekten ihtiya\u00e7 duydu\u011fumuzda talep ederiz. Bunu adil ve yasal bir \u015fekilde, sizin bilginiz ve onay\u0131n\u0131zla yapar\u0131z. Ayr\u0131ca, neden toplad\u0131\u011f\u0131m\u0131z\u0131 ve nas\u0131l kullan\u0131laca\u011f\u0131n\u0131 da size bildiririz.<\/p>\n\n\n\n<p>Toplad\u0131\u011f\u0131m\u0131z bilgileri yaln\u0131zca talep edilen hizmeti sa\u011flamak i\u00e7in gerekli oldu\u011fu s\u00fcre boyunca sakl\u0131yoruz. Verileri saklarken, kay\u0131p ve h\u0131rs\u0131zl\u0131\u011f\u0131, ayr\u0131ca yetkisiz eri\u015fimi, if\u015fay\u0131, kopyalamay\u0131, kullan\u0131m\u0131 veya de\u011fi\u015ftirmeyi \u00f6nlemek i\u00e7in ticari olarak kabul edilebilir y\u00f6ntemlerle koruyoruz.<\/p>\n\n\n\n<p>Kanunen zorunlu haller d\u0131\u015f\u0131nda, ki\u015fisel olarak tan\u0131mlanabilir bilgileri kamuoyuyla veya \u00fc\u00e7\u00fcnc\u00fc taraflarla payla\u015fm\u0131yoruz.<\/p>\n\n\n\n<p>Web sitemiz, bizim taraf\u0131m\u0131zdan i\u015fletilmeyen harici sitelere ba\u011flant\u0131lar i\u00e7erebilir. Bu sitelerin i\u00e7eri\u011fi ve uygulamalar\u0131 \u00fczerinde hi\u00e7bir kontrol\u00fcm\u00fcz olmad\u0131\u011f\u0131n\u0131 ve ilgili politikalar\u0131ndan sorumlu tutulamayaca\u011f\u0131m\u0131z\u0131 l\u00fctfen unutmay\u0131n.&nbsp;<a href=\"https:\/\/privacidade.me\/\" target=\"_BLANK\" rel=\"noreferrer noopener\">gizlilik politikalar\u0131<\/a>.<\/p>\n\n\n\n<p>Ki\u015fisel bilgilerinizi payla\u015fma talebimizi reddetmekte \u00f6zg\u00fcrs\u00fcn\u00fcz; ancak bu durumda istedi\u011finiz baz\u0131 hizmetleri sa\u011flayamayabilece\u011fimizi l\u00fctfen unutmay\u0131n.<\/p>\n\n\n\n<p>Web sitemizi kullanmaya devam etmeniz, gizlilik ve ki\u015fisel bilgilerle ilgili uygulamalar\u0131m\u0131z\u0131 kabul etti\u011finiz anlam\u0131na gelecektir. Kullan\u0131c\u0131 verilerini ve ki\u015fisel bilgileri nas\u0131l i\u015fledi\u011fimizle ilgili herhangi bir sorunuz varsa, l\u00fctfen bizimle ileti\u015fime ge\u00e7in.<\/p>\n\n\n\n<h2 class=\"wp-block-heading\">Universo Motoro web sitesinin g\u00fcvenli\u011fi ve g\u00fcvenilirli\u011fi<\/h2>\n\n\n\n<p>[Kaynak\/\u015firket] taraf\u0131ndan belirtildi\u011fi \u00fczere, web sitesi kullan\u0131c\u0131lar i\u00e7in g\u00fcvenilir ve g\u00fcvenli bir gezinme ortam\u0131 sunmaktad\u0131r.&nbsp;<a target=\"_BLANK\" href=\"https:\/\/confiavel.com.br\/universomotero.com\" rel=\"noreferrer noopener\">Do\u011frulama<\/a>. Bu sayfa, olas\u0131 g\u00fcvenlik sorunlar\u0131n\u0131 belirlemek i\u00e7in web sitesi bilgilerini kontrol eder. Tarama etkinli\u011fi ara\u00e7 taraf\u0131ndan do\u011frulan\u0131r.&nbsp;<a target=\"_BLANK\" href=\"https:\/\/transparencyreport.google.com\/safe-browsing\/search?url=universomotero.com\" rel=\"noreferrer noopener\">Google g\u00fcvenli\u011fi<\/a>&nbsp;Bu, sitenin g\u00fcvenli oldu\u011funu g\u00f6steriyor.<\/p>\n\n\n\n<h2 class=\"wp-block-heading\">Universo Motero \u00c7erez Politikas\u0131<\/h2>\n\n\n\n<h3 class=\"wp-block-heading\">\u00c7erezler nedir?<\/h3>\n\n\n\n<p>Hemen hemen t\u00fcm profesyonel web sitelerinde oldu\u011fu gibi, bu site de deneyiminizi iyile\u015ftirmek i\u00e7in bilgisayar\u0131n\u0131za indirilen k\u00fc\u00e7\u00fck dosyalar olan \u00e7erezleri kullanmaktad\u0131r. Bu sayfada, \u00e7erezlerin hangi bilgileri toplad\u0131\u011f\u0131, bunlar\u0131 nas\u0131l kulland\u0131\u011f\u0131m\u0131z ve neden bazen bu \u00e7erezleri saklamam\u0131z gerekti\u011fi a\u00e7\u0131klanmaktad\u0131r. Ayr\u0131ca, bu \u00e7erezlerin saklanmas\u0131n\u0131 nas\u0131l engelleyebilece\u011finizi de payla\u015faca\u011f\u0131z; ancak bu, sitenin i\u015flevselli\u011finin baz\u0131 unsurlar\u0131n\u0131 d\u00fc\u015f\u00fcrebilir veya &quot;bozabilir&quot;.<\/p>\n\n\n\n<h3 class=\"wp-block-heading\">\u00c7erezleri nas\u0131l kullan\u0131yoruz?<\/h3>\n\n\n\n<p>A\u015fa\u011f\u0131da detaylar\u0131 verilen \u00e7e\u015fitli nedenlerle \u00e7erez kullan\u0131yoruz. Ne yaz\u0131k ki, \u00e7o\u011fu durumda, bu siteye ekledikleri i\u015flevselli\u011fi ve \u00f6zellikleri tamamen devre d\u0131\u015f\u0131 b\u0131rakmadan \u00e7erezleri devre d\u0131\u015f\u0131 b\u0131rakmak i\u00e7in sekt\u00f6r standard\u0131 se\u00e7enekler bulunmamaktad\u0131r. Kulland\u0131\u011f\u0131n\u0131z bir hizmeti sa\u011flamak i\u00e7in kullan\u0131l\u0131yor olmalar\u0131 ihtimaline kar\u015f\u0131, ihtiyac\u0131n\u0131z olup olmad\u0131\u011f\u0131ndan emin de\u011filseniz t\u00fcm \u00e7erezleri etkin b\u0131rakman\u0131z \u00f6nerilir.<\/p>\n\n\n\n<h3 class=\"wp-block-heading\">\u00c7erezleri devre d\u0131\u015f\u0131 b\u0131rak<\/h3>\n\n\n\n<p>Taray\u0131c\u0131n\u0131z\u0131n ayarlar\u0131n\u0131 de\u011fi\u015ftirerek \u00e7erezlerin ayarlanmas\u0131n\u0131 engelleyebilirsiniz (bunu nas\u0131l yapaca\u011f\u0131n\u0131z konusunda taray\u0131c\u0131n\u0131z\u0131n Yard\u0131m b\u00f6l\u00fcm\u00fcne bak\u0131n). \u00c7erezleri devre d\u0131\u015f\u0131 b\u0131rakman\u0131n, bu ve ziyaret etti\u011finiz di\u011fer bir\u00e7ok web sitesinin i\u015flevselli\u011fini etkileyece\u011fini unutmay\u0131n. \u00c7erezleri devre d\u0131\u015f\u0131 b\u0131rakmak genellikle bu sitenin belirli i\u015flevlerini ve \u00f6zelliklerini de devre d\u0131\u015f\u0131 b\u0131rakacakt\u0131r. Bu nedenle, \u00e7erezleri devre d\u0131\u015f\u0131 b\u0131rakmaman\u0131z \u00f6nerilir.<\/p>\n\n\n\n<h3 class=\"wp-block-heading\">Ayarlad\u0131\u011f\u0131m\u0131z \u00e7erezler<\/h3>\n\n\n\n<ul class=\"wp-block-list\">\n<li>Hesapla ilgili \u00e7erezler<br><br>Bizimle bir hesap olu\u015fturursan\u0131z, kay\u0131t s\u00fcrecini ve genel y\u00f6netimi sa\u011flamak i\u00e7in \u00e7erezler kullanaca\u011f\u0131z. Bu \u00e7erezler genellikle sistemden \u00e7\u0131k\u0131\u015f yapt\u0131\u011f\u0131n\u0131zda silinir; ancak baz\u0131 durumlarda, ayr\u0131ld\u0131ktan sonra site tercihlerinizi hat\u0131rlamak i\u00e7in kalabilirler.<br><\/li>\n\n\n\n<li>Giri\u015fle ilgili \u00e7erezler<br><br>Oturum a\u00e7t\u0131\u011f\u0131n\u0131zda, bu i\u015flemi hat\u0131rlayabilmemiz i\u00e7in \u00e7erezler kullan\u0131yoruz. Bu, yeni bir sayfay\u0131 her ziyaret etti\u011finizde tekrar giri\u015f yapman\u0131z\u0131 \u00f6nler. Bu \u00e7erezler, yaln\u0131zca oturum a\u00e7t\u0131\u011f\u0131n\u0131zda k\u0131s\u0131tl\u0131 kaynaklara ve alanlara eri\u015febilmenizi sa\u011flamak i\u00e7in genellikle oturumunuzu kapatt\u0131\u011f\u0131n\u0131zda kald\u0131r\u0131l\u0131r veya temizlenir.<br><\/li>\n\n\n\n<li>E-posta b\u00fcltenleriyle ilgili \u00e7erezler<br><br>Bu web sitesi, haber b\u00fclteni veya e-posta abonelik hizmetleri sunmaktad\u0131r ve \u00e7erezler, daha \u00f6nce kay\u0131tl\u0131 olup olmad\u0131\u011f\u0131n\u0131z\u0131 ve yaln\u0131zca abone olan\/olmayan kullan\u0131c\u0131lara ge\u00e7erli olan belirli bildirimlerin g\u00f6sterilip g\u00f6sterilmeyece\u011fini hat\u0131rlamak i\u00e7in kullan\u0131labilir.<br><\/li>\n\n\n\n<li>Sipari\u015f i\u015fleme ile ilgili \u00e7erezler<br><br>Bu web sitesi e-ticaret ve \u00f6deme olanaklar\u0131 sunmaktad\u0131r ve sipari\u015finizin sayfalar aras\u0131nda hat\u0131rlanabilmesi ve do\u011fru \u015fekilde i\u015flenebilmesi i\u00e7in baz\u0131 \u00e7erezler gereklidir.<br><\/li>\n\n\n\n<li>Arama i\u015flemleriyle ilgili \u00e7erezler<br><br>Zaman zaman, ilgin\u00e7 bilgiler sunmak, faydal\u0131 ara\u00e7lar sa\u011flamak veya kullan\u0131c\u0131 taban\u0131m\u0131z\u0131 daha do\u011fru bir \u015fekilde anlamak i\u00e7in anketler ve soru formlar\u0131 sunuyoruz. Bu anketler, daha \u00f6nce ankete kat\u0131lanlar\u0131 hat\u0131rlamak veya sayfa de\u011fi\u015fikliklerinden sonra do\u011fru sonu\u00e7lar sa\u011flamak i\u00e7in \u00e7erezler kullanabilir.<br><\/li>\n\n\n\n<li>Formla ilgili \u00e7erezler<br><br>\u0130leti\u015fim sayfalar\u0131nda veya yorum formlar\u0131nda bulunanlar gibi bir form arac\u0131l\u0131\u011f\u0131yla veri g\u00f6nderdi\u011finizde, gelecekteki yaz\u0131\u015fmalar i\u00e7in kullan\u0131c\u0131 bilgilerinizi hat\u0131rlamak amac\u0131yla \u00e7erezler ayarlanabilir.<br><\/li>\n\n\n\n<li>Site tercih \u00e7erezleri<br><br>Bu sitede size harika bir deneyim sunmak i\u00e7in, siteyi kullan\u0131rken nas\u0131l davranaca\u011f\u0131na dair tercihlerinizi belirleme olana\u011f\u0131 sunuyoruz. Tercihlerinizi hat\u0131rlamak i\u00e7in, bu bilgilerin tercihlerinizden etkilenen bir sayfayla etkile\u015fim kurdu\u011funuzda al\u0131nabilmesi i\u00e7in \u00e7erezler ayarlamam\u0131z gerekiyor.<\/li>\n<\/ul>\n\n\n\n<h3 class=\"wp-block-heading\">\u00dc\u00e7\u00fcnc\u00fc taraf \u00e7erezleri<\/h3>\n\n\n\n<p>Baz\u0131 \u00f6zel durumlarda, g\u00fcvenilir \u00fc\u00e7\u00fcnc\u00fc taraflarca sa\u011flanan \u00e7erezleri de kullan\u0131yoruz. A\u015fa\u011f\u0131daki b\u00f6l\u00fcmde, bu web sitesi arac\u0131l\u0131\u011f\u0131yla kar\u015f\u0131la\u015fabilece\u011finiz \u00fc\u00e7\u00fcnc\u00fc taraf \u00e7erezleri hakk\u0131nda ayr\u0131nt\u0131l\u0131 bilgi verilmektedir.<\/p>\n\n\n\n<ul class=\"wp-block-list\">\n<li>Bu site \u015funu kullan\u0131yor:\u00a0<a href=\"https:\/\/analytics.google.com\/analytics\/web\/\">Google Analytics<\/a>, Bu, web \u00fczerindeki en yayg\u0131n ve g\u00fcvenilir analiz \u00e7\u00f6z\u00fcmlerinden biridir ve siteyi nas\u0131l kulland\u0131\u011f\u0131n\u0131z\u0131 ve deneyiminizi nas\u0131l geli\u015ftirebilece\u011fimizi anlamam\u0131za yard\u0131mc\u0131 olur. Bu \u00e7erezler, sitede ne kadar zaman ge\u00e7irdi\u011finiz ve ziyaret etti\u011finiz sayfalar gibi \u015feyleri izleyebilir, b\u00f6ylece ilgi \u00e7ekici i\u00e7erikler \u00fcretmeye devam edebiliriz.<\/li>\n<\/ul>\n\n\n\n<p>Google Analytics \u00e7erezleri hakk\u0131nda daha fazla bilgi i\u00e7in l\u00fctfen resmi Google Analytics sayfas\u0131n\u0131 ziyaret edin.<\/p>\n\n\n\n<ul class=\"wp-block-list\">\n<li>Bu sitenin kullan\u0131m\u0131n\u0131 izlemek ve \u00f6l\u00e7mek i\u00e7in \u00fc\u00e7\u00fcnc\u00fc taraf analiz ara\u00e7lar\u0131 kullan\u0131lmaktad\u0131r, b\u00f6ylece ilgi \u00e7ekici i\u00e7erikler \u00fcretmeye devam edebiliriz. Bu \u00e7erezler, sitede ne kadar zaman ge\u00e7irdi\u011finiz veya hangi sayfalar\u0131 ziyaret etti\u011finiz gibi bilgileri izleyebilir; bu da siteyi sizin i\u00e7in nas\u0131l geli\u015ftirebilece\u011fimizi anlamam\u0131za yard\u0131mc\u0131 olur.<\/li>\n\n\n\n<li>Zaman zaman yeni \u00f6zellikler test ediyor ve sitenin sunum \u015feklinde ufak de\u011fi\u015fiklikler yap\u0131yoruz. Yeni \u00f6zellikleri test ederken, bu \u00e7erezler, kullan\u0131c\u0131lar\u0131m\u0131z\u0131n hangi optimizasyonlar\u0131 en \u00e7ok be\u011fendi\u011fini anlayana kadar sitede tutarl\u0131 bir deneyim ya\u015faman\u0131z\u0131 sa\u011flamak i\u00e7in kullan\u0131labilir.<\/li>\n\n\n\n<li>\u00dcr\u00fcn satt\u0131\u011f\u0131m\u0131z i\u00e7in, web sitemizi ziyaret edenlerin ka\u00e7\u0131n\u0131n ger\u00e7ekten sat\u0131n alma i\u015flemi ger\u00e7ekle\u015ftirdi\u011fine dair istatistikleri anlamam\u0131z \u00f6nemlidir ve bu \u00e7erezler de bu t\u00fcr verileri izleyecektir. Bu sizin i\u00e7in de \u00f6nemlidir \u00e7\u00fcnk\u00fc bu sayede do\u011fru i\u015f tahminleri yapabilir, reklam ve \u00fcr\u00fcn maliyetlerimizi analiz ederek m\u00fcmk\u00fcn olan en iyi fiyat\u0131 sunabiliriz.<\/li>\n<\/ul>\n\n\n\n<h3 class=\"wp-block-heading\">Kullan\u0131c\u0131 Taahh\u00fcd\u00fc<\/h3>\n\n\n\n<p>Kullan\u0131c\u0131, Universo Motoro&#039;nun web sitesinde sundu\u011fu i\u00e7erik ve bilgileri, bunlarla s\u0131n\u0131rl\u0131 olmamak \u00fczere, uygun \u015fekilde kullanmay\u0131 kabul eder:<\/p>\n\n\n\n<ul class=\"wp-block-list\">\n<li>A) Yasa d\u0131\u015f\u0131 veya iyi niyet ve kamu d\u00fczenine ayk\u0131r\u0131 faaliyetlerde bulunmamak;<\/li>\n\n\n\n<li>B) Irk\u00e7\u0131 veya yabanc\u0131 d\u00fc\u015fmanl\u0131\u011f\u0131 i\u00e7eren propaganda veya i\u00e7erik yaymamak, kumar, \u015fans oyunlar\u0131, her t\u00fcrl\u00fc yasad\u0131\u015f\u0131 pornografi veya ter\u00f6rizmi te\u015fvik eden veya insan haklar\u0131n\u0131 ihlal eden i\u00e7erik yaymamak;<\/li>\n\n\n\n<li>C) Bilgisayar vir\u00fcsleri veya s\u00f6z konusu zarara neden olabilecek di\u011fer donan\u0131m veya yaz\u0131l\u0131m sistemlerini bula\u015ft\u0131rarak veya yayarak Universo Motero&#039;nun, tedarik\u00e7ilerinin veya \u00fc\u00e7\u00fcnc\u00fc taraflar\u0131n fiziksel (donan\u0131m) ve mant\u0131ksal (yaz\u0131l\u0131m) sistemlerine zarar vermemek.<\/li>\n<\/ul>\n\n\n\n<h3 class=\"wp-block-heading\">\u00c7erezleri engelle:<\/h3>\n\n\n\n<p>Kullan\u0131c\u0131lar, diledikleri zaman bizim sitemiz de dahil olmak \u00fczere herhangi bir web sitesinden gelen \u00e7erezleri engelleyebilir ve\/veya devre d\u0131\u015f\u0131 b\u0131rakabilirler. Bunu yapmak i\u00e7in taray\u0131c\u0131 ayarlar\u0131n\u0131za eri\u015fin. Ba\u015fl\u0131ca taray\u0131c\u0131lar i\u00e7in yard\u0131m k\u0131lavuzlar\u0131 a\u015fa\u011f\u0131da yer almaktad\u0131r:<\/p>\n\n\n\n<ul class=\"wp-block-list\">\n<li><a href=\"https:\/\/support.google.com\/accounts\/answer\/61416?hl=en\" target=\"_blank\" rel=\"noreferrer noopener\">Google Chrome<\/a><\/li>\n\n\n\n<li><a href=\"https:\/\/support.mozilla.org\/en-US\/kb\/enhanced-tracking-protection-firefox-desktop?redirectlocale=en-US&amp;redirectslug=enable-and-disable-cookies-website-preferences\" target=\"_blank\" rel=\"noreferrer noopener\">Firefox<\/a><\/li>\n\n\n\n<li><a href=\"https:\/\/support.microsoft.com\/pt-br\/help\/17442\/windows-internet-explorer-delete-manage-cookies\" target=\"_blank\" rel=\"noreferrer noopener\">Microsoft Edge<\/a><\/li>\n\n\n\n<li><a href=\"https:\/\/blogs.opera.com\/news\/2015\/08\/how-to-manage-cookies-in-opera\/\" target=\"_blank\" rel=\"noreferrer noopener\">Opera<\/a><\/li>\n\n\n\n<li><a href=\"https:\/\/support.apple.com\/pt-br\/guide\/safari\/sfri11471\/mac\" target=\"_blank\" rel=\"noreferrer noopener\">Safari\u00a0<\/a>.<\/li>\n<\/ul>\n\n\n\n<h3 class=\"wp-block-heading\">Daha fazla bilgi<\/h3>\n\n\n\n<p>Umar\u0131z bu a\u00e7\u0131k ve anla\u015f\u0131l\u0131r olmu\u015ftur ve daha \u00f6nce de belirtti\u011fimiz gibi, ihtiyac\u0131n\u0131z olup olmad\u0131\u011f\u0131ndan emin olmad\u0131\u011f\u0131n\u0131z herhangi bir \u015fey varsa, web sitemizde kulland\u0131\u011f\u0131n\u0131z \u00f6zelliklerden biriyle etkile\u015fim kurman\u0131z ihtimaline kar\u015f\u0131 \u00e7erezleri etkin b\u0131rakmak genellikle daha g\u00fcvenlidir.<\/p>","protected":false},"excerpt":{"rendered":"<p>A sua privacidade \u00e9 importante para n\u00f3s. \u00c9 pol\u00edtica do Universo Motero respeitar a sua privacidade em rela\u00e7\u00e3o a qualquer informa\u00e7\u00e3o sua que possamos coletar no site&nbsp;Universo Motero, e outros sites que possu\u00edmos e operamos. Solicitamos informa\u00e7\u00f5es pessoais apenas quando realmente precisamos delas para lhe fornecer um servi\u00e7o. Fazemo-lo por meios justos e legais, com [&hellip;]<\/p>","protected":false},"author":4,"featured_media":0,"parent":0,"menu_order":0,"comment_status":"closed","ping_status":"closed","template":"","meta":{"footnotes":""},"class_list":["post-2311","page","type-page","status-publish"],"_links":{"self":[{"href":"https:\/\/universomotero.com\/tr\/wp-json\/wp\/v2\/pages\/2311","targetHints":{"allow":["GET"]}}],"collection":[{"href":"https:\/\/universomotero.com\/tr\/wp-json\/wp\/v2\/pages"}],"about":[{"href":"https:\/\/universomotero.com\/tr\/wp-json\/wp\/v2\/types\/page"}],"author":[{"embeddable":true,"href":"https:\/\/universomotero.com\/tr\/wp-json\/wp\/v2\/users\/4"}],"replies":[{"embeddable":true,"href":"https:\/\/universomotero.com\/tr\/wp-json\/wp\/v2\/comments?post=2311"}],"version-history":[{"count":1,"href":"https:\/\/universomotero.com\/tr\/wp-json\/wp\/v2\/pages\/2311\/revisions"}],"predecessor-version":[{"id":2312,"href":"https:\/\/universomotero.com\/tr\/wp-json\/wp\/v2\/pages\/2311\/revisions\/2312"}],"wp:attachment":[{"href":"https:\/\/universomotero.com\/tr\/wp-json\/wp\/v2\/media?parent=2311"}],"curies":[{"name":"wp","href":"https:\/\/api.w.org\/{rel}","templated":true}]}}