{"id":2313,"date":"2025-12-06T05:49:30","date_gmt":"2025-12-06T05:49:30","guid":{"rendered":"https:\/\/universomotero.com\/?page_id=2313"},"modified":"2025-12-06T05:49:31","modified_gmt":"2025-12-06T05:49:31","slug":"kullanim-sartlari","status":"publish","type":"page","link":"https:\/\/universomotero.com\/tr\/kullanim-sartlari\/","title":{"rendered":"Kullan\u0131m \u015eartlar\u0131"},"content":{"rendered":"<br \/>\n<h2>1. \u015eartlar<\/h2>\n<p>Web sitesine eri\u015firken <a href='\/tr\/universomotero.com\/'>Motoro Evreni<\/a>, bunlara uymay\u0131 kabul eder. <a href=\"https:\/\/privacidade.me\/\" target='_BLANK' style='color: #727496; text-decoration: none;' >kullan\u0131m \u015fartlar\u0131<\/a>, Ge\u00e7erli t\u00fcm yasa ve y\u00f6netmeliklere uymay\u0131 kabul ediyorsunuz ve ge\u00e7erli t\u00fcm yerel yasalara uyumdan sorumlusunuz. Bu \u015fartlar\u0131n herhangi birini kabul etmiyorsan\u0131z, bu siteyi kullanman\u0131z veya eri\u015fmeniz yasakt\u0131r. Bu web sitesinde yer alan materyaller, ge\u00e7erli telif hakk\u0131 ve marka yasalar\u0131yla korunmaktad\u0131r.<\/p>\n<h2>2. Lisans Kullan\u0131m\u0131<\/h2>\n<p>Universo Motero web sitesindeki materyallerin (bilgi veya yaz\u0131l\u0131m) bir kopyas\u0131n\u0131 yaln\u0131zca ki\u015fisel, ticari olmayan ve ge\u00e7ici g\u00f6r\u00fcnt\u00fcleme amac\u0131yla ge\u00e7ici olarak indirme izni verilmektedir. Bu bir lisans verilmesidir, m\u00fclkiyet devri de\u011fildir ve bu lisans kapsam\u0131nda \u015funlar\u0131 yapamazs\u0131n\u0131z: <\/p>\n<ol>\n<li>Materyalleri de\u011fi\u015ftirmek veya kopyalamak;  <\/li>\n<li>Bu materyalleri herhangi bir ticari ama\u00e7la veya halka a\u00e7\u0131k sergileme (ticari veya ticari olmayan) i\u00e7in kullanamazs\u0131n\u0131z;  <\/li>\n<li>Universo Motoro web sitesinde yer alan herhangi bir yaz\u0131l\u0131m\u0131n derlemesini \u00e7\u00f6zmeye veya tersine m\u00fchendislik yapmaya \u00e7al\u0131\u015fmak;  <\/li>\n<li>Malzemelerden telif hakk\u0131 veya di\u011fer m\u00fclkiyet notlar\u0131n\u0131 kald\u0131r\u0131n; veya  <\/li>\n<li>Materyalleri ba\u015fka bir ki\u015fiye aktar\u0131n veya materyalleri ba\u015fka bir sunucuda &#039;yans\u0131t\u0131n&#039;.<\/li>\n<\/ol>\n<p>Bu lisans, bu k\u0131s\u0131tlamalardan herhangi birini ihlal etmeniz durumunda otomatik olarak sona erecektir ve Universo Motoro taraf\u0131ndan herhangi bir zamanda feshedilebilir. Bu materyalleri g\u00f6r\u00fcnt\u00fclemeyi sonland\u0131rd\u0131\u011f\u0131n\u0131zda veya bu lisans\u0131n sona ermesi durumunda, elektronik veya bas\u0131l\u0131 formatta olsun, elinizde bulunan t\u00fcm indirilen materyalleri imha etmelisiniz.<\/p>\n<h2>3. Yasal Uyar\u0131<\/h2>\n<ol>\n<li>Universo Motero web sitesindeki materyaller &quot;oldu\u011fu gibi&quot; sa\u011flanmaktad\u0131r. Universo Motero, a\u00e7\u0131k veya \u00f6rt\u00fcl\u00fc hi\u00e7bir garanti vermez ve i\u015fbu belgeyle, ticari elveri\u015flilik, belirli bir amaca uygunluk veya fikri m\u00fclkiyetin ihlal edilmemesi veya di\u011fer hak ihlalleri de dahil olmak \u00fczere, s\u0131n\u0131rlama olmaks\u0131z\u0131n, di\u011fer t\u00fcm garantileri reddeder ve ge\u00e7ersiz k\u0131lar. <\/li>\n<li>Ayr\u0131ca, Universo Motoro, web sitesindeki materyallerin veya bu materyallerle ilgili di\u011fer sitelerdeki materyallerin kullan\u0131m\u0131n\u0131n do\u011frulu\u011fu, olas\u0131 sonu\u00e7lar\u0131 veya g\u00fcvenilirli\u011fi konusunda herhangi bir garanti vermez veya beyanda bulunmaz.<\/li>\n<\/ol>\n<h2>4. S\u0131n\u0131rlamalar<\/h2>\n<p>Universo Motero veya tedarik\u00e7ileri, Universo Motero web sitesindeki materyallerin kullan\u0131m\u0131ndan veya kullan\u0131lamamas\u0131ndan kaynaklanan herhangi bir zarardan (veri veya kar kayb\u0131 veya i\u015f kesintisi nedeniyle olu\u015fan zararlar dahil ancak bunlarla s\u0131n\u0131rl\u0131 olmamak \u00fczere) hi\u00e7bir \u015fekilde sorumlu tutulamaz, Universo Motero veya Universo Motero&#039;nun yetkili bir temsilcisine bu t\u00fcr zararlar\u0131n olas\u0131l\u0131\u011f\u0131 s\u00f6zl\u00fc veya yaz\u0131l\u0131 olarak bildirilmi\u015f olsa bile. Baz\u0131 yarg\u0131 b\u00f6lgeleri, z\u0131mni garantilerde s\u0131n\u0131rlamalara veya dolayl\u0131 veya tesad\u00fcfi zararlar i\u00e7in sorumluluk s\u0131n\u0131rlamalar\u0131na izin vermedi\u011finden, bu s\u0131n\u0131rlamalar sizin i\u00e7in ge\u00e7erli olmayabilir.<\/p>\n<h2>5. Malzemelerin hassasiyeti<\/h2>\n<p>Universo Motero web sitesinde g\u00f6r\u00fcnt\u00fclenen materyaller teknik, tipografik veya foto\u011frafik hatalar i\u00e7erebilir. Universo Motero, web sitesindeki herhangi bir materyalin do\u011fru, eksiksiz veya g\u00fcncel oldu\u011funu garanti etmez. Universo Motero, web sitesinde yer alan materyallerde herhangi bir zamanda \u00f6nceden haber vermeksizin de\u011fi\u015fiklik yapabilir. Ancak Universo Motero, materyalleri g\u00fcncelleme taahh\u00fcd\u00fcnde bulunmaz.<\/p>\n<h2>6. Ba\u011flant\u0131lar<\/h2>\n<p>Universo Motero, web sitesine ba\u011flant\u0131 verilen t\u00fcm siteleri incelememi\u015ftir ve ba\u011flant\u0131 verilen sitelerin i\u00e7eri\u011finden sorumlu de\u011fildir. Herhangi bir ba\u011flant\u0131n\u0131n eklenmesi, Universo Motero taraf\u0131ndan sitenin onayland\u0131\u011f\u0131 anlam\u0131na gelmez. Ba\u011flant\u0131 verilen herhangi bir sitenin kullan\u0131m\u0131, kullan\u0131c\u0131n\u0131n kendi sorumlulu\u011fundad\u0131r.<\/p>\n<\/p>\n<h3>De\u011fi\u015fiklikler<\/h3>\n<p>Universo Motero, bu web sitesi kullan\u0131m \u015fartlar\u0131n\u0131 \u00f6nceden bildirimde bulunmaks\u0131z\u0131n herhangi bir zamanda revize edebilir. Bu web sitesini kullanarak, bu kullan\u0131m \u015fartlar\u0131n\u0131n g\u00fcncel s\u00fcr\u00fcm\u00fcne ba\u011fl\u0131 kalmay\u0131 kabul edersiniz.<\/p>\n<h3>Uygulanacak hukuk<\/h3>\n<p>Bu h\u00fck\u00fcm ve ko\u015fullar, Motero Evreni yasalar\u0131na tabidir ve bunlara g\u00f6re yorumlan\u0131r; bu nedenle, s\u00f6z konusu eyalet veya b\u00f6lgedeki mahkemelerin m\u00fcnhas\u0131r yarg\u0131 yetkisine geri d\u00f6n\u00fclmez bir \u015fekilde tabi olmay\u0131 kabul edersiniz.<\/p>","protected":false},"excerpt":{"rendered":"<p>1. Termos Ao acessar ao site Universo Motero, concorda em cumprir estes termos de uso, todas as leis e regulamentos aplic\u00e1veis \u200b\u200be concorda que \u00e9 respons\u00e1vel pelo cumprimento de todas as leis locais aplic\u00e1veis. Se voc\u00ea n\u00e3o concordar com algum desses termos, est\u00e1 proibido de usar ou acessar este site. Os materiais contidos neste site [&hellip;]<\/p>","protected":false},"author":4,"featured_media":0,"parent":0,"menu_order":0,"comment_status":"closed","ping_status":"closed","template":"","meta":{"footnotes":""},"class_list":["post-2313","page","type-page","status-publish"],"_links":{"self":[{"href":"https:\/\/universomotero.com\/tr\/wp-json\/wp\/v2\/pages\/2313","targetHints":{"allow":["GET"]}}],"collection":[{"href":"https:\/\/universomotero.com\/tr\/wp-json\/wp\/v2\/pages"}],"about":[{"href":"https:\/\/universomotero.com\/tr\/wp-json\/wp\/v2\/types\/page"}],"author":[{"embeddable":true,"href":"https:\/\/universomotero.com\/tr\/wp-json\/wp\/v2\/users\/4"}],"replies":[{"embeddable":true,"href":"https:\/\/universomotero.com\/tr\/wp-json\/wp\/v2\/comments?post=2313"}],"version-history":[{"count":1,"href":"https:\/\/universomotero.com\/tr\/wp-json\/wp\/v2\/pages\/2313\/revisions"}],"predecessor-version":[{"id":2314,"href":"https:\/\/universomotero.com\/tr\/wp-json\/wp\/v2\/pages\/2313\/revisions\/2314"}],"wp:attachment":[{"href":"https:\/\/universomotero.com\/tr\/wp-json\/wp\/v2\/media?parent=2313"}],"curies":[{"name":"wp","href":"https:\/\/api.w.org\/{rel}","templated":true}]}}