{"id":2317,"date":"2025-12-06T05:52:30","date_gmt":"2025-12-06T05:52:30","guid":{"rendered":"https:\/\/universomotero.com\/?page_id=2317"},"modified":"2025-12-06T05:52:31","modified_gmt":"2025-12-06T05:52:31","slug":"biz-kimiz","status":"publish","type":"page","link":"https:\/\/universomotero.com\/tr\/biz-kimiz\/","title":{"rendered":"Biz Kimiz"},"content":{"rendered":"<p>2021 y\u0131l\u0131nda Aleff taraf\u0131ndan kurulan bir teknoloji ve uygulama geli\u015ftirme \u015firketiyiz. Aleff, fikirleri basit, h\u0131zl\u0131 ve g\u00fczel dijital \u00e7\u00f6z\u00fcmlere d\u00f6n\u00fc\u015ft\u00fcrme konusunda tutkulu bir giri\u015fimcidir. Net bir hedefle yola \u00e7\u0131kt\u0131k: Teknolojiyi insanlar ve i\u015fletmeler i\u00e7in \u00e7al\u0131\u015f\u0131r hale getirmek, iyi tasarlanm\u0131\u015f ve kullan\u0131m\u0131 kolay \u00fcr\u00fcnlerle ger\u00e7ek sorunlar\u0131 \u00e7\u00f6zmek.<\/p>\n<p>Planlamadan lansmana kadar her \u015feyi biz \u00fcstleniyoruz; her a\u015famada tasar\u0131m, performans ve g\u00fcvenli\u011fi birle\u015ftiriyoruz. Mobil uygulamalar, web sistemleri, web siteleri ve entegrasyonlar geli\u015ftiriyoruz; her zaman kullan\u0131c\u0131 deneyimine, \u00f6l\u00e7eklenebilirli\u011fe ve sonu\u00e7lara odaklan\u0131yoruz.<\/p>\n<p>\u015eeffafl\u0131\u011fa, ortakl\u0131\u011fa ve s\u00fcrekli iyile\u015ftirmeye inan\u0131yoruz. Bu nedenle ger\u00e7ekten dinliyor, h\u0131zl\u0131ca prototip geli\u015ftiriyor ve ba\u015ftan sona her ad\u0131mda sizi bilgilendirerek y\u00fcksek kaliteli sonu\u00e7lar sunuyoruz.<\/p>\n<p>\u0130ster bir projeyi hayata ge\u00e7irmek, ister mevcut bir \u00fcr\u00fcn\u00fc geli\u015ftirmek olsun, sizinle birlikte \u00e7al\u0131\u015fmaya haz\u0131r\u0131z. \u0130yi teknoloji, i\u015fleri basitle\u015ftiren teknolojidir ve biz de bunu sunuyoruz.<\/p>","protected":false},"excerpt":{"rendered":"<p>Somos uma empresa de tecnologia e desenvolvimento de aplicativos criada em 2021 por Aleff, um entusiasta apaixonado por transformar ideias em solu\u00e7\u00f5es digitais simples, r\u00e1pidas e bonitas. Nascemos com um objetivo claro: colocar a tecnologia para trabalhar a favor das pessoas e dos neg\u00f3cios, resolvendo problemas reais com produtos bem pensados e f\u00e1ceis de usar. [&hellip;]<\/p>","protected":false},"author":4,"featured_media":0,"parent":0,"menu_order":0,"comment_status":"closed","ping_status":"closed","template":"","meta":{"footnotes":""},"class_list":["post-2317","page","type-page","status-publish"],"_links":{"self":[{"href":"https:\/\/universomotero.com\/tr\/wp-json\/wp\/v2\/pages\/2317","targetHints":{"allow":["GET"]}}],"collection":[{"href":"https:\/\/universomotero.com\/tr\/wp-json\/wp\/v2\/pages"}],"about":[{"href":"https:\/\/universomotero.com\/tr\/wp-json\/wp\/v2\/types\/page"}],"author":[{"embeddable":true,"href":"https:\/\/universomotero.com\/tr\/wp-json\/wp\/v2\/users\/4"}],"replies":[{"embeddable":true,"href":"https:\/\/universomotero.com\/tr\/wp-json\/wp\/v2\/comments?post=2317"}],"version-history":[{"count":1,"href":"https:\/\/universomotero.com\/tr\/wp-json\/wp\/v2\/pages\/2317\/revisions"}],"predecessor-version":[{"id":2318,"href":"https:\/\/universomotero.com\/tr\/wp-json\/wp\/v2\/pages\/2317\/revisions\/2318"}],"wp:attachment":[{"href":"https:\/\/universomotero.com\/tr\/wp-json\/wp\/v2\/media?parent=2317"}],"curies":[{"name":"wp","href":"https:\/\/api.w.org\/{rel}","templated":true}]}}