{"id":2317,"date":"2025-12-06T05:52:30","date_gmt":"2025-12-06T05:52:30","guid":{"rendered":"https:\/\/universomotero.com\/?page_id=2317"},"modified":"2025-12-06T05:52:31","modified_gmt":"2025-12-06T05:52:31","slug":"chung-ta-la-ai","status":"publish","type":"page","link":"https:\/\/universomotero.com\/vi\/chung-ta-la-ai\/","title":{"rendered":"Ch\u00fang t\u00f4i l\u00e0 ai"},"content":{"rendered":"<p>Ch\u00fang t\u00f4i l\u00e0 m\u1ed9t c\u00f4ng ty c\u00f4ng ngh\u1ec7 v\u00e0 ph\u00e1t tri\u1ec3n \u1ee9ng d\u1ee5ng \u0111\u01b0\u1ee3c th\u00e0nh l\u1eadp v\u00e0o n\u0103m 2021 b\u1edfi Aleff, m\u1ed9t ng\u01b0\u1eddi \u0111am m\u00ea bi\u1ebfn nh\u1eefng \u00fd t\u01b0\u1edfng th\u00e0nh c\u00e1c gi\u1ea3i ph\u00e1p k\u1ef9 thu\u1eadt s\u1ed1 \u0111\u01a1n gi\u1ea3n, nhanh ch\u00f3ng v\u00e0 \u0111\u1eb9p m\u1eaft. Ch\u00fang t\u00f4i ra \u0111\u1eddi v\u1edbi m\u1ee5c ti\u00eau r\u00f5 r\u00e0ng: \u0111\u01b0a c\u00f4ng ngh\u1ec7 v\u00e0o ph\u1ee5c v\u1ee5 con ng\u01b0\u1eddi v\u00e0 doanh nghi\u1ec7p, gi\u1ea3i quy\u1ebft c\u00e1c v\u1ea5n \u0111\u1ec1 th\u1ef1c t\u1ebf b\u1eb1ng nh\u1eefng s\u1ea3n ph\u1ea9m \u0111\u01b0\u1ee3c thi\u1ebft k\u1ebf t\u1ed1t v\u00e0 d\u1ec5 s\u1eed d\u1ee5ng.<\/p>\n<p>Ch\u00fang t\u00f4i \u0111\u1ea3m nhi\u1ec7m m\u1ecdi th\u1ee9 t\u1eeb l\u1eadp k\u1ebf ho\u1ea1ch \u0111\u1ebfn tri\u1ec3n khai, k\u1ebft h\u1ee3p thi\u1ebft k\u1ebf, hi\u1ec7u n\u0103ng v\u00e0 b\u1ea3o m\u1eadt \u1edf m\u1ecdi giai \u0111o\u1ea1n. Ch\u00fang t\u00f4i ph\u00e1t tri\u1ec3n \u1ee9ng d\u1ee5ng di \u0111\u1ed9ng, h\u1ec7 th\u1ed1ng web, website v\u00e0 c\u00e1c gi\u1ea3i ph\u00e1p t\u00edch h\u1ee3p, lu\u00f4n t\u1eadp trung v\u00e0o tr\u1ea3i nghi\u1ec7m ng\u01b0\u1eddi d\u00f9ng, kh\u1ea3 n\u0103ng m\u1edf r\u1ed9ng v\u00e0 k\u1ebft qu\u1ea3.<\/p>\n<p>Ch\u00fang t\u00f4i tin v\u00e0o s\u1ef1 minh b\u1ea1ch, h\u1ee3p t\u00e1c v\u00e0 c\u1ea3i ti\u1ebfn li\u00ean t\u1ee5c. \u0110\u00f3 l\u00e0 l\u00fd do t\u1ea1i sao ch\u00fang t\u00f4i th\u1ef1c s\u1ef1 l\u1eafng nghe, nhanh ch\u00f3ng t\u1ea1o m\u1eabu th\u1eed nghi\u1ec7m v\u00e0 mang l\u1ea1i k\u1ebft qu\u1ea3 ch\u1ea5t l\u01b0\u1ee3ng cao, \u0111\u1ed3ng th\u1eddi lu\u00f4n th\u00f4ng b\u00e1o cho b\u1ea1n t\u1eebng b\u01b0\u1edbc t\u1eeb \u0111\u1ea7u \u0111\u1ebfn cu\u1ed1i.<\/p>\n<p>D\u00f9 l\u00e0 hi\u1ec7n th\u1ef1c h\u00f3a m\u1ed9t d\u1ef1 \u00e1n hay ph\u00e1t tri\u1ec3n m\u1ed9t s\u1ea3n ph\u1ea9m hi\u1ec7n c\u00f3, ch\u00fang t\u00f4i lu\u00f4n s\u1eb5n s\u00e0ng h\u1ee3p t\u00e1c c\u00f9ng b\u1ea1n. C\u00f4ng ngh\u1ec7 t\u1ed1t l\u00e0 c\u00f4ng ngh\u1ec7 gi\u00fap \u0111\u01a1n gi\u1ea3n h\u00f3a m\u1ecdi th\u1ee9 \u2013 v\u00e0 \u0111\u00f3 l\u00e0 nh\u1eefng g\u00ec ch\u00fang t\u00f4i mang \u0111\u1ebfn.<\/p>","protected":false},"excerpt":{"rendered":"<p>Somos uma empresa de tecnologia e desenvolvimento de aplicativos criada em 2021 por Aleff, um entusiasta apaixonado por transformar ideias em solu\u00e7\u00f5es digitais simples, r\u00e1pidas e bonitas. Nascemos com um objetivo claro: colocar a tecnologia para trabalhar a favor das pessoas e dos neg\u00f3cios, resolvendo problemas reais com produtos bem pensados e f\u00e1ceis de usar. [&hellip;]<\/p>","protected":false},"author":4,"featured_media":0,"parent":0,"menu_order":0,"comment_status":"closed","ping_status":"closed","template":"","meta":{"footnotes":""},"class_list":["post-2317","page","type-page","status-publish"],"_links":{"self":[{"href":"https:\/\/universomotero.com\/vi\/wp-json\/wp\/v2\/pages\/2317","targetHints":{"allow":["GET"]}}],"collection":[{"href":"https:\/\/universomotero.com\/vi\/wp-json\/wp\/v2\/pages"}],"about":[{"href":"https:\/\/universomotero.com\/vi\/wp-json\/wp\/v2\/types\/page"}],"author":[{"embeddable":true,"href":"https:\/\/universomotero.com\/vi\/wp-json\/wp\/v2\/users\/4"}],"replies":[{"embeddable":true,"href":"https:\/\/universomotero.com\/vi\/wp-json\/wp\/v2\/comments?post=2317"}],"version-history":[{"count":1,"href":"https:\/\/universomotero.com\/vi\/wp-json\/wp\/v2\/pages\/2317\/revisions"}],"predecessor-version":[{"id":2318,"href":"https:\/\/universomotero.com\/vi\/wp-json\/wp\/v2\/pages\/2317\/revisions\/2318"}],"wp:attachment":[{"href":"https:\/\/universomotero.com\/vi\/wp-json\/wp\/v2\/media?parent=2317"}],"curies":[{"name":"trang web","href":"https:\/\/api.w.org\/{rel}","templated":true}]}}