{"id":2311,"date":"2025-12-06T05:48:33","date_gmt":"2025-12-06T05:48:33","guid":{"rendered":"https:\/\/universomotero.com\/?page_id=2311"},"modified":"2025-12-06T05:48:33","modified_gmt":"2025-12-06T05:48:33","slug":"%e9%9a%b1%e7%a7%81%e6%ac%8a%e6%94%bf%e7%ad%96","status":"publish","type":"page","link":"https:\/\/universomotero.com\/zh\/%e9%9a%b1%e7%a7%81%e6%ac%8a%e6%94%bf%e7%ad%96\/","title":{"rendered":"\u96b1\u79c1\u6b0a\u653f\u7b56"},"content":{"rendered":"<p>\u60a8\u7684\u96b1\u79c1\u5c0d\u6211\u5011\u81f3\u95dc\u91cd\u8981\u3002 Universo Motero \u7684\u653f\u7b56\u662f\u5c0a\u91cd\u60a8\u7684\u96b1\u79c1\uff0c\u4fdd\u8b77\u6211\u5011\u53ef\u80fd\u900f\u904e\u672c\u7db2\u7ad9\u6536\u96c6\u7684\u4efb\u4f55\u8cc7\u8a0a\u3002&nbsp;<a href=\"https:\/\/privacidade.me\/universomotero.com\">\u6469\u6258\u7f85\u5b87\u5b99<\/a>, \u4ee5\u53ca\u6211\u5011\u64c1\u6709\u548c\u7d93\u71df\u7684\u5176\u4ed6\u7db2\u7ad9\u3002.<\/p>\n\n\n\n<p>\u6211\u5011\u50c5\u5728\u771f\u6b63\u9700\u8981\u6642\u624d\u6703\u5411\u60a8\u7d22\u53d6\u500b\u4eba\u8cc7\u8a0a\uff0c\u4ee5\u4fbf\u70ba\u60a8\u63d0\u4f9b\u670d\u52d9\u3002\u6211\u5011\u6703\u5728\u5fb5\u5f97\u60a8\u7684\u77e5\u60c5\u540c\u610f\u5f8c\uff0c\u4ee5\u516c\u5e73\u5408\u6cd5\u7684\u65b9\u5f0f\u6536\u96c6\u60a8\u7684\u500b\u4eba\u8cc7\u6599\u3002\u6211\u5011\u4e5f\u6703\u544a\u77e5\u60a8\u6536\u96c6\u8cc7\u8a0a\u7684\u539f\u56e0\u4ee5\u53ca\u8cc7\u8a0a\u7684\u4f7f\u7528\u65b9\u5f0f\u3002.<\/p>\n\n\n\n<p>\u6211\u5011\u50c5\u5728\u63d0\u4f9b\u6240\u8acb\u6c42\u670d\u52d9\u6240\u9700\u7684\u671f\u9650\u5167\u4fdd\u7559\u6536\u96c6\u5230\u7684\u8cc7\u8a0a\u3002\u5132\u5b58\u8cc7\u6599\u6642\uff0c\u6211\u5011\u6703\u63a1\u53d6\u5546\u696d\u4e0a\u5408\u7406\u7684\u63aa\u65bd\u4fdd\u8b77\u6578\u64da\uff0c\u9632\u6b62\u8cc7\u6599\u907a\u5931\u3001\u88ab\u76dc\u4ee5\u53ca\u672a\u7d93\u6388\u6b0a\u7684\u5b58\u53d6\u3001\u63ed\u9732\u3001\u8907\u88fd\u3001\u4f7f\u7528\u6216\u4fee\u6539\u3002.<\/p>\n\n\n\n<p>\u9664\u6cd5\u5f8b\u8981\u6c42\u5916\uff0c\u6211\u5011\u4e0d\u6703\u516c\u958b\u6216\u8207\u7b2c\u4e09\u65b9\u5206\u4eab\u500b\u4eba\u8b58\u5225\u8cc7\u8a0a\u3002.<\/p>\n\n\n\n<p>\u6211\u5011\u7684\u7db2\u7ad9\u53ef\u80fd\u5305\u542b\u975e\u6211\u5011\u7d93\u71df\u7684\u5916\u90e8\u7db2\u7ad9\u7684\u9023\u7d50\u3002\u8acb\u6ce8\u610f\uff0c\u6211\u5011\u7121\u6cd5\u63a7\u5236\u9019\u4e9b\u7db2\u7ad9\u7684\u5167\u5bb9\u548c\u505a\u6cd5\uff0c\u4e5f\u4e0d\u5c0d\u5176\u5404\u81ea\u7684\u653f\u7b56\u627f\u64d4\u4efb\u4f55\u8cac\u4efb\u3002&nbsp;<a href=\"https:\/\/privacidade.me\/\" target=\"_BLANK\" rel=\"noreferrer noopener\">\u96b1\u79c1\u6b0a\u653f\u7b56<\/a>.<\/p>\n\n\n\n<p>\u60a8\u53ef\u4ee5\u62d2\u7d55\u6211\u5011\u7d22\u53d6\u500b\u4eba\u8cc7\u8a0a\u7684\u8981\u6c42\uff0c\u4f46\u8acb\u60a8\u7406\u89e3\uff0c\u9019\u53ef\u80fd\u6703\u5c0e\u81f4\u6211\u5011\u7121\u6cd5\u63d0\u4f9b\u60a8\u60f3\u8981\u7684\u4e00\u4e9b\u670d\u52d9\u3002.<\/p>\n\n\n\n<p>\u7e7c\u7e8c\u4f7f\u7528\u672c\u7db2\u7ad9\u5373\u8868\u793a\u60a8\u63a5\u53d7\u6211\u5011\u95dc\u65bc\u96b1\u79c1\u548c\u500b\u4eba\u8cc7\u8a0a\u7684\u505a\u6cd5\u3002\u5982\u679c\u60a8\u5c0d\u6211\u5011\u5982\u4f55\u8655\u7406\u7528\u6236\u8cc7\u6599\u548c\u500b\u4eba\u8cc7\u8a0a\u6709\u4efb\u4f55\u7591\u554f\uff0c\u8acb\u8207\u6211\u5011\u806f\u7d61\u3002.<\/p>\n\n\n\n<h2 class=\"wp-block-heading\">Universo Motero\u7db2\u7ad9\u7684\u5b89\u5168\u6027\u8207\u4fe1\u4efb\u5ea6<\/h2>\n\n\n\n<p>\u64da[\u4f86\u6e90\/\u516c\u53f8]\u7a31\uff0c\u8a72\u7db2\u7ad9\u5c0d\u7528\u6236\u700f\u89bd\u4f86\u8aaa\u662f\u53ef\u9760\u4e14\u5b89\u5168\u7684\u3002&nbsp;<a target=\"_BLANK\" href=\"https:\/\/confiavel.com.br\/universomotero.com\" rel=\"noreferrer noopener\">\u78ba\u8a8d<\/a>. \u8a72\u9801\u9762\u6703\u6aa2\u67e5\u7db2\u7ad9\u8cc7\u8a0a\u4ee5\u8b58\u5225\u6f5b\u5728\u7684\u5b89\u5168\u554f\u984c\u3002\u700f\u89bd\u6d3b\u52d5\u6703\u900f\u904e\u8a72\u5de5\u5177\u9032\u884c\u9a57\u8b49\u3002&nbsp;<a target=\"_BLANK\" href=\"https:\/\/transparencyreport.google.com\/safe-browsing\/search?url=universomotero.com\" rel=\"noreferrer noopener\">\u8c37\u6b4c\u5b89\u5168<\/a>&nbsp;\u9019\u8aaa\u660e\u8a72\u7db2\u7ad9\u662f\u5b89\u5168\u7684\u3002.<\/p>\n\n\n\n<h2 class=\"wp-block-heading\">Universo Motero \u7684 Cookie \u653f\u7b56<\/h2>\n\n\n\n<h3 class=\"wp-block-heading\">\u4ec0\u9ebc\u662f\u9905\u4e7e\uff1f<\/h3>\n\n\n\n<p>\u8207\u5e7e\u4e4e\u6240\u6709\u5c08\u696d\u7db2\u7ad9\u4e00\u6a23\uff0c\u672c\u7db2\u7ad9\u4f7f\u7528 Cookie\uff08\u4e0b\u8f09\u5230\u60a8\u96fb\u8166\u4e0a\u7684\u5c0f\u578b\u6a94\u6848\uff09\u4f86\u6539\u5584\u60a8\u7684\u4f7f\u7528\u8005\u9ad4\u9a57\u3002\u672c\u9801\u9762\u5c07\u4ecb\u7d39 Cookie \u6536\u96c6\u7684\u8cc7\u8a0a\u3001\u6211\u5011\u5982\u4f55\u4f7f\u7528\u9019\u4e9b\u8cc7\u8a0a\u4ee5\u53ca\u6211\u5011\u6709\u6642\u9700\u8981\u5132\u5b58\u9019\u4e9b Cookie \u7684\u539f\u56e0\u3002\u6211\u5011\u9084\u5c07\u8aaa\u660e\u5982\u4f55\u963b\u6b62\u5132\u5b58\u9019\u4e9b Cookie\uff0c\u4f46\u8acb\u6ce8\u610f\uff0c\u9019\u6a23\u505a\u53ef\u80fd\u6703\u964d\u4f4e\u6216\u300c\u7834\u58de\u300d\u7db2\u7ad9\u7684\u67d0\u4e9b\u529f\u80fd\u3002.<\/p>\n\n\n\n<h3 class=\"wp-block-heading\">\u6211\u5011\u5982\u4f55\u4f7f\u7528 Cookie\uff1f<\/h3>\n\n\n\n<p>\u6211\u5011\u6703\u56e0\u70ba\u591a\u7a2e\u539f\u56e0\u4f7f\u7528 Cookie\uff0c\u8a73\u60c5\u5982\u4e0b\u3002\u907a\u61be\u7684\u662f\uff0c\u5728\u5927\u591a\u6578\u60c5\u6cc1\u4e0b\uff0c\u5982\u679c\u6c92\u6709\u5b8c\u5168\u505c\u7528 Cookie\uff0c\u5c31\u7121\u6cd5\u505c\u7528\u5b83\u5011\u70ba\u672c\u7db2\u7ad9\u63d0\u4f9b\u7684\u529f\u80fd\u3002\u5982\u679c\u60a8\u4e0d\u78ba\u5b9a\u662f\u5426\u9700\u8981 Cookie\uff0c\u5efa\u8b70\u60a8\u4fdd\u6301\u6240\u6709 Cookie \u555f\u7528\u72c0\u614b\uff0c\u4ee5\u9632\u5b83\u5011\u7528\u65bc\u63d0\u4f9b\u60a8\u6b63\u5728\u4f7f\u7528\u7684\u670d\u52d9\u3002.<\/p>\n\n\n\n<h3 class=\"wp-block-heading\">\u7981\u7528 Cookie<\/h3>\n\n\n\n<p>\u60a8\u53ef\u4ee5\u900f\u904e\u8abf\u6574\u700f\u89bd\u5668\u8a2d\u5b9a\u4f86\u963b\u6b62\u8a2d\u5b9a Cookie\uff08\u8acb\u53c3\u95b1\u700f\u89bd\u5668\u7684\u8aaa\u660e\u6587\u4ef6\u4ee5\u4e86\u89e3\u7279\u5b9a\u64cd\u4f5c\u65b9\u6cd5\uff09\u3002\u8acb\u6ce8\u610f\uff0c\u505c\u7528 Cookie \u6703\u5f71\u97ff\u672c\u7db2\u7ad9\u4ee5\u53ca\u60a8\u9020\u8a2a\u7684\u8a31\u591a\u5176\u4ed6\u7db2\u7ad9\u7684\u529f\u80fd\u3002\u505c\u7528 Cookie \u901a\u5e38\u4e5f\u6703\u5c0e\u81f4\u672c\u7db2\u7ad9\u7684\u67d0\u4e9b\u529f\u80fd\u548c\u529f\u80fd\u7121\u6cd5\u4f7f\u7528\u3002\u56e0\u6b64\uff0c\u6211\u5011\u5efa\u8b70\u60a8\u4e0d\u8981\u505c\u7528 Cookie\u3002.<\/p>\n\n\n\n<h3 class=\"wp-block-heading\">\u6211\u5011\u8a2d\u5b9a\u7684 Cookie<\/h3>\n\n\n\n<ul class=\"wp-block-list\">\n<li>\u5e33\u865f\u76f8\u95dc Cookie<br><br>\u5982\u679c\u60a8\u5728\u6211\u5011\u9019\u88e1\u5efa\u7acb\u5e33\u6236\uff0c\u6211\u5011\u5c07\u4f7f\u7528 Cookie \u4f86\u7ba1\u7406\u8a3b\u518a\u6d41\u7a0b\u548c\u9032\u884c\u5e38\u898f\u7ba1\u7406\u3002\u9019\u4e9b Cookie \u901a\u5e38\u6703\u5728\u60a8\u9000\u51fa\u7cfb\u7d71\u6642\u88ab\u522a\u9664\uff0c\u4f46\u5728\u67d0\u4e9b\u60c5\u6cc1\u4e0b\uff0c\u5b83\u5011\u53ef\u80fd\u6703\u4fdd\u7559\u4e0b\u4f86\uff0c\u4ee5\u4fbf\u5728\u60a8\u96e2\u958b\u6642\u8a18\u4f4f\u60a8\u7684\u7db2\u7ad9\u504f\u597d\u8a2d\u5b9a\u3002.<br><\/li>\n\n\n\n<li>\u8207\u767b\u5165\u76f8\u95dc\u7684 Cookie<br><br>\u7576\u60a8\u767b\u5165\u6642\uff0c\u6211\u5011\u6703\u4f7f\u7528 Cookie \u4f86\u8a18\u4f4f\u60a8\u7684\u767b\u5165\u72c0\u614b\u3002\u9019\u6a23\uff0c\u60a8\u6bcf\u6b21\u9020\u8a2a\u65b0\u9801\u9762\u6642\u5c31\u7121\u9700\u91cd\u65b0\u767b\u5165\u3002\u9019\u4e9b Cookie \u901a\u5e38\u6703\u5728\u60a8\u767b\u51fa\u6642\u79fb\u9664\u6216\u6e05\u9664\uff0c\u4ee5\u78ba\u4fdd\u60a8\u53ea\u80fd\u5728\u767b\u5165\u72c0\u614b\u4e0b\u5b58\u53d6\u53d7\u9650\u8cc7\u6e90\u548c\u5340\u57df\u3002.<br><\/li>\n\n\n\n<li>\u8207\u96fb\u5b50\u90f5\u4ef6\u901a\u8a0a\u76f8\u95dc\u7684 Cookie<br><br>\u672c\u7db2\u7ad9\u63d0\u4f9b\u65b0\u805e\u7c21\u8a0a\u6216\u96fb\u5b50\u90f5\u4ef6\u8a02\u95b1\u670d\u52d9\uff0c\u4e26\u53ef\u80fd\u4f7f\u7528 Cookie \u4f86\u8a18\u4f4f\u60a8\u662f\u5426\u5df2\u8a3b\u518a\uff0c\u4ee5\u53ca\u662f\u5426\u986f\u793a\u50c5\u5c0d\u5df2\u8a02\u95b1\/\u672a\u8a02\u95b1\u4f7f\u7528\u8005\u6709\u6548\u7684\u67d0\u4e9b\u901a\u77e5\u3002.<br><\/li>\n\n\n\n<li>\u8a02\u55ae\u8655\u7406\u76f8\u95dc\u7684 Cookie<br><br>\u672c\u7db2\u7ad9\u63d0\u4f9b\u96fb\u5b50\u5546\u52d9\u548c\u4ed8\u6b3e\u529f\u80fd\uff0c\u67d0\u4e9b Cookie \u5c0d\u65bc\u78ba\u4fdd\u60a8\u7684\u8a02\u55ae\u8cc7\u8a0a\u5728\u4e0d\u540c\u9801\u9762\u4e4b\u9593\u4fdd\u7559\u81f3\u95dc\u91cd\u8981\uff0c\u4ee5\u4fbf\u6211\u5011\u80fd\u5920\u6b63\u78ba\u8655\u7406\u60a8\u7684\u8a02\u55ae\u3002.<br><\/li>\n\n\n\n<li>\u8207\u641c\u5c0b\u76f8\u95dc\u7684 Cookie<br><br>\u6211\u5011\u6703\u5b9a\u671f\u9032\u884c\u554f\u5377\uff0c\u65e8\u5728\u63d0\u4f9b\u6709\u8da3\u7684\u8cc7\u8a0a\u3001\u5be6\u7528\u7684\u5de5\u5177\uff0c\u6216\u66f4\u6e96\u78ba\u5730\u4e86\u89e3\u6211\u5011\u7684\u4f7f\u7528\u8005\u7fa4\u9ad4\u3002\u9019\u4e9b\u554f\u5377\u53ef\u80fd\u6703\u4f7f\u7528 Cookie \u4f86\u8a18\u4f4f\u54ea\u4e9b\u4f7f\u7528\u8005\u5df2\u53c3\u8207\u904e\u8abf\u67e5\uff0c\u6216\u5728\u9801\u9762\u8b8a\u66f4\u5f8c\u63d0\u4f9b\u6e96\u78ba\u7684\u7d50\u679c\u3002.<br><\/li>\n\n\n\n<li>\u8207\u8868\u55ae\u76f8\u95dc\u7684 Cookie<br><br>\u7576\u60a8\u900f\u904e\u8868\u55ae\uff08\u4f8b\u5982\u806f\u7d61\u9801\u9762\u6216\u8a55\u8ad6\u8868\u55ae\uff09\u63d0\u4ea4\u8cc7\u6599\u6642\uff0c\u53ef\u80fd\u6703\u8a2d\u5b9a cookie \u4f86\u8a18\u4f4f\u60a8\u7684\u4f7f\u7528\u8005\u8a73\u7d30\u4fe1\u606f\uff0c\u4ee5\u4fbf\u5c07\u4f86\u8207\u60a8\u806f\u7e6b\u3002.<br><\/li>\n\n\n\n<li>\u7db2\u7ad9\u504f\u597d\u8a2d\u5b9a Cookie<br><br>\u70ba\u4e86\u8b93\u60a8\u7372\u5f97\u66f4\u4f73\u7684\u7db2\u7ad9\u9ad4\u9a57\uff0c\u6211\u5011\u63d0\u4f9b\u8a2d\u5b9a\u529f\u80fd\uff0c\u8b93\u60a8\u53ef\u4ee5\u81ea\u8a02\u7db2\u7ad9\u4f7f\u7528\u65b9\u5f0f\u3002\u70ba\u4e86\u8a18\u4f4f\u60a8\u7684\u504f\u597d\u8a2d\u7f6e\uff0c\u6211\u5011\u9700\u8981\u8a2d\u5b9a Cookie\uff0c\u4ee5\u4fbf\u5728\u60a8\u9020\u8a2a\u53d7\u504f\u597d\u8a2d\u5b9a\u5f71\u97ff\u7684\u9801\u9762\u6642\u80fd\u5920\u6aa2\u7d22\u9019\u4e9b\u8cc7\u8a0a\u3002.<\/li>\n<\/ul>\n\n\n\n<h3 class=\"wp-block-heading\">\u7b2c\u4e09\u65b9 Cookie<\/h3>\n\n\n\n<p>\u5728\u67d0\u4e9b\u7279\u6b8a\u60c5\u6cc1\u4e0b\uff0c\u6211\u5011\u4e5f\u6703\u4f7f\u7528\u53d7\u4fe1\u4efb\u7684\u7b2c\u4e09\u65b9\u63d0\u4f9b\u7684 Cookie\u3002\u4ee5\u4e0b\u90e8\u5206\u8a73\u7d30\u8aaa\u660e\u4e86\u60a8\u53ef\u80fd\u900f\u904e\u672c\u7db2\u7ad9\u9047\u5230\u7684\u7b2c\u4e09\u65b9 Cookie\u3002.<\/p>\n\n\n\n<ul class=\"wp-block-list\">\n<li>\u672c\u7db2\u7ad9\u4f7f\u7528\u00a0<a href=\"https:\/\/analytics.google.com\/analytics\/web\/\">Google Analytics<\/a>, \u9019\u662f\u7db2\u8def\u4e0a\u6700\u5ee3\u6cdb\u4f7f\u7528\u4e14\u6700\u503c\u5f97\u4fe1\u8cf4\u7684\u5206\u6790\u89e3\u6c7a\u65b9\u6848\u4e4b\u4e00\uff0c\u53ef\u4ee5\u5e6b\u52a9\u6211\u5011\u4e86\u89e3\u60a8\u5982\u4f55\u4f7f\u7528\u672c\u7db2\u7ad9\u4ee5\u53ca\u5982\u4f55\u6539\u5584\u60a8\u7684\u9ad4\u9a57\u3002\u9019\u4e9b Cookie \u53ef\u80fd\u6703\u8ffd\u8e64\u60a8\u5728\u7db2\u7ad9\u4e0a\u505c\u7559\u7684\u6642\u9593\u4ee5\u53ca\u60a8\u9020\u8a2a\u7684\u9801\u9762\u7b49\u8a0a\u606f\uff0c\u4ee5\u4fbf\u6211\u5011\u80fd\u5920\u6301\u7e8c\u5275\u4f5c\u5f15\u4eba\u5165\u52dd\u7684\u5167\u5bb9\u3002.<\/li>\n<\/ul>\n\n\n\n<p>\u6709\u95dc Google Analytics Cookie \u7684\u66f4\u591a\u4fe1\u606f\uff0c\u8acb\u8a2a\u554f Google Analytics \u5b98\u65b9\u9801\u9762\u3002.<\/p>\n\n\n\n<ul class=\"wp-block-list\">\n<li>\u6211\u5011\u4f7f\u7528\u7b2c\u4e09\u65b9\u5206\u6790\u5de5\u5177\u4f86\u8ffd\u8e64\u548c\u8861\u91cf\u60a8\u5c0d\u672c\u7db2\u7ad9\u7684\u4f7f\u7528\u60c5\u6cc1\uff0c\u4ee5\u4fbf\u6211\u5011\u80fd\u5920\u6301\u7e8c\u5275\u4f5c\u5f15\u4eba\u5165\u52dd\u7684\u5167\u5bb9\u3002\u9019\u4e9b Cookie \u53ef\u80fd\u6703\u8ffd\u8e64\u60a8\u5728\u7db2\u7ad9\u4e0a\u505c\u7559\u7684\u6642\u9593\u6216\u60a8\u9020\u8a2a\u7684\u9801\u9762\u7b49\u4fe1\u606f\uff0c\u9019\u6709\u52a9\u65bc\u6211\u5011\u4e86\u89e3\u5982\u4f55\u6539\u9032\u7db2\u7ad9\uff0c\u5f9e\u800c\u70ba\u60a8\u63d0\u4f9b\u66f4\u597d\u7684\u9ad4\u9a57\u3002.<\/li>\n\n\n\n<li>\u6211\u5011\u6703\u5b9a\u671f\u6e2c\u8a66\u65b0\u529f\u80fd\uff0c\u4e26\u5c0d\u7db2\u7ad9\u7684\u5448\u73fe\u65b9\u5f0f\u9032\u884c\u7d30\u5fae\u8abf\u6574\u3002\u5728\u6e2c\u8a66\u65b0\u529f\u80fd\u671f\u9593\uff0c\u6211\u5011\u53ef\u80fd\u6703\u4f7f\u7528\u9019\u4e9b Cookie \u4f86\u78ba\u4fdd\u60a8\u5728\u9020\u8a2a\u7db2\u7ad9\u6642\u7372\u5f97\u4e00\u81f4\u7684\u9ad4\u9a57\uff0c\u540c\u6642\u5e6b\u52a9\u6211\u5011\u4e86\u89e3\u4f7f\u7528\u8005\u6700\u559c\u6b61\u54ea\u4e9b\u512a\u5316\u3002.<\/li>\n\n\n\n<li>\u7531\u65bc\u6211\u5011\u92b7\u552e\u7522\u54c1\uff0c\u56e0\u6b64\u4e86\u89e3\u7db2\u7ad9\u8a2a\u5ba2\u7684\u8cfc\u8cb7\u8f49\u63db\u7387\u81f3\u95dc\u91cd\u8981\uff0c\u800c\u9019\u4e9b Cookie \u6b63\u662f\u7528\u65bc\u8ffd\u8e64\u6b64\u985e\u6578\u64da\u3002\u9019\u5c0d\u60a8\u4f86\u8aaa\u4e5f\u5f88\u91cd\u8981\uff0c\u56e0\u70ba\u9019\u610f\u5473\u8457\u6211\u5011\u53ef\u4ee5\u505a\u51fa\u6e96\u78ba\u7684\u696d\u52d9\u9810\u6e2c\uff0c\u5f9e\u800c\u5206\u6790\u5ee3\u544a\u548c\u7522\u54c1\u6210\u672c\uff0c\u78ba\u4fdd\u63d0\u4f9b\u6700\u512a\u50f9\u683c\u3002.<\/li>\n<\/ul>\n\n\n\n<h3 class=\"wp-block-heading\">\u7528\u6236\u627f\u8afe<\/h3>\n\n\n\n<p>\u4f7f\u7528\u8005\u540c\u610f\u5408\u7406\u4f7f\u7528Universo Motero\u7db2\u7ad9\u4e0a\u63d0\u4f9b\u7684\u5167\u5bb9\u548c\u8a0a\u606f\uff0c\u5305\u62ec\u4f46\u4e0d\u9650\u65bc\uff1a<\/p>\n\n\n\n<ul class=\"wp-block-list\">\n<li>A) \u4e0d\u5f97\u5f9e\u4e8b\u975e\u6cd5\u6d3b\u52d5\u6216\u9055\u53cd\u8aa0\u4fe1\u548c\u516c\u5171\u79e9\u5e8f\u7684\u6d3b\u52d5\uff1b;<\/li>\n\n\n\n<li>B) \u4e0d\u5f97\u50b3\u64ad\u7a2e\u65cf\u4e3b\u7fa9\u6216\u4ec7\u5916\u6027\u8cea\u7684\u5ba3\u50b3\u6216\u5167\u5bb9\uff0c\u6216\u8207\u8ced\u535a\u3001\u6a5f\u6703\u904a\u6232\u3001\u4efb\u4f55\u985e\u578b\u7684\u975e\u6cd5\u8272\u60c5\u5167\u5bb9\uff0c\u6216\u5ba3\u63da\u6050\u6016\u4e3b\u7fa9\u6216\u4fb5\u72af\u4eba\u6b0a\u7684\u5167\u5bb9\uff1b;<\/li>\n\n\n\n<li>C) \u4e0d\u5f97\u900f\u904e\u5f15\u5165\u6216\u50b3\u64ad\u96fb\u8166\u75c5\u6bd2\u6216\u4efb\u4f55\u5176\u4ed6\u53ef\u80fd\u9020\u6210\u4e0a\u8ff0\u640d\u5bb3\u7684\u786c\u9ad4\u6216\u8edf\u9ad4\u7cfb\u7d71\uff0c\u5c0d Universo Motero\u3001\u5176\u4f9b\u61c9\u5546\u6216\u7b2c\u4e09\u65b9\u7684\u5be6\u9ad4\uff08\u786c\u9ad4\uff09\u548c\u908f\u8f2f\uff08\u8edf\u9ad4\uff09\u7cfb\u7d71\u9020\u6210\u640d\u5bb3\u3002.<\/li>\n<\/ul>\n\n\n\n<h3 class=\"wp-block-heading\">\u963b\u6b62 Cookie\uff1a<\/h3>\n\n\n\n<p>\u4f7f\u7528\u8005\u53ef\u4ee5\u96a8\u6642\u5c01\u9396\u548c\/\u6216\u505c\u7528\u4f86\u81ea\u4efb\u4f55\u7db2\u7ad9\uff08\u5305\u62ec\u6211\u5011\u7684\u7db2\u7ad9\uff09\u7684 Cookie\u3002\u70ba\u6b64\uff0c\u8acb\u8a2a\u554f\u60a8\u7684\u700f\u89bd\u5668\u8a2d\u5b9a\u3002\u4ee5\u4e0b\u662f\u4e3b\u8981\u700f\u89bd\u5668\u7684\u8aaa\u660e\u6307\u5357\uff1a<\/p>\n\n\n\n<ul class=\"wp-block-list\">\n<li><a href=\"https:\/\/support.google.com\/accounts\/answer\/61416?hl=en\" target=\"_blank\" rel=\"noreferrer noopener\">Google Chrome<\/a><\/li>\n\n\n\n<li><a href=\"https:\/\/support.mozilla.org\/en-US\/kb\/enhanced-tracking-protection-firefox-desktop?redirectlocale=en-US&amp;redirectslug=enable-and-disable-cookies-website-preferences\" target=\"_blank\" rel=\"noreferrer noopener\">\u706b\u72d0\u700f\u89bd\u5668<\/a><\/li>\n\n\n\n<li><a href=\"https:\/\/support.microsoft.com\/pt-br\/help\/17442\/windows-internet-explorer-delete-manage-cookies\" target=\"_blank\" rel=\"noreferrer noopener\">Microsoft Edge<\/a><\/li>\n\n\n\n<li><a href=\"https:\/\/blogs.opera.com\/news\/2015\/08\/how-to-manage-cookies-in-opera\/\" target=\"_blank\" rel=\"noreferrer noopener\">\u6b4c\u5287<\/a><\/li>\n\n\n\n<li><a href=\"https:\/\/support.apple.com\/pt-br\/guide\/safari\/sfri11471\/mac\" target=\"_blank\" rel=\"noreferrer noopener\">\u72e9\u7375\u4e4b\u65c5\u00a0<\/a>.<\/li>\n<\/ul>\n\n\n\n<h3 class=\"wp-block-heading\">\u66f4\u591a\u8cc7\u8a0a<\/h3>\n\n\n\n<p>\u6211\u5011\u5e0c\u671b\u9019\u4e00\u9ede\u5f88\u6e05\u695a\uff0c\u800c\u4e14\u5982\u524d\u6240\u8ff0\uff0c\u5982\u679c\u60a8\u4e0d\u78ba\u5b9a\u662f\u5426\u9700\u8981\u555f\u7528 cookie\uff0c\u70ba\u4e86\u5b89\u5168\u8d77\u898b\uff0c\u70ba\u4e86\u65b9\u4fbf\u60a8\u8207\u6211\u5011\u7db2\u7ad9\u4e0a\u4f7f\u7528\u7684\u529f\u80fd\u9032\u884c\u4e92\u52d5\uff0c\u901a\u5e38\u6700\u597d\u4fdd\u6301 cookie \u555f\u7528\u72c0\u614b\u3002.<\/p>","protected":false},"excerpt":{"rendered":"<p>A sua privacidade \u00e9 importante para n\u00f3s. \u00c9 pol\u00edtica do Universo Motero respeitar a sua privacidade em rela\u00e7\u00e3o a qualquer informa\u00e7\u00e3o sua que possamos coletar no site&nbsp;Universo Motero, e outros sites que possu\u00edmos e operamos. Solicitamos informa\u00e7\u00f5es pessoais apenas quando realmente precisamos delas para lhe fornecer um servi\u00e7o. Fazemo-lo por meios justos e legais, com [&hellip;]<\/p>","protected":false},"author":4,"featured_media":0,"parent":0,"menu_order":0,"comment_status":"closed","ping_status":"closed","template":"","meta":{"footnotes":""},"class_list":["post-2311","page","type-page","status-publish"],"_links":{"self":[{"href":"https:\/\/universomotero.com\/zh\/wp-json\/wp\/v2\/pages\/2311","targetHints":{"allow":["GET"]}}],"collection":[{"href":"https:\/\/universomotero.com\/zh\/wp-json\/wp\/v2\/pages"}],"about":[{"href":"https:\/\/universomotero.com\/zh\/wp-json\/wp\/v2\/types\/page"}],"author":[{"embeddable":true,"href":"https:\/\/universomotero.com\/zh\/wp-json\/wp\/v2\/users\/4"}],"replies":[{"embeddable":true,"href":"https:\/\/universomotero.com\/zh\/wp-json\/wp\/v2\/comments?post=2311"}],"version-history":[{"count":1,"href":"https:\/\/universomotero.com\/zh\/wp-json\/wp\/v2\/pages\/2311\/revisions"}],"predecessor-version":[{"id":2312,"href":"https:\/\/universomotero.com\/zh\/wp-json\/wp\/v2\/pages\/2311\/revisions\/2312"}],"wp:attachment":[{"href":"https:\/\/universomotero.com\/zh\/wp-json\/wp\/v2\/media?parent=2311"}],"curies":[{"name":"wp","href":"https:\/\/api.w.org\/{rel}","templated":true}]}}