{"id":2317,"date":"2025-12-06T05:52:30","date_gmt":"2025-12-06T05:52:30","guid":{"rendered":"https:\/\/universomotero.com\/?page_id=2317"},"modified":"2025-12-06T05:52:31","modified_gmt":"2025-12-06T05:52:31","slug":"%e6%88%91%e5%80%91%e6%98%af%e8%aa%b0","status":"publish","type":"page","link":"https:\/\/universomotero.com\/zh\/%e6%88%91%e5%80%91%e6%98%af%e8%aa%b0\/","title":{"rendered":"\u6211\u5011\u662f\u8ab0"},"content":{"rendered":"<p>\u6211\u5011\u662f\u4e00\u5bb6\u6280\u8853\u548c\u61c9\u7528\u958b\u767c\u516c\u53f8\uff0c\u7531 Aleff \u65bc 2021 \u5e74\u5275\u7acb\u3002 Aleff \u662f\u4e00\u4f4d\u5145\u6eff\u71b1\u60c5\u7684\u958b\u767c\u8005\uff0c\u81f4\u529b\u65bc\u5c07\u5275\u610f\u8f49\u5316\u70ba\u7c21\u6f54\u3001\u5feb\u901f\u4e14\u7f8e\u89c0\u7684\u6578\u4f4d\u5316\u89e3\u6c7a\u65b9\u6848\u3002\u6211\u5011\u81ea\u6210\u7acb\u4e4b\u521d\u4fbf\u64c1\u6709\u4e00\u500b\u660e\u78ba\u7684\u76ee\u6a19\uff1a\u904b\u7528\u79d1\u6280\u670d\u52d9\u65bc\u500b\u4eba\u548c\u4f01\u696d\uff0c\u900f\u904e\u7cbe\u5fc3\u8a2d\u8a08\u4e14\u6613\u65bc\u4f7f\u7528\u7684\u7522\u54c1\u89e3\u6c7a\u5be6\u969b\u554f\u984c\u3002.<\/p>\n<p>\u6211\u5011\u63d0\u4f9b\u5f9e\u898f\u5283\u5230\u4e0a\u7dda\u7684\u4e00\u7ad9\u5f0f\u670d\u52d9\uff0c\u5728\u6bcf\u500b\u968e\u6bb5\u90fd\u517c\u9867\u8a2d\u8a08\u3001\u6027\u80fd\u548c\u5b89\u5168\u3002\u6211\u5011\u958b\u767c\u884c\u52d5\u61c9\u7528\u7a0b\u5f0f\u3001Web\u7cfb\u7d71\u3001\u7db2\u7ad9\u548c\u6574\u5408\u65b9\u6848\uff0c\u59cb\u7d42\u4ee5\u4f7f\u7528\u8005\u9ad4\u9a57\u3001\u53ef\u64f4\u5c55\u6027\u548c\u6700\u7d42\u6548\u679c\u70ba\u6838\u5fc3\u3002.<\/p>\n<p>\u6211\u5011\u79c9\u6301\u8457\u900f\u660e\u3001\u5408\u4f5c\u548c\u6301\u7e8c\u6539\u9032\u7684\u7406\u5ff5\u3002\u56e0\u6b64\uff0c\u6211\u5011\u8a8d\u771f\u50be\u807d\u5ba2\u6236\u9700\u6c42\uff0c\u5feb\u901f\u958b\u767c\u539f\u578b\uff0c\u4e26\u4ea4\u4ed8\u9ad8\u54c1\u8cea\u7684\u6210\u679c\uff0c\u5f9e\u982d\u5230\u5c3e\u8b93\u60a8\u96a8\u6642\u4e86\u89e3\u5c08\u6848\u9032\u5ea6\u3002.<\/p>\n<p>\u7121\u8ad6\u662f\u555f\u52d5\u4e00\u500b\u65b0\u9805\u76ee\uff0c\u9084\u662f\u6539\u9032\u73fe\u6709\u7522\u54c1\uff0c\u6211\u5011\u90fd\u6a02\u610f\u8207\u60a8\u651c\u624b\u5171\u9032\u3002\u597d\u7684\u6280\u8853\u5c31\u662f\u80fd\u5920\u7c21\u5316\u64cd\u4f5c\u7684\u6280\u8853\u2014\u2014\u800c\u9019\u6b63\u662f\u6211\u5011\u6240\u8ffd\u6c42\u7684\u3002.<\/p>","protected":false},"excerpt":{"rendered":"<p>Somos uma empresa de tecnologia e desenvolvimento de aplicativos criada em 2021 por Aleff, um entusiasta apaixonado por transformar ideias em solu\u00e7\u00f5es digitais simples, r\u00e1pidas e bonitas. Nascemos com um objetivo claro: colocar a tecnologia para trabalhar a favor das pessoas e dos neg\u00f3cios, resolvendo problemas reais com produtos bem pensados e f\u00e1ceis de usar. [&hellip;]<\/p>","protected":false},"author":4,"featured_media":0,"parent":0,"menu_order":0,"comment_status":"closed","ping_status":"closed","template":"","meta":{"footnotes":""},"class_list":["post-2317","page","type-page","status-publish"],"_links":{"self":[{"href":"https:\/\/universomotero.com\/zh\/wp-json\/wp\/v2\/pages\/2317","targetHints":{"allow":["GET"]}}],"collection":[{"href":"https:\/\/universomotero.com\/zh\/wp-json\/wp\/v2\/pages"}],"about":[{"href":"https:\/\/universomotero.com\/zh\/wp-json\/wp\/v2\/types\/page"}],"author":[{"embeddable":true,"href":"https:\/\/universomotero.com\/zh\/wp-json\/wp\/v2\/users\/4"}],"replies":[{"embeddable":true,"href":"https:\/\/universomotero.com\/zh\/wp-json\/wp\/v2\/comments?post=2317"}],"version-history":[{"count":1,"href":"https:\/\/universomotero.com\/zh\/wp-json\/wp\/v2\/pages\/2317\/revisions"}],"predecessor-version":[{"id":2318,"href":"https:\/\/universomotero.com\/zh\/wp-json\/wp\/v2\/pages\/2317\/revisions\/2318"}],"wp:attachment":[{"href":"https:\/\/universomotero.com\/zh\/wp-json\/wp\/v2\/media?parent=2317"}],"curies":[{"name":"wp","href":"https:\/\/api.w.org\/{rel}","templated":true}]}}